{"id":1357,"date":"2022-05-21T16:26:30","date_gmt":"2022-05-21T16:26:30","guid":{"rendered":"https:\/\/www.bulkammunitionshop.com\/?post_type=product&#038;p=1357"},"modified":"2022-05-21T16:27:25","modified_gmt":"2022-05-21T16:27:25","slug":"1000-rds-of-winchester-super-x-rifle-30-06-springfield-150-grain-jsp-centerfire-rifle-ammunition","status":"publish","type":"product","link":"https:\/\/www.bulkammunitionshop.com\/is\/product\/1000-rds-of-winchester-super-x-rifle-30-06-springfield-150-grain-jsp-centerfire-rifle-ammunition\/","title":{"rendered":"1000 skot af Winchester SUPER-X RIFLE .30-06 Springfield 150 grain JSP Centerfire riffilskotum"},"content":{"rendered":"<h2 id=\"caption-header\">Product Info for\u00a0Winchester SUPER-X RIFLE .30-06 Springfield 150 grain JSP Centerfire Rifle Ammunition<\/h2>\n<div>\n<div id=\"product-caption-block-description\" class=\"product-caption-block\">\n<p>The Winchester Super-X Power Point Centerfire Rifle Ammunition is for whitetail deer hunters who are looking for efficient bullets that increase accuracy. These quality bullets pack a punch that is ideal for the hunter of larger game. This bullet is comprised of lead alloy and metal jacket. The nose is filled with soft lead alloy that is strategically assembled wide open. There is also a jagged metal jacket that works with the lead alloy surface. Together they manipulate the extent of the bullet&#8217;s expansion creating a devastating effect to the target.<\/p>\n<h3>Specifications for Winchester SUPER-X RIFLE .30-06 Springfield 150 grain JSP Centerfire Rifle Ammunition:<\/h3>\n<table class=\"spec-table\" border=\"0\" cellspacing=\"0\" cellpadding=\"0\">\n<tbody>\n<tr>\n<td class=\"spec-left-column\">Kaliber:<\/td>\n<td width=\"50%\">.30-06 Springfield<\/td>\n<\/tr>\n<tr>\n<td class=\"spec-left-column\">Fj\u00f6ldi umfer\u00f0a:<\/td>\n<td width=\"50%\">1000<\/td>\n<\/tr>\n<tr>\n<td class=\"spec-left-column\">Tegund k\u00falu:<\/td>\n<td width=\"50%\">JSP<\/td>\n<\/tr>\n<tr>\n<td class=\"spec-left-column\">\u00deyngd k\u00falu:<\/td>\n<td width=\"50%\">150 korn<\/td>\n<\/tr>\n<tr>\n<td class=\"spec-left-column\">Efni skothylkis:<\/td>\n<td width=\"50%\">Messing<\/td>\n<\/tr>\n<tr>\n<td class=\"spec-left-column\">Sta\u00f0setning grunns:<\/td>\n<td width=\"50%\">Mi\u00f0eldur<\/td>\n<\/tr>\n<\/tbody>\n<\/table>\n<div id=\"product-social-header\" class=\"info-clear\"><\/div>\n<div id=\"product-main\">\n<div id=\"product-right\">\n<div id=\"product-caption\" class=\"description\">\n<div>\n<div id=\"product-caption-block-features\" class=\"product-caption-block\">\n<h3>Features of Winchester SUPER-X RIFLE .30-06 Springfield 150 grain JSP Centerfire Rifle Ammunition:<\/h3>\n<ul>\n<li>Power-Point tryggir skj\u00f3t og \u00f6flug ni\u00f0urrif<\/li>\n<li>Stefnum\u00f3tandi hak veitir samr\u00e6mda og \u00e1rei\u00f0anlega \u00fatv\u00edkkun<\/li>\n<li>\u00datl\u00ednulaga jakkiH\u00e1marks \u00fatv\u00edkkunargeta<\/li>\n<li>Kjarni \u00far \u00e1lbl\u00f6ndu\u00f0u bl\u00fdi eykur \u00feyngdina sem var\u00f0veitist fyrir d\u00fdpri \u00eddr\u00e1tt.<\/li>\n<\/ul>\n<\/div>\n<\/div>\n<\/div>\n<\/div>\n<\/div>\n<\/div>\n<\/div>","protected":false},"excerpt":{"rendered":"<p>Product Info for\u00a0Winchester SUPER-X RIFLE .30-06 Springfield 150 grain JSP Centerfire Rifle Ammunition The Winchester Super-X Power Point Centerfire Rifle Ammunition is for whitetail deer hunters who are looking for efficient bullets that increase accuracy. These quality bullets pack a punch that is ideal for the hunter of larger game. This bullet is comprised of [&#8230;]","protected":false},"featured_media":1412,"comment_status":"open","ping_status":"closed","template":"","meta":[],"product_brand":[],"product_cat":[217,121],"product_tag":[],"class_list":{"0":"post-1357","1":"product","2":"type-product","3":"status-publish","4":"has-post-thumbnail","6":"product_cat-30-06-springfield","7":"product_cat-rifle-ammo","9":"first","10":"instock","11":"taxable","12":"shipping-taxable","13":"purchasable","14":"product-type-simple"},"yoast_head":"<!-- This site is optimized with the Yoast SEO Premium plugin v24.6 (Yoast SEO v25.7) - https:\/\/yoast.com\/wordpress\/plugins\/seo\/ -->\n<title>1000 Rds of Winchester SUPER-X RIFLE .30-06 Springfield 150 grain JSP Centerfire Rifle Ammunition - Bulk Ammunition shop<\/title>\n<meta name=\"robots\" content=\"index, follow, max-snippet:-1, max-image-preview:large, max-video-preview:-1\" \/>\n<link rel=\"canonical\" href=\"https:\/\/www.bulkammunitionshop.com\/is\/product\/1000-rds-of-winchester-super-x-rifle-30-06-springfield-150-grain-jsp-centerfire-rifle-ammunition\/\" \/>\n<meta property=\"og:locale\" content=\"is_IS\" \/>\n<meta property=\"og:type\" content=\"article\" \/>\n<meta property=\"og:title\" content=\"1000 Rds of Winchester SUPER-X RIFLE .30-06 Springfield 150 grain JSP Centerfire Rifle Ammunition\" \/>\n<meta property=\"og:description\" content=\"Product Info for\u00a0Winchester SUPER-X RIFLE .30-06 Springfield 150 grain JSP Centerfire Rifle Ammunition The Winchester Super-X Power Point Centerfire Rifle Ammunition is for whitetail deer hunters who are looking for efficient bullets that increase accuracy. These quality bullets pack a punch that is ideal for the hunter of larger game. This bullet is comprised of [...]\" \/>\n<meta property=\"og:url\" content=\"https:\/\/www.bulkammunitionshop.com\/is\/product\/1000-rds-of-winchester-super-x-rifle-30-06-springfield-150-grain-jsp-centerfire-rifle-ammunition\/\" \/>\n<meta property=\"og:site_name\" content=\"Bulk Ammunition shop\" \/>\n<meta property=\"article:modified_time\" content=\"2022-05-21T16:27:25+00:00\" \/>\n<meta property=\"og:image\" content=\"https:\/\/i0.wp.com\/www.bulkammunitionshop.com\/wp-content\/uploads\/2022\/05\/opplanet-winchester-super-x-rifle-30-06-springfield-150-grain-jsp-centerfire-rifle-ammo-20-rounds-x30061-main.jpg?fit=978%2C550&ssl=1\" \/>\n\t<meta property=\"og:image:width\" content=\"978\" \/>\n\t<meta property=\"og:image:height\" content=\"550\" \/>\n\t<meta property=\"og:image:type\" content=\"image\/jpeg\" \/>\n<meta name=\"twitter:card\" content=\"summary_large_image\" \/>\n<meta name=\"twitter:label1\" content=\"Est. reading time\" \/>\n\t<meta name=\"twitter:data1\" content=\"1 minute\" \/>\n<script type=\"application\/ld+json\" class=\"yoast-schema-graph\">{\"@context\":\"https:\/\/schema.org\",\"@graph\":[{\"@type\":\"WebPage\",\"@id\":\"https:\/\/www.bulkammunitionshop.com\/product\/1000-rds-of-winchester-super-x-rifle-30-06-springfield-150-grain-jsp-centerfire-rifle-ammunition\/\",\"url\":\"https:\/\/www.bulkammunitionshop.com\/product\/1000-rds-of-winchester-super-x-rifle-30-06-springfield-150-grain-jsp-centerfire-rifle-ammunition\/\",\"name\":\"1000 Rds of Winchester SUPER-X RIFLE .30-06 Springfield 150 grain JSP Centerfire Rifle Ammunition - Bulk Ammunition shop\",\"isPartOf\":{\"@id\":\"https:\/\/www.bulkammunitionshop.com\/#website\"},\"primaryImageOfPage\":{\"@id\":\"https:\/\/www.bulkammunitionshop.com\/product\/1000-rds-of-winchester-super-x-rifle-30-06-springfield-150-grain-jsp-centerfire-rifle-ammunition\/#primaryimage\"},\"image\":{\"@id\":\"https:\/\/www.bulkammunitionshop.com\/product\/1000-rds-of-winchester-super-x-rifle-30-06-springfield-150-grain-jsp-centerfire-rifle-ammunition\/#primaryimage\"},\"thumbnailUrl\":\"https:\/\/www.bulkammunitionshop.com\/wp-content\/uploads\/2022\/05\/opplanet-winchester-super-x-rifle-30-06-springfield-150-grain-jsp-centerfire-rifle-ammo-20-rounds-x30061-main.jpg\",\"datePublished\":\"2022-05-21T16:26:30+00:00\",\"dateModified\":\"2022-05-21T16:27:25+00:00\",\"breadcrumb\":{\"@id\":\"https:\/\/www.bulkammunitionshop.com\/product\/1000-rds-of-winchester-super-x-rifle-30-06-springfield-150-grain-jsp-centerfire-rifle-ammunition\/#breadcrumb\"},\"inLanguage\":\"is\",\"potentialAction\":[{\"@type\":\"ReadAction\",\"target\":[\"https:\/\/www.bulkammunitionshop.com\/product\/1000-rds-of-winchester-super-x-rifle-30-06-springfield-150-grain-jsp-centerfire-rifle-ammunition\/\"]}]},{\"@type\":\"ImageObject\",\"inLanguage\":\"is\",\"@id\":\"https:\/\/www.bulkammunitionshop.com\/product\/1000-rds-of-winchester-super-x-rifle-30-06-springfield-150-grain-jsp-centerfire-rifle-ammunition\/#primaryimage\",\"url\":\"https:\/\/www.bulkammunitionshop.com\/wp-content\/uploads\/2022\/05\/opplanet-winchester-super-x-rifle-30-06-springfield-150-grain-jsp-centerfire-rifle-ammo-20-rounds-x30061-main.jpg\",\"contentUrl\":\"https:\/\/www.bulkammunitionshop.com\/wp-content\/uploads\/2022\/05\/opplanet-winchester-super-x-rifle-30-06-springfield-150-grain-jsp-centerfire-rifle-ammo-20-rounds-x30061-main.jpg\",\"width\":978,\"height\":550},{\"@type\":\"BreadcrumbList\",\"@id\":\"https:\/\/www.bulkammunitionshop.com\/product\/1000-rds-of-winchester-super-x-rifle-30-06-springfield-150-grain-jsp-centerfire-rifle-ammunition\/#breadcrumb\",\"itemListElement\":[{\"@type\":\"ListItem\",\"position\":1,\"name\":\"Home\",\"item\":\"https:\/\/www.bulkammunitionshop.com\/\"},{\"@type\":\"ListItem\",\"position\":2,\"name\":\"SHOP ALL\",\"item\":\"https:\/\/www.bulkammunitionshop.com\/shop-all\/\"},{\"@type\":\"ListItem\",\"position\":3,\"name\":\"1000 Rds of Winchester SUPER-X RIFLE .30-06 Springfield 150 grain JSP Centerfire Rifle Ammunition\"}]},{\"@type\":\"WebSite\",\"@id\":\"https:\/\/www.bulkammunitionshop.com\/#website\",\"url\":\"https:\/\/www.bulkammunitionshop.com\/\",\"name\":\"Bulk Ammunition shop\",\"description\":\"Buy Cheap Bulk Ammo Online - Bulk Ammo for Sale- Cheap Ammo Online\",\"potentialAction\":[{\"@type\":\"SearchAction\",\"target\":{\"@type\":\"EntryPoint\",\"urlTemplate\":\"https:\/\/www.bulkammunitionshop.com\/?s={search_term_string}\"},\"query-input\":{\"@type\":\"PropertyValueSpecification\",\"valueRequired\":true,\"valueName\":\"search_term_string\"}}],\"inLanguage\":\"is\"}]}<\/script>\n<!-- \/ Yoast SEO Premium plugin. -->","yoast_head_json":{"title":"1000 Rds of Winchester SUPER-X RIFLE .30-06 Springfield 150 grain JSP Centerfire Rifle Ammunition - Bulk Ammunition shop","robots":{"index":"index","follow":"follow","max-snippet":"max-snippet:-1","max-image-preview":"max-image-preview:large","max-video-preview":"max-video-preview:-1"},"canonical":"https:\/\/www.bulkammunitionshop.com\/is\/product\/1000-rds-of-winchester-super-x-rifle-30-06-springfield-150-grain-jsp-centerfire-rifle-ammunition\/","og_locale":"is_IS","og_type":"article","og_title":"1000 Rds of Winchester SUPER-X RIFLE .30-06 Springfield 150 grain JSP Centerfire Rifle Ammunition","og_description":"Product Info for\u00a0Winchester SUPER-X RIFLE .30-06 Springfield 150 grain JSP Centerfire Rifle Ammunition The Winchester Super-X Power Point Centerfire Rifle Ammunition is for whitetail deer hunters who are looking for efficient bullets that increase accuracy. These quality bullets pack a punch that is ideal for the hunter of larger game. This bullet is comprised of [...]","og_url":"https:\/\/www.bulkammunitionshop.com\/is\/product\/1000-rds-of-winchester-super-x-rifle-30-06-springfield-150-grain-jsp-centerfire-rifle-ammunition\/","og_site_name":"Bulk Ammunition shop","article_modified_time":"2022-05-21T16:27:25+00:00","og_image":[{"width":978,"height":550,"url":"https:\/\/i0.wp.com\/www.bulkammunitionshop.com\/wp-content\/uploads\/2022\/05\/opplanet-winchester-super-x-rifle-30-06-springfield-150-grain-jsp-centerfire-rifle-ammo-20-rounds-x30061-main.jpg?fit=978%2C550&ssl=1","type":"image\/jpeg"}],"twitter_card":"summary_large_image","twitter_misc":{"Est. reading time":"1 minute"},"schema":{"@context":"https:\/\/schema.org","@graph":[{"@type":"WebPage","@id":"https:\/\/www.bulkammunitionshop.com\/product\/1000-rds-of-winchester-super-x-rifle-30-06-springfield-150-grain-jsp-centerfire-rifle-ammunition\/","url":"https:\/\/www.bulkammunitionshop.com\/product\/1000-rds-of-winchester-super-x-rifle-30-06-springfield-150-grain-jsp-centerfire-rifle-ammunition\/","name":"1000 Rds of Winchester SUPER-X RIFLE .30-06 Springfield 150 grain JSP Centerfire Rifle Ammunition - Bulk Ammunition shop","isPartOf":{"@id":"https:\/\/www.bulkammunitionshop.com\/#website"},"primaryImageOfPage":{"@id":"https:\/\/www.bulkammunitionshop.com\/product\/1000-rds-of-winchester-super-x-rifle-30-06-springfield-150-grain-jsp-centerfire-rifle-ammunition\/#primaryimage"},"image":{"@id":"https:\/\/www.bulkammunitionshop.com\/product\/1000-rds-of-winchester-super-x-rifle-30-06-springfield-150-grain-jsp-centerfire-rifle-ammunition\/#primaryimage"},"thumbnailUrl":"https:\/\/www.bulkammunitionshop.com\/wp-content\/uploads\/2022\/05\/opplanet-winchester-super-x-rifle-30-06-springfield-150-grain-jsp-centerfire-rifle-ammo-20-rounds-x30061-main.jpg","datePublished":"2022-05-21T16:26:30+00:00","dateModified":"2022-05-21T16:27:25+00:00","breadcrumb":{"@id":"https:\/\/www.bulkammunitionshop.com\/product\/1000-rds-of-winchester-super-x-rifle-30-06-springfield-150-grain-jsp-centerfire-rifle-ammunition\/#breadcrumb"},"inLanguage":"is","potentialAction":[{"@type":"ReadAction","target":["https:\/\/www.bulkammunitionshop.com\/product\/1000-rds-of-winchester-super-x-rifle-30-06-springfield-150-grain-jsp-centerfire-rifle-ammunition\/"]}]},{"@type":"ImageObject","inLanguage":"is","@id":"https:\/\/www.bulkammunitionshop.com\/product\/1000-rds-of-winchester-super-x-rifle-30-06-springfield-150-grain-jsp-centerfire-rifle-ammunition\/#primaryimage","url":"https:\/\/www.bulkammunitionshop.com\/wp-content\/uploads\/2022\/05\/opplanet-winchester-super-x-rifle-30-06-springfield-150-grain-jsp-centerfire-rifle-ammo-20-rounds-x30061-main.jpg","contentUrl":"https:\/\/www.bulkammunitionshop.com\/wp-content\/uploads\/2022\/05\/opplanet-winchester-super-x-rifle-30-06-springfield-150-grain-jsp-centerfire-rifle-ammo-20-rounds-x30061-main.jpg","width":978,"height":550},{"@type":"BreadcrumbList","@id":"https:\/\/www.bulkammunitionshop.com\/product\/1000-rds-of-winchester-super-x-rifle-30-06-springfield-150-grain-jsp-centerfire-rifle-ammunition\/#breadcrumb","itemListElement":[{"@type":"ListItem","position":1,"name":"Home","item":"https:\/\/www.bulkammunitionshop.com\/"},{"@type":"ListItem","position":2,"name":"SHOP ALL","item":"https:\/\/www.bulkammunitionshop.com\/shop-all\/"},{"@type":"ListItem","position":3,"name":"1000 Rds of Winchester SUPER-X RIFLE .30-06 Springfield 150 grain JSP Centerfire Rifle Ammunition"}]},{"@type":"WebSite","@id":"https:\/\/www.bulkammunitionshop.com\/#website","url":"https:\/\/www.bulkammunitionshop.com\/","name":"Verslun me\u00f0 magnskotf\u00e6ri","description":"Kauptu \u00f3d\u00fdrt magn af skotf\u00e6rum \u00e1 netinu - Magn af skotf\u00e6rum til s\u00f6lu - \u00d3d\u00fdrt skotf\u00e6ri \u00e1 netinu","potentialAction":[{"@type":"SearchAction","target":{"@type":"EntryPoint","urlTemplate":"https:\/\/www.bulkammunitionshop.com\/?s={search_term_string}"},"query-input":{"@type":"PropertyValueSpecification","valueRequired":true,"valueName":"search_term_string"}}],"inLanguage":"is"}]}},"jetpack_sharing_enabled":true,"_links":{"self":[{"href":"https:\/\/www.bulkammunitionshop.com\/is\/wp-json\/wp\/v2\/product\/1357","targetHints":{"allow":["GET"]}}],"collection":[{"href":"https:\/\/www.bulkammunitionshop.com\/is\/wp-json\/wp\/v2\/product"}],"about":[{"href":"https:\/\/www.bulkammunitionshop.com\/is\/wp-json\/wp\/v2\/types\/product"}],"replies":[{"embeddable":true,"href":"https:\/\/www.bulkammunitionshop.com\/is\/wp-json\/wp\/v2\/comments?post=1357"}],"wp:featuredmedia":[{"embeddable":true,"href":"https:\/\/www.bulkammunitionshop.com\/is\/wp-json\/wp\/v2\/media\/1412"}],"wp:attachment":[{"href":"https:\/\/www.bulkammunitionshop.com\/is\/wp-json\/wp\/v2\/media?parent=1357"}],"wp:term":[{"taxonomy":"product_brand","embeddable":true,"href":"https:\/\/www.bulkammunitionshop.com\/is\/wp-json\/wp\/v2\/product_brand?post=1357"},{"taxonomy":"product_cat","embeddable":true,"href":"https:\/\/www.bulkammunitionshop.com\/is\/wp-json\/wp\/v2\/product_cat?post=1357"},{"taxonomy":"product_tag","embeddable":true,"href":"https:\/\/www.bulkammunitionshop.com\/is\/wp-json\/wp\/v2\/product_tag?post=1357"}],"curies":[{"name":"wp","href":"https:\/\/api.w.org\/{rel}","templated":true}]}}