{"id":1152,"date":"2022-05-21T16:23:00","date_gmt":"2022-05-21T16:23:00","guid":{"rendered":"https:\/\/www.bulkammunitionshop.com\/?post_type=product&#038;p=1152"},"modified":"2022-05-21T16:23:43","modified_gmt":"2022-05-21T16:23:43","slug":"500rds-of-hornady-varmint-express-17-hm2-ammo-17-grain-hornady-v-max","status":"publish","type":"product","link":"https:\/\/www.bulkammunitionshop.com\/is\/product\/500rds-of-hornady-varmint-express-17-hm2-ammo-17-grain-hornady-v-max\/","title":{"rendered":"500rds of Hornady Varmint Express 17 HM2 Ammo 17 Grain Hornady V-Max"},"content":{"rendered":"<h2>L\u00fdsing<\/h2>\n<h2>HORNADY VARMINT EXPRESS 17 HM2 AMMO 17 GRAIN HORNADY V-MAX-83177<\/h2>\n<p><strong>Hornady Varmint Express 17 HM2 Ammo 17 Grain Hornady V-Max ammo for sale online<\/strong>\u00a0at cheap discount prices with free shipping available on bulk 17 HM2 ammunition only at our online store TargetSportsUSA.com. Target Sports USA carries the entire line of Hornady\u00a0ammunition for sale online with free shipping on bulk ammo including this Hornady Varmint Express 17 HM2 Ammo 17 Grain Hornady V-Max.<\/p>\n<p><strong>Hornady Varmint Express 17 HM2 Ammo 17 Grain Hornady V-Max review<\/strong>\u00a0offers the following information; This ammunition is specifically designed for supremely accurate long range shooting, and is designed around the hard-hitting performance of the famous Hornady V-Max bullet. This Hornady Varmint Express 17 HM2 is loaded with a 17 grain Hornady V-Max bullet. The polymer tip, on these V-Max bullets, enhances accuracy and promotes devastating expansion. The polymer tip also increases the ballistic coefficient and stabilizes the bullet in flight. These V-Max loads provide the kind of velocity and flat trajectory that will forever change the expectations of rimfire accuracy. Hornady Varmint Express 17 HM2 features polymer tips, brass cases, and powerful propellants, making it the most accurate and hardest hitting cartridge on the market! This 17 HM2 ammunition is an excellent choice for a devastating expansion of varmints and small game on impact!\u00a0 This ammo is designed for extremely accurate long range shooting and is designed based on the hard-hitting performance of the Hornady V-Max bullet. The Hornady 17 HM2 is hand inspected before leaving the factory, ensuring there are no flaws and imperfections. This Hornady ammunition is new production and features a non-corrosive bullet. The 17 HM2 is not a variation of the 17 HMR and is not interchangeable with it. These Hornady bullets are packaged in boxes of 50 rounds or a case of 2000 rounds.<\/p>\n<p><strong>This ammunition is specifically designed for supremely accurate long range shooting, and is designed around the hard-hitting performance of the famous Hornady V-Max bullet<\/strong><\/p>\n<p>The 17 HM2 is not a variation of the 17 HMR and is not interchangeable with it.<\/p>\n<p>The polymer tip, on these V-Max bullets, enhances accuracy and promotes devastating expansion. The polymer tip also increases the ballistic coefficient and stabilizes the bullet in flight.<\/p>\n<table>\n<tbody>\n<tr>\n<td>MPN<\/td>\n<td>83177<\/td>\n<\/tr>\n<tr>\n<td>UPC<\/td>\n<td>090255831771<\/td>\n<\/tr>\n<tr>\n<td>Framlei\u00f0andi<\/td>\n<td>HORNADY AMMO<\/td>\n<\/tr>\n<tr>\n<td>Kaliber<\/td>\n<td>17 HM2 AMMO<\/td>\n<\/tr>\n<tr>\n<td>Tegund punkta<\/td>\n<td>Hornady V-Max<\/td>\n<\/tr>\n<tr>\n<td>Munnhra\u00f0i<\/td>\n<td>2100 fps<\/td>\n<\/tr>\n<tr>\n<td>Orka \u00ed munni<\/td>\n<td>166 ft. lbs<\/td>\n<\/tr>\n<tr>\n<td>Grunnur<\/td>\n<td>Hnefaleikama\u00f0ur<\/td>\n<\/tr>\n<tr>\n<td>Hl\u00edf<\/td>\n<td>Brass Casing<\/td>\n<\/tr>\n<tr>\n<td>Skotf\u00e6raeinkunn<\/td>\n<td>Varmints &amp; Small Game 17 HM2 Ammo<\/td>\n<\/tr>\n<\/tbody>\n<\/table>","protected":false},"excerpt":{"rendered":"<p>Description HORNADY VARMINT EXPRESS 17 HM2 AMMO 17 GRAIN HORNADY V-MAX-83177 Hornady Varmint Express 17 HM2 Ammo 17 Grain Hornady V-Max ammo for sale online\u00a0at cheap discount prices with free shipping available on bulk 17 HM2 ammunition only at our online store TargetSportsUSA.com. Target Sports USA carries the entire line of Hornady\u00a0ammunition for sale online [&#8230;]","protected":false},"featured_media":1195,"comment_status":"open","ping_status":"closed","template":"","meta":[],"product_brand":[],"product_cat":[213,123],"product_tag":[],"class_list":{"0":"post-1152","1":"product","2":"type-product","3":"status-publish","4":"has-post-thumbnail","6":"product_cat-17hm2","7":"product_cat-rimfire-ammo","9":"first","10":"instock","11":"taxable","12":"shipping-taxable","13":"purchasable","14":"product-type-simple"},"yoast_head":"<!-- This site is optimized with the Yoast SEO Premium plugin v24.6 (Yoast SEO v25.7) - https:\/\/yoast.com\/wordpress\/plugins\/seo\/ -->\n<title>500rds of Hornady Varmint Express 17 HM2 Ammo 17 Grain Hornady V-Max - Bulk Ammunition shop<\/title>\n<meta name=\"robots\" content=\"index, follow, max-snippet:-1, max-image-preview:large, max-video-preview:-1\" \/>\n<link rel=\"canonical\" href=\"https:\/\/www.bulkammunitionshop.com\/is\/product\/500rds-of-hornady-varmint-express-17-hm2-ammo-17-grain-hornady-v-max\/\" \/>\n<meta property=\"og:locale\" content=\"is_IS\" \/>\n<meta property=\"og:type\" content=\"article\" \/>\n<meta property=\"og:title\" content=\"500rds of Hornady Varmint Express 17 HM2 Ammo 17 Grain Hornady V-Max\" \/>\n<meta property=\"og:description\" content=\"Description HORNADY VARMINT EXPRESS 17 HM2 AMMO 17 GRAIN HORNADY V-MAX-83177 Hornady Varmint Express 17 HM2 Ammo 17 Grain Hornady V-Max ammo for sale online\u00a0at cheap discount prices with free shipping available on bulk 17 HM2 ammunition only at our online store TargetSportsUSA.com. Target Sports USA carries the entire line of Hornady\u00a0ammunition for sale online [...]\" \/>\n<meta property=\"og:url\" content=\"https:\/\/www.bulkammunitionshop.com\/is\/product\/500rds-of-hornady-varmint-express-17-hm2-ammo-17-grain-hornady-v-max\/\" \/>\n<meta property=\"og:site_name\" content=\"Bulk Ammunition shop\" \/>\n<meta property=\"article:modified_time\" content=\"2022-05-21T16:23:43+00:00\" \/>\n<meta property=\"og:image\" content=\"https:\/\/i0.wp.com\/www.bulkammunitionshop.com\/wp-content\/uploads\/2022\/05\/1018-600x600-1.jpg?fit=600%2C600&ssl=1\" \/>\n\t<meta property=\"og:image:width\" content=\"600\" \/>\n\t<meta property=\"og:image:height\" content=\"600\" \/>\n\t<meta property=\"og:image:type\" content=\"image\/jpeg\" \/>\n<meta name=\"twitter:card\" content=\"summary_large_image\" \/>\n<meta name=\"twitter:label1\" content=\"Est. reading time\" \/>\n\t<meta name=\"twitter:data1\" content=\"2 minutes\" \/>\n<script type=\"application\/ld+json\" class=\"yoast-schema-graph\">{\"@context\":\"https:\/\/schema.org\",\"@graph\":[{\"@type\":\"WebPage\",\"@id\":\"https:\/\/www.bulkammunitionshop.com\/product\/500rds-of-hornady-varmint-express-17-hm2-ammo-17-grain-hornady-v-max\/\",\"url\":\"https:\/\/www.bulkammunitionshop.com\/product\/500rds-of-hornady-varmint-express-17-hm2-ammo-17-grain-hornady-v-max\/\",\"name\":\"500rds of Hornady Varmint Express 17 HM2 Ammo 17 Grain Hornady V-Max - Bulk Ammunition shop\",\"isPartOf\":{\"@id\":\"https:\/\/www.bulkammunitionshop.com\/#website\"},\"primaryImageOfPage\":{\"@id\":\"https:\/\/www.bulkammunitionshop.com\/product\/500rds-of-hornady-varmint-express-17-hm2-ammo-17-grain-hornady-v-max\/#primaryimage\"},\"image\":{\"@id\":\"https:\/\/www.bulkammunitionshop.com\/product\/500rds-of-hornady-varmint-express-17-hm2-ammo-17-grain-hornady-v-max\/#primaryimage\"},\"thumbnailUrl\":\"https:\/\/www.bulkammunitionshop.com\/wp-content\/uploads\/2022\/05\/1018-600x600-1.jpg\",\"datePublished\":\"2022-05-21T16:23:00+00:00\",\"dateModified\":\"2022-05-21T16:23:43+00:00\",\"breadcrumb\":{\"@id\":\"https:\/\/www.bulkammunitionshop.com\/product\/500rds-of-hornady-varmint-express-17-hm2-ammo-17-grain-hornady-v-max\/#breadcrumb\"},\"inLanguage\":\"is\",\"potentialAction\":[{\"@type\":\"ReadAction\",\"target\":[\"https:\/\/www.bulkammunitionshop.com\/product\/500rds-of-hornady-varmint-express-17-hm2-ammo-17-grain-hornady-v-max\/\"]}]},{\"@type\":\"ImageObject\",\"inLanguage\":\"is\",\"@id\":\"https:\/\/www.bulkammunitionshop.com\/product\/500rds-of-hornady-varmint-express-17-hm2-ammo-17-grain-hornady-v-max\/#primaryimage\",\"url\":\"https:\/\/www.bulkammunitionshop.com\/wp-content\/uploads\/2022\/05\/1018-600x600-1.jpg\",\"contentUrl\":\"https:\/\/www.bulkammunitionshop.com\/wp-content\/uploads\/2022\/05\/1018-600x600-1.jpg\",\"width\":600,\"height\":600},{\"@type\":\"BreadcrumbList\",\"@id\":\"https:\/\/www.bulkammunitionshop.com\/product\/500rds-of-hornady-varmint-express-17-hm2-ammo-17-grain-hornady-v-max\/#breadcrumb\",\"itemListElement\":[{\"@type\":\"ListItem\",\"position\":1,\"name\":\"Home\",\"item\":\"https:\/\/www.bulkammunitionshop.com\/\"},{\"@type\":\"ListItem\",\"position\":2,\"name\":\"SHOP ALL\",\"item\":\"https:\/\/www.bulkammunitionshop.com\/shop-all\/\"},{\"@type\":\"ListItem\",\"position\":3,\"name\":\"500rds of Hornady Varmint Express 17 HM2 Ammo 17 Grain Hornady V-Max\"}]},{\"@type\":\"WebSite\",\"@id\":\"https:\/\/www.bulkammunitionshop.com\/#website\",\"url\":\"https:\/\/www.bulkammunitionshop.com\/\",\"name\":\"Bulk Ammunition shop\",\"description\":\"Buy Cheap Bulk Ammo Online - Bulk Ammo for Sale- Cheap Ammo Online\",\"potentialAction\":[{\"@type\":\"SearchAction\",\"target\":{\"@type\":\"EntryPoint\",\"urlTemplate\":\"https:\/\/www.bulkammunitionshop.com\/?s={search_term_string}\"},\"query-input\":{\"@type\":\"PropertyValueSpecification\",\"valueRequired\":true,\"valueName\":\"search_term_string\"}}],\"inLanguage\":\"is\"}]}<\/script>\n<!-- \/ Yoast SEO Premium plugin. -->","yoast_head_json":{"title":"500rds of Hornady Varmint Express 17 HM2 Ammo 17 Grain Hornady V-Max - Bulk Ammunition shop","robots":{"index":"index","follow":"follow","max-snippet":"max-snippet:-1","max-image-preview":"max-image-preview:large","max-video-preview":"max-video-preview:-1"},"canonical":"https:\/\/www.bulkammunitionshop.com\/is\/product\/500rds-of-hornady-varmint-express-17-hm2-ammo-17-grain-hornady-v-max\/","og_locale":"is_IS","og_type":"article","og_title":"500rds of Hornady Varmint Express 17 HM2 Ammo 17 Grain Hornady V-Max","og_description":"Description HORNADY VARMINT EXPRESS 17 HM2 AMMO 17 GRAIN HORNADY V-MAX-83177 Hornady Varmint Express 17 HM2 Ammo 17 Grain Hornady V-Max ammo for sale online\u00a0at cheap discount prices with free shipping available on bulk 17 HM2 ammunition only at our online store TargetSportsUSA.com. Target Sports USA carries the entire line of Hornady\u00a0ammunition for sale online [...]","og_url":"https:\/\/www.bulkammunitionshop.com\/is\/product\/500rds-of-hornady-varmint-express-17-hm2-ammo-17-grain-hornady-v-max\/","og_site_name":"Bulk Ammunition shop","article_modified_time":"2022-05-21T16:23:43+00:00","og_image":[{"width":600,"height":600,"url":"https:\/\/i0.wp.com\/www.bulkammunitionshop.com\/wp-content\/uploads\/2022\/05\/1018-600x600-1.jpg?fit=600%2C600&ssl=1","type":"image\/jpeg"}],"twitter_card":"summary_large_image","twitter_misc":{"Est. reading time":"2 minutes"},"schema":{"@context":"https:\/\/schema.org","@graph":[{"@type":"WebPage","@id":"https:\/\/www.bulkammunitionshop.com\/product\/500rds-of-hornady-varmint-express-17-hm2-ammo-17-grain-hornady-v-max\/","url":"https:\/\/www.bulkammunitionshop.com\/product\/500rds-of-hornady-varmint-express-17-hm2-ammo-17-grain-hornady-v-max\/","name":"500rds of Hornady Varmint Express 17 HM2 Ammo 17 Grain Hornady V-Max - Bulk Ammunition shop","isPartOf":{"@id":"https:\/\/www.bulkammunitionshop.com\/#website"},"primaryImageOfPage":{"@id":"https:\/\/www.bulkammunitionshop.com\/product\/500rds-of-hornady-varmint-express-17-hm2-ammo-17-grain-hornady-v-max\/#primaryimage"},"image":{"@id":"https:\/\/www.bulkammunitionshop.com\/product\/500rds-of-hornady-varmint-express-17-hm2-ammo-17-grain-hornady-v-max\/#primaryimage"},"thumbnailUrl":"https:\/\/www.bulkammunitionshop.com\/wp-content\/uploads\/2022\/05\/1018-600x600-1.jpg","datePublished":"2022-05-21T16:23:00+00:00","dateModified":"2022-05-21T16:23:43+00:00","breadcrumb":{"@id":"https:\/\/www.bulkammunitionshop.com\/product\/500rds-of-hornady-varmint-express-17-hm2-ammo-17-grain-hornady-v-max\/#breadcrumb"},"inLanguage":"is","potentialAction":[{"@type":"ReadAction","target":["https:\/\/www.bulkammunitionshop.com\/product\/500rds-of-hornady-varmint-express-17-hm2-ammo-17-grain-hornady-v-max\/"]}]},{"@type":"ImageObject","inLanguage":"is","@id":"https:\/\/www.bulkammunitionshop.com\/product\/500rds-of-hornady-varmint-express-17-hm2-ammo-17-grain-hornady-v-max\/#primaryimage","url":"https:\/\/www.bulkammunitionshop.com\/wp-content\/uploads\/2022\/05\/1018-600x600-1.jpg","contentUrl":"https:\/\/www.bulkammunitionshop.com\/wp-content\/uploads\/2022\/05\/1018-600x600-1.jpg","width":600,"height":600},{"@type":"BreadcrumbList","@id":"https:\/\/www.bulkammunitionshop.com\/product\/500rds-of-hornady-varmint-express-17-hm2-ammo-17-grain-hornady-v-max\/#breadcrumb","itemListElement":[{"@type":"ListItem","position":1,"name":"Home","item":"https:\/\/www.bulkammunitionshop.com\/"},{"@type":"ListItem","position":2,"name":"SHOP ALL","item":"https:\/\/www.bulkammunitionshop.com\/shop-all\/"},{"@type":"ListItem","position":3,"name":"500rds of Hornady Varmint Express 17 HM2 Ammo 17 Grain Hornady V-Max"}]},{"@type":"WebSite","@id":"https:\/\/www.bulkammunitionshop.com\/#website","url":"https:\/\/www.bulkammunitionshop.com\/","name":"Verslun me\u00f0 magnskotf\u00e6ri","description":"Kauptu \u00f3d\u00fdrt magn af skotf\u00e6rum \u00e1 netinu - Magn af skotf\u00e6rum til s\u00f6lu - \u00d3d\u00fdrt skotf\u00e6ri \u00e1 netinu","potentialAction":[{"@type":"SearchAction","target":{"@type":"EntryPoint","urlTemplate":"https:\/\/www.bulkammunitionshop.com\/?s={search_term_string}"},"query-input":{"@type":"PropertyValueSpecification","valueRequired":true,"valueName":"search_term_string"}}],"inLanguage":"is"}]}},"jetpack_sharing_enabled":true,"_links":{"self":[{"href":"https:\/\/www.bulkammunitionshop.com\/is\/wp-json\/wp\/v2\/product\/1152","targetHints":{"allow":["GET"]}}],"collection":[{"href":"https:\/\/www.bulkammunitionshop.com\/is\/wp-json\/wp\/v2\/product"}],"about":[{"href":"https:\/\/www.bulkammunitionshop.com\/is\/wp-json\/wp\/v2\/types\/product"}],"replies":[{"embeddable":true,"href":"https:\/\/www.bulkammunitionshop.com\/is\/wp-json\/wp\/v2\/comments?post=1152"}],"wp:featuredmedia":[{"embeddable":true,"href":"https:\/\/www.bulkammunitionshop.com\/is\/wp-json\/wp\/v2\/media\/1195"}],"wp:attachment":[{"href":"https:\/\/www.bulkammunitionshop.com\/is\/wp-json\/wp\/v2\/media?parent=1152"}],"wp:term":[{"taxonomy":"product_brand","embeddable":true,"href":"https:\/\/www.bulkammunitionshop.com\/is\/wp-json\/wp\/v2\/product_brand?post=1152"},{"taxonomy":"product_cat","embeddable":true,"href":"https:\/\/www.bulkammunitionshop.com\/is\/wp-json\/wp\/v2\/product_cat?post=1152"},{"taxonomy":"product_tag","embeddable":true,"href":"https:\/\/www.bulkammunitionshop.com\/is\/wp-json\/wp\/v2\/product_tag?post=1152"}],"curies":[{"name":"wp","href":"https:\/\/api.w.org\/{rel}","templated":true}]}}