{"id":1053,"date":"2022-05-21T16:21:18","date_gmt":"2022-05-21T16:21:18","guid":{"rendered":"https:\/\/www.bulkammunitionshop.com\/?post_type=product&#038;p=1053"},"modified":"2022-05-21T16:21:50","modified_gmt":"2022-05-21T16:21:50","slug":"500rds-of-winchester-long-beard-xr-12-gauge-3-5-inches-4-shot-shotshells","status":"publish","type":"product","link":"https:\/\/www.bulkammunitionshop.com\/is\/product\/500rds-of-winchester-long-beard-xr-12-gauge-3-5-inches-4-shot-shotshells\/","title":{"rendered":"500 skot af Winchester Long Beard XR 12 Gauge 3,5 tommu 4 skota haglahylkjum"},"content":{"rendered":"<h2>L\u00fdsing<\/h2>\n<div data-auid=\"feature-benefits\">\n<div class=\"css-1s8bjel\">Features and Benefits<\/div>\n<div class=\"css-zoj4i\" role=\"list\">\n<ul>\n<li class=\"css-2hhhsn\" role=\"listitem\" data-auid=\"feature-benefits-listing\">Tight patterns<\/li>\n<li class=\"css-2hhhsn\" role=\"listitem\" data-auid=\"feature-benefits-listing\">1,200 fps velocity<\/li>\n<li class=\"css-2hhhsn\" role=\"listitem\" data-auid=\"feature-benefits-listing\">2 oz. shot<\/li>\n<li class=\"css-2hhhsn\" role=\"listitem\" data-auid=\"feature-benefits-listing\">Deep penetration<\/li>\n<li class=\"css-2hhhsn\" role=\"listitem\" data-auid=\"feature-benefits-listing\">10-round box<\/li>\n<li class=\"css-2hhhsn\" role=\"listitem\" data-auid=\"feature-benefits-listing\">3-1\/2\u2033 shell length<\/li>\n<li class=\"css-2hhhsn\" role=\"listitem\" data-auid=\"feature-benefits-listing\">Shot-Lok\u2122 technology protects the shot during in-bore acceleration<\/li>\n<li class=\"css-2hhhsn\" role=\"listitem\" data-auid=\"feature-benefits-listing\">4 shot size<\/li>\n<li class=\"css-2hhhsn\" role=\"listitem\" data-auid=\"feature-benefits-listing\">12 gauge<\/li>\n<\/ul>\n<\/div>\n<\/div>\n<div data-auid=\"specifications\">\n<div class=\"css-1s8bjel\">Specifications<\/div>\n<div class=\"css-zoj4i\" role=\"list\">\n<ul>\n<li class=\"css-2hhhsn\" role=\"listitem\" data-auid=\"specifications_listing\">Shot Type:\u00a0Lead<\/li>\n<li class=\"css-2hhhsn\" role=\"listitem\" data-auid=\"specifications_listing\">Gauge\/bore:\u00a012<\/li>\n<li class=\"css-2hhhsn\" role=\"listitem\" data-auid=\"specifications_listing\">Number of rounds: 500<\/li>\n<li class=\"css-2hhhsn\" role=\"listitem\" data-auid=\"specifications_listing\">Shell length (in.):\u00a03-1\/2<\/li>\n<li class=\"css-2hhhsn\" role=\"listitem\" data-auid=\"specifications_listing\">Species:\u00a0Turkey<\/li>\n<li class=\"css-2hhhsn\" role=\"listitem\" data-auid=\"specifications_listing\">Ounce shot:\u00a02<\/li>\n<li class=\"css-2hhhsn\" role=\"listitem\" data-auid=\"specifications_listing\">Shot size:\u00a04<\/li>\n<\/ul>\n<\/div>\n<\/div>","protected":false},"excerpt":{"rendered":"<p>Description Features and Benefits Tight patterns 1,200 fps velocity 2 oz. shot Deep penetration 10-round box 3-1\/2\u2033 shell length Shot-Lok\u2122 technology protects the shot during in-bore acceleration 4 shot size 12 gauge Specifications Shot Type:\u00a0Lead Gauge\/bore:\u00a012 Number of rounds: 500 Shell length (in.):\u00a03-1\/2 Species:\u00a0Turkey Ounce shot:\u00a02 Shot size:\u00a04<\/p>","protected":false},"featured_media":1101,"comment_status":"open","ping_status":"closed","template":"","meta":[],"product_brand":[],"product_cat":[120,119],"product_tag":[],"class_list":{"0":"post-1053","1":"product","2":"type-product","3":"status-publish","4":"has-post-thumbnail","6":"product_cat-12-gauge","7":"product_cat-shotgun-ammo","9":"first","10":"instock","11":"taxable","12":"shipping-taxable","13":"purchasable","14":"product-type-simple"},"yoast_head":"<!-- This site is optimized with the Yoast SEO Premium plugin v24.6 (Yoast SEO v25.7) - https:\/\/yoast.com\/wordpress\/plugins\/seo\/ -->\n<title>500rds of Winchester Long Beard XR 12 Gauge 3.5 inches 4 Shot Shotshells - Bulk Ammunition shop<\/title>\n<meta name=\"robots\" content=\"index, follow, max-snippet:-1, max-image-preview:large, max-video-preview:-1\" \/>\n<link rel=\"canonical\" href=\"https:\/\/www.bulkammunitionshop.com\/is\/product\/500rds-of-winchester-long-beard-xr-12-gauge-3-5-inches-4-shot-shotshells\/\" \/>\n<meta property=\"og:locale\" content=\"is_IS\" \/>\n<meta property=\"og:type\" content=\"article\" \/>\n<meta property=\"og:title\" content=\"500rds of Winchester Long Beard XR 12 Gauge 3.5 inches 4 Shot Shotshells\" \/>\n<meta property=\"og:description\" content=\"Description Features and Benefits Tight patterns 1,200 fps velocity 2 oz. shot Deep penetration 10-round box 3-1\/2\u2033 shell length Shot-Lok\u2122 technology protects the shot during in-bore acceleration 4 shot size 12 gauge Specifications Shot Type:\u00a0Lead Gauge\/bore:\u00a012 Number of rounds: 500 Shell length (in.):\u00a03-1\/2 Species:\u00a0Turkey Ounce shot:\u00a02 Shot size:\u00a04\" \/>\n<meta property=\"og:url\" content=\"https:\/\/www.bulkammunitionshop.com\/is\/product\/500rds-of-winchester-long-beard-xr-12-gauge-3-5-inches-4-shot-shotshells\/\" \/>\n<meta property=\"og:site_name\" content=\"Bulk Ammunition shop\" \/>\n<meta property=\"article:modified_time\" content=\"2022-05-21T16:21:50+00:00\" \/>\n<meta property=\"og:image\" content=\"https:\/\/i0.wp.com\/www.bulkammunitionshop.com\/wp-content\/uploads\/2022\/05\/10317752-600x600-1.jpg?fit=600%2C600&ssl=1\" \/>\n\t<meta property=\"og:image:width\" content=\"600\" \/>\n\t<meta property=\"og:image:height\" content=\"600\" \/>\n\t<meta property=\"og:image:type\" content=\"image\/jpeg\" \/>\n<meta name=\"twitter:card\" content=\"summary_large_image\" \/>\n<script type=\"application\/ld+json\" class=\"yoast-schema-graph\">{\"@context\":\"https:\/\/schema.org\",\"@graph\":[{\"@type\":\"WebPage\",\"@id\":\"https:\/\/www.bulkammunitionshop.com\/product\/500rds-of-winchester-long-beard-xr-12-gauge-3-5-inches-4-shot-shotshells\/\",\"url\":\"https:\/\/www.bulkammunitionshop.com\/product\/500rds-of-winchester-long-beard-xr-12-gauge-3-5-inches-4-shot-shotshells\/\",\"name\":\"500rds of Winchester Long Beard XR 12 Gauge 3.5 inches 4 Shot Shotshells - Bulk Ammunition shop\",\"isPartOf\":{\"@id\":\"https:\/\/www.bulkammunitionshop.com\/#website\"},\"primaryImageOfPage\":{\"@id\":\"https:\/\/www.bulkammunitionshop.com\/product\/500rds-of-winchester-long-beard-xr-12-gauge-3-5-inches-4-shot-shotshells\/#primaryimage\"},\"image\":{\"@id\":\"https:\/\/www.bulkammunitionshop.com\/product\/500rds-of-winchester-long-beard-xr-12-gauge-3-5-inches-4-shot-shotshells\/#primaryimage\"},\"thumbnailUrl\":\"https:\/\/www.bulkammunitionshop.com\/wp-content\/uploads\/2022\/05\/10317752-600x600-1.jpg\",\"datePublished\":\"2022-05-21T16:21:18+00:00\",\"dateModified\":\"2022-05-21T16:21:50+00:00\",\"breadcrumb\":{\"@id\":\"https:\/\/www.bulkammunitionshop.com\/product\/500rds-of-winchester-long-beard-xr-12-gauge-3-5-inches-4-shot-shotshells\/#breadcrumb\"},\"inLanguage\":\"is\",\"potentialAction\":[{\"@type\":\"ReadAction\",\"target\":[\"https:\/\/www.bulkammunitionshop.com\/product\/500rds-of-winchester-long-beard-xr-12-gauge-3-5-inches-4-shot-shotshells\/\"]}]},{\"@type\":\"ImageObject\",\"inLanguage\":\"is\",\"@id\":\"https:\/\/www.bulkammunitionshop.com\/product\/500rds-of-winchester-long-beard-xr-12-gauge-3-5-inches-4-shot-shotshells\/#primaryimage\",\"url\":\"https:\/\/www.bulkammunitionshop.com\/wp-content\/uploads\/2022\/05\/10317752-600x600-1.jpg\",\"contentUrl\":\"https:\/\/www.bulkammunitionshop.com\/wp-content\/uploads\/2022\/05\/10317752-600x600-1.jpg\",\"width\":600,\"height\":600},{\"@type\":\"BreadcrumbList\",\"@id\":\"https:\/\/www.bulkammunitionshop.com\/product\/500rds-of-winchester-long-beard-xr-12-gauge-3-5-inches-4-shot-shotshells\/#breadcrumb\",\"itemListElement\":[{\"@type\":\"ListItem\",\"position\":1,\"name\":\"Home\",\"item\":\"https:\/\/www.bulkammunitionshop.com\/\"},{\"@type\":\"ListItem\",\"position\":2,\"name\":\"SHOP ALL\",\"item\":\"https:\/\/www.bulkammunitionshop.com\/shop-all\/\"},{\"@type\":\"ListItem\",\"position\":3,\"name\":\"500rds of Winchester Long Beard XR 12 Gauge 3.5 inches 4 Shot Shotshells\"}]},{\"@type\":\"WebSite\",\"@id\":\"https:\/\/www.bulkammunitionshop.com\/#website\",\"url\":\"https:\/\/www.bulkammunitionshop.com\/\",\"name\":\"Bulk Ammunition shop\",\"description\":\"Buy Cheap Bulk Ammo Online - Bulk Ammo for Sale- Cheap Ammo Online\",\"potentialAction\":[{\"@type\":\"SearchAction\",\"target\":{\"@type\":\"EntryPoint\",\"urlTemplate\":\"https:\/\/www.bulkammunitionshop.com\/?s={search_term_string}\"},\"query-input\":{\"@type\":\"PropertyValueSpecification\",\"valueRequired\":true,\"valueName\":\"search_term_string\"}}],\"inLanguage\":\"is\"}]}<\/script>\n<!-- \/ Yoast SEO Premium plugin. -->","yoast_head_json":{"title":"500rds of Winchester Long Beard XR 12 Gauge 3.5 inches 4 Shot Shotshells - Bulk Ammunition shop","robots":{"index":"index","follow":"follow","max-snippet":"max-snippet:-1","max-image-preview":"max-image-preview:large","max-video-preview":"max-video-preview:-1"},"canonical":"https:\/\/www.bulkammunitionshop.com\/is\/product\/500rds-of-winchester-long-beard-xr-12-gauge-3-5-inches-4-shot-shotshells\/","og_locale":"is_IS","og_type":"article","og_title":"500rds of Winchester Long Beard XR 12 Gauge 3.5 inches 4 Shot Shotshells","og_description":"Description Features and Benefits Tight patterns 1,200 fps velocity 2 oz. shot Deep penetration 10-round box 3-1\/2\u2033 shell length Shot-Lok\u2122 technology protects the shot during in-bore acceleration 4 shot size 12 gauge Specifications Shot Type:\u00a0Lead Gauge\/bore:\u00a012 Number of rounds: 500 Shell length (in.):\u00a03-1\/2 Species:\u00a0Turkey Ounce shot:\u00a02 Shot size:\u00a04","og_url":"https:\/\/www.bulkammunitionshop.com\/is\/product\/500rds-of-winchester-long-beard-xr-12-gauge-3-5-inches-4-shot-shotshells\/","og_site_name":"Bulk Ammunition shop","article_modified_time":"2022-05-21T16:21:50+00:00","og_image":[{"width":600,"height":600,"url":"https:\/\/i0.wp.com\/www.bulkammunitionshop.com\/wp-content\/uploads\/2022\/05\/10317752-600x600-1.jpg?fit=600%2C600&ssl=1","type":"image\/jpeg"}],"twitter_card":"summary_large_image","schema":{"@context":"https:\/\/schema.org","@graph":[{"@type":"WebPage","@id":"https:\/\/www.bulkammunitionshop.com\/product\/500rds-of-winchester-long-beard-xr-12-gauge-3-5-inches-4-shot-shotshells\/","url":"https:\/\/www.bulkammunitionshop.com\/product\/500rds-of-winchester-long-beard-xr-12-gauge-3-5-inches-4-shot-shotshells\/","name":"500rds of Winchester Long Beard XR 12 Gauge 3.5 inches 4 Shot Shotshells - Bulk Ammunition shop","isPartOf":{"@id":"https:\/\/www.bulkammunitionshop.com\/#website"},"primaryImageOfPage":{"@id":"https:\/\/www.bulkammunitionshop.com\/product\/500rds-of-winchester-long-beard-xr-12-gauge-3-5-inches-4-shot-shotshells\/#primaryimage"},"image":{"@id":"https:\/\/www.bulkammunitionshop.com\/product\/500rds-of-winchester-long-beard-xr-12-gauge-3-5-inches-4-shot-shotshells\/#primaryimage"},"thumbnailUrl":"https:\/\/www.bulkammunitionshop.com\/wp-content\/uploads\/2022\/05\/10317752-600x600-1.jpg","datePublished":"2022-05-21T16:21:18+00:00","dateModified":"2022-05-21T16:21:50+00:00","breadcrumb":{"@id":"https:\/\/www.bulkammunitionshop.com\/product\/500rds-of-winchester-long-beard-xr-12-gauge-3-5-inches-4-shot-shotshells\/#breadcrumb"},"inLanguage":"is","potentialAction":[{"@type":"ReadAction","target":["https:\/\/www.bulkammunitionshop.com\/product\/500rds-of-winchester-long-beard-xr-12-gauge-3-5-inches-4-shot-shotshells\/"]}]},{"@type":"ImageObject","inLanguage":"is","@id":"https:\/\/www.bulkammunitionshop.com\/product\/500rds-of-winchester-long-beard-xr-12-gauge-3-5-inches-4-shot-shotshells\/#primaryimage","url":"https:\/\/www.bulkammunitionshop.com\/wp-content\/uploads\/2022\/05\/10317752-600x600-1.jpg","contentUrl":"https:\/\/www.bulkammunitionshop.com\/wp-content\/uploads\/2022\/05\/10317752-600x600-1.jpg","width":600,"height":600},{"@type":"BreadcrumbList","@id":"https:\/\/www.bulkammunitionshop.com\/product\/500rds-of-winchester-long-beard-xr-12-gauge-3-5-inches-4-shot-shotshells\/#breadcrumb","itemListElement":[{"@type":"ListItem","position":1,"name":"Home","item":"https:\/\/www.bulkammunitionshop.com\/"},{"@type":"ListItem","position":2,"name":"SHOP ALL","item":"https:\/\/www.bulkammunitionshop.com\/shop-all\/"},{"@type":"ListItem","position":3,"name":"500rds of Winchester Long Beard XR 12 Gauge 3.5 inches 4 Shot Shotshells"}]},{"@type":"WebSite","@id":"https:\/\/www.bulkammunitionshop.com\/#website","url":"https:\/\/www.bulkammunitionshop.com\/","name":"Verslun me\u00f0 magnskotf\u00e6ri","description":"Kauptu \u00f3d\u00fdrt magn af skotf\u00e6rum \u00e1 netinu - Magn af skotf\u00e6rum til s\u00f6lu - \u00d3d\u00fdrt skotf\u00e6ri \u00e1 netinu","potentialAction":[{"@type":"SearchAction","target":{"@type":"EntryPoint","urlTemplate":"https:\/\/www.bulkammunitionshop.com\/?s={search_term_string}"},"query-input":{"@type":"PropertyValueSpecification","valueRequired":true,"valueName":"search_term_string"}}],"inLanguage":"is"}]}},"jetpack_sharing_enabled":true,"_links":{"self":[{"href":"https:\/\/www.bulkammunitionshop.com\/is\/wp-json\/wp\/v2\/product\/1053","targetHints":{"allow":["GET"]}}],"collection":[{"href":"https:\/\/www.bulkammunitionshop.com\/is\/wp-json\/wp\/v2\/product"}],"about":[{"href":"https:\/\/www.bulkammunitionshop.com\/is\/wp-json\/wp\/v2\/types\/product"}],"replies":[{"embeddable":true,"href":"https:\/\/www.bulkammunitionshop.com\/is\/wp-json\/wp\/v2\/comments?post=1053"}],"wp:featuredmedia":[{"embeddable":true,"href":"https:\/\/www.bulkammunitionshop.com\/is\/wp-json\/wp\/v2\/media\/1101"}],"wp:attachment":[{"href":"https:\/\/www.bulkammunitionshop.com\/is\/wp-json\/wp\/v2\/media?parent=1053"}],"wp:term":[{"taxonomy":"product_brand","embeddable":true,"href":"https:\/\/www.bulkammunitionshop.com\/is\/wp-json\/wp\/v2\/product_brand?post=1053"},{"taxonomy":"product_cat","embeddable":true,"href":"https:\/\/www.bulkammunitionshop.com\/is\/wp-json\/wp\/v2\/product_cat?post=1053"},{"taxonomy":"product_tag","embeddable":true,"href":"https:\/\/www.bulkammunitionshop.com\/is\/wp-json\/wp\/v2\/product_tag?post=1053"}],"curies":[{"name":"wp","href":"https:\/\/api.w.org\/{rel}","templated":true}]}}