{"id":858,"date":"2022-05-21T16:19:34","date_gmt":"2022-05-21T16:19:34","guid":{"rendered":"https:\/\/www.bulkammunitionshop.com\/?post_type=product&#038;p=858"},"modified":"2022-05-21T16:19:39","modified_gmt":"2022-05-21T16:19:39","slug":"500rds-of-cascade-ammo-22-long-rifle-ammunition","status":"publish","type":"product","link":"https:\/\/www.bulkammunitionshop.com\/hu\/termek\/500rds-of-cascade-ammo-22-long-rifle-ammunition\/","title":{"rendered":"500rds of CASCADE AMMO 22 LONG RIFLE AMMUNITION"},"content":{"rendered":"<h2>Le\u00edr\u00e1s<\/h2>\n<table>\n<tbody>\n<tr>\n<td width=\"295\">Brand<\/td>\n<td width=\"295\">Cascade Ammo<\/td>\n<\/tr>\n<tr>\n<td width=\"295\">Kaliber<\/td>\n<td width=\"295\">22 Long Rifle<\/td>\n<\/tr>\n<tr>\n<td width=\"295\">Model<\/td>\n<td width=\"295\">Birdshot<\/td>\n<\/tr>\n<tr>\n<td width=\"295\">Bullet Weight<\/td>\n<td width=\"295\">7\/8 oz<\/td>\n<\/tr>\n<tr>\n<td width=\"295\">Felsorol\u00e1s t\u00edpusa<\/td>\n<td width=\"295\">No. 9, No. 10 Birdshot<\/td>\n<\/tr>\n<tr>\n<td width=\"295\">\u00dajrat\u00f6lthet\u0151<\/td>\n<td width=\"295\">Nem<\/td>\n<\/tr>\n<tr>\n<td width=\"295\">\u00dcgyt\u00edpus<\/td>\n<td width=\"295\">S\u00e1rgar\u00e9z<\/td>\n<\/tr>\n<tr>\n<td width=\"295\">Rounds Per Box<\/td>\n<td width=\"295\">50 Rounds Per Box<\/td>\n<\/tr>\n<tr>\n<td width=\"295\">Boxes Per Case<\/td>\n<td width=\"295\">100 Boxes Per Case<\/td>\n<\/tr>\n<tr>\n<td width=\"295\">Csatornaenergia<\/td>\n<td width=\"295\">ft-lbs<\/td>\n<\/tr>\n<tr>\n<td width=\"295\">Kezd\u0151sebess\u00e9g<\/td>\n<td width=\"295\">fps<\/td>\n<\/tr>\n<\/tbody>\n<\/table>","protected":false},"excerpt":{"rendered":"<p><span class=\"sku_wrapper\">SKU:\u00a0<span class=\"sku\">N\/A<\/span><\/span><span class=\"posted_in\">CATEGORIES:\u00a022 LR,\u00a0Rimfire Ammo<\/span><span class=\"tagged_as\">TAGS:\u00a0BUY CASCADE AMMO 22 LONG RIFLE AMMUNITION ONLINE,\u00a0CASCADE AMMO 22 LONG RIFLE AMMUNITION,\u00a0V FOR SALE<\/span><\/p>","protected":false},"featured_media":573,"comment_status":"open","ping_status":"closed","template":"","meta":[],"product_brand":[],"product_cat":[128,123],"product_tag":[],"class_list":{"0":"post-858","1":"product","2":"type-product","3":"status-publish","4":"has-post-thumbnail","6":"product_cat-22lr","7":"product_cat-rimfire-ammo","9":"first","10":"outofstock","11":"taxable","12":"shipping-taxable","13":"product-type-variable"},"yoast_head":"<!-- This site is optimized with the Yoast SEO Premium plugin v24.6 (Yoast SEO v25.7) - https:\/\/yoast.com\/wordpress\/plugins\/seo\/ -->\n<title>500rds of CASCADE AMMO 22 LONG RIFLE AMMUNITION - Bulk Ammunition shop<\/title>\n<meta name=\"robots\" content=\"index, follow, max-snippet:-1, max-image-preview:large, max-video-preview:-1\" \/>\n<link rel=\"canonical\" href=\"https:\/\/www.bulkammunitionshop.com\/hu\/termek\/500rds-of-cascade-ammo-22-long-rifle-ammunition\/\" \/>\n<meta property=\"og:locale\" content=\"hu_HU\" \/>\n<meta property=\"og:type\" content=\"article\" \/>\n<meta property=\"og:title\" content=\"500rds of CASCADE AMMO 22 LONG RIFLE AMMUNITION\" \/>\n<meta property=\"og:description\" content=\"SKU:\u00a0N\/ACATEGORIES:\u00a022 LR,\u00a0Rimfire AmmoTAGS:\u00a0BUY CASCADE AMMO 22 LONG RIFLE AMMUNITION ONLINE,\u00a0CASCADE AMMO 22 LONG RIFLE AMMUNITION,\u00a0V FOR SALE\" \/>\n<meta property=\"og:url\" content=\"https:\/\/www.bulkammunitionshop.com\/hu\/termek\/500rds-of-cascade-ammo-22-long-rifle-ammunition\/\" \/>\n<meta property=\"og:site_name\" content=\"Bulk Ammunition shop\" \/>\n<meta property=\"article:modified_time\" content=\"2022-05-21T16:19:39+00:00\" \/>\n<meta property=\"og:image\" content=\"https:\/\/i0.wp.com\/www.bulkammunitionshop.com\/wp-content\/uploads\/2022\/05\/BUY-CASCADE-AMMO-22-LONG-RIFLE-AMMUNITION-ONLINE.png?fit=600%2C370&ssl=1\" \/>\n\t<meta property=\"og:image:width\" content=\"600\" \/>\n\t<meta property=\"og:image:height\" content=\"370\" \/>\n\t<meta property=\"og:image:type\" content=\"image\/png\" \/>\n<meta name=\"twitter:card\" content=\"summary_large_image\" \/>\n<script type=\"application\/ld+json\" class=\"yoast-schema-graph\">{\"@context\":\"https:\/\/schema.org\",\"@graph\":[{\"@type\":\"WebPage\",\"@id\":\"https:\/\/www.bulkammunitionshop.com\/product\/500rds-of-cascade-ammo-22-long-rifle-ammunition\/\",\"url\":\"https:\/\/www.bulkammunitionshop.com\/product\/500rds-of-cascade-ammo-22-long-rifle-ammunition\/\",\"name\":\"500rds of CASCADE AMMO 22 LONG RIFLE AMMUNITION - Bulk Ammunition shop\",\"isPartOf\":{\"@id\":\"https:\/\/www.bulkammunitionshop.com\/#website\"},\"primaryImageOfPage\":{\"@id\":\"https:\/\/www.bulkammunitionshop.com\/product\/500rds-of-cascade-ammo-22-long-rifle-ammunition\/#primaryimage\"},\"image\":{\"@id\":\"https:\/\/www.bulkammunitionshop.com\/product\/500rds-of-cascade-ammo-22-long-rifle-ammunition\/#primaryimage\"},\"thumbnailUrl\":\"https:\/\/www.bulkammunitionshop.com\/wp-content\/uploads\/2022\/05\/BUY-CASCADE-AMMO-22-LONG-RIFLE-AMMUNITION-ONLINE.png\",\"datePublished\":\"2022-05-21T16:19:34+00:00\",\"dateModified\":\"2022-05-21T16:19:39+00:00\",\"breadcrumb\":{\"@id\":\"https:\/\/www.bulkammunitionshop.com\/product\/500rds-of-cascade-ammo-22-long-rifle-ammunition\/#breadcrumb\"},\"inLanguage\":\"hu\",\"potentialAction\":[{\"@type\":\"ReadAction\",\"target\":[\"https:\/\/www.bulkammunitionshop.com\/product\/500rds-of-cascade-ammo-22-long-rifle-ammunition\/\"]}]},{\"@type\":\"ImageObject\",\"inLanguage\":\"hu\",\"@id\":\"https:\/\/www.bulkammunitionshop.com\/product\/500rds-of-cascade-ammo-22-long-rifle-ammunition\/#primaryimage\",\"url\":\"https:\/\/www.bulkammunitionshop.com\/wp-content\/uploads\/2022\/05\/BUY-CASCADE-AMMO-22-LONG-RIFLE-AMMUNITION-ONLINE.png\",\"contentUrl\":\"https:\/\/www.bulkammunitionshop.com\/wp-content\/uploads\/2022\/05\/BUY-CASCADE-AMMO-22-LONG-RIFLE-AMMUNITION-ONLINE.png\",\"width\":600,\"height\":370},{\"@type\":\"BreadcrumbList\",\"@id\":\"https:\/\/www.bulkammunitionshop.com\/product\/500rds-of-cascade-ammo-22-long-rifle-ammunition\/#breadcrumb\",\"itemListElement\":[{\"@type\":\"ListItem\",\"position\":1,\"name\":\"Home\",\"item\":\"https:\/\/www.bulkammunitionshop.com\/\"},{\"@type\":\"ListItem\",\"position\":2,\"name\":\"SHOP ALL\",\"item\":\"https:\/\/www.bulkammunitionshop.com\/shop-all\/\"},{\"@type\":\"ListItem\",\"position\":3,\"name\":\"500rds of CASCADE AMMO 22 LONG RIFLE AMMUNITION\"}]},{\"@type\":\"WebSite\",\"@id\":\"https:\/\/www.bulkammunitionshop.com\/#website\",\"url\":\"https:\/\/www.bulkammunitionshop.com\/\",\"name\":\"Bulk Ammunition shop\",\"description\":\"Buy Cheap Bulk Ammo Online - Bulk Ammo for Sale- Cheap Ammo Online\",\"potentialAction\":[{\"@type\":\"SearchAction\",\"target\":{\"@type\":\"EntryPoint\",\"urlTemplate\":\"https:\/\/www.bulkammunitionshop.com\/?s={search_term_string}\"},\"query-input\":{\"@type\":\"PropertyValueSpecification\",\"valueRequired\":true,\"valueName\":\"search_term_string\"}}],\"inLanguage\":\"hu\"}]}<\/script>\n<!-- \/ Yoast SEO Premium plugin. -->","yoast_head_json":{"title":"500rds of CASCADE AMMO 22 LONG RIFLE AMMUNITION - Bulk Ammunition shop","robots":{"index":"index","follow":"follow","max-snippet":"max-snippet:-1","max-image-preview":"max-image-preview:large","max-video-preview":"max-video-preview:-1"},"canonical":"https:\/\/www.bulkammunitionshop.com\/hu\/termek\/500rds-of-cascade-ammo-22-long-rifle-ammunition\/","og_locale":"hu_HU","og_type":"article","og_title":"500rds of CASCADE AMMO 22 LONG RIFLE AMMUNITION","og_description":"SKU:\u00a0N\/ACATEGORIES:\u00a022 LR,\u00a0Rimfire AmmoTAGS:\u00a0BUY CASCADE AMMO 22 LONG RIFLE AMMUNITION ONLINE,\u00a0CASCADE AMMO 22 LONG RIFLE AMMUNITION,\u00a0V FOR SALE","og_url":"https:\/\/www.bulkammunitionshop.com\/hu\/termek\/500rds-of-cascade-ammo-22-long-rifle-ammunition\/","og_site_name":"Bulk Ammunition shop","article_modified_time":"2022-05-21T16:19:39+00:00","og_image":[{"width":600,"height":370,"url":"https:\/\/i0.wp.com\/www.bulkammunitionshop.com\/wp-content\/uploads\/2022\/05\/BUY-CASCADE-AMMO-22-LONG-RIFLE-AMMUNITION-ONLINE.png?fit=600%2C370&ssl=1","type":"image\/png"}],"twitter_card":"summary_large_image","schema":{"@context":"https:\/\/schema.org","@graph":[{"@type":"WebPage","@id":"https:\/\/www.bulkammunitionshop.com\/product\/500rds-of-cascade-ammo-22-long-rifle-ammunition\/","url":"https:\/\/www.bulkammunitionshop.com\/product\/500rds-of-cascade-ammo-22-long-rifle-ammunition\/","name":"500rds of CASCADE AMMO 22 LONG RIFLE AMMUNITION - Bulk Ammunition shop","isPartOf":{"@id":"https:\/\/www.bulkammunitionshop.com\/#website"},"primaryImageOfPage":{"@id":"https:\/\/www.bulkammunitionshop.com\/product\/500rds-of-cascade-ammo-22-long-rifle-ammunition\/#primaryimage"},"image":{"@id":"https:\/\/www.bulkammunitionshop.com\/product\/500rds-of-cascade-ammo-22-long-rifle-ammunition\/#primaryimage"},"thumbnailUrl":"https:\/\/www.bulkammunitionshop.com\/wp-content\/uploads\/2022\/05\/BUY-CASCADE-AMMO-22-LONG-RIFLE-AMMUNITION-ONLINE.png","datePublished":"2022-05-21T16:19:34+00:00","dateModified":"2022-05-21T16:19:39+00:00","breadcrumb":{"@id":"https:\/\/www.bulkammunitionshop.com\/product\/500rds-of-cascade-ammo-22-long-rifle-ammunition\/#breadcrumb"},"inLanguage":"hu","potentialAction":[{"@type":"ReadAction","target":["https:\/\/www.bulkammunitionshop.com\/product\/500rds-of-cascade-ammo-22-long-rifle-ammunition\/"]}]},{"@type":"ImageObject","inLanguage":"hu","@id":"https:\/\/www.bulkammunitionshop.com\/product\/500rds-of-cascade-ammo-22-long-rifle-ammunition\/#primaryimage","url":"https:\/\/www.bulkammunitionshop.com\/wp-content\/uploads\/2022\/05\/BUY-CASCADE-AMMO-22-LONG-RIFLE-AMMUNITION-ONLINE.png","contentUrl":"https:\/\/www.bulkammunitionshop.com\/wp-content\/uploads\/2022\/05\/BUY-CASCADE-AMMO-22-LONG-RIFLE-AMMUNITION-ONLINE.png","width":600,"height":370},{"@type":"BreadcrumbList","@id":"https:\/\/www.bulkammunitionshop.com\/product\/500rds-of-cascade-ammo-22-long-rifle-ammunition\/#breadcrumb","itemListElement":[{"@type":"ListItem","position":1,"name":"Home","item":"https:\/\/www.bulkammunitionshop.com\/"},{"@type":"ListItem","position":2,"name":"SHOP ALL","item":"https:\/\/www.bulkammunitionshop.com\/shop-all\/"},{"@type":"ListItem","position":3,"name":"500rds of CASCADE AMMO 22 LONG RIFLE AMMUNITION"}]},{"@type":"WebSite","@id":"https:\/\/www.bulkammunitionshop.com\/#website","url":"https:\/\/www.bulkammunitionshop.com\/","name":"T\u00f6meges l\u0151szerbolt","description":"V\u00e1s\u00e1roljon olcs\u00f3 l\u0151szert online - Elad\u00f3 l\u0151szer - Olcs\u00f3 l\u0151szer online","potentialAction":[{"@type":"SearchAction","target":{"@type":"EntryPoint","urlTemplate":"https:\/\/www.bulkammunitionshop.com\/?s={search_term_string}"},"query-input":{"@type":"PropertyValueSpecification","valueRequired":true,"valueName":"search_term_string"}}],"inLanguage":"hu"}]}},"jetpack_sharing_enabled":true,"_links":{"self":[{"href":"https:\/\/www.bulkammunitionshop.com\/hu\/wp-json\/wp\/v2\/product\/858","targetHints":{"allow":["GET"]}}],"collection":[{"href":"https:\/\/www.bulkammunitionshop.com\/hu\/wp-json\/wp\/v2\/product"}],"about":[{"href":"https:\/\/www.bulkammunitionshop.com\/hu\/wp-json\/wp\/v2\/types\/product"}],"replies":[{"embeddable":true,"href":"https:\/\/www.bulkammunitionshop.com\/hu\/wp-json\/wp\/v2\/comments?post=858"}],"wp:featuredmedia":[{"embeddable":true,"href":"https:\/\/www.bulkammunitionshop.com\/hu\/wp-json\/wp\/v2\/media\/573"}],"wp:attachment":[{"href":"https:\/\/www.bulkammunitionshop.com\/hu\/wp-json\/wp\/v2\/media?parent=858"}],"wp:term":[{"taxonomy":"product_brand","embeddable":true,"href":"https:\/\/www.bulkammunitionshop.com\/hu\/wp-json\/wp\/v2\/product_brand?post=858"},{"taxonomy":"product_cat","embeddable":true,"href":"https:\/\/www.bulkammunitionshop.com\/hu\/wp-json\/wp\/v2\/product_cat?post=858"},{"taxonomy":"product_tag","embeddable":true,"href":"https:\/\/www.bulkammunitionshop.com\/hu\/wp-json\/wp\/v2\/product_tag?post=858"}],"curies":[{"name":"wp","href":"https:\/\/api.w.org\/{rel}","templated":true}]}}