{"id":813,"date":"2022-05-21T02:47:42","date_gmt":"2022-05-21T02:47:42","guid":{"rendered":"https:\/\/www.bulkammunitionshop.com\/?post_type=product&#038;p=813"},"modified":"2022-05-21T16:20:44","modified_gmt":"2022-05-21T16:20:44","slug":"500rds-of-ammo-inc-signature-45-acp-230-grain-jacketed-hollow-point-brass-cased","status":"publish","type":"product","link":"https:\/\/www.bulkammunitionshop.com\/hu\/termek\/500rds-of-ammo-inc-signature-45-acp-230-grain-jacketed-hollow-point-brass-cased\/","title":{"rendered":"500rds of Ammo, Inc. Signature .45 ACP 230 grain h\u00fcvelyes \u00fcreges hegy\u0171 s\u00e1rgar\u00e9z h\u00fcvely"},"content":{"rendered":"<h2>Le\u00edr\u00e1s<\/h2>\n<div id=\"product-caption-block-description\" class=\"product-caption-block\">\n<p>This.45 Auto 230gr Jacketed Hollow Point is from the TML (Total Metal Coating) Ammo, Inc. Signature Defensive line. Proven Jacketed Hollow Point projectiles deliver terminal performance tuned for self-defense. Load-specific development ensures extreme accuracy and consistency for each caliber. Balancing velocity, accuracy, and recoil, our development team carefully analyses every load to help our ballisticians achieve the specific outcome of superiority.<\/p>\n<\/div>\n<div id=\"product-caption-block-manufacture-specification\" class=\"product-caption-block\">\n<h3>Specifications for Ammo, Inc. Signature .45 ACP 230 grain Jacketed Hollow Point Brass Cased Centerfire Pistol Ammunition:<\/h3>\n<table class=\"spec-table\" border=\"0\" cellspacing=\"0\" cellpadding=\"0\">\n<tbody>\n<tr>\n<td class=\"spec-left-column\">Kaliber:<\/td>\n<td width=\"50%\">.45 ACP<\/td>\n<\/tr>\n<tr>\n<td class=\"spec-left-column\">K\u00f6r\u00f6k sz\u00e1ma:<\/td>\n<td width=\"50%\">500<\/td>\n<\/tr>\n<tr>\n<td class=\"spec-left-column\">Goly\u00f3 t\u00edpusa:<\/td>\n<td width=\"50%\">K\u00f6pennyel ell\u00e1tott \u00fcreges hegy\u0171 (JHP)<\/td>\n<\/tr>\n<tr>\n<td class=\"spec-left-column\">Goly\u00f3 s\u00falya:<\/td>\n<td width=\"50%\">230 grain<\/td>\n<\/tr>\n<tr>\n<td class=\"spec-left-column\">T\u00f6lt\u00e9nyh\u00fcvely anyaga:<\/td>\n<td width=\"50%\">S\u00e1rgar\u00e9z<\/td>\n<\/tr>\n<tr>\n<td class=\"spec-left-column\">Kezd\u0151sebess\u00e9g:<\/td>\n<td width=\"50%\">895 ft\/s<\/td>\n<\/tr>\n<tr>\n<td class=\"spec-left-column\">Primer helysz\u00edn:<\/td>\n<td width=\"50%\">K\u00f6z\u00e9ps\u0151 gy\u00fajt\u00e1s\u00fa<\/td>\n<\/tr>\n<\/tbody>\n<\/table>\n<\/div>\n<div id=\"product-caption-block-package-content\" class=\"product-caption-block\">\n<h3>A csomag tartalma:<\/h3>\n<ul>\n<li><strong>Ammo, Inc. Signature .45 ACP 230gr. JHP Pistol Ammunition \u2013 20 Rounds<\/strong><\/li>\n<\/ul>\n<\/div>","protected":false},"excerpt":{"rendered":"<p>Description This.45 Auto 230gr Jacketed Hollow Point is from the TML (Total Metal Coating) Ammo, Inc. Signature Defensive line. Proven Jacketed Hollow Point projectiles deliver terminal performance tuned for self-defense. Load-specific development ensures extreme accuracy and consistency for each caliber. Balancing velocity, accuracy, and recoil, our development team carefully analyses every load to help our [&#8230;]","protected":false},"featured_media":1000,"comment_status":"open","ping_status":"closed","template":"","meta":[],"product_brand":[],"product_cat":[191,112],"product_tag":[],"class_list":{"0":"post-813","1":"product","2":"type-product","3":"status-publish","4":"has-post-thumbnail","6":"product_cat-45acp-brass","7":"product_cat-handgun-ammo","9":"first","10":"instock","11":"taxable","12":"shipping-taxable","13":"purchasable","14":"product-type-simple"},"yoast_head":"<!-- This site is optimized with the Yoast SEO Premium plugin v24.6 (Yoast SEO v25.7) - https:\/\/yoast.com\/wordpress\/plugins\/seo\/ -->\n<title>500rds of Ammo, Inc. Signature .45 ACP 230 grain Jacketed Hollow Point Brass Cased - Bulk Ammunition shop<\/title>\n<meta name=\"robots\" content=\"index, follow, max-snippet:-1, max-image-preview:large, max-video-preview:-1\" \/>\n<link rel=\"canonical\" href=\"https:\/\/www.bulkammunitionshop.com\/hu\/termek\/500rds-of-ammo-inc-signature-45-acp-230-grain-jacketed-hollow-point-brass-cased\/\" \/>\n<meta property=\"og:locale\" content=\"hu_HU\" \/>\n<meta property=\"og:type\" content=\"article\" \/>\n<meta property=\"og:title\" content=\"500rds of Ammo, Inc. Signature .45 ACP 230 grain Jacketed Hollow Point Brass Cased\" \/>\n<meta property=\"og:description\" content=\"Description This.45 Auto 230gr Jacketed Hollow Point is from the TML (Total Metal Coating) Ammo, Inc. Signature Defensive line. Proven Jacketed Hollow Point projectiles deliver terminal performance tuned for self-defense. Load-specific development ensures extreme accuracy and consistency for each caliber. Balancing velocity, accuracy, and recoil, our development team carefully analyses every load to help our [...]\" \/>\n<meta property=\"og:url\" content=\"https:\/\/www.bulkammunitionshop.com\/hu\/termek\/500rds-of-ammo-inc-signature-45-acp-230-grain-jacketed-hollow-point-brass-cased\/\" \/>\n<meta property=\"og:site_name\" content=\"Bulk Ammunition shop\" \/>\n<meta property=\"article:modified_time\" content=\"2022-05-21T16:20:44+00:00\" \/>\n<meta property=\"og:image\" content=\"https:\/\/i0.wp.com\/www.bulkammunitionshop.com\/wp-content\/uploads\/2022\/05\/ammo-inc-signature-pistol-ammunition-9mm-luger-jacketed-hollow-point-124-grain-brass-600x337-1.jpg?fit=600%2C337&ssl=1\" \/>\n\t<meta property=\"og:image:width\" content=\"600\" \/>\n\t<meta property=\"og:image:height\" content=\"337\" \/>\n\t<meta property=\"og:image:type\" content=\"image\/jpeg\" \/>\n<meta name=\"twitter:card\" content=\"summary_large_image\" \/>\n<meta name=\"twitter:label1\" content=\"Becs\u00fclt olvas\u00e1si id\u0151\" \/>\n\t<meta name=\"twitter:data1\" content=\"1 perc\" \/>\n<script type=\"application\/ld+json\" class=\"yoast-schema-graph\">{\"@context\":\"https:\/\/schema.org\",\"@graph\":[{\"@type\":\"WebPage\",\"@id\":\"https:\/\/www.bulkammunitionshop.com\/product\/500rds-of-ammo-inc-signature-45-acp-230-grain-jacketed-hollow-point-brass-cased\/\",\"url\":\"https:\/\/www.bulkammunitionshop.com\/product\/500rds-of-ammo-inc-signature-45-acp-230-grain-jacketed-hollow-point-brass-cased\/\",\"name\":\"500rds of Ammo, Inc. Signature .45 ACP 230 grain Jacketed Hollow Point Brass Cased - Bulk Ammunition shop\",\"isPartOf\":{\"@id\":\"https:\/\/www.bulkammunitionshop.com\/#website\"},\"primaryImageOfPage\":{\"@id\":\"https:\/\/www.bulkammunitionshop.com\/product\/500rds-of-ammo-inc-signature-45-acp-230-grain-jacketed-hollow-point-brass-cased\/#primaryimage\"},\"image\":{\"@id\":\"https:\/\/www.bulkammunitionshop.com\/product\/500rds-of-ammo-inc-signature-45-acp-230-grain-jacketed-hollow-point-brass-cased\/#primaryimage\"},\"thumbnailUrl\":\"https:\/\/www.bulkammunitionshop.com\/wp-content\/uploads\/2022\/05\/ammo-inc-signature-pistol-ammunition-9mm-luger-jacketed-hollow-point-124-grain-brass-600x337-1.jpg\",\"datePublished\":\"2022-05-21T02:47:42+00:00\",\"dateModified\":\"2022-05-21T16:20:44+00:00\",\"breadcrumb\":{\"@id\":\"https:\/\/www.bulkammunitionshop.com\/product\/500rds-of-ammo-inc-signature-45-acp-230-grain-jacketed-hollow-point-brass-cased\/#breadcrumb\"},\"inLanguage\":\"hu\",\"potentialAction\":[{\"@type\":\"ReadAction\",\"target\":[\"https:\/\/www.bulkammunitionshop.com\/product\/500rds-of-ammo-inc-signature-45-acp-230-grain-jacketed-hollow-point-brass-cased\/\"]}]},{\"@type\":\"ImageObject\",\"inLanguage\":\"hu\",\"@id\":\"https:\/\/www.bulkammunitionshop.com\/product\/500rds-of-ammo-inc-signature-45-acp-230-grain-jacketed-hollow-point-brass-cased\/#primaryimage\",\"url\":\"https:\/\/www.bulkammunitionshop.com\/wp-content\/uploads\/2022\/05\/ammo-inc-signature-pistol-ammunition-9mm-luger-jacketed-hollow-point-124-grain-brass-600x337-1.jpg\",\"contentUrl\":\"https:\/\/www.bulkammunitionshop.com\/wp-content\/uploads\/2022\/05\/ammo-inc-signature-pistol-ammunition-9mm-luger-jacketed-hollow-point-124-grain-brass-600x337-1.jpg\",\"width\":600,\"height\":337},{\"@type\":\"BreadcrumbList\",\"@id\":\"https:\/\/www.bulkammunitionshop.com\/product\/500rds-of-ammo-inc-signature-45-acp-230-grain-jacketed-hollow-point-brass-cased\/#breadcrumb\",\"itemListElement\":[{\"@type\":\"ListItem\",\"position\":1,\"name\":\"Home\",\"item\":\"https:\/\/www.bulkammunitionshop.com\/\"},{\"@type\":\"ListItem\",\"position\":2,\"name\":\"SHOP ALL\",\"item\":\"https:\/\/www.bulkammunitionshop.com\/shop-all\/\"},{\"@type\":\"ListItem\",\"position\":3,\"name\":\"500rds of Ammo, Inc. Signature .45 ACP 230 grain Jacketed Hollow Point Brass Cased\"}]},{\"@type\":\"WebSite\",\"@id\":\"https:\/\/www.bulkammunitionshop.com\/#website\",\"url\":\"https:\/\/www.bulkammunitionshop.com\/\",\"name\":\"Bulk Ammunition shop\",\"description\":\"Buy Cheap Bulk Ammo Online - Bulk Ammo for Sale- Cheap Ammo Online\",\"potentialAction\":[{\"@type\":\"SearchAction\",\"target\":{\"@type\":\"EntryPoint\",\"urlTemplate\":\"https:\/\/www.bulkammunitionshop.com\/?s={search_term_string}\"},\"query-input\":{\"@type\":\"PropertyValueSpecification\",\"valueRequired\":true,\"valueName\":\"search_term_string\"}}],\"inLanguage\":\"hu\"}]}<\/script>\n<!-- \/ Yoast SEO Premium plugin. -->","yoast_head_json":{"title":"500rds of Ammo, Inc. Signature .45 ACP 230 grain Jacketed Hollow Point Brass Cased - Bulk Ammunition shop","robots":{"index":"index","follow":"follow","max-snippet":"max-snippet:-1","max-image-preview":"max-image-preview:large","max-video-preview":"max-video-preview:-1"},"canonical":"https:\/\/www.bulkammunitionshop.com\/hu\/termek\/500rds-of-ammo-inc-signature-45-acp-230-grain-jacketed-hollow-point-brass-cased\/","og_locale":"hu_HU","og_type":"article","og_title":"500rds of Ammo, Inc. Signature .45 ACP 230 grain Jacketed Hollow Point Brass Cased","og_description":"Description This.45 Auto 230gr Jacketed Hollow Point is from the TML (Total Metal Coating) Ammo, Inc. Signature Defensive line. Proven Jacketed Hollow Point projectiles deliver terminal performance tuned for self-defense. Load-specific development ensures extreme accuracy and consistency for each caliber. Balancing velocity, accuracy, and recoil, our development team carefully analyses every load to help our [...]","og_url":"https:\/\/www.bulkammunitionshop.com\/hu\/termek\/500rds-of-ammo-inc-signature-45-acp-230-grain-jacketed-hollow-point-brass-cased\/","og_site_name":"Bulk Ammunition shop","article_modified_time":"2022-05-21T16:20:44+00:00","og_image":[{"width":600,"height":337,"url":"https:\/\/i0.wp.com\/www.bulkammunitionshop.com\/wp-content\/uploads\/2022\/05\/ammo-inc-signature-pistol-ammunition-9mm-luger-jacketed-hollow-point-124-grain-brass-600x337-1.jpg?fit=600%2C337&ssl=1","type":"image\/jpeg"}],"twitter_card":"summary_large_image","twitter_misc":{"Becs\u00fclt olvas\u00e1si id\u0151":"1 perc"},"schema":{"@context":"https:\/\/schema.org","@graph":[{"@type":"WebPage","@id":"https:\/\/www.bulkammunitionshop.com\/product\/500rds-of-ammo-inc-signature-45-acp-230-grain-jacketed-hollow-point-brass-cased\/","url":"https:\/\/www.bulkammunitionshop.com\/product\/500rds-of-ammo-inc-signature-45-acp-230-grain-jacketed-hollow-point-brass-cased\/","name":"500rds of Ammo, Inc. Signature .45 ACP 230 grain Jacketed Hollow Point Brass Cased - Bulk Ammunition shop","isPartOf":{"@id":"https:\/\/www.bulkammunitionshop.com\/#website"},"primaryImageOfPage":{"@id":"https:\/\/www.bulkammunitionshop.com\/product\/500rds-of-ammo-inc-signature-45-acp-230-grain-jacketed-hollow-point-brass-cased\/#primaryimage"},"image":{"@id":"https:\/\/www.bulkammunitionshop.com\/product\/500rds-of-ammo-inc-signature-45-acp-230-grain-jacketed-hollow-point-brass-cased\/#primaryimage"},"thumbnailUrl":"https:\/\/www.bulkammunitionshop.com\/wp-content\/uploads\/2022\/05\/ammo-inc-signature-pistol-ammunition-9mm-luger-jacketed-hollow-point-124-grain-brass-600x337-1.jpg","datePublished":"2022-05-21T02:47:42+00:00","dateModified":"2022-05-21T16:20:44+00:00","breadcrumb":{"@id":"https:\/\/www.bulkammunitionshop.com\/product\/500rds-of-ammo-inc-signature-45-acp-230-grain-jacketed-hollow-point-brass-cased\/#breadcrumb"},"inLanguage":"hu","potentialAction":[{"@type":"ReadAction","target":["https:\/\/www.bulkammunitionshop.com\/product\/500rds-of-ammo-inc-signature-45-acp-230-grain-jacketed-hollow-point-brass-cased\/"]}]},{"@type":"ImageObject","inLanguage":"hu","@id":"https:\/\/www.bulkammunitionshop.com\/product\/500rds-of-ammo-inc-signature-45-acp-230-grain-jacketed-hollow-point-brass-cased\/#primaryimage","url":"https:\/\/www.bulkammunitionshop.com\/wp-content\/uploads\/2022\/05\/ammo-inc-signature-pistol-ammunition-9mm-luger-jacketed-hollow-point-124-grain-brass-600x337-1.jpg","contentUrl":"https:\/\/www.bulkammunitionshop.com\/wp-content\/uploads\/2022\/05\/ammo-inc-signature-pistol-ammunition-9mm-luger-jacketed-hollow-point-124-grain-brass-600x337-1.jpg","width":600,"height":337},{"@type":"BreadcrumbList","@id":"https:\/\/www.bulkammunitionshop.com\/product\/500rds-of-ammo-inc-signature-45-acp-230-grain-jacketed-hollow-point-brass-cased\/#breadcrumb","itemListElement":[{"@type":"ListItem","position":1,"name":"Home","item":"https:\/\/www.bulkammunitionshop.com\/"},{"@type":"ListItem","position":2,"name":"SHOP ALL","item":"https:\/\/www.bulkammunitionshop.com\/shop-all\/"},{"@type":"ListItem","position":3,"name":"500rds of Ammo, Inc. Signature .45 ACP 230 grain Jacketed Hollow Point Brass Cased"}]},{"@type":"WebSite","@id":"https:\/\/www.bulkammunitionshop.com\/#website","url":"https:\/\/www.bulkammunitionshop.com\/","name":"T\u00f6meges l\u0151szerbolt","description":"V\u00e1s\u00e1roljon olcs\u00f3 l\u0151szert online - Elad\u00f3 l\u0151szer - Olcs\u00f3 l\u0151szer online","potentialAction":[{"@type":"SearchAction","target":{"@type":"EntryPoint","urlTemplate":"https:\/\/www.bulkammunitionshop.com\/?s={search_term_string}"},"query-input":{"@type":"PropertyValueSpecification","valueRequired":true,"valueName":"search_term_string"}}],"inLanguage":"hu"}]}},"jetpack_sharing_enabled":true,"_links":{"self":[{"href":"https:\/\/www.bulkammunitionshop.com\/hu\/wp-json\/wp\/v2\/product\/813","targetHints":{"allow":["GET"]}}],"collection":[{"href":"https:\/\/www.bulkammunitionshop.com\/hu\/wp-json\/wp\/v2\/product"}],"about":[{"href":"https:\/\/www.bulkammunitionshop.com\/hu\/wp-json\/wp\/v2\/types\/product"}],"replies":[{"embeddable":true,"href":"https:\/\/www.bulkammunitionshop.com\/hu\/wp-json\/wp\/v2\/comments?post=813"}],"wp:featuredmedia":[{"embeddable":true,"href":"https:\/\/www.bulkammunitionshop.com\/hu\/wp-json\/wp\/v2\/media\/1000"}],"wp:attachment":[{"href":"https:\/\/www.bulkammunitionshop.com\/hu\/wp-json\/wp\/v2\/media?parent=813"}],"wp:term":[{"taxonomy":"product_brand","embeddable":true,"href":"https:\/\/www.bulkammunitionshop.com\/hu\/wp-json\/wp\/v2\/product_brand?post=813"},{"taxonomy":"product_cat","embeddable":true,"href":"https:\/\/www.bulkammunitionshop.com\/hu\/wp-json\/wp\/v2\/product_cat?post=813"},{"taxonomy":"product_tag","embeddable":true,"href":"https:\/\/www.bulkammunitionshop.com\/hu\/wp-json\/wp\/v2\/product_tag?post=813"}],"curies":[{"name":"wp","href":"https:\/\/api.w.org\/{rel}","templated":true}]}}