{"id":2887,"date":"2022-10-19T09:30:49","date_gmt":"2022-10-19T09:30:49","guid":{"rendered":"https:\/\/www.bulkammunitionshop.com\/?post_type=product&#038;p=2887"},"modified":"2022-10-19T09:30:49","modified_gmt":"2022-10-19T09:30:49","slug":"federal-premium-power-shok-30-carbine-110-grain-jacketed-soft-point-500-rounds","status":"publish","type":"product","link":"https:\/\/www.bulkammunitionshop.com\/hu\/termek\/federal-premium-power-shok-30-carbine-110-grain-jacketed-soft-point-500-rounds\/","title":{"rendered":"FEDERAL PREMIUM POWER-SHOK .30 CARBINE 110 GRAIN JACKETED SOFT POINT 500 ROUNDS"},"content":{"rendered":"<ul class=\"tabs wc-tabs product-tabs small-nav-collapse nav nav-uppercase nav-line nav-left\" role=\"tablist\">\n<li id=\"tab-title-description\" class=\"description_tab active\" role=\"tab\" aria-controls=\"tab-description\">LE\u00cdR\u00c1S<\/li>\n<\/ul>\n<div class=\"tab-panels\">\n<div id=\"tab-description\" class=\"woocommerce-Tabs-panel woocommerce-Tabs-panel--description panel entry-content active\" role=\"tabpanel\" aria-labelledby=\"tab-title-description\">\n<h1 id=\"caption-header\">PRODUCT INFO FOR\u00a0<a href=\"https:\/\/www.google.com\/search?q=Federal+Power-Shok+.30+Carbine+110+gr&amp;client=opera&amp;biw=1280&amp;bih=579&amp;ei=pkPzYfj3FcbYaNi9l9gJ&amp;ved=0ahUKEwj44oTYotP1AhVGLBoKHdjeBZsQ4dUDCA0&amp;oq=Federal+Power-Shok+.30+Carbine+110+gr&amp;gs_lcp=Cgdnd3Mtd2l6EAw6BwgAEEcQsANKBAhBGABKBAhGGABQqw1Ypidg4y9oAXACeACAAbQEiAHOB5IBBTQtMS4xmAEAoAEByAEGwAEB&amp;sclient=gws-wiz\" target=\"_blank\" rel=\"nofollow noopener\">FEDERAL PREMIUM POWER-SHOK .30 CARBINE 110<\/a><a href=\"https:\/\/www.bulkammunitionshop.com\/hu\/\">GRAIN JACKETED SOFT POINT<\/a>CENTERFIRE RIFLE AMMUNITION<\/h1>\n<div>\n<div id=\"product-caption-block-description\" class=\"product-caption-block\">\n<p>FEDERAL PREMIUM POWER-SHOK .30 CARBINE 110 GRAIN JACKETED SOFT POINT 500 ROUNDS. The only tag these loads won\u2019t fill is the price tag. The traditional lead-core hunting bullets in Federal Power\u2022Shok rifle loads provide solid accuracy and power at an affordable price. They feature reliable Federal brass, primers and powder and are suited to a wide variety of medium and big game. Federal Power-Shok .30 Carbine 110 gr<\/p>\n<\/div>\n<div id=\"product-caption-block-manufacture-specification\" class=\"product-caption-block\">\n<h4>SPECIFICATIONS FOR FEDERAL PREMIUM POWER-SHOK .30 CARBINE 110 GRAIN JACKETED SOFT POINT CENTERFIRE RIFLE AMMUNITION:<\/h4>\n<table class=\"spec-table\" border=\"0\" cellspacing=\"0\" cellpadding=\"0\">\n<tbody>\n<tr>\n<td class=\"spec-left-column\">Kaliber:<\/td>\n<td width=\"50%\">.30 Carbine<\/td>\n<\/tr>\n<tr>\n<td class=\"spec-left-column\">K\u00f6r\u00f6k sz\u00e1ma:<\/td>\n<td width=\"50%\">500<\/td>\n<\/tr>\n<tr>\n<td class=\"spec-left-column\">Goly\u00f3 t\u00edpusa:<\/td>\n<td width=\"50%\">K\u00f6penyes l\u00e1gy hegy\u0171 (JSP)<\/td>\n<\/tr>\n<tr>\n<td class=\"spec-left-column\">Goly\u00f3 s\u00falya:<\/td>\n<td width=\"50%\">110 grain<\/td>\n<\/tr>\n<tr>\n<td class=\"spec-left-column\">Kezd\u0151sebess\u00e9g:<\/td>\n<td width=\"50%\">1990 ft\/s<\/td>\n<\/tr>\n<tr>\n<td class=\"spec-left-column\">Csomag t\u00edpusa:<\/td>\n<td width=\"50%\">Doboz<\/td>\n<\/tr>\n<tr>\n<td class=\"spec-left-column\">Primer helysz\u00edn:<\/td>\n<td width=\"50%\">K\u00f6z\u00e9ps\u0151 gy\u00fajt\u00e1s\u00fa<\/td>\n<\/tr>\n<\/tbody>\n<\/table>\n<\/div>\n<div id=\"product-caption-block-features\" class=\"product-caption-block\">\n<h5>FEATURES OF FEDERAL PREMIUM POWER-SHOK .30 CARBINE 110GR. JSP RIFLE AMMO \u2013 500 ROUNDS<\/h5>\n<ul>\n<li>Egyenletes, bizony\u00edtott teljes\u00edtm\u00e9ny<\/li>\n<li>T\u00f6ltet- \u00e9s l\u00f6ved\u00e9ktervek mindenf\u00e9le \u00e1llathoz, a k\u00e1rtev\u0151kt\u0151l a nagyvadakig<\/li>\n<li>Megfizethet\u0151 \u00e1ron<\/li>\n<li>Federal Power-Shok .30 Carbine 110 gr<\/li>\n<\/ul>\n<\/div>\n<\/div>\n<\/div>\n<\/div>","protected":false},"excerpt":{"rendered":"<p>Ez a term\u00e9k rakt\u00e1ron van \u00e9s sz\u00e1ll\u00edt\u00e1sra k\u00e9sz. 100% Gyors sz\u00e1ll\u00edt\u00e1s garant\u00e1lt. Rendeljen most!<\/p>\n<form class=\"cart\" action=\"https:\/\/armoryweapons.com\/product\/federal-premium-power-shok-30-carbine-110-grain-jacketed-soft-point-500-rounds\/\" enctype=\"multipart\/form-data\" method=\"post\">\n<div class=\"quantity buttons_added\"><\/div>\n<\/form>","protected":false},"featured_media":2891,"comment_status":"open","ping_status":"closed","template":"","meta":[],"product_brand":[],"product_cat":[263,121],"product_tag":[],"class_list":{"0":"post-2887","1":"product","2":"type-product","3":"status-publish","4":"has-post-thumbnail","6":"product_cat-30-carbine-ammo","7":"product_cat-rifle-ammo","9":"first","10":"instock","11":"taxable","12":"shipping-taxable","13":"purchasable","14":"product-type-simple"},"yoast_head":"<!-- This site is optimized with the Yoast SEO Premium plugin v24.6 (Yoast SEO v25.7) - https:\/\/yoast.com\/wordpress\/plugins\/seo\/ -->\n<title>FEDERAL PREMIUM POWER-SHOK .30 CARBINE 110 GRAIN JACKETED SOFT POINT 500 ROUNDS - Bulk Ammunition shop<\/title>\n<meta name=\"robots\" content=\"index, follow, max-snippet:-1, max-image-preview:large, max-video-preview:-1\" \/>\n<link rel=\"canonical\" href=\"https:\/\/www.bulkammunitionshop.com\/hu\/termek\/federal-premium-power-shok-30-carbine-110-grain-jacketed-soft-point-500-rounds\/\" \/>\n<meta property=\"og:locale\" content=\"hu_HU\" \/>\n<meta property=\"og:type\" content=\"article\" \/>\n<meta property=\"og:title\" content=\"FEDERAL PREMIUM POWER-SHOK .30 CARBINE 110 GRAIN JACKETED SOFT POINT 500 ROUNDS\" \/>\n<meta property=\"og:description\" content=\"This Product Is In Stock and Ready to Ship. 100% Fast Shipping Guaranteed. Place Order Now!\" \/>\n<meta property=\"og:url\" content=\"https:\/\/www.bulkammunitionshop.com\/hu\/termek\/federal-premium-power-shok-30-carbine-110-grain-jacketed-soft-point-500-rounds\/\" \/>\n<meta property=\"og:site_name\" content=\"Bulk Ammunition shop\" \/>\n<meta property=\"og:image\" content=\"http:\/\/www.bulkammunitionshop.com\/wp-content\/uploads\/2022\/10\/FEDERAL-PREMIUM-POWER-SHOK-.30-CARBINE-110-GRAIN-JACKETED-SOFT-POINT-500-ROUNDS.jpg\" \/>\n\t<meta property=\"og:image:width\" content=\"978\" \/>\n\t<meta property=\"og:image:height\" content=\"550\" \/>\n\t<meta property=\"og:image:type\" content=\"image\/jpeg\" \/>\n<meta name=\"twitter:card\" content=\"summary_large_image\" \/>\n<meta name=\"twitter:label1\" content=\"Becs\u00fclt olvas\u00e1si id\u0151\" \/>\n\t<meta name=\"twitter:data1\" content=\"1 perc\" \/>\n<script type=\"application\/ld+json\" class=\"yoast-schema-graph\">{\"@context\":\"https:\/\/schema.org\",\"@graph\":[{\"@type\":\"WebPage\",\"@id\":\"https:\/\/www.bulkammunitionshop.com\/product\/federal-premium-power-shok-30-carbine-110-grain-jacketed-soft-point-500-rounds\/\",\"url\":\"https:\/\/www.bulkammunitionshop.com\/product\/federal-premium-power-shok-30-carbine-110-grain-jacketed-soft-point-500-rounds\/\",\"name\":\"FEDERAL PREMIUM POWER-SHOK .30 CARBINE 110 GRAIN JACKETED SOFT POINT 500 ROUNDS - Bulk Ammunition shop\",\"isPartOf\":{\"@id\":\"https:\/\/www.bulkammunitionshop.com\/#website\"},\"primaryImageOfPage\":{\"@id\":\"https:\/\/www.bulkammunitionshop.com\/product\/federal-premium-power-shok-30-carbine-110-grain-jacketed-soft-point-500-rounds\/#primaryimage\"},\"image\":{\"@id\":\"https:\/\/www.bulkammunitionshop.com\/product\/federal-premium-power-shok-30-carbine-110-grain-jacketed-soft-point-500-rounds\/#primaryimage\"},\"thumbnailUrl\":\"https:\/\/www.bulkammunitionshop.com\/wp-content\/uploads\/2022\/10\/FEDERAL-PREMIUM-POWER-SHOK-.30-CARBINE-110-GRAIN-JACKETED-SOFT-POINT-500-ROUNDS.jpg\",\"datePublished\":\"2022-10-19T09:30:49+00:00\",\"breadcrumb\":{\"@id\":\"https:\/\/www.bulkammunitionshop.com\/product\/federal-premium-power-shok-30-carbine-110-grain-jacketed-soft-point-500-rounds\/#breadcrumb\"},\"inLanguage\":\"hu\",\"potentialAction\":[{\"@type\":\"ReadAction\",\"target\":[\"https:\/\/www.bulkammunitionshop.com\/product\/federal-premium-power-shok-30-carbine-110-grain-jacketed-soft-point-500-rounds\/\"]}]},{\"@type\":\"ImageObject\",\"inLanguage\":\"hu\",\"@id\":\"https:\/\/www.bulkammunitionshop.com\/product\/federal-premium-power-shok-30-carbine-110-grain-jacketed-soft-point-500-rounds\/#primaryimage\",\"url\":\"https:\/\/www.bulkammunitionshop.com\/wp-content\/uploads\/2022\/10\/FEDERAL-PREMIUM-POWER-SHOK-.30-CARBINE-110-GRAIN-JACKETED-SOFT-POINT-500-ROUNDS.jpg\",\"contentUrl\":\"https:\/\/www.bulkammunitionshop.com\/wp-content\/uploads\/2022\/10\/FEDERAL-PREMIUM-POWER-SHOK-.30-CARBINE-110-GRAIN-JACKETED-SOFT-POINT-500-ROUNDS.jpg\",\"width\":978,\"height\":550},{\"@type\":\"BreadcrumbList\",\"@id\":\"https:\/\/www.bulkammunitionshop.com\/product\/federal-premium-power-shok-30-carbine-110-grain-jacketed-soft-point-500-rounds\/#breadcrumb\",\"itemListElement\":[{\"@type\":\"ListItem\",\"position\":1,\"name\":\"Home\",\"item\":\"https:\/\/www.bulkammunitionshop.com\/\"},{\"@type\":\"ListItem\",\"position\":2,\"name\":\"SHOP ALL\",\"item\":\"https:\/\/www.bulkammunitionshop.com\/shop-all\/\"},{\"@type\":\"ListItem\",\"position\":3,\"name\":\"FEDERAL PREMIUM POWER-SHOK .30 CARBINE 110 GRAIN JACKETED SOFT POINT 500 ROUNDS\"}]},{\"@type\":\"WebSite\",\"@id\":\"https:\/\/www.bulkammunitionshop.com\/#website\",\"url\":\"https:\/\/www.bulkammunitionshop.com\/\",\"name\":\"Bulk Ammunition shop\",\"description\":\"Buy Cheap Bulk Ammo Online - Bulk Ammo for Sale- Cheap Ammo Online\",\"potentialAction\":[{\"@type\":\"SearchAction\",\"target\":{\"@type\":\"EntryPoint\",\"urlTemplate\":\"https:\/\/www.bulkammunitionshop.com\/?s={search_term_string}\"},\"query-input\":{\"@type\":\"PropertyValueSpecification\",\"valueRequired\":true,\"valueName\":\"search_term_string\"}}],\"inLanguage\":\"hu\"}]}<\/script>\n<!-- \/ Yoast SEO Premium plugin. -->","yoast_head_json":{"title":"FEDERAL PREMIUM POWER-SHOK .30 CARBINE 110 GRAIN JACKETED SOFT POINT 500 ROUNDS - Bulk Ammunition shop","robots":{"index":"index","follow":"follow","max-snippet":"max-snippet:-1","max-image-preview":"max-image-preview:large","max-video-preview":"max-video-preview:-1"},"canonical":"https:\/\/www.bulkammunitionshop.com\/hu\/termek\/federal-premium-power-shok-30-carbine-110-grain-jacketed-soft-point-500-rounds\/","og_locale":"hu_HU","og_type":"article","og_title":"FEDERAL PREMIUM POWER-SHOK .30 CARBINE 110 GRAIN JACKETED SOFT POINT 500 ROUNDS","og_description":"This Product Is In Stock and Ready to Ship. 100% Fast Shipping Guaranteed. Place Order Now!","og_url":"https:\/\/www.bulkammunitionshop.com\/hu\/termek\/federal-premium-power-shok-30-carbine-110-grain-jacketed-soft-point-500-rounds\/","og_site_name":"Bulk Ammunition shop","og_image":[{"width":978,"height":550,"url":"http:\/\/www.bulkammunitionshop.com\/wp-content\/uploads\/2022\/10\/FEDERAL-PREMIUM-POWER-SHOK-.30-CARBINE-110-GRAIN-JACKETED-SOFT-POINT-500-ROUNDS.jpg","type":"image\/jpeg"}],"twitter_card":"summary_large_image","twitter_misc":{"Becs\u00fclt olvas\u00e1si id\u0151":"1 perc"},"schema":{"@context":"https:\/\/schema.org","@graph":[{"@type":"WebPage","@id":"https:\/\/www.bulkammunitionshop.com\/product\/federal-premium-power-shok-30-carbine-110-grain-jacketed-soft-point-500-rounds\/","url":"https:\/\/www.bulkammunitionshop.com\/product\/federal-premium-power-shok-30-carbine-110-grain-jacketed-soft-point-500-rounds\/","name":"FEDERAL PREMIUM POWER-SHOK .30 CARBINE 110 GRAIN JACKETED SOFT POINT 500 ROUNDS - Bulk Ammunition shop","isPartOf":{"@id":"https:\/\/www.bulkammunitionshop.com\/#website"},"primaryImageOfPage":{"@id":"https:\/\/www.bulkammunitionshop.com\/product\/federal-premium-power-shok-30-carbine-110-grain-jacketed-soft-point-500-rounds\/#primaryimage"},"image":{"@id":"https:\/\/www.bulkammunitionshop.com\/product\/federal-premium-power-shok-30-carbine-110-grain-jacketed-soft-point-500-rounds\/#primaryimage"},"thumbnailUrl":"https:\/\/www.bulkammunitionshop.com\/wp-content\/uploads\/2022\/10\/FEDERAL-PREMIUM-POWER-SHOK-.30-CARBINE-110-GRAIN-JACKETED-SOFT-POINT-500-ROUNDS.jpg","datePublished":"2022-10-19T09:30:49+00:00","breadcrumb":{"@id":"https:\/\/www.bulkammunitionshop.com\/product\/federal-premium-power-shok-30-carbine-110-grain-jacketed-soft-point-500-rounds\/#breadcrumb"},"inLanguage":"hu","potentialAction":[{"@type":"ReadAction","target":["https:\/\/www.bulkammunitionshop.com\/product\/federal-premium-power-shok-30-carbine-110-grain-jacketed-soft-point-500-rounds\/"]}]},{"@type":"ImageObject","inLanguage":"hu","@id":"https:\/\/www.bulkammunitionshop.com\/product\/federal-premium-power-shok-30-carbine-110-grain-jacketed-soft-point-500-rounds\/#primaryimage","url":"https:\/\/www.bulkammunitionshop.com\/wp-content\/uploads\/2022\/10\/FEDERAL-PREMIUM-POWER-SHOK-.30-CARBINE-110-GRAIN-JACKETED-SOFT-POINT-500-ROUNDS.jpg","contentUrl":"https:\/\/www.bulkammunitionshop.com\/wp-content\/uploads\/2022\/10\/FEDERAL-PREMIUM-POWER-SHOK-.30-CARBINE-110-GRAIN-JACKETED-SOFT-POINT-500-ROUNDS.jpg","width":978,"height":550},{"@type":"BreadcrumbList","@id":"https:\/\/www.bulkammunitionshop.com\/product\/federal-premium-power-shok-30-carbine-110-grain-jacketed-soft-point-500-rounds\/#breadcrumb","itemListElement":[{"@type":"ListItem","position":1,"name":"Home","item":"https:\/\/www.bulkammunitionshop.com\/"},{"@type":"ListItem","position":2,"name":"SHOP ALL","item":"https:\/\/www.bulkammunitionshop.com\/shop-all\/"},{"@type":"ListItem","position":3,"name":"FEDERAL PREMIUM POWER-SHOK .30 CARBINE 110 GRAIN JACKETED SOFT POINT 500 ROUNDS"}]},{"@type":"WebSite","@id":"https:\/\/www.bulkammunitionshop.com\/#website","url":"https:\/\/www.bulkammunitionshop.com\/","name":"T\u00f6meges l\u0151szerbolt","description":"V\u00e1s\u00e1roljon olcs\u00f3 l\u0151szert online - Elad\u00f3 l\u0151szer - Olcs\u00f3 l\u0151szer online","potentialAction":[{"@type":"SearchAction","target":{"@type":"EntryPoint","urlTemplate":"https:\/\/www.bulkammunitionshop.com\/?s={search_term_string}"},"query-input":{"@type":"PropertyValueSpecification","valueRequired":true,"valueName":"search_term_string"}}],"inLanguage":"hu"}]}},"jetpack_sharing_enabled":true,"_links":{"self":[{"href":"https:\/\/www.bulkammunitionshop.com\/hu\/wp-json\/wp\/v2\/product\/2887","targetHints":{"allow":["GET"]}}],"collection":[{"href":"https:\/\/www.bulkammunitionshop.com\/hu\/wp-json\/wp\/v2\/product"}],"about":[{"href":"https:\/\/www.bulkammunitionshop.com\/hu\/wp-json\/wp\/v2\/types\/product"}],"replies":[{"embeddable":true,"href":"https:\/\/www.bulkammunitionshop.com\/hu\/wp-json\/wp\/v2\/comments?post=2887"}],"wp:featuredmedia":[{"embeddable":true,"href":"https:\/\/www.bulkammunitionshop.com\/hu\/wp-json\/wp\/v2\/media\/2891"}],"wp:attachment":[{"href":"https:\/\/www.bulkammunitionshop.com\/hu\/wp-json\/wp\/v2\/media?parent=2887"}],"wp:term":[{"taxonomy":"product_brand","embeddable":true,"href":"https:\/\/www.bulkammunitionshop.com\/hu\/wp-json\/wp\/v2\/product_brand?post=2887"},{"taxonomy":"product_cat","embeddable":true,"href":"https:\/\/www.bulkammunitionshop.com\/hu\/wp-json\/wp\/v2\/product_cat?post=2887"},{"taxonomy":"product_tag","embeddable":true,"href":"https:\/\/www.bulkammunitionshop.com\/hu\/wp-json\/wp\/v2\/product_tag?post=2887"}],"curies":[{"name":"wp","href":"https:\/\/api.w.org\/{rel}","templated":true}]}}