{"id":2878,"date":"2022-10-19T09:08:20","date_gmt":"2022-10-19T09:08:20","guid":{"rendered":"https:\/\/www.bulkammunitionshop.com\/?post_type=product&#038;p=2878"},"modified":"2022-10-19T09:08:20","modified_gmt":"2022-10-19T09:08:20","slug":"remington-core-lokt-ammunition-250-savage-100-grain-pointed-soft-point-200-round","status":"publish","type":"product","link":"https:\/\/www.bulkammunitionshop.com\/hu\/termek\/remington-core-lokt-ammunition-250-savage-100-grain-pointed-soft-point-200-round\/","title":{"rendered":"REMINGTON CORE-LOKT AMMUNITION 250 SAVAGE 100 GRAIN POINTED SOFT POINT 200 ROUND"},"content":{"rendered":"<ul class=\"tabs wc-tabs product-tabs small-nav-collapse nav nav-uppercase nav-line nav-left\" role=\"tablist\">\n<li id=\"tab-title-description\" class=\"description_tab active\" role=\"tab\" aria-controls=\"tab-description\">LE\u00cdR\u00c1S<\/li>\n<\/ul>\n<div class=\"tab-panels\">\n<div id=\"tab-description\" class=\"woocommerce-Tabs-panel woocommerce-Tabs-panel--description panel entry-content active\" role=\"tabpanel\" aria-labelledby=\"tab-title-description\">\n<section id=\"overview\" class=\"product-information stack-l\">\n<div class=\"product-section-wrapper\">\n<div class=\"grid product-section-content\">\n<div class=\"product-section-overview\">\n<p>The classic \u201cGreen-box\u201d ammunition that shooters and hunters have trusted for years. Remington makes ammunition for nearly every need. This ammunition is new production, non-corrosive, in boxer primed, reloadable brass cases.<\/p>\n<\/div>\n<div class=\"product-section-logos\"><a class=\"inline-block\" href=\"https:\/\/www.midwayusa.com\/remington\/b?bid=1601\" target=\"_blank\" rel=\"nofollow noopener\" aria-label=\"Shop Remington products\"><img loading=\"lazy\" decoding=\"async\" class=\"product-section-logo\" src=\"https:\/\/media.mwstatic.com\/images\/vendorlogos\/1601.jpg?imwidth=150\" alt=\"Remington logo\" width=\"150\" height=\"150\" \/><\/a><\/div>\n<\/div>\n<p><span class=\"text-bold\">Made In\u00a0United States of America<\/span><\/p>\n<div class=\"prop-banner\"><img loading=\"lazy\" decoding=\"async\" class=\"inline-block margin-right-xs\" src=\"https:\/\/media.mwstatic.com\/external\/fonts\/fontawesome\/svg\/prop-65-warning-v1.svg\" alt=\"warning-icon\" width=\"16\" height=\"14\" aria-hidden=\"true\" \/><strong>WARNING:\u00a0<\/strong>This product can expose you to Lead, which is known to the State of California to cause cancer and birth defects or other reproductive harm. For more information go to \u2013 www.P65Warnings.ca.gov.<\/div>\n<\/div>\n<\/section>\n<section id=\"specifications\" class=\"stack-l\">\n<div class=\"product-section-wrapper product-specifications\">\n<h3>TERM\u00c9KINFORM\u00c1CI\u00d3K<\/h3>\n<table class=\"product-specs-table padding-none stack-l width-100\">\n<tbody>\n<tr class=\"product-specs-table-container is-selectable\">\n<td class=\"product-specs-table-detail\">Patron<\/td>\n<td class=\"product-specs-table-definition\">250 Vadember<\/td>\n<\/tr>\n<tr class=\"product-specs-table-container\">\n<td class=\"product-specs-table-detail\">Gabona t\u00f6meg<\/td>\n<td class=\"product-specs-table-definition\">100 Grains<\/td>\n<\/tr>\n<tr class=\"product-specs-table-container is-selectable\">\n<td class=\"product-specs-table-detail\">Mennyis\u00e9g<\/td>\n<td class=\"product-specs-table-definition\">200 Round<\/td>\n<\/tr>\n<tr class=\"product-specs-table-container\">\n<td class=\"product-specs-table-detail\">Kezd\u0151sebess\u00e9g<\/td>\n<td class=\"product-specs-table-definition\">2820 Feet Per Second<\/td>\n<\/tr>\n<tr class=\"product-specs-table-container\">\n<td class=\"product-specs-table-detail\">Csatornaenergia<\/td>\n<td class=\"product-specs-table-definition\">1765 Foot Pounds<\/td>\n<\/tr>\n<tr class=\"product-specs-table-container\">\n<td class=\"product-specs-table-detail\">Felsorol\u00e1sjel<\/td>\n<td class=\"product-specs-table-definition\">K\u00f6pennyel ell\u00e1tott puha hegy\u0171<\/td>\n<\/tr>\n<tr class=\"product-specs-table-container\">\n<td class=\"product-specs-table-detail\">Goly\u00f3 m\u00e1rka \u00e9s modell<\/td>\n<td class=\"product-specs-table-definition\">Remington Core-Lokt<\/td>\n<\/tr>\n<tr class=\"product-specs-table-container\">\n<td class=\"product-specs-table-detail\">\u00d3lommentes<\/td>\n<td class=\"product-specs-table-definition\">Nem<\/td>\n<\/tr>\n<tr class=\"product-specs-table-container\">\n<td class=\"product-specs-table-detail\">\u00dcgyt\u00edpus<\/td>\n<td class=\"product-specs-table-definition\">S\u00e1rgar\u00e9z<\/td>\n<\/tr>\n<tr class=\"product-specs-table-container\">\n<td class=\"product-specs-table-detail\">Alapoz\u00f3<\/td>\n<td class=\"product-specs-table-definition\">Bokszol\u00f3<\/td>\n<\/tr>\n<tr class=\"product-specs-table-container\">\n<td class=\"product-specs-table-detail\">Mar\u00f3 hat\u00e1s\u00fa<\/td>\n<td class=\"product-specs-table-definition\">Nem<\/td>\n<\/tr>\n<tr class=\"product-specs-table-container\">\n<td class=\"product-specs-table-detail\">\u00dajrat\u00f6lthet\u0151<\/td>\n<td class=\"product-specs-table-definition\">Igen<\/td>\n<\/tr>\n<tr class=\"product-specs-table-container\">\n<td class=\"product-specs-table-detail\">Sebess\u00e9gbesorol\u00e1s<\/td>\n<td class=\"product-specs-table-definition\">Szuperszonikus<\/td>\n<\/tr>\n<tr class=\"product-specs-table-container\">\n<td class=\"product-specs-table-detail\">Sz\u00e1rmaz\u00e1si orsz\u00e1g<\/td>\n<td class=\"product-specs-table-definition\">Amerikai Egyes\u00fclt \u00c1llamok<\/td>\n<\/tr>\n<\/tbody>\n<\/table>\n<\/div>\n<\/section>\n<\/div>\n<\/div>","protected":false},"excerpt":{"rendered":"<p>Ez a term\u00e9k rakt\u00e1ron van \u00e9s sz\u00e1ll\u00edt\u00e1sra k\u00e9sz. 100% Gyors sz\u00e1ll\u00edt\u00e1s garant\u00e1lt. Rendeljen most!<\/p>\n<form class=\"cart\" action=\"https:\/\/armoryweapons.com\/product\/remington-core-lokt-ammunition-250-savage-100-grain-pointed-soft-point-200-round\/\" enctype=\"multipart\/form-data\" method=\"post\">\n<div class=\"quantity buttons_added\"><\/div>\n<\/form>","protected":false},"featured_media":2880,"comment_status":"open","ping_status":"closed","template":"","meta":[],"product_brand":[],"product_cat":[262,121],"product_tag":[],"class_list":{"0":"post-2878","1":"product","2":"type-product","3":"status-publish","4":"has-post-thumbnail","6":"product_cat-250-savage","7":"product_cat-rifle-ammo","9":"first","10":"instock","11":"taxable","12":"shipping-taxable","13":"purchasable","14":"product-type-simple"},"yoast_head":"<!-- This site is optimized with the Yoast SEO Premium plugin v24.6 (Yoast SEO v25.7) - https:\/\/yoast.com\/wordpress\/plugins\/seo\/ -->\n<title>REMINGTON CORE-LOKT AMMUNITION 250 SAVAGE 100 GRAIN POINTED SOFT POINT 200 ROUND - Bulk Ammunition shop<\/title>\n<meta name=\"robots\" content=\"index, follow, max-snippet:-1, max-image-preview:large, max-video-preview:-1\" \/>\n<link rel=\"canonical\" href=\"https:\/\/www.bulkammunitionshop.com\/hu\/termek\/remington-core-lokt-ammunition-250-savage-100-grain-pointed-soft-point-200-round\/\" \/>\n<meta property=\"og:locale\" content=\"hu_HU\" \/>\n<meta property=\"og:type\" content=\"article\" \/>\n<meta property=\"og:title\" content=\"REMINGTON CORE-LOKT AMMUNITION 250 SAVAGE 100 GRAIN POINTED SOFT POINT 200 ROUND\" \/>\n<meta property=\"og:description\" content=\"This Product Is In Stock and Ready to Ship. 100% Fast Shipping Guaranteed. Place Order Now!\" \/>\n<meta property=\"og:url\" content=\"https:\/\/www.bulkammunitionshop.com\/hu\/termek\/remington-core-lokt-ammunition-250-savage-100-grain-pointed-soft-point-200-round\/\" \/>\n<meta property=\"og:site_name\" content=\"Bulk Ammunition shop\" \/>\n<meta property=\"og:image\" content=\"http:\/\/www.bulkammunitionshop.com\/wp-content\/uploads\/2022\/10\/REMINGTON-CORE-LOKT-AMMUNITION-250-SAVAGE-100-GRAIN-POINTED-SOFT-POINT-200-ROUNDREMINGTON-CORE-LOKT-AMMUNITION-250-SAVAGE-100-GRAIN-POINTED-SOFT-POINT-200-ROUND-510x383-1.jpg\" \/>\n\t<meta property=\"og:image:width\" content=\"510\" \/>\n\t<meta property=\"og:image:height\" content=\"383\" \/>\n\t<meta property=\"og:image:type\" content=\"image\/jpeg\" \/>\n<meta name=\"twitter:card\" content=\"summary_large_image\" \/>\n<meta name=\"twitter:label1\" content=\"Becs\u00fclt olvas\u00e1si id\u0151\" \/>\n\t<meta name=\"twitter:data1\" content=\"1 perc\" \/>\n<script type=\"application\/ld+json\" class=\"yoast-schema-graph\">{\"@context\":\"https:\/\/schema.org\",\"@graph\":[{\"@type\":\"WebPage\",\"@id\":\"https:\/\/www.bulkammunitionshop.com\/product\/remington-core-lokt-ammunition-250-savage-100-grain-pointed-soft-point-200-round\/\",\"url\":\"https:\/\/www.bulkammunitionshop.com\/product\/remington-core-lokt-ammunition-250-savage-100-grain-pointed-soft-point-200-round\/\",\"name\":\"REMINGTON CORE-LOKT AMMUNITION 250 SAVAGE 100 GRAIN POINTED SOFT POINT 200 ROUND - Bulk Ammunition shop\",\"isPartOf\":{\"@id\":\"https:\/\/www.bulkammunitionshop.com\/#website\"},\"primaryImageOfPage\":{\"@id\":\"https:\/\/www.bulkammunitionshop.com\/product\/remington-core-lokt-ammunition-250-savage-100-grain-pointed-soft-point-200-round\/#primaryimage\"},\"image\":{\"@id\":\"https:\/\/www.bulkammunitionshop.com\/product\/remington-core-lokt-ammunition-250-savage-100-grain-pointed-soft-point-200-round\/#primaryimage\"},\"thumbnailUrl\":\"https:\/\/www.bulkammunitionshop.com\/wp-content\/uploads\/2022\/10\/REMINGTON-CORE-LOKT-AMMUNITION-250-SAVAGE-100-GRAIN-POINTED-SOFT-POINT-200-ROUNDREMINGTON-CORE-LOKT-AMMUNITION-250-SAVAGE-100-GRAIN-POINTED-SOFT-POINT-200-ROUND-510x383-1.jpg\",\"datePublished\":\"2022-10-19T09:08:20+00:00\",\"breadcrumb\":{\"@id\":\"https:\/\/www.bulkammunitionshop.com\/product\/remington-core-lokt-ammunition-250-savage-100-grain-pointed-soft-point-200-round\/#breadcrumb\"},\"inLanguage\":\"hu\",\"potentialAction\":[{\"@type\":\"ReadAction\",\"target\":[\"https:\/\/www.bulkammunitionshop.com\/product\/remington-core-lokt-ammunition-250-savage-100-grain-pointed-soft-point-200-round\/\"]}]},{\"@type\":\"ImageObject\",\"inLanguage\":\"hu\",\"@id\":\"https:\/\/www.bulkammunitionshop.com\/product\/remington-core-lokt-ammunition-250-savage-100-grain-pointed-soft-point-200-round\/#primaryimage\",\"url\":\"https:\/\/www.bulkammunitionshop.com\/wp-content\/uploads\/2022\/10\/REMINGTON-CORE-LOKT-AMMUNITION-250-SAVAGE-100-GRAIN-POINTED-SOFT-POINT-200-ROUNDREMINGTON-CORE-LOKT-AMMUNITION-250-SAVAGE-100-GRAIN-POINTED-SOFT-POINT-200-ROUND-510x383-1.jpg\",\"contentUrl\":\"https:\/\/www.bulkammunitionshop.com\/wp-content\/uploads\/2022\/10\/REMINGTON-CORE-LOKT-AMMUNITION-250-SAVAGE-100-GRAIN-POINTED-SOFT-POINT-200-ROUNDREMINGTON-CORE-LOKT-AMMUNITION-250-SAVAGE-100-GRAIN-POINTED-SOFT-POINT-200-ROUND-510x383-1.jpg\",\"width\":510,\"height\":383},{\"@type\":\"BreadcrumbList\",\"@id\":\"https:\/\/www.bulkammunitionshop.com\/product\/remington-core-lokt-ammunition-250-savage-100-grain-pointed-soft-point-200-round\/#breadcrumb\",\"itemListElement\":[{\"@type\":\"ListItem\",\"position\":1,\"name\":\"Home\",\"item\":\"https:\/\/www.bulkammunitionshop.com\/\"},{\"@type\":\"ListItem\",\"position\":2,\"name\":\"SHOP ALL\",\"item\":\"https:\/\/www.bulkammunitionshop.com\/shop-all\/\"},{\"@type\":\"ListItem\",\"position\":3,\"name\":\"REMINGTON CORE-LOKT AMMUNITION 250 SAVAGE 100 GRAIN POINTED SOFT POINT 200 ROUND\"}]},{\"@type\":\"WebSite\",\"@id\":\"https:\/\/www.bulkammunitionshop.com\/#website\",\"url\":\"https:\/\/www.bulkammunitionshop.com\/\",\"name\":\"Bulk Ammunition shop\",\"description\":\"Buy Cheap Bulk Ammo Online - Bulk Ammo for Sale- Cheap Ammo Online\",\"potentialAction\":[{\"@type\":\"SearchAction\",\"target\":{\"@type\":\"EntryPoint\",\"urlTemplate\":\"https:\/\/www.bulkammunitionshop.com\/?s={search_term_string}\"},\"query-input\":{\"@type\":\"PropertyValueSpecification\",\"valueRequired\":true,\"valueName\":\"search_term_string\"}}],\"inLanguage\":\"hu\"}]}<\/script>\n<!-- \/ Yoast SEO Premium plugin. -->","yoast_head_json":{"title":"REMINGTON CORE-LOKT AMMUNITION 250 SAVAGE 100 GRAIN POINTED SOFT POINT 200 ROUND - Bulk Ammunition shop","robots":{"index":"index","follow":"follow","max-snippet":"max-snippet:-1","max-image-preview":"max-image-preview:large","max-video-preview":"max-video-preview:-1"},"canonical":"https:\/\/www.bulkammunitionshop.com\/hu\/termek\/remington-core-lokt-ammunition-250-savage-100-grain-pointed-soft-point-200-round\/","og_locale":"hu_HU","og_type":"article","og_title":"REMINGTON CORE-LOKT AMMUNITION 250 SAVAGE 100 GRAIN POINTED SOFT POINT 200 ROUND","og_description":"This Product Is In Stock and Ready to Ship. 100% Fast Shipping Guaranteed. Place Order Now!","og_url":"https:\/\/www.bulkammunitionshop.com\/hu\/termek\/remington-core-lokt-ammunition-250-savage-100-grain-pointed-soft-point-200-round\/","og_site_name":"Bulk Ammunition shop","og_image":[{"width":510,"height":383,"url":"http:\/\/www.bulkammunitionshop.com\/wp-content\/uploads\/2022\/10\/REMINGTON-CORE-LOKT-AMMUNITION-250-SAVAGE-100-GRAIN-POINTED-SOFT-POINT-200-ROUNDREMINGTON-CORE-LOKT-AMMUNITION-250-SAVAGE-100-GRAIN-POINTED-SOFT-POINT-200-ROUND-510x383-1.jpg","type":"image\/jpeg"}],"twitter_card":"summary_large_image","twitter_misc":{"Becs\u00fclt olvas\u00e1si id\u0151":"1 perc"},"schema":{"@context":"https:\/\/schema.org","@graph":[{"@type":"WebPage","@id":"https:\/\/www.bulkammunitionshop.com\/product\/remington-core-lokt-ammunition-250-savage-100-grain-pointed-soft-point-200-round\/","url":"https:\/\/www.bulkammunitionshop.com\/product\/remington-core-lokt-ammunition-250-savage-100-grain-pointed-soft-point-200-round\/","name":"REMINGTON CORE-LOKT AMMUNITION 250 SAVAGE 100 GRAIN POINTED SOFT POINT 200 ROUND - Bulk Ammunition shop","isPartOf":{"@id":"https:\/\/www.bulkammunitionshop.com\/#website"},"primaryImageOfPage":{"@id":"https:\/\/www.bulkammunitionshop.com\/product\/remington-core-lokt-ammunition-250-savage-100-grain-pointed-soft-point-200-round\/#primaryimage"},"image":{"@id":"https:\/\/www.bulkammunitionshop.com\/product\/remington-core-lokt-ammunition-250-savage-100-grain-pointed-soft-point-200-round\/#primaryimage"},"thumbnailUrl":"https:\/\/www.bulkammunitionshop.com\/wp-content\/uploads\/2022\/10\/REMINGTON-CORE-LOKT-AMMUNITION-250-SAVAGE-100-GRAIN-POINTED-SOFT-POINT-200-ROUNDREMINGTON-CORE-LOKT-AMMUNITION-250-SAVAGE-100-GRAIN-POINTED-SOFT-POINT-200-ROUND-510x383-1.jpg","datePublished":"2022-10-19T09:08:20+00:00","breadcrumb":{"@id":"https:\/\/www.bulkammunitionshop.com\/product\/remington-core-lokt-ammunition-250-savage-100-grain-pointed-soft-point-200-round\/#breadcrumb"},"inLanguage":"hu","potentialAction":[{"@type":"ReadAction","target":["https:\/\/www.bulkammunitionshop.com\/product\/remington-core-lokt-ammunition-250-savage-100-grain-pointed-soft-point-200-round\/"]}]},{"@type":"ImageObject","inLanguage":"hu","@id":"https:\/\/www.bulkammunitionshop.com\/product\/remington-core-lokt-ammunition-250-savage-100-grain-pointed-soft-point-200-round\/#primaryimage","url":"https:\/\/www.bulkammunitionshop.com\/wp-content\/uploads\/2022\/10\/REMINGTON-CORE-LOKT-AMMUNITION-250-SAVAGE-100-GRAIN-POINTED-SOFT-POINT-200-ROUNDREMINGTON-CORE-LOKT-AMMUNITION-250-SAVAGE-100-GRAIN-POINTED-SOFT-POINT-200-ROUND-510x383-1.jpg","contentUrl":"https:\/\/www.bulkammunitionshop.com\/wp-content\/uploads\/2022\/10\/REMINGTON-CORE-LOKT-AMMUNITION-250-SAVAGE-100-GRAIN-POINTED-SOFT-POINT-200-ROUNDREMINGTON-CORE-LOKT-AMMUNITION-250-SAVAGE-100-GRAIN-POINTED-SOFT-POINT-200-ROUND-510x383-1.jpg","width":510,"height":383},{"@type":"BreadcrumbList","@id":"https:\/\/www.bulkammunitionshop.com\/product\/remington-core-lokt-ammunition-250-savage-100-grain-pointed-soft-point-200-round\/#breadcrumb","itemListElement":[{"@type":"ListItem","position":1,"name":"Home","item":"https:\/\/www.bulkammunitionshop.com\/"},{"@type":"ListItem","position":2,"name":"SHOP ALL","item":"https:\/\/www.bulkammunitionshop.com\/shop-all\/"},{"@type":"ListItem","position":3,"name":"REMINGTON CORE-LOKT AMMUNITION 250 SAVAGE 100 GRAIN POINTED SOFT POINT 200 ROUND"}]},{"@type":"WebSite","@id":"https:\/\/www.bulkammunitionshop.com\/#website","url":"https:\/\/www.bulkammunitionshop.com\/","name":"T\u00f6meges l\u0151szerbolt","description":"V\u00e1s\u00e1roljon olcs\u00f3 l\u0151szert online - Elad\u00f3 l\u0151szer - Olcs\u00f3 l\u0151szer online","potentialAction":[{"@type":"SearchAction","target":{"@type":"EntryPoint","urlTemplate":"https:\/\/www.bulkammunitionshop.com\/?s={search_term_string}"},"query-input":{"@type":"PropertyValueSpecification","valueRequired":true,"valueName":"search_term_string"}}],"inLanguage":"hu"}]}},"jetpack_sharing_enabled":true,"_links":{"self":[{"href":"https:\/\/www.bulkammunitionshop.com\/hu\/wp-json\/wp\/v2\/product\/2878","targetHints":{"allow":["GET"]}}],"collection":[{"href":"https:\/\/www.bulkammunitionshop.com\/hu\/wp-json\/wp\/v2\/product"}],"about":[{"href":"https:\/\/www.bulkammunitionshop.com\/hu\/wp-json\/wp\/v2\/types\/product"}],"replies":[{"embeddable":true,"href":"https:\/\/www.bulkammunitionshop.com\/hu\/wp-json\/wp\/v2\/comments?post=2878"}],"wp:featuredmedia":[{"embeddable":true,"href":"https:\/\/www.bulkammunitionshop.com\/hu\/wp-json\/wp\/v2\/media\/2880"}],"wp:attachment":[{"href":"https:\/\/www.bulkammunitionshop.com\/hu\/wp-json\/wp\/v2\/media?parent=2878"}],"wp:term":[{"taxonomy":"product_brand","embeddable":true,"href":"https:\/\/www.bulkammunitionshop.com\/hu\/wp-json\/wp\/v2\/product_brand?post=2878"},{"taxonomy":"product_cat","embeddable":true,"href":"https:\/\/www.bulkammunitionshop.com\/hu\/wp-json\/wp\/v2\/product_cat?post=2878"},{"taxonomy":"product_tag","embeddable":true,"href":"https:\/\/www.bulkammunitionshop.com\/hu\/wp-json\/wp\/v2\/product_tag?post=2878"}],"curies":[{"name":"wp","href":"https:\/\/api.w.org\/{rel}","templated":true}]}}