{"id":2146,"date":"2022-06-28T12:32:36","date_gmt":"2022-06-28T12:32:36","guid":{"rendered":"https:\/\/www.bulkammunitionshop.com\/?post_type=product&#038;p=2146"},"modified":"2022-06-28T12:32:36","modified_gmt":"2022-06-28T12:32:36","slug":"black-hills-ammunition-223-remington-62-grain-barnes-tsx-hollow-point-boat-tail-lead-free-500-rounds","status":"publish","type":"product","link":"https:\/\/www.bulkammunitionshop.com\/hu\/termek\/black-hills-ammunition-223-remington-62-grain-barnes-tsx-hollow-point-boat-tail-lead-free-500-rounds\/","title":{"rendered":"BLACK HILLS AMMUNITION 223 REMINGTON 62 GRAIN BARNES TSX HOLLOW POINT BOAT TAIL LEAD-FREE 500 ROUNDS"},"content":{"rendered":"<p>Black Hills produces factory new rifle ammunition equal to some of the best handloads. It is quickly becoming one of most popular manufacturers of ammunition. Used primarily by all branches of the United State military, this ammunition is also used by competitive shooters and hunters.<\/p>\n<p>Loaded with Triple-Shocks, these revolutionary bullets from Barnes are made of 100% copper and contain no lead. When the bullet expands, four razor-sharp cutting petals are created, allowing the bullet to penetrate farther through tough bone and tissue. Triple-Shock bullets usually retain 100% of their original weight, making them a superb choice for hunting. This ammunition is new production, non-corrosive, in boxer primed, reloadable brass cases.<\/p>\n<h3>TERM\u00c9KINFORM\u00c1CI\u00d3K<\/h3>\n<table class=\"product-specs-table stack-l\">\n<tbody>\n<tr class=\"product-specs-table-container is-selectable\">\n<td class=\"product-specs-table-detail\">Patron<\/td>\n<td class=\"product-specs-table-definition\">223 Remington<\/td>\n<\/tr>\n<tr class=\"product-specs-table-container\">\n<td class=\"product-specs-table-detail\">Gabona t\u00f6meg<\/td>\n<td class=\"product-specs-table-definition\">62 Grains<\/td>\n<\/tr>\n<tr class=\"product-specs-table-container is-selectable\">\n<td class=\"product-specs-table-detail\">Mennyis\u00e9g<\/td>\n<td class=\"product-specs-table-definition\">500 k\u00f6r<\/td>\n<\/tr>\n<tr class=\"product-specs-table-container\">\n<td class=\"product-specs-table-detail\">Kezd\u0151sebess\u00e9g<\/td>\n<td class=\"product-specs-table-definition\">3100 l\u00e1b m\u00e1sodpercenk\u00e9nt<\/td>\n<\/tr>\n<tr class=\"product-specs-table-container\">\n<td class=\"product-specs-table-detail\">Csatornaenergia<\/td>\n<td class=\"product-specs-table-definition\">1323 Foot Pounds<\/td>\n<\/tr>\n<tr class=\"product-specs-table-container\">\n<td class=\"product-specs-table-detail\">Felsorol\u00e1sjel<\/td>\n<td class=\"product-specs-table-definition\">Solid Hollow Point<\/td>\n<\/tr>\n<tr class=\"product-specs-table-container\">\n<td class=\"product-specs-table-detail\">Goly\u00f3 m\u00e1rka \u00e9s modell<\/td>\n<td class=\"product-specs-table-definition\">Barnes Triple-Shock X<\/td>\n<\/tr>\n<tr class=\"product-specs-table-container\">\n<td class=\"product-specs-table-detail\">\u00d3lommentes<\/td>\n<td class=\"product-specs-table-definition\">Igen<\/td>\n<\/tr>\n<tr class=\"product-specs-table-container\">\n<td class=\"product-specs-table-detail\">\u00dcgyt\u00edpus<\/td>\n<td class=\"product-specs-table-definition\">S\u00e1rgar\u00e9z<\/td>\n<\/tr>\n<tr class=\"product-specs-table-container\">\n<td class=\"product-specs-table-detail\">Alapoz\u00f3<\/td>\n<td class=\"product-specs-table-definition\">Bokszol\u00f3<\/td>\n<\/tr>\n<tr class=\"product-specs-table-container\">\n<td class=\"product-specs-table-detail\">Mar\u00f3 hat\u00e1s\u00fa<\/td>\n<td class=\"product-specs-table-definition\">Nem<\/td>\n<\/tr>\n<tr class=\"product-specs-table-container\">\n<td class=\"product-specs-table-detail\">\u00dajrat\u00f6lthet\u0151<\/td>\n<td class=\"product-specs-table-definition\">Igen<\/td>\n<\/tr>\n<tr class=\"product-specs-table-container\">\n<td class=\"product-specs-table-detail\">G1 ballisztikus egy\u00fctthat\u00f3<\/td>\n<td class=\"product-specs-table-definition\">0.287<\/td>\n<\/tr>\n<tr class=\"product-specs-table-container\">\n<td class=\"product-specs-table-detail\">Szekcion\u00e1lt s\u0171r\u0171s\u00e9g<\/td>\n<td class=\"product-specs-table-definition\">0.177<\/td>\n<\/tr>\n<tr class=\"product-specs-table-container\">\n<td class=\"product-specs-table-detail\">Sebess\u00e9gbesorol\u00e1s<\/td>\n<td class=\"product-specs-table-definition\">Szuperszonikus<\/td>\n<\/tr>\n<\/tbody>\n<\/table>","protected":false},"excerpt":{"rendered":"<p>Black Hills produces factory new rifle ammunition equal to some of the best handloads. It is quickly becoming one of most popular manufacturers of ammunition. Used primarily by all branches of the United State military, this ammunition is also used by competitive shooters and hunters. Loaded with Triple-Shocks, these revolutionary bullets from Barnes are made [&#8230;]","protected":false},"featured_media":2149,"comment_status":"open","ping_status":"closed","template":"","meta":[],"product_brand":[],"product_cat":[218,121],"product_tag":[],"class_list":{"0":"post-2146","1":"product","2":"type-product","3":"status-publish","4":"has-post-thumbnail","6":"product_cat-223-remington","7":"product_cat-rifle-ammo","9":"first","10":"instock","11":"taxable","12":"shipping-taxable","13":"purchasable","14":"product-type-simple"},"yoast_head":"<!-- This site is optimized with the Yoast SEO Premium plugin v24.6 (Yoast SEO v25.7) - https:\/\/yoast.com\/wordpress\/plugins\/seo\/ -->\n<title>BLACK HILLS AMMUNITION 223 REMINGTON 62 GRAIN BARNES TSX HOLLOW POINT BOAT TAIL LEAD-FREE 500 ROUNDS - Bulk Ammunition shop<\/title>\n<meta name=\"robots\" content=\"index, follow, max-snippet:-1, max-image-preview:large, max-video-preview:-1\" \/>\n<link rel=\"canonical\" href=\"https:\/\/www.bulkammunitionshop.com\/hu\/termek\/black-hills-ammunition-223-remington-62-grain-barnes-tsx-hollow-point-boat-tail-lead-free-500-rounds\/\" \/>\n<meta property=\"og:locale\" content=\"hu_HU\" \/>\n<meta property=\"og:type\" content=\"article\" \/>\n<meta property=\"og:title\" content=\"BLACK HILLS AMMUNITION 223 REMINGTON 62 GRAIN BARNES TSX HOLLOW POINT BOAT TAIL LEAD-FREE 500 ROUNDS\" \/>\n<meta property=\"og:description\" content=\"Black Hills produces factory new rifle ammunition equal to some of the best handloads. It is quickly becoming one of most popular manufacturers of ammunition. Used primarily by all branches of the United State military, this ammunition is also used by competitive shooters and hunters. Loaded with Triple-Shocks, these revolutionary bullets from Barnes are made [...]\" \/>\n<meta property=\"og:url\" content=\"https:\/\/www.bulkammunitionshop.com\/hu\/termek\/black-hills-ammunition-223-remington-62-grain-barnes-tsx-hollow-point-boat-tail-lead-free-500-rounds\/\" \/>\n<meta property=\"og:site_name\" content=\"Bulk Ammunition shop\" \/>\n<meta property=\"og:image\" content=\"http:\/\/www.bulkammunitionshop.com\/wp-content\/uploads\/2022\/06\/xl_105001326_2.jpg\" \/>\n\t<meta property=\"og:image:width\" content=\"1200\" \/>\n\t<meta property=\"og:image:height\" content=\"1200\" \/>\n\t<meta property=\"og:image:type\" content=\"image\/jpeg\" \/>\n<meta name=\"twitter:card\" content=\"summary_large_image\" \/>\n<meta name=\"twitter:label1\" content=\"Becs\u00fclt olvas\u00e1si id\u0151\" \/>\n\t<meta name=\"twitter:data1\" content=\"1 perc\" \/>\n<script type=\"application\/ld+json\" class=\"yoast-schema-graph\">{\"@context\":\"https:\/\/schema.org\",\"@graph\":[{\"@type\":\"WebPage\",\"@id\":\"https:\/\/www.bulkammunitionshop.com\/product\/black-hills-ammunition-223-remington-62-grain-barnes-tsx-hollow-point-boat-tail-lead-free-500-rounds\/\",\"url\":\"https:\/\/www.bulkammunitionshop.com\/product\/black-hills-ammunition-223-remington-62-grain-barnes-tsx-hollow-point-boat-tail-lead-free-500-rounds\/\",\"name\":\"BLACK HILLS AMMUNITION 223 REMINGTON 62 GRAIN BARNES TSX HOLLOW POINT BOAT TAIL LEAD-FREE 500 ROUNDS - Bulk Ammunition shop\",\"isPartOf\":{\"@id\":\"https:\/\/www.bulkammunitionshop.com\/#website\"},\"primaryImageOfPage\":{\"@id\":\"https:\/\/www.bulkammunitionshop.com\/product\/black-hills-ammunition-223-remington-62-grain-barnes-tsx-hollow-point-boat-tail-lead-free-500-rounds\/#primaryimage\"},\"image\":{\"@id\":\"https:\/\/www.bulkammunitionshop.com\/product\/black-hills-ammunition-223-remington-62-grain-barnes-tsx-hollow-point-boat-tail-lead-free-500-rounds\/#primaryimage\"},\"thumbnailUrl\":\"https:\/\/www.bulkammunitionshop.com\/wp-content\/uploads\/2022\/06\/xl_105001326_2.jpg\",\"datePublished\":\"2022-06-28T12:32:36+00:00\",\"breadcrumb\":{\"@id\":\"https:\/\/www.bulkammunitionshop.com\/product\/black-hills-ammunition-223-remington-62-grain-barnes-tsx-hollow-point-boat-tail-lead-free-500-rounds\/#breadcrumb\"},\"inLanguage\":\"hu\",\"potentialAction\":[{\"@type\":\"ReadAction\",\"target\":[\"https:\/\/www.bulkammunitionshop.com\/product\/black-hills-ammunition-223-remington-62-grain-barnes-tsx-hollow-point-boat-tail-lead-free-500-rounds\/\"]}]},{\"@type\":\"ImageObject\",\"inLanguage\":\"hu\",\"@id\":\"https:\/\/www.bulkammunitionshop.com\/product\/black-hills-ammunition-223-remington-62-grain-barnes-tsx-hollow-point-boat-tail-lead-free-500-rounds\/#primaryimage\",\"url\":\"https:\/\/www.bulkammunitionshop.com\/wp-content\/uploads\/2022\/06\/xl_105001326_2.jpg\",\"contentUrl\":\"https:\/\/www.bulkammunitionshop.com\/wp-content\/uploads\/2022\/06\/xl_105001326_2.jpg\",\"width\":1200,\"height\":1200},{\"@type\":\"BreadcrumbList\",\"@id\":\"https:\/\/www.bulkammunitionshop.com\/product\/black-hills-ammunition-223-remington-62-grain-barnes-tsx-hollow-point-boat-tail-lead-free-500-rounds\/#breadcrumb\",\"itemListElement\":[{\"@type\":\"ListItem\",\"position\":1,\"name\":\"Home\",\"item\":\"https:\/\/www.bulkammunitionshop.com\/\"},{\"@type\":\"ListItem\",\"position\":2,\"name\":\"SHOP ALL\",\"item\":\"https:\/\/www.bulkammunitionshop.com\/shop-all\/\"},{\"@type\":\"ListItem\",\"position\":3,\"name\":\"BLACK HILLS AMMUNITION 223 REMINGTON 62 GRAIN BARNES TSX HOLLOW POINT BOAT TAIL LEAD-FREE 500 ROUNDS\"}]},{\"@type\":\"WebSite\",\"@id\":\"https:\/\/www.bulkammunitionshop.com\/#website\",\"url\":\"https:\/\/www.bulkammunitionshop.com\/\",\"name\":\"Bulk Ammunition shop\",\"description\":\"Buy Cheap Bulk Ammo Online - Bulk Ammo for Sale- Cheap Ammo Online\",\"potentialAction\":[{\"@type\":\"SearchAction\",\"target\":{\"@type\":\"EntryPoint\",\"urlTemplate\":\"https:\/\/www.bulkammunitionshop.com\/?s={search_term_string}\"},\"query-input\":{\"@type\":\"PropertyValueSpecification\",\"valueRequired\":true,\"valueName\":\"search_term_string\"}}],\"inLanguage\":\"hu\"}]}<\/script>\n<!-- \/ Yoast SEO Premium plugin. -->","yoast_head_json":{"title":"BLACK HILLS AMMUNITION 223 REMINGTON 62 GRAIN BARNES TSX HOLLOW POINT BOAT TAIL LEAD-FREE 500 ROUNDS - Bulk Ammunition shop","robots":{"index":"index","follow":"follow","max-snippet":"max-snippet:-1","max-image-preview":"max-image-preview:large","max-video-preview":"max-video-preview:-1"},"canonical":"https:\/\/www.bulkammunitionshop.com\/hu\/termek\/black-hills-ammunition-223-remington-62-grain-barnes-tsx-hollow-point-boat-tail-lead-free-500-rounds\/","og_locale":"hu_HU","og_type":"article","og_title":"BLACK HILLS AMMUNITION 223 REMINGTON 62 GRAIN BARNES TSX HOLLOW POINT BOAT TAIL LEAD-FREE 500 ROUNDS","og_description":"Black Hills produces factory new rifle ammunition equal to some of the best handloads. It is quickly becoming one of most popular manufacturers of ammunition. Used primarily by all branches of the United State military, this ammunition is also used by competitive shooters and hunters. Loaded with Triple-Shocks, these revolutionary bullets from Barnes are made [...]","og_url":"https:\/\/www.bulkammunitionshop.com\/hu\/termek\/black-hills-ammunition-223-remington-62-grain-barnes-tsx-hollow-point-boat-tail-lead-free-500-rounds\/","og_site_name":"Bulk Ammunition shop","og_image":[{"width":1200,"height":1200,"url":"http:\/\/www.bulkammunitionshop.com\/wp-content\/uploads\/2022\/06\/xl_105001326_2.jpg","type":"image\/jpeg"}],"twitter_card":"summary_large_image","twitter_misc":{"Becs\u00fclt olvas\u00e1si id\u0151":"1 perc"},"schema":{"@context":"https:\/\/schema.org","@graph":[{"@type":"WebPage","@id":"https:\/\/www.bulkammunitionshop.com\/product\/black-hills-ammunition-223-remington-62-grain-barnes-tsx-hollow-point-boat-tail-lead-free-500-rounds\/","url":"https:\/\/www.bulkammunitionshop.com\/product\/black-hills-ammunition-223-remington-62-grain-barnes-tsx-hollow-point-boat-tail-lead-free-500-rounds\/","name":"BLACK HILLS AMMUNITION 223 REMINGTON 62 GRAIN BARNES TSX HOLLOW POINT BOAT TAIL LEAD-FREE 500 ROUNDS - Bulk Ammunition shop","isPartOf":{"@id":"https:\/\/www.bulkammunitionshop.com\/#website"},"primaryImageOfPage":{"@id":"https:\/\/www.bulkammunitionshop.com\/product\/black-hills-ammunition-223-remington-62-grain-barnes-tsx-hollow-point-boat-tail-lead-free-500-rounds\/#primaryimage"},"image":{"@id":"https:\/\/www.bulkammunitionshop.com\/product\/black-hills-ammunition-223-remington-62-grain-barnes-tsx-hollow-point-boat-tail-lead-free-500-rounds\/#primaryimage"},"thumbnailUrl":"https:\/\/www.bulkammunitionshop.com\/wp-content\/uploads\/2022\/06\/xl_105001326_2.jpg","datePublished":"2022-06-28T12:32:36+00:00","breadcrumb":{"@id":"https:\/\/www.bulkammunitionshop.com\/product\/black-hills-ammunition-223-remington-62-grain-barnes-tsx-hollow-point-boat-tail-lead-free-500-rounds\/#breadcrumb"},"inLanguage":"hu","potentialAction":[{"@type":"ReadAction","target":["https:\/\/www.bulkammunitionshop.com\/product\/black-hills-ammunition-223-remington-62-grain-barnes-tsx-hollow-point-boat-tail-lead-free-500-rounds\/"]}]},{"@type":"ImageObject","inLanguage":"hu","@id":"https:\/\/www.bulkammunitionshop.com\/product\/black-hills-ammunition-223-remington-62-grain-barnes-tsx-hollow-point-boat-tail-lead-free-500-rounds\/#primaryimage","url":"https:\/\/www.bulkammunitionshop.com\/wp-content\/uploads\/2022\/06\/xl_105001326_2.jpg","contentUrl":"https:\/\/www.bulkammunitionshop.com\/wp-content\/uploads\/2022\/06\/xl_105001326_2.jpg","width":1200,"height":1200},{"@type":"BreadcrumbList","@id":"https:\/\/www.bulkammunitionshop.com\/product\/black-hills-ammunition-223-remington-62-grain-barnes-tsx-hollow-point-boat-tail-lead-free-500-rounds\/#breadcrumb","itemListElement":[{"@type":"ListItem","position":1,"name":"Home","item":"https:\/\/www.bulkammunitionshop.com\/"},{"@type":"ListItem","position":2,"name":"SHOP ALL","item":"https:\/\/www.bulkammunitionshop.com\/shop-all\/"},{"@type":"ListItem","position":3,"name":"BLACK HILLS AMMUNITION 223 REMINGTON 62 GRAIN BARNES TSX HOLLOW POINT BOAT TAIL LEAD-FREE 500 ROUNDS"}]},{"@type":"WebSite","@id":"https:\/\/www.bulkammunitionshop.com\/#website","url":"https:\/\/www.bulkammunitionshop.com\/","name":"T\u00f6meges l\u0151szerbolt","description":"V\u00e1s\u00e1roljon olcs\u00f3 l\u0151szert online - Elad\u00f3 l\u0151szer - Olcs\u00f3 l\u0151szer online","potentialAction":[{"@type":"SearchAction","target":{"@type":"EntryPoint","urlTemplate":"https:\/\/www.bulkammunitionshop.com\/?s={search_term_string}"},"query-input":{"@type":"PropertyValueSpecification","valueRequired":true,"valueName":"search_term_string"}}],"inLanguage":"hu"}]}},"jetpack_sharing_enabled":true,"_links":{"self":[{"href":"https:\/\/www.bulkammunitionshop.com\/hu\/wp-json\/wp\/v2\/product\/2146","targetHints":{"allow":["GET"]}}],"collection":[{"href":"https:\/\/www.bulkammunitionshop.com\/hu\/wp-json\/wp\/v2\/product"}],"about":[{"href":"https:\/\/www.bulkammunitionshop.com\/hu\/wp-json\/wp\/v2\/types\/product"}],"replies":[{"embeddable":true,"href":"https:\/\/www.bulkammunitionshop.com\/hu\/wp-json\/wp\/v2\/comments?post=2146"}],"wp:featuredmedia":[{"embeddable":true,"href":"https:\/\/www.bulkammunitionshop.com\/hu\/wp-json\/wp\/v2\/media\/2149"}],"wp:attachment":[{"href":"https:\/\/www.bulkammunitionshop.com\/hu\/wp-json\/wp\/v2\/media?parent=2146"}],"wp:term":[{"taxonomy":"product_brand","embeddable":true,"href":"https:\/\/www.bulkammunitionshop.com\/hu\/wp-json\/wp\/v2\/product_brand?post=2146"},{"taxonomy":"product_cat","embeddable":true,"href":"https:\/\/www.bulkammunitionshop.com\/hu\/wp-json\/wp\/v2\/product_cat?post=2146"},{"taxonomy":"product_tag","embeddable":true,"href":"https:\/\/www.bulkammunitionshop.com\/hu\/wp-json\/wp\/v2\/product_tag?post=2146"}],"curies":[{"name":"wp","href":"https:\/\/api.w.org\/{rel}","templated":true}]}}