{"id":1558,"date":"2022-05-21T16:28:56","date_gmt":"2022-05-21T16:28:56","guid":{"rendered":"https:\/\/www.bulkammunitionshop.com\/?post_type=product&#038;p=1558"},"modified":"2025-08-16T16:59:01","modified_gmt":"2025-08-16T16:59:01","slug":"colt-python-stainless-2020-revolver-357-magnum","status":"publish","type":"product","link":"https:\/\/www.bulkammunitionshop.com\/hu\/termek\/colt-python-stainless-2020-revolver-357-magnum\/","title":{"rendered":"COLT PYTHON ROZSDAMENTES 2020 REVOLVER 357 MAGNUM"},"content":{"rendered":"<p>The 2020 Python features modern stainless steel alloys and a re-designed rear sight .Thirty percent more steel beneath the rear adjustable target sight gives you a stronger revolver and more robust shooting experience<br \/>\nA recessed target crown, user-interchangeable front sight, and Walnut grip with the iconic Colt medallion make this a gun you\u2019ll want to shoot.<br \/>\n.357 Magnum caliber<br \/>\nBrand new unfired in original case<br \/>\n4.25\u2033 vent rib barrel<br \/>\nSemi-bright stainless steel finish<br \/>\nCheckered walnut medallion target grips<br \/>\n6 round fluted cylinder<\/p>","protected":false},"excerpt":{"rendered":"<p>The 2020 Python features modern stainless steel alloys and a re-designed rear sight .Thirty percent more steel beneath the rear adjustable target sight gives you a stronger revolver and more robust shooting experience A recessed target crown, user-interchangeable front sight, and Walnut grip with the iconic Colt medallion make this a gun you\u2019ll want to [&#8230;]","protected":false},"featured_media":1601,"comment_status":"open","ping_status":"closed","template":"","meta":[],"product_brand":[],"product_cat":[113,114],"product_tag":[],"class_list":{"0":"post-1558","1":"product","2":"type-product","3":"status-publish","4":"has-post-thumbnail","6":"product_cat-firearms","7":"product_cat-handguns","9":"first","10":"instock","11":"sale","12":"taxable","13":"shipping-taxable","14":"purchasable","15":"product-type-simple"},"yoast_head":"<!-- This site is optimized with the Yoast SEO Premium plugin v24.6 (Yoast SEO v25.7) - https:\/\/yoast.com\/wordpress\/plugins\/seo\/ -->\n<title>COLT PYTHON STAINLESS 2020 REVOLVER 357 MAGNUM - Bulk Ammunition shop<\/title>\n<meta name=\"robots\" content=\"index, follow, max-snippet:-1, max-image-preview:large, max-video-preview:-1\" \/>\n<link rel=\"canonical\" href=\"https:\/\/www.bulkammunitionshop.com\/hu\/termek\/colt-python-stainless-2020-revolver-357-magnum\/\" \/>\n<meta property=\"og:locale\" content=\"hu_HU\" \/>\n<meta property=\"og:type\" content=\"article\" \/>\n<meta property=\"og:title\" content=\"COLT PYTHON STAINLESS 2020 REVOLVER 357 MAGNUM\" \/>\n<meta property=\"og:description\" content=\"The 2020 Python features modern stainless steel alloys and a re-designed rear sight .Thirty percent more steel beneath the rear adjustable target sight gives you a stronger revolver and more robust shooting experience A recessed target crown, user-interchangeable front sight, and Walnut grip with the iconic Colt medallion make this a gun you\u2019ll want to [...]\" \/>\n<meta property=\"og:url\" content=\"https:\/\/www.bulkammunitionshop.com\/hu\/termek\/colt-python-stainless-2020-revolver-357-magnum\/\" \/>\n<meta property=\"og:site_name\" content=\"Bulk Ammunition shop\" \/>\n<meta property=\"article:modified_time\" content=\"2025-08-16T16:59:01+00:00\" \/>\n<meta property=\"og:image\" content=\"https:\/\/i0.wp.com\/www.bulkammunitionshop.com\/wp-content\/uploads\/2022\/05\/20200717094209-9062-1.jpg?fit=1200%2C800&ssl=1\" \/>\n\t<meta property=\"og:image:width\" content=\"1200\" \/>\n\t<meta property=\"og:image:height\" content=\"800\" \/>\n\t<meta property=\"og:image:type\" content=\"image\/jpeg\" \/>\n<meta name=\"twitter:card\" content=\"summary_large_image\" \/>\n<script type=\"application\/ld+json\" class=\"yoast-schema-graph\">{\"@context\":\"https:\/\/schema.org\",\"@graph\":[{\"@type\":\"WebPage\",\"@id\":\"https:\/\/www.bulkammunitionshop.com\/product\/colt-python-stainless-2020-revolver-357-magnum\/\",\"url\":\"https:\/\/www.bulkammunitionshop.com\/product\/colt-python-stainless-2020-revolver-357-magnum\/\",\"name\":\"COLT PYTHON STAINLESS 2020 REVOLVER 357 MAGNUM - Bulk Ammunition shop\",\"isPartOf\":{\"@id\":\"https:\/\/www.bulkammunitionshop.com\/#website\"},\"primaryImageOfPage\":{\"@id\":\"https:\/\/www.bulkammunitionshop.com\/product\/colt-python-stainless-2020-revolver-357-magnum\/#primaryimage\"},\"image\":{\"@id\":\"https:\/\/www.bulkammunitionshop.com\/product\/colt-python-stainless-2020-revolver-357-magnum\/#primaryimage\"},\"thumbnailUrl\":\"https:\/\/www.bulkammunitionshop.com\/wp-content\/uploads\/2022\/05\/20200717094209-9062-1.jpg\",\"datePublished\":\"2022-05-21T16:28:56+00:00\",\"dateModified\":\"2025-08-16T16:59:01+00:00\",\"breadcrumb\":{\"@id\":\"https:\/\/www.bulkammunitionshop.com\/product\/colt-python-stainless-2020-revolver-357-magnum\/#breadcrumb\"},\"inLanguage\":\"hu\",\"potentialAction\":[{\"@type\":\"ReadAction\",\"target\":[\"https:\/\/www.bulkammunitionshop.com\/product\/colt-python-stainless-2020-revolver-357-magnum\/\"]}]},{\"@type\":\"ImageObject\",\"inLanguage\":\"hu\",\"@id\":\"https:\/\/www.bulkammunitionshop.com\/product\/colt-python-stainless-2020-revolver-357-magnum\/#primaryimage\",\"url\":\"https:\/\/www.bulkammunitionshop.com\/wp-content\/uploads\/2022\/05\/20200717094209-9062-1.jpg\",\"contentUrl\":\"https:\/\/www.bulkammunitionshop.com\/wp-content\/uploads\/2022\/05\/20200717094209-9062-1.jpg\",\"width\":1200,\"height\":800},{\"@type\":\"BreadcrumbList\",\"@id\":\"https:\/\/www.bulkammunitionshop.com\/product\/colt-python-stainless-2020-revolver-357-magnum\/#breadcrumb\",\"itemListElement\":[{\"@type\":\"ListItem\",\"position\":1,\"name\":\"Home\",\"item\":\"https:\/\/www.bulkammunitionshop.com\/\"},{\"@type\":\"ListItem\",\"position\":2,\"name\":\"SHOP ALL\",\"item\":\"https:\/\/www.bulkammunitionshop.com\/shop-all\/\"},{\"@type\":\"ListItem\",\"position\":3,\"name\":\"COLT PYTHON STAINLESS 2020 REVOLVER 357 MAGNUM\"}]},{\"@type\":\"WebSite\",\"@id\":\"https:\/\/www.bulkammunitionshop.com\/#website\",\"url\":\"https:\/\/www.bulkammunitionshop.com\/\",\"name\":\"Bulk Ammunition shop\",\"description\":\"Buy Cheap Bulk Ammo Online - Bulk Ammo for Sale- Cheap Ammo Online\",\"potentialAction\":[{\"@type\":\"SearchAction\",\"target\":{\"@type\":\"EntryPoint\",\"urlTemplate\":\"https:\/\/www.bulkammunitionshop.com\/?s={search_term_string}\"},\"query-input\":{\"@type\":\"PropertyValueSpecification\",\"valueRequired\":true,\"valueName\":\"search_term_string\"}}],\"inLanguage\":\"hu\"}]}<\/script>\n<!-- \/ Yoast SEO Premium plugin. -->","yoast_head_json":{"title":"COLT PYTHON STAINLESS 2020 REVOLVER 357 MAGNUM - Bulk Ammunition shop","robots":{"index":"index","follow":"follow","max-snippet":"max-snippet:-1","max-image-preview":"max-image-preview:large","max-video-preview":"max-video-preview:-1"},"canonical":"https:\/\/www.bulkammunitionshop.com\/hu\/termek\/colt-python-stainless-2020-revolver-357-magnum\/","og_locale":"hu_HU","og_type":"article","og_title":"COLT PYTHON STAINLESS 2020 REVOLVER 357 MAGNUM","og_description":"The 2020 Python features modern stainless steel alloys and a re-designed rear sight .Thirty percent more steel beneath the rear adjustable target sight gives you a stronger revolver and more robust shooting experience A recessed target crown, user-interchangeable front sight, and Walnut grip with the iconic Colt medallion make this a gun you\u2019ll want to [...]","og_url":"https:\/\/www.bulkammunitionshop.com\/hu\/termek\/colt-python-stainless-2020-revolver-357-magnum\/","og_site_name":"Bulk Ammunition shop","article_modified_time":"2025-08-16T16:59:01+00:00","og_image":[{"width":1200,"height":800,"url":"https:\/\/i0.wp.com\/www.bulkammunitionshop.com\/wp-content\/uploads\/2022\/05\/20200717094209-9062-1.jpg?fit=1200%2C800&ssl=1","type":"image\/jpeg"}],"twitter_card":"summary_large_image","schema":{"@context":"https:\/\/schema.org","@graph":[{"@type":"WebPage","@id":"https:\/\/www.bulkammunitionshop.com\/product\/colt-python-stainless-2020-revolver-357-magnum\/","url":"https:\/\/www.bulkammunitionshop.com\/product\/colt-python-stainless-2020-revolver-357-magnum\/","name":"COLT PYTHON STAINLESS 2020 REVOLVER 357 MAGNUM - Bulk Ammunition shop","isPartOf":{"@id":"https:\/\/www.bulkammunitionshop.com\/#website"},"primaryImageOfPage":{"@id":"https:\/\/www.bulkammunitionshop.com\/product\/colt-python-stainless-2020-revolver-357-magnum\/#primaryimage"},"image":{"@id":"https:\/\/www.bulkammunitionshop.com\/product\/colt-python-stainless-2020-revolver-357-magnum\/#primaryimage"},"thumbnailUrl":"https:\/\/www.bulkammunitionshop.com\/wp-content\/uploads\/2022\/05\/20200717094209-9062-1.jpg","datePublished":"2022-05-21T16:28:56+00:00","dateModified":"2025-08-16T16:59:01+00:00","breadcrumb":{"@id":"https:\/\/www.bulkammunitionshop.com\/product\/colt-python-stainless-2020-revolver-357-magnum\/#breadcrumb"},"inLanguage":"hu","potentialAction":[{"@type":"ReadAction","target":["https:\/\/www.bulkammunitionshop.com\/product\/colt-python-stainless-2020-revolver-357-magnum\/"]}]},{"@type":"ImageObject","inLanguage":"hu","@id":"https:\/\/www.bulkammunitionshop.com\/product\/colt-python-stainless-2020-revolver-357-magnum\/#primaryimage","url":"https:\/\/www.bulkammunitionshop.com\/wp-content\/uploads\/2022\/05\/20200717094209-9062-1.jpg","contentUrl":"https:\/\/www.bulkammunitionshop.com\/wp-content\/uploads\/2022\/05\/20200717094209-9062-1.jpg","width":1200,"height":800},{"@type":"BreadcrumbList","@id":"https:\/\/www.bulkammunitionshop.com\/product\/colt-python-stainless-2020-revolver-357-magnum\/#breadcrumb","itemListElement":[{"@type":"ListItem","position":1,"name":"Home","item":"https:\/\/www.bulkammunitionshop.com\/"},{"@type":"ListItem","position":2,"name":"SHOP ALL","item":"https:\/\/www.bulkammunitionshop.com\/shop-all\/"},{"@type":"ListItem","position":3,"name":"COLT PYTHON STAINLESS 2020 REVOLVER 357 MAGNUM"}]},{"@type":"WebSite","@id":"https:\/\/www.bulkammunitionshop.com\/#website","url":"https:\/\/www.bulkammunitionshop.com\/","name":"T\u00f6meges l\u0151szerbolt","description":"V\u00e1s\u00e1roljon olcs\u00f3 l\u0151szert online - Elad\u00f3 l\u0151szer - Olcs\u00f3 l\u0151szer online","potentialAction":[{"@type":"SearchAction","target":{"@type":"EntryPoint","urlTemplate":"https:\/\/www.bulkammunitionshop.com\/?s={search_term_string}"},"query-input":{"@type":"PropertyValueSpecification","valueRequired":true,"valueName":"search_term_string"}}],"inLanguage":"hu"}]}},"jetpack_sharing_enabled":true,"_links":{"self":[{"href":"https:\/\/www.bulkammunitionshop.com\/hu\/wp-json\/wp\/v2\/product\/1558","targetHints":{"allow":["GET"]}}],"collection":[{"href":"https:\/\/www.bulkammunitionshop.com\/hu\/wp-json\/wp\/v2\/product"}],"about":[{"href":"https:\/\/www.bulkammunitionshop.com\/hu\/wp-json\/wp\/v2\/types\/product"}],"replies":[{"embeddable":true,"href":"https:\/\/www.bulkammunitionshop.com\/hu\/wp-json\/wp\/v2\/comments?post=1558"}],"wp:featuredmedia":[{"embeddable":true,"href":"https:\/\/www.bulkammunitionshop.com\/hu\/wp-json\/wp\/v2\/media\/1601"}],"wp:attachment":[{"href":"https:\/\/www.bulkammunitionshop.com\/hu\/wp-json\/wp\/v2\/media?parent=1558"}],"wp:term":[{"taxonomy":"product_brand","embeddable":true,"href":"https:\/\/www.bulkammunitionshop.com\/hu\/wp-json\/wp\/v2\/product_brand?post=1558"},{"taxonomy":"product_cat","embeddable":true,"href":"https:\/\/www.bulkammunitionshop.com\/hu\/wp-json\/wp\/v2\/product_cat?post=1558"},{"taxonomy":"product_tag","embeddable":true,"href":"https:\/\/www.bulkammunitionshop.com\/hu\/wp-json\/wp\/v2\/product_tag?post=1558"}],"curies":[{"name":"wp","href":"https:\/\/api.w.org\/{rel}","templated":true}]}}