{"id":1272,"date":"2022-05-21T16:24:37","date_gmt":"2022-05-21T16:24:37","guid":{"rendered":"https:\/\/www.bulkammunitionshop.com\/?post_type=product&#038;p=1272"},"modified":"2025-06-21T19:56:39","modified_gmt":"2025-06-21T19:56:39","slug":"1000rds-of-barnes-vor-tx-44-magnum-225gr-xpb-handgun-hunting-cartridges","status":"publish","type":"product","link":"https:\/\/www.bulkammunitionshop.com\/hu\/termek\/1000rds-of-barnes-vor-tx-44-magnum-225gr-xpb-handgun-hunting-cartridges\/","title":{"rendered":"1000Rds of Barnes Vor-Tx .44 Magnum 225gr XPB Handgun Hunting Cartridges"},"content":{"rendered":"<h1><strong>Le\u00edr\u00e1s<\/strong><\/h1>\n<div id=\"product-caption-block-description\" class=\"product-caption-block\">\n<p>Rely on top value with Barnes VOR-TX Centerfire Handgun Ammunition. If you are heading to the range then turn to this premium line of ammo for maximum fun at a minimum cost to you. You can find the ammo you need for all calibers grain weights and bullet styles. With great ballistics and a new and reliable feeding you will find that this brand loads better than most allowing you to hone your skills. Whether you want to play target practice or shoot in the fields these rounds are it.<\/p>\n<\/div>\n<div id=\"product-caption-block-manufacture-specification\" class=\"product-caption-block\">\n<table class=\"spec-table\" border=\"0\" cellspacing=\"0\" cellpadding=\"0\">\n<tbody>\n<tr>\n<td class=\"spec-left-column\">Kaliber:<\/td>\n<td width=\"50%\">.44 Magnum<\/td>\n<\/tr>\n<tr>\n<td class=\"spec-left-column\">K\u00f6r\u00f6k sz\u00e1ma:<\/td>\n<td width=\"50%\">1000<\/td>\n<\/tr>\n<tr>\n<td class=\"spec-left-column\">Goly\u00f3 t\u00edpusa:<\/td>\n<td width=\"50%\">XPB<\/td>\n<\/tr>\n<tr>\n<td class=\"spec-left-column\">Goly\u00f3 s\u00falya:<\/td>\n<td width=\"50%\">225 grain<\/td>\n<\/tr>\n<tr>\n<td class=\"spec-left-column\">T\u00f6lt\u00e9nyh\u00fcvely anyaga:<\/td>\n<td width=\"50%\">S\u00e1rgar\u00e9z<\/td>\n<\/tr>\n<tr>\n<td class=\"spec-left-column\">Primer helysz\u00edn:<\/td>\n<td width=\"50%\">K\u00f6z\u00e9ps\u0151 gy\u00fajt\u00e1s\u00fa<\/td>\n<\/tr>\n<\/tbody>\n<\/table>\n<\/div>","protected":false},"excerpt":{"rendered":"<p>Description Rely on top value with Barnes VOR-TX Centerfire Handgun Ammunition. If you are heading to the range then turn to this premium line of ammo for maximum fun at a minimum cost to you. You can find the ammo you need for all calibers grain weights and bullet styles. With great ballistics and a [&#8230;]","protected":false},"featured_media":1317,"comment_status":"open","ping_status":"closed","template":"","meta":[],"product_brand":[],"product_cat":[186,112],"product_tag":[],"class_list":{"0":"post-1272","1":"product","2":"type-product","3":"status-publish","4":"has-post-thumbnail","6":"product_cat-44-magnum","7":"product_cat-handgun-ammo","9":"first","10":"instock","11":"taxable","12":"shipping-taxable","13":"purchasable","14":"product-type-simple"},"yoast_head":"<!-- This site is optimized with the Yoast SEO Premium plugin v24.6 (Yoast SEO v25.7) - https:\/\/yoast.com\/wordpress\/plugins\/seo\/ -->\n<title>1000Rds of Barnes Vor-Tx .44 Magnum 225gr XPB Handgun Hunting Cartridges - Bulk Ammunition shop<\/title>\n<meta name=\"robots\" content=\"index, follow, max-snippet:-1, max-image-preview:large, max-video-preview:-1\" \/>\n<link rel=\"canonical\" href=\"https:\/\/www.bulkammunitionshop.com\/hu\/termek\/1000rds-of-barnes-vor-tx-44-magnum-225gr-xpb-handgun-hunting-cartridges\/\" \/>\n<meta property=\"og:locale\" content=\"hu_HU\" \/>\n<meta property=\"og:type\" content=\"article\" \/>\n<meta property=\"og:title\" content=\"1000Rds of Barnes Vor-Tx .44 Magnum 225gr XPB Handgun Hunting Cartridges\" \/>\n<meta property=\"og:description\" content=\"Description Rely on top value with Barnes VOR-TX Centerfire Handgun Ammunition. If you are heading to the range then turn to this premium line of ammo for maximum fun at a minimum cost to you. You can find the ammo you need for all calibers grain weights and bullet styles. With great ballistics and a [...]\" \/>\n<meta property=\"og:url\" content=\"https:\/\/www.bulkammunitionshop.com\/hu\/termek\/1000rds-of-barnes-vor-tx-44-magnum-225gr-xpb-handgun-hunting-cartridges\/\" \/>\n<meta property=\"og:site_name\" content=\"Bulk Ammunition shop\" \/>\n<meta property=\"article:modified_time\" content=\"2025-06-21T19:56:39+00:00\" \/>\n<meta property=\"og:image\" content=\"https:\/\/i0.wp.com\/www.bulkammunitionshop.com\/wp-content\/uploads\/2022\/05\/opplanet-barnes-vor-txhandgun-hunting-cartridges-10mm-auto-x-pistol-bullet-155-grain-20-rounds-31180-main.jpg?fit=978%2C550&ssl=1\" \/>\n\t<meta property=\"og:image:width\" content=\"978\" \/>\n\t<meta property=\"og:image:height\" content=\"550\" \/>\n\t<meta property=\"og:image:type\" content=\"image\/jpeg\" \/>\n<meta name=\"twitter:card\" content=\"summary_large_image\" \/>\n<meta name=\"twitter:label1\" content=\"Becs\u00fclt olvas\u00e1si id\u0151\" \/>\n\t<meta name=\"twitter:data1\" content=\"1 perc\" \/>\n<script type=\"application\/ld+json\" class=\"yoast-schema-graph\">{\"@context\":\"https:\/\/schema.org\",\"@graph\":[{\"@type\":\"WebPage\",\"@id\":\"https:\/\/www.bulkammunitionshop.com\/product\/1000rds-of-barnes-vor-tx-44-magnum-225gr-xpb-handgun-hunting-cartridges\/\",\"url\":\"https:\/\/www.bulkammunitionshop.com\/product\/1000rds-of-barnes-vor-tx-44-magnum-225gr-xpb-handgun-hunting-cartridges\/\",\"name\":\"1000Rds of Barnes Vor-Tx .44 Magnum 225gr XPB Handgun Hunting Cartridges - Bulk Ammunition shop\",\"isPartOf\":{\"@id\":\"https:\/\/www.bulkammunitionshop.com\/#website\"},\"primaryImageOfPage\":{\"@id\":\"https:\/\/www.bulkammunitionshop.com\/product\/1000rds-of-barnes-vor-tx-44-magnum-225gr-xpb-handgun-hunting-cartridges\/#primaryimage\"},\"image\":{\"@id\":\"https:\/\/www.bulkammunitionshop.com\/product\/1000rds-of-barnes-vor-tx-44-magnum-225gr-xpb-handgun-hunting-cartridges\/#primaryimage\"},\"thumbnailUrl\":\"https:\/\/www.bulkammunitionshop.com\/wp-content\/uploads\/2022\/05\/opplanet-barnes-vor-txhandgun-hunting-cartridges-10mm-auto-x-pistol-bullet-155-grain-20-rounds-31180-main.jpg\",\"datePublished\":\"2022-05-21T16:24:37+00:00\",\"dateModified\":\"2025-06-21T19:56:39+00:00\",\"breadcrumb\":{\"@id\":\"https:\/\/www.bulkammunitionshop.com\/product\/1000rds-of-barnes-vor-tx-44-magnum-225gr-xpb-handgun-hunting-cartridges\/#breadcrumb\"},\"inLanguage\":\"hu\",\"potentialAction\":[{\"@type\":\"ReadAction\",\"target\":[\"https:\/\/www.bulkammunitionshop.com\/product\/1000rds-of-barnes-vor-tx-44-magnum-225gr-xpb-handgun-hunting-cartridges\/\"]}]},{\"@type\":\"ImageObject\",\"inLanguage\":\"hu\",\"@id\":\"https:\/\/www.bulkammunitionshop.com\/product\/1000rds-of-barnes-vor-tx-44-magnum-225gr-xpb-handgun-hunting-cartridges\/#primaryimage\",\"url\":\"https:\/\/www.bulkammunitionshop.com\/wp-content\/uploads\/2022\/05\/opplanet-barnes-vor-txhandgun-hunting-cartridges-10mm-auto-x-pistol-bullet-155-grain-20-rounds-31180-main.jpg\",\"contentUrl\":\"https:\/\/www.bulkammunitionshop.com\/wp-content\/uploads\/2022\/05\/opplanet-barnes-vor-txhandgun-hunting-cartridges-10mm-auto-x-pistol-bullet-155-grain-20-rounds-31180-main.jpg\",\"width\":978,\"height\":550},{\"@type\":\"BreadcrumbList\",\"@id\":\"https:\/\/www.bulkammunitionshop.com\/product\/1000rds-of-barnes-vor-tx-44-magnum-225gr-xpb-handgun-hunting-cartridges\/#breadcrumb\",\"itemListElement\":[{\"@type\":\"ListItem\",\"position\":1,\"name\":\"Home\",\"item\":\"https:\/\/www.bulkammunitionshop.com\/\"},{\"@type\":\"ListItem\",\"position\":2,\"name\":\"SHOP ALL\",\"item\":\"https:\/\/www.bulkammunitionshop.com\/shop-all\/\"},{\"@type\":\"ListItem\",\"position\":3,\"name\":\"1000Rds of Barnes Vor-Tx .44 Magnum 225gr XPB Handgun Hunting Cartridges\"}]},{\"@type\":\"WebSite\",\"@id\":\"https:\/\/www.bulkammunitionshop.com\/#website\",\"url\":\"https:\/\/www.bulkammunitionshop.com\/\",\"name\":\"Bulk Ammunition shop\",\"description\":\"Buy Cheap Bulk Ammo Online - Bulk Ammo for Sale- Cheap Ammo Online\",\"potentialAction\":[{\"@type\":\"SearchAction\",\"target\":{\"@type\":\"EntryPoint\",\"urlTemplate\":\"https:\/\/www.bulkammunitionshop.com\/?s={search_term_string}\"},\"query-input\":{\"@type\":\"PropertyValueSpecification\",\"valueRequired\":true,\"valueName\":\"search_term_string\"}}],\"inLanguage\":\"hu\"}]}<\/script>\n<!-- \/ Yoast SEO Premium plugin. -->","yoast_head_json":{"title":"1000Rds of Barnes Vor-Tx .44 Magnum 225gr XPB Handgun Hunting Cartridges - Bulk Ammunition shop","robots":{"index":"index","follow":"follow","max-snippet":"max-snippet:-1","max-image-preview":"max-image-preview:large","max-video-preview":"max-video-preview:-1"},"canonical":"https:\/\/www.bulkammunitionshop.com\/hu\/termek\/1000rds-of-barnes-vor-tx-44-magnum-225gr-xpb-handgun-hunting-cartridges\/","og_locale":"hu_HU","og_type":"article","og_title":"1000Rds of Barnes Vor-Tx .44 Magnum 225gr XPB Handgun Hunting Cartridges","og_description":"Description Rely on top value with Barnes VOR-TX Centerfire Handgun Ammunition. If you are heading to the range then turn to this premium line of ammo for maximum fun at a minimum cost to you. You can find the ammo you need for all calibers grain weights and bullet styles. With great ballistics and a [...]","og_url":"https:\/\/www.bulkammunitionshop.com\/hu\/termek\/1000rds-of-barnes-vor-tx-44-magnum-225gr-xpb-handgun-hunting-cartridges\/","og_site_name":"Bulk Ammunition shop","article_modified_time":"2025-06-21T19:56:39+00:00","og_image":[{"width":978,"height":550,"url":"https:\/\/i0.wp.com\/www.bulkammunitionshop.com\/wp-content\/uploads\/2022\/05\/opplanet-barnes-vor-txhandgun-hunting-cartridges-10mm-auto-x-pistol-bullet-155-grain-20-rounds-31180-main.jpg?fit=978%2C550&ssl=1","type":"image\/jpeg"}],"twitter_card":"summary_large_image","twitter_misc":{"Becs\u00fclt olvas\u00e1si id\u0151":"1 perc"},"schema":{"@context":"https:\/\/schema.org","@graph":[{"@type":"WebPage","@id":"https:\/\/www.bulkammunitionshop.com\/product\/1000rds-of-barnes-vor-tx-44-magnum-225gr-xpb-handgun-hunting-cartridges\/","url":"https:\/\/www.bulkammunitionshop.com\/product\/1000rds-of-barnes-vor-tx-44-magnum-225gr-xpb-handgun-hunting-cartridges\/","name":"1000Rds of Barnes Vor-Tx .44 Magnum 225gr XPB Handgun Hunting Cartridges - Bulk Ammunition shop","isPartOf":{"@id":"https:\/\/www.bulkammunitionshop.com\/#website"},"primaryImageOfPage":{"@id":"https:\/\/www.bulkammunitionshop.com\/product\/1000rds-of-barnes-vor-tx-44-magnum-225gr-xpb-handgun-hunting-cartridges\/#primaryimage"},"image":{"@id":"https:\/\/www.bulkammunitionshop.com\/product\/1000rds-of-barnes-vor-tx-44-magnum-225gr-xpb-handgun-hunting-cartridges\/#primaryimage"},"thumbnailUrl":"https:\/\/www.bulkammunitionshop.com\/wp-content\/uploads\/2022\/05\/opplanet-barnes-vor-txhandgun-hunting-cartridges-10mm-auto-x-pistol-bullet-155-grain-20-rounds-31180-main.jpg","datePublished":"2022-05-21T16:24:37+00:00","dateModified":"2025-06-21T19:56:39+00:00","breadcrumb":{"@id":"https:\/\/www.bulkammunitionshop.com\/product\/1000rds-of-barnes-vor-tx-44-magnum-225gr-xpb-handgun-hunting-cartridges\/#breadcrumb"},"inLanguage":"hu","potentialAction":[{"@type":"ReadAction","target":["https:\/\/www.bulkammunitionshop.com\/product\/1000rds-of-barnes-vor-tx-44-magnum-225gr-xpb-handgun-hunting-cartridges\/"]}]},{"@type":"ImageObject","inLanguage":"hu","@id":"https:\/\/www.bulkammunitionshop.com\/product\/1000rds-of-barnes-vor-tx-44-magnum-225gr-xpb-handgun-hunting-cartridges\/#primaryimage","url":"https:\/\/www.bulkammunitionshop.com\/wp-content\/uploads\/2022\/05\/opplanet-barnes-vor-txhandgun-hunting-cartridges-10mm-auto-x-pistol-bullet-155-grain-20-rounds-31180-main.jpg","contentUrl":"https:\/\/www.bulkammunitionshop.com\/wp-content\/uploads\/2022\/05\/opplanet-barnes-vor-txhandgun-hunting-cartridges-10mm-auto-x-pistol-bullet-155-grain-20-rounds-31180-main.jpg","width":978,"height":550},{"@type":"BreadcrumbList","@id":"https:\/\/www.bulkammunitionshop.com\/product\/1000rds-of-barnes-vor-tx-44-magnum-225gr-xpb-handgun-hunting-cartridges\/#breadcrumb","itemListElement":[{"@type":"ListItem","position":1,"name":"Home","item":"https:\/\/www.bulkammunitionshop.com\/"},{"@type":"ListItem","position":2,"name":"SHOP ALL","item":"https:\/\/www.bulkammunitionshop.com\/shop-all\/"},{"@type":"ListItem","position":3,"name":"1000Rds of Barnes Vor-Tx .44 Magnum 225gr XPB Handgun Hunting Cartridges"}]},{"@type":"WebSite","@id":"https:\/\/www.bulkammunitionshop.com\/#website","url":"https:\/\/www.bulkammunitionshop.com\/","name":"T\u00f6meges l\u0151szerbolt","description":"V\u00e1s\u00e1roljon olcs\u00f3 l\u0151szert online - Elad\u00f3 l\u0151szer - Olcs\u00f3 l\u0151szer online","potentialAction":[{"@type":"SearchAction","target":{"@type":"EntryPoint","urlTemplate":"https:\/\/www.bulkammunitionshop.com\/?s={search_term_string}"},"query-input":{"@type":"PropertyValueSpecification","valueRequired":true,"valueName":"search_term_string"}}],"inLanguage":"hu"}]}},"jetpack_sharing_enabled":true,"_links":{"self":[{"href":"https:\/\/www.bulkammunitionshop.com\/hu\/wp-json\/wp\/v2\/product\/1272","targetHints":{"allow":["GET"]}}],"collection":[{"href":"https:\/\/www.bulkammunitionshop.com\/hu\/wp-json\/wp\/v2\/product"}],"about":[{"href":"https:\/\/www.bulkammunitionshop.com\/hu\/wp-json\/wp\/v2\/types\/product"}],"replies":[{"embeddable":true,"href":"https:\/\/www.bulkammunitionshop.com\/hu\/wp-json\/wp\/v2\/comments?post=1272"}],"wp:featuredmedia":[{"embeddable":true,"href":"https:\/\/www.bulkammunitionshop.com\/hu\/wp-json\/wp\/v2\/media\/1317"}],"wp:attachment":[{"href":"https:\/\/www.bulkammunitionshop.com\/hu\/wp-json\/wp\/v2\/media?parent=1272"}],"wp:term":[{"taxonomy":"product_brand","embeddable":true,"href":"https:\/\/www.bulkammunitionshop.com\/hu\/wp-json\/wp\/v2\/product_brand?post=1272"},{"taxonomy":"product_cat","embeddable":true,"href":"https:\/\/www.bulkammunitionshop.com\/hu\/wp-json\/wp\/v2\/product_cat?post=1272"},{"taxonomy":"product_tag","embeddable":true,"href":"https:\/\/www.bulkammunitionshop.com\/hu\/wp-json\/wp\/v2\/product_tag?post=1272"}],"curies":[{"name":"wp","href":"https:\/\/api.w.org\/{rel}","templated":true}]}}