{"id":1056,"date":"2022-05-21T16:21:19","date_gmt":"2022-05-21T16:21:19","guid":{"rendered":"https:\/\/www.bulkammunitionshop.com\/?post_type=product&#038;p=1056"},"modified":"2022-11-04T21:28:15","modified_gmt":"2022-11-04T21:28:15","slug":"500rds-of-winchester-super-x-shotshell","status":"publish","type":"product","link":"https:\/\/www.bulkammunitionshop.com\/hu\/termek\/500rds-of-winchester-super-x-shotshell\/","title":{"rendered":"500 l\u00f6v\u00e9s WINCHESTER SUPER-X SHOTSHELL"},"content":{"rendered":"","protected":false},"excerpt":{"rendered":"","protected":false},"featured_media":1104,"comment_status":"open","ping_status":"closed","template":"","meta":[],"product_brand":[],"product_cat":[120,119],"product_tag":[207],"class_list":{"0":"post-1056","1":"product","2":"type-product","3":"status-publish","4":"has-post-thumbnail","6":"product_cat-12-gauge","7":"product_cat-shotgun-ammo","8":"product_tag-buy-winchester-super-x-shotshell-online","10":"first","11":"instock","12":"taxable","13":"shipping-taxable","14":"purchasable","15":"product-type-simple"},"yoast_head":"<!-- This site is optimized with the Yoast SEO Premium plugin v24.6 (Yoast SEO v25.7) - https:\/\/yoast.com\/wordpress\/plugins\/seo\/ -->\n<title>500rds of WINCHESTER SUPER-X SHOTSHELL - Bulk Ammunition shop<\/title>\n<meta name=\"robots\" content=\"index, follow, max-snippet:-1, max-image-preview:large, max-video-preview:-1\" \/>\n<link rel=\"canonical\" href=\"https:\/\/www.bulkammunitionshop.com\/hu\/termek\/500rds-of-winchester-super-x-shotshell\/\" \/>\n<meta property=\"og:locale\" content=\"hu_HU\" \/>\n<meta property=\"og:type\" content=\"article\" \/>\n<meta property=\"og:title\" content=\"500rds of WINCHESTER SUPER-X SHOTSHELL\" \/>\n<meta property=\"og:url\" content=\"https:\/\/www.bulkammunitionshop.com\/hu\/termek\/500rds-of-winchester-super-x-shotshell\/\" \/>\n<meta property=\"og:site_name\" content=\"Bulk Ammunition shop\" \/>\n<meta property=\"article:modified_time\" content=\"2022-11-04T21:28:15+00:00\" \/>\n<meta property=\"og:image\" content=\"http:\/\/www.bulkammunitionshop.com\/wp-content\/uploads\/2022\/05\/BUY-WINCHESTER-SUPER-X-SHOTSHELL-ONLINE-600x337-1.jpg\" \/>\n\t<meta property=\"og:image:width\" content=\"600\" \/>\n\t<meta property=\"og:image:height\" content=\"337\" \/>\n\t<meta property=\"og:image:type\" content=\"image\/jpeg\" \/>\n<meta name=\"twitter:card\" content=\"summary_large_image\" \/>\n<script type=\"application\/ld+json\" class=\"yoast-schema-graph\">{\"@context\":\"https:\/\/schema.org\",\"@graph\":[{\"@type\":\"WebPage\",\"@id\":\"https:\/\/www.bulkammunitionshop.com\/product\/500rds-of-winchester-super-x-shotshell\/\",\"url\":\"https:\/\/www.bulkammunitionshop.com\/product\/500rds-of-winchester-super-x-shotshell\/\",\"name\":\"500rds of WINCHESTER SUPER-X SHOTSHELL - Bulk Ammunition shop\",\"isPartOf\":{\"@id\":\"https:\/\/www.bulkammunitionshop.com\/#website\"},\"primaryImageOfPage\":{\"@id\":\"https:\/\/www.bulkammunitionshop.com\/product\/500rds-of-winchester-super-x-shotshell\/#primaryimage\"},\"image\":{\"@id\":\"https:\/\/www.bulkammunitionshop.com\/product\/500rds-of-winchester-super-x-shotshell\/#primaryimage\"},\"thumbnailUrl\":\"https:\/\/www.bulkammunitionshop.com\/wp-content\/uploads\/2022\/05\/BUY-WINCHESTER-SUPER-X-SHOTSHELL-ONLINE-600x337-1.jpg\",\"datePublished\":\"2022-05-21T16:21:19+00:00\",\"dateModified\":\"2022-11-04T21:28:15+00:00\",\"breadcrumb\":{\"@id\":\"https:\/\/www.bulkammunitionshop.com\/product\/500rds-of-winchester-super-x-shotshell\/#breadcrumb\"},\"inLanguage\":\"hu\",\"potentialAction\":[{\"@type\":\"ReadAction\",\"target\":[\"https:\/\/www.bulkammunitionshop.com\/product\/500rds-of-winchester-super-x-shotshell\/\"]}]},{\"@type\":\"ImageObject\",\"inLanguage\":\"hu\",\"@id\":\"https:\/\/www.bulkammunitionshop.com\/product\/500rds-of-winchester-super-x-shotshell\/#primaryimage\",\"url\":\"https:\/\/www.bulkammunitionshop.com\/wp-content\/uploads\/2022\/05\/BUY-WINCHESTER-SUPER-X-SHOTSHELL-ONLINE-600x337-1.jpg\",\"contentUrl\":\"https:\/\/www.bulkammunitionshop.com\/wp-content\/uploads\/2022\/05\/BUY-WINCHESTER-SUPER-X-SHOTSHELL-ONLINE-600x337-1.jpg\",\"width\":600,\"height\":337},{\"@type\":\"BreadcrumbList\",\"@id\":\"https:\/\/www.bulkammunitionshop.com\/product\/500rds-of-winchester-super-x-shotshell\/#breadcrumb\",\"itemListElement\":[{\"@type\":\"ListItem\",\"position\":1,\"name\":\"Home\",\"item\":\"https:\/\/www.bulkammunitionshop.com\/\"},{\"@type\":\"ListItem\",\"position\":2,\"name\":\"SHOP ALL\",\"item\":\"https:\/\/www.bulkammunitionshop.com\/shop-all\/\"},{\"@type\":\"ListItem\",\"position\":3,\"name\":\"500rds of WINCHESTER SUPER-X SHOTSHELL\"}]},{\"@type\":\"WebSite\",\"@id\":\"https:\/\/www.bulkammunitionshop.com\/#website\",\"url\":\"https:\/\/www.bulkammunitionshop.com\/\",\"name\":\"Bulk Ammunition shop\",\"description\":\"Buy Cheap Bulk Ammo Online - Bulk Ammo for Sale- Cheap Ammo Online\",\"potentialAction\":[{\"@type\":\"SearchAction\",\"target\":{\"@type\":\"EntryPoint\",\"urlTemplate\":\"https:\/\/www.bulkammunitionshop.com\/?s={search_term_string}\"},\"query-input\":{\"@type\":\"PropertyValueSpecification\",\"valueRequired\":true,\"valueName\":\"search_term_string\"}}],\"inLanguage\":\"hu\"}]}<\/script>\n<!-- \/ Yoast SEO Premium plugin. -->","yoast_head_json":{"title":"500rds of WINCHESTER SUPER-X SHOTSHELL - Bulk Ammunition shop","robots":{"index":"index","follow":"follow","max-snippet":"max-snippet:-1","max-image-preview":"max-image-preview:large","max-video-preview":"max-video-preview:-1"},"canonical":"https:\/\/www.bulkammunitionshop.com\/hu\/termek\/500rds-of-winchester-super-x-shotshell\/","og_locale":"hu_HU","og_type":"article","og_title":"500rds of WINCHESTER SUPER-X SHOTSHELL","og_url":"https:\/\/www.bulkammunitionshop.com\/hu\/termek\/500rds-of-winchester-super-x-shotshell\/","og_site_name":"Bulk Ammunition shop","article_modified_time":"2022-11-04T21:28:15+00:00","og_image":[{"width":600,"height":337,"url":"http:\/\/www.bulkammunitionshop.com\/wp-content\/uploads\/2022\/05\/BUY-WINCHESTER-SUPER-X-SHOTSHELL-ONLINE-600x337-1.jpg","type":"image\/jpeg"}],"twitter_card":"summary_large_image","schema":{"@context":"https:\/\/schema.org","@graph":[{"@type":"WebPage","@id":"https:\/\/www.bulkammunitionshop.com\/product\/500rds-of-winchester-super-x-shotshell\/","url":"https:\/\/www.bulkammunitionshop.com\/product\/500rds-of-winchester-super-x-shotshell\/","name":"500rds of WINCHESTER SUPER-X SHOTSHELL - Bulk Ammunition shop","isPartOf":{"@id":"https:\/\/www.bulkammunitionshop.com\/#website"},"primaryImageOfPage":{"@id":"https:\/\/www.bulkammunitionshop.com\/product\/500rds-of-winchester-super-x-shotshell\/#primaryimage"},"image":{"@id":"https:\/\/www.bulkammunitionshop.com\/product\/500rds-of-winchester-super-x-shotshell\/#primaryimage"},"thumbnailUrl":"https:\/\/www.bulkammunitionshop.com\/wp-content\/uploads\/2022\/05\/BUY-WINCHESTER-SUPER-X-SHOTSHELL-ONLINE-600x337-1.jpg","datePublished":"2022-05-21T16:21:19+00:00","dateModified":"2022-11-04T21:28:15+00:00","breadcrumb":{"@id":"https:\/\/www.bulkammunitionshop.com\/product\/500rds-of-winchester-super-x-shotshell\/#breadcrumb"},"inLanguage":"hu","potentialAction":[{"@type":"ReadAction","target":["https:\/\/www.bulkammunitionshop.com\/product\/500rds-of-winchester-super-x-shotshell\/"]}]},{"@type":"ImageObject","inLanguage":"hu","@id":"https:\/\/www.bulkammunitionshop.com\/product\/500rds-of-winchester-super-x-shotshell\/#primaryimage","url":"https:\/\/www.bulkammunitionshop.com\/wp-content\/uploads\/2022\/05\/BUY-WINCHESTER-SUPER-X-SHOTSHELL-ONLINE-600x337-1.jpg","contentUrl":"https:\/\/www.bulkammunitionshop.com\/wp-content\/uploads\/2022\/05\/BUY-WINCHESTER-SUPER-X-SHOTSHELL-ONLINE-600x337-1.jpg","width":600,"height":337},{"@type":"BreadcrumbList","@id":"https:\/\/www.bulkammunitionshop.com\/product\/500rds-of-winchester-super-x-shotshell\/#breadcrumb","itemListElement":[{"@type":"ListItem","position":1,"name":"Home","item":"https:\/\/www.bulkammunitionshop.com\/"},{"@type":"ListItem","position":2,"name":"SHOP ALL","item":"https:\/\/www.bulkammunitionshop.com\/shop-all\/"},{"@type":"ListItem","position":3,"name":"500rds of WINCHESTER SUPER-X SHOTSHELL"}]},{"@type":"WebSite","@id":"https:\/\/www.bulkammunitionshop.com\/#website","url":"https:\/\/www.bulkammunitionshop.com\/","name":"T\u00f6meges l\u0151szerbolt","description":"V\u00e1s\u00e1roljon olcs\u00f3 l\u0151szert online - Elad\u00f3 l\u0151szer - Olcs\u00f3 l\u0151szer online","potentialAction":[{"@type":"SearchAction","target":{"@type":"EntryPoint","urlTemplate":"https:\/\/www.bulkammunitionshop.com\/?s={search_term_string}"},"query-input":{"@type":"PropertyValueSpecification","valueRequired":true,"valueName":"search_term_string"}}],"inLanguage":"hu"}]}},"jetpack_sharing_enabled":true,"_links":{"self":[{"href":"https:\/\/www.bulkammunitionshop.com\/hu\/wp-json\/wp\/v2\/product\/1056","targetHints":{"allow":["GET"]}}],"collection":[{"href":"https:\/\/www.bulkammunitionshop.com\/hu\/wp-json\/wp\/v2\/product"}],"about":[{"href":"https:\/\/www.bulkammunitionshop.com\/hu\/wp-json\/wp\/v2\/types\/product"}],"replies":[{"embeddable":true,"href":"https:\/\/www.bulkammunitionshop.com\/hu\/wp-json\/wp\/v2\/comments?post=1056"}],"wp:featuredmedia":[{"embeddable":true,"href":"https:\/\/www.bulkammunitionshop.com\/hu\/wp-json\/wp\/v2\/media\/1104"}],"wp:attachment":[{"href":"https:\/\/www.bulkammunitionshop.com\/hu\/wp-json\/wp\/v2\/media?parent=1056"}],"wp:term":[{"taxonomy":"product_brand","embeddable":true,"href":"https:\/\/www.bulkammunitionshop.com\/hu\/wp-json\/wp\/v2\/product_brand?post=1056"},{"taxonomy":"product_cat","embeddable":true,"href":"https:\/\/www.bulkammunitionshop.com\/hu\/wp-json\/wp\/v2\/product_cat?post=1056"},{"taxonomy":"product_tag","embeddable":true,"href":"https:\/\/www.bulkammunitionshop.com\/hu\/wp-json\/wp\/v2\/product_tag?post=1056"}],"curies":[{"name":"wp","href":"https:\/\/api.w.org\/{rel}","templated":true}]}}