{"id":2995,"date":"2022-10-23T09:21:17","date_gmt":"2022-10-23T09:21:17","guid":{"rendered":"https:\/\/www.bulkammunitionshop.com\/?post_type=product&#038;p=2995"},"modified":"2022-10-23T09:21:17","modified_gmt":"2022-10-23T09:21:17","slug":"nosler-prilagodeno-streljivo-300-weatherby-magnum-180-grain-pregrada-spitzer-300-metaka","status":"publish","type":"product","link":"https:\/\/www.bulkammunitionshop.com\/hr\/proizvod\/nosler-prilagodeno-streljivo-300-weatherby-magnum-180-grain-pregrada-spitzer-300-metaka\/","title":{"rendered":"NOSLER CUSTOM AMMUNITION 300 WEATHERBY MAGNUM 180 GRAIN PARTITION SPITZER 300 ROUNDS"},"content":{"rendered":"<ul class=\"tabs wc-tabs product-tabs small-nav-collapse nav nav-uppercase nav-line nav-left\" role=\"tablist\">\n<li id=\"tab-title-description\" class=\"description_tab active\" role=\"tab\" aria-controls=\"tab-description\">OPIS<\/li>\n<\/ul>\n<div class=\"tab-panels\">\n<div id=\"tab-description\" class=\"woocommerce-Tabs-panel woocommerce-Tabs-panel--description panel entry-content active\" role=\"tabpanel\" aria-labelledby=\"tab-title-description\">\n<div class=\"sc_layouts_title_title\">\n<p class=\"sc_layouts_title_caption\">NOSLER CUSTOM AMMUNITION 300 WEATHERBY MAGNUM 180 GRAIN PARTITION SPITZER 300 ROUNDS. Vi\u0161e od 60 godina, profesionalci u Nosleru izra\u0111uju precizne projektile za natjecateljske strijelce, lovce na \u0161teto\u010dine i lovce na krupnu divlja\u010d. Sada su uzeli Noslerovu premium tehnologiju lova\u010dkih projektila i stvorili Custom liniju premium streljiva koriste\u0107i nove mesingane materijale popularnih marki iz industrije ponovnog punjenja. Punjeno isklju\u010divo za MidwayUSA, Nosler Custom Ammunition dostupno je u preko 100 punjenja. Mesing se re\u017ee prema to\u010dnim SAAMI specifikacijama, zako\u0161uje se, uklanjaju se neravnine, a rupe za bljesak se provjeravaju radi pravilne poravnanja. Kapsule se pregledavaju i ru\u010dno ume\u0107u. Barut se ru\u010dno baca i provjerava se konzistencija. Na kraju se projektil pregledava i pravilno ume\u0107e u to\u010dno poravnanje. Cijeli proces punjenja osobno ru\u010dno sastavljaju Noslerovi balisti\u010dari. Gotov projektil je jednak najboljem ru\u010dnom punjenju. Napunjeni projektili ru\u010dno se pakiraju u plasti\u010dne kutije za streljivo s prilago\u0111enim balisti\u010dkim podacima otisnutim na etiketi. Ovo streljivo je novoproizvedeno, nehr\u0111aju\u0107e u \u010dahurama od mesinga s bokser premazom, koje se mogu ponovno puniti.<\/p>\n<\/div>\n<\/div>\n<\/div>","protected":false},"excerpt":{"rendered":"<div class=\"product-short-description\">\n<p><b>Bilje\u0161ka:\u00a0<\/b>\u00a0\u00a0 Neki kalibri mogu se puniti u komercijalnu mjed ako Nosler mjed nije dostupan.<\/p>\n<h3>INFORMACIJE O PROIZVODU<\/h3>\n<table class=\"product-specs-table padding-none stack-l width-100\">\n<tbody>\n<tr class=\"product-specs-table-container is-selectable\">\n<td class=\"product-specs-table-detail\">Ulo\u017eak<\/td>\n<td class=\"product-specs-table-definition\">300 Weatherby Magnum<\/td>\n<\/tr>\n<tr class=\"product-specs-table-container\">\n<td class=\"product-specs-table-detail\">Te\u017eina zrna<\/td>\n<td class=\"product-specs-table-definition\">180 zrna<\/td>\n<\/tr>\n<tr class=\"product-specs-table-container is-selectable\">\n<td class=\"product-specs-table-detail\">Koli\u010dina<\/td>\n<td class=\"product-specs-table-definition\">300 rundi<\/td>\n<\/tr>\n<tr class=\"product-specs-table-container\">\n<td class=\"product-specs-table-detail\">Brzina na ustima cijevi<\/td>\n<td class=\"product-specs-table-definition\">3175 stopa u sekundi<\/td>\n<\/tr>\n<tr class=\"product-specs-table-container\">\n<td class=\"product-specs-table-detail\">Energija cijevi iz ustiju<\/td>\n<td class=\"product-specs-table-definition\">4029 stopa funti<\/td>\n<\/tr>\n<tr class=\"product-specs-table-container\">\n<td class=\"product-specs-table-detail\">Stil grafi\u010dke oznake<\/td>\n<td class=\"product-specs-table-definition\">Mekani vrh s pla\u0161tem<\/td>\n<\/tr>\n<tr class=\"product-specs-table-container\">\n<td class=\"product-specs-table-detail\">Marka i model metka<\/td>\n<td class=\"product-specs-table-definition\">Noslerova particija<\/td>\n<\/tr>\n<tr class=\"product-specs-table-container\">\n<td class=\"product-specs-table-detail\">Bez olova<\/td>\n<td class=\"product-specs-table-definition\">Ne<\/td>\n<\/tr>\n<tr class=\"product-specs-table-container\">\n<td class=\"product-specs-table-detail\">Vrsta slu\u010daja<\/td>\n<td class=\"product-specs-table-definition\">Mesing<\/td>\n<\/tr>\n<tr class=\"product-specs-table-container\">\n<td class=\"product-specs-table-detail\">Temeljni premaz<\/td>\n<td class=\"product-specs-table-definition\">Bokser<\/td>\n<\/tr>\n<tr class=\"product-specs-table-container\">\n<td class=\"product-specs-table-detail\">Korozivno<\/td>\n<td class=\"product-specs-table-definition\">Ne<\/td>\n<\/tr>\n<tr class=\"product-specs-table-container\">\n<td class=\"product-specs-table-detail\">Ponovno punjenje<\/td>\n<td class=\"product-specs-table-definition\">Da<\/td>\n<\/tr>\n<tr class=\"product-specs-table-container\">\n<td class=\"product-specs-table-detail\">G1 Balisti\u010dki koeficijent<\/td>\n<td class=\"product-specs-table-definition\">0.474<\/td>\n<\/tr>\n<tr class=\"product-specs-table-container\">\n<td class=\"product-specs-table-detail\">Gusto\u0107a presjeka<\/td>\n<td class=\"product-specs-table-definition\">0.271<\/td>\n<\/tr>\n<tr class=\"product-specs-table-container\">\n<td class=\"product-specs-table-detail\">Ocjena brzine<\/td>\n<td class=\"product-specs-table-definition\">Nadzvu\u010dni<\/td>\n<\/tr>\n<\/tbody>\n<\/table>\n<\/div>\n<p>Ovaj proizvod je na zalihi i spreman za otpremu. 100% Brza dostava zajam\u010dena. Naru\u010dite odmah!<\/p>","protected":false},"featured_media":2997,"comment_status":"open","ping_status":"closed","template":"","meta":[],"product_brand":[],"product_cat":[268,121],"product_tag":[],"class_list":{"0":"post-2995","1":"product","2":"type-product","3":"status-publish","4":"has-post-thumbnail","6":"product_cat-300-weatherby-magnum","7":"product_cat-rifle-ammo","9":"first","10":"instock","11":"taxable","12":"shipping-taxable","13":"purchasable","14":"product-type-simple"},"yoast_head":"<!-- This site is optimized with the Yoast SEO Premium plugin v24.6 (Yoast SEO v25.7) - https:\/\/yoast.com\/wordpress\/plugins\/seo\/ -->\n<title>NOSLER CUSTOM AMMUNITION 300 WEATHERBY MAGNUM 180 GRAIN PARTITION SPITZER 300 ROUNDS - Bulk Ammunition shop<\/title>\n<meta name=\"robots\" content=\"index, follow, max-snippet:-1, max-image-preview:large, max-video-preview:-1\" \/>\n<link rel=\"canonical\" href=\"https:\/\/www.bulkammunitionshop.com\/hr\/proizvod\/nosler-prilagodeno-streljivo-300-weatherby-magnum-180-grain-pregrada-spitzer-300-metaka\/\" \/>\n<meta property=\"og:locale\" content=\"hr_HR\" \/>\n<meta property=\"og:type\" content=\"article\" \/>\n<meta property=\"og:title\" content=\"NOSLER CUSTOM AMMUNITION 300 WEATHERBY MAGNUM 180 GRAIN PARTITION SPITZER 300 ROUNDS\" \/>\n<meta property=\"og:description\" content=\"Note:\u00a0\u00a0\u00a0 Some calibers may be loaded in commercial brass if Nosler brass is unavailable. PRODUCT INFORMATION    Cartridge 300 Weatherby Magnum   Grain Weight 180 Grains   Quantity 300 Round   Muzzle Velocity 3175 Feet Per Second   Muzzle Energy 4029 Foot Pounds   Bullet Style Jacketed Soft Point   Bullet Brand And Model Nosler Partition   Lead Free No   Case Type Brass   Primer Boxer   Corrosive No   Reloadable Yes   G1 Ballistic Coefficient 0.474   Sectional Density 0.271   Velocity Rating Supersonic     This Product Is In Stock and Ready to Ship. 100% Fast Shipping Guaranteed. Place Order Now!\" \/>\n<meta property=\"og:url\" content=\"https:\/\/www.bulkammunitionshop.com\/hr\/proizvod\/nosler-prilagodeno-streljivo-300-weatherby-magnum-180-grain-pregrada-spitzer-300-metaka\/\" \/>\n<meta property=\"og:site_name\" content=\"Bulk Ammunition shop\" \/>\n<meta property=\"og:image\" content=\"http:\/\/www.bulkammunitionshop.com\/wp-content\/uploads\/2022\/10\/NOSLER-E-TIP-AMMUNITION-300-WEATHERBY-MAGNUM-180-GRAIN-POLYMER-TIP-LEAD-FREE-300-ROUNDS.jpg\" \/>\n\t<meta property=\"og:image:width\" content=\"680\" \/>\n\t<meta property=\"og:image:height\" content=\"510\" \/>\n\t<meta property=\"og:image:type\" content=\"image\/jpeg\" \/>\n<meta name=\"twitter:card\" content=\"summary_large_image\" \/>\n<meta name=\"twitter:label1\" content=\"Procijenjeno vrijeme \u010ditanja\" \/>\n\t<meta name=\"twitter:data1\" content=\"1 minuta\" \/>\n<script type=\"application\/ld+json\" class=\"yoast-schema-graph\">{\"@context\":\"https:\/\/schema.org\",\"@graph\":[{\"@type\":\"WebPage\",\"@id\":\"https:\/\/www.bulkammunitionshop.com\/product\/nosler-custom-ammunition-300-weatherby-magnum-180-grain-partition-spitzer-300-rounds\/\",\"url\":\"https:\/\/www.bulkammunitionshop.com\/product\/nosler-custom-ammunition-300-weatherby-magnum-180-grain-partition-spitzer-300-rounds\/\",\"name\":\"NOSLER CUSTOM AMMUNITION 300 WEATHERBY MAGNUM 180 GRAIN PARTITION SPITZER 300 ROUNDS - Bulk Ammunition shop\",\"isPartOf\":{\"@id\":\"https:\/\/www.bulkammunitionshop.com\/#website\"},\"primaryImageOfPage\":{\"@id\":\"https:\/\/www.bulkammunitionshop.com\/product\/nosler-custom-ammunition-300-weatherby-magnum-180-grain-partition-spitzer-300-rounds\/#primaryimage\"},\"image\":{\"@id\":\"https:\/\/www.bulkammunitionshop.com\/product\/nosler-custom-ammunition-300-weatherby-magnum-180-grain-partition-spitzer-300-rounds\/#primaryimage\"},\"thumbnailUrl\":\"https:\/\/www.bulkammunitionshop.com\/wp-content\/uploads\/2022\/10\/NOSLER-E-TIP-AMMUNITION-300-WEATHERBY-MAGNUM-180-GRAIN-POLYMER-TIP-LEAD-FREE-300-ROUNDS.jpg\",\"datePublished\":\"2022-10-23T09:21:17+00:00\",\"breadcrumb\":{\"@id\":\"https:\/\/www.bulkammunitionshop.com\/product\/nosler-custom-ammunition-300-weatherby-magnum-180-grain-partition-spitzer-300-rounds\/#breadcrumb\"},\"inLanguage\":\"hr\",\"potentialAction\":[{\"@type\":\"ReadAction\",\"target\":[\"https:\/\/www.bulkammunitionshop.com\/product\/nosler-custom-ammunition-300-weatherby-magnum-180-grain-partition-spitzer-300-rounds\/\"]}]},{\"@type\":\"ImageObject\",\"inLanguage\":\"hr\",\"@id\":\"https:\/\/www.bulkammunitionshop.com\/product\/nosler-custom-ammunition-300-weatherby-magnum-180-grain-partition-spitzer-300-rounds\/#primaryimage\",\"url\":\"https:\/\/www.bulkammunitionshop.com\/wp-content\/uploads\/2022\/10\/NOSLER-E-TIP-AMMUNITION-300-WEATHERBY-MAGNUM-180-GRAIN-POLYMER-TIP-LEAD-FREE-300-ROUNDS.jpg\",\"contentUrl\":\"https:\/\/www.bulkammunitionshop.com\/wp-content\/uploads\/2022\/10\/NOSLER-E-TIP-AMMUNITION-300-WEATHERBY-MAGNUM-180-GRAIN-POLYMER-TIP-LEAD-FREE-300-ROUNDS.jpg\",\"width\":680,\"height\":510},{\"@type\":\"BreadcrumbList\",\"@id\":\"https:\/\/www.bulkammunitionshop.com\/product\/nosler-custom-ammunition-300-weatherby-magnum-180-grain-partition-spitzer-300-rounds\/#breadcrumb\",\"itemListElement\":[{\"@type\":\"ListItem\",\"position\":1,\"name\":\"Home\",\"item\":\"https:\/\/www.bulkammunitionshop.com\/\"},{\"@type\":\"ListItem\",\"position\":2,\"name\":\"SHOP ALL\",\"item\":\"https:\/\/www.bulkammunitionshop.com\/shop-all\/\"},{\"@type\":\"ListItem\",\"position\":3,\"name\":\"NOSLER CUSTOM AMMUNITION 300 WEATHERBY MAGNUM 180 GRAIN PARTITION SPITZER 300 ROUNDS\"}]},{\"@type\":\"WebSite\",\"@id\":\"https:\/\/www.bulkammunitionshop.com\/#website\",\"url\":\"https:\/\/www.bulkammunitionshop.com\/\",\"name\":\"Bulk Ammunition shop\",\"description\":\"Buy Cheap Bulk Ammo Online - Bulk Ammo for Sale- Cheap Ammo Online\",\"potentialAction\":[{\"@type\":\"SearchAction\",\"target\":{\"@type\":\"EntryPoint\",\"urlTemplate\":\"https:\/\/www.bulkammunitionshop.com\/?s={search_term_string}\"},\"query-input\":{\"@type\":\"PropertyValueSpecification\",\"valueRequired\":true,\"valueName\":\"search_term_string\"}}],\"inLanguage\":\"hr\"}]}<\/script>\n<!-- \/ Yoast SEO Premium plugin. -->","yoast_head_json":{"title":"NOSLER CUSTOM AMMUNITION 300 WEATHERBY MAGNUM 180 GRAIN PARTITION SPITZER 300 ROUNDS - Trgovina streljivom na veliko","robots":{"index":"index","follow":"follow","max-snippet":"max-snippet:-1","max-image-preview":"max-image-preview:large","max-video-preview":"max-video-preview:-1"},"canonical":"https:\/\/www.bulkammunitionshop.com\/hr\/proizvod\/nosler-prilagodeno-streljivo-300-weatherby-magnum-180-grain-pregrada-spitzer-300-metaka\/","og_locale":"hr_HR","og_type":"article","og_title":"NOSLER CUSTOM AMMUNITION 300 WEATHERBY MAGNUM 180 GRAIN PARTITION SPITZER 300 ROUNDS","og_description":"Note:\u00a0\u00a0\u00a0 Some calibers may be loaded in commercial brass if Nosler brass is unavailable. PRODUCT INFORMATION    Cartridge 300 Weatherby Magnum   Grain Weight 180 Grains   Quantity 300 Round   Muzzle Velocity 3175 Feet Per Second   Muzzle Energy 4029 Foot Pounds   Bullet Style Jacketed Soft Point   Bullet Brand And Model Nosler Partition   Lead Free No   Case Type Brass   Primer Boxer   Corrosive No   Reloadable Yes   G1 Ballistic Coefficient 0.474   Sectional Density 0.271   Velocity Rating Supersonic     This Product Is In Stock and Ready to Ship. 100% Fast Shipping Guaranteed. Place Order Now!","og_url":"https:\/\/www.bulkammunitionshop.com\/hr\/proizvod\/nosler-prilagodeno-streljivo-300-weatherby-magnum-180-grain-pregrada-spitzer-300-metaka\/","og_site_name":"Bulk Ammunition shop","og_image":[{"width":680,"height":510,"url":"http:\/\/www.bulkammunitionshop.com\/wp-content\/uploads\/2022\/10\/NOSLER-E-TIP-AMMUNITION-300-WEATHERBY-MAGNUM-180-GRAIN-POLYMER-TIP-LEAD-FREE-300-ROUNDS.jpg","type":"image\/jpeg"}],"twitter_card":"summary_large_image","twitter_misc":{"Procijenjeno vrijeme \u010ditanja":"1 minuta"},"schema":{"@context":"https:\/\/schema.org","@graph":[{"@type":"WebPage","@id":"https:\/\/www.bulkammunitionshop.com\/product\/nosler-custom-ammunition-300-weatherby-magnum-180-grain-partition-spitzer-300-rounds\/","url":"https:\/\/www.bulkammunitionshop.com\/product\/nosler-custom-ammunition-300-weatherby-magnum-180-grain-partition-spitzer-300-rounds\/","name":"NOSLER CUSTOM AMMUNITION 300 WEATHERBY MAGNUM 180 GRAIN PARTITION SPITZER 300 ROUNDS - Trgovina streljivom na veliko","isPartOf":{"@id":"https:\/\/www.bulkammunitionshop.com\/#website"},"primaryImageOfPage":{"@id":"https:\/\/www.bulkammunitionshop.com\/product\/nosler-custom-ammunition-300-weatherby-magnum-180-grain-partition-spitzer-300-rounds\/#primaryimage"},"image":{"@id":"https:\/\/www.bulkammunitionshop.com\/product\/nosler-custom-ammunition-300-weatherby-magnum-180-grain-partition-spitzer-300-rounds\/#primaryimage"},"thumbnailUrl":"https:\/\/www.bulkammunitionshop.com\/wp-content\/uploads\/2022\/10\/NOSLER-E-TIP-AMMUNITION-300-WEATHERBY-MAGNUM-180-GRAIN-POLYMER-TIP-LEAD-FREE-300-ROUNDS.jpg","datePublished":"2022-10-23T09:21:17+00:00","breadcrumb":{"@id":"https:\/\/www.bulkammunitionshop.com\/product\/nosler-custom-ammunition-300-weatherby-magnum-180-grain-partition-spitzer-300-rounds\/#breadcrumb"},"inLanguage":"hr","potentialAction":[{"@type":"ReadAction","target":["https:\/\/www.bulkammunitionshop.com\/product\/nosler-custom-ammunition-300-weatherby-magnum-180-grain-partition-spitzer-300-rounds\/"]}]},{"@type":"ImageObject","inLanguage":"hr","@id":"https:\/\/www.bulkammunitionshop.com\/product\/nosler-custom-ammunition-300-weatherby-magnum-180-grain-partition-spitzer-300-rounds\/#primaryimage","url":"https:\/\/www.bulkammunitionshop.com\/wp-content\/uploads\/2022\/10\/NOSLER-E-TIP-AMMUNITION-300-WEATHERBY-MAGNUM-180-GRAIN-POLYMER-TIP-LEAD-FREE-300-ROUNDS.jpg","contentUrl":"https:\/\/www.bulkammunitionshop.com\/wp-content\/uploads\/2022\/10\/NOSLER-E-TIP-AMMUNITION-300-WEATHERBY-MAGNUM-180-GRAIN-POLYMER-TIP-LEAD-FREE-300-ROUNDS.jpg","width":680,"height":510},{"@type":"BreadcrumbList","@id":"https:\/\/www.bulkammunitionshop.com\/product\/nosler-custom-ammunition-300-weatherby-magnum-180-grain-partition-spitzer-300-rounds\/#breadcrumb","itemListElement":[{"@type":"ListItem","position":1,"name":"Home","item":"https:\/\/www.bulkammunitionshop.com\/"},{"@type":"ListItem","position":2,"name":"SHOP ALL","item":"https:\/\/www.bulkammunitionshop.com\/shop-all\/"},{"@type":"ListItem","position":3,"name":"NOSLER CUSTOM AMMUNITION 300 WEATHERBY MAGNUM 180 GRAIN PARTITION SPITZER 300 ROUNDS"}]},{"@type":"WebSite","@id":"https:\/\/www.bulkammunitionshop.com\/#website","url":"https:\/\/www.bulkammunitionshop.com\/","name":"Trgovina streljivom na veliko","description":"Kupite jeftino streljivo online - Streljivo na veliko na prodaju - Jeftino streljivo online","potentialAction":[{"@type":"SearchAction","target":{"@type":"EntryPoint","urlTemplate":"https:\/\/www.bulkammunitionshop.com\/?s={search_term_string}"},"query-input":{"@type":"PropertyValueSpecification","valueRequired":true,"valueName":"search_term_string"}}],"inLanguage":"hr"}]}},"jetpack_sharing_enabled":true,"_links":{"self":[{"href":"https:\/\/www.bulkammunitionshop.com\/hr\/wp-json\/wp\/v2\/product\/2995","targetHints":{"allow":["GET"]}}],"collection":[{"href":"https:\/\/www.bulkammunitionshop.com\/hr\/wp-json\/wp\/v2\/product"}],"about":[{"href":"https:\/\/www.bulkammunitionshop.com\/hr\/wp-json\/wp\/v2\/types\/product"}],"replies":[{"embeddable":true,"href":"https:\/\/www.bulkammunitionshop.com\/hr\/wp-json\/wp\/v2\/comments?post=2995"}],"wp:featuredmedia":[{"embeddable":true,"href":"https:\/\/www.bulkammunitionshop.com\/hr\/wp-json\/wp\/v2\/media\/2997"}],"wp:attachment":[{"href":"https:\/\/www.bulkammunitionshop.com\/hr\/wp-json\/wp\/v2\/media?parent=2995"}],"wp:term":[{"taxonomy":"product_brand","embeddable":true,"href":"https:\/\/www.bulkammunitionshop.com\/hr\/wp-json\/wp\/v2\/product_brand?post=2995"},{"taxonomy":"product_cat","embeddable":true,"href":"https:\/\/www.bulkammunitionshop.com\/hr\/wp-json\/wp\/v2\/product_cat?post=2995"},{"taxonomy":"product_tag","embeddable":true,"href":"https:\/\/www.bulkammunitionshop.com\/hr\/wp-json\/wp\/v2\/product_tag?post=2995"}],"curies":[{"name":"wp","href":"https:\/\/api.w.org\/{rel}","templated":true}]}}