{"id":3105,"date":"2022-11-04T23:16:14","date_gmt":"2022-11-04T23:16:14","guid":{"rendered":"https:\/\/www.bulkammunitionshop.com\/?post_type=product&#038;p=3105"},"modified":"2022-11-04T23:16:14","modified_gmt":"2022-11-04T23:16:14","slug":"munitions-pour-pistolet-a-percussion-centrale-a-chevrotine-de-calibre-410-5-plombs-500-cartouches-defense-personnelle-federale-premium","status":"publish","type":"product","link":"https:\/\/www.bulkammunitionshop.com\/fr_fr\/produit\/munitions-pour-pistolet-a-percussion-centrale-a-chevrotine-de-calibre-410-5-plombs-500-cartouches-defense-personnelle-federale-premium\/","title":{"rendered":"Munitions pour pistolet \u00e0 percussion centrale Federal Premium, calibre .410, 5 plombs, chevrotine, 500 cartouches"},"content":{"rendered":"<h1 class=\"sc_layouts_title_caption\">D\u00c9FENSE PERSONNELLE F\u00c9D\u00c9RALE PREMIUM <a href=\"https:\/\/www.bulkammunitionshop.com\/fr_fr\/\">.410 AL\u00c9SAGE<\/a> MUNITIONS POUR PISTOLET \u00c0 PERCUSSION CENTRALE \u00c0 5 PLOMBS, 500 CARTOUCHES<\/h1>\n<h2>Description<\/h2>\n<div>Les munitions Federal Premium Personal Defense 410 pour armes de poing \u2013 Judge sont con\u00e7ues pour r\u00e9pondre \u00e0 vos besoins en mati\u00e8re de s\u00e9curit\u00e9 personnelle. Le syst\u00e8me de chargement syst\u00e9matique comprend un syst\u00e8me de bourre sur le canon du fusil. Ces munitions sont con\u00e7ues pour neutraliser imm\u00e9diatement les menaces sans risquer de blesser votre foyer. S&#039;agissant d&#039;un syst\u00e8me de d\u00e9fense domestique, des recherches approfondies ont \u00e9t\u00e9 men\u00e9es sur ces munitions. La balle am\u00e9liore r\u00e9ellement la fonctionnalit\u00e9 de l&#039;arme et \u00e9vite les probl\u00e8mes et les enrayages. Ces cartouches sont particuli\u00e8rement adapt\u00e9es au Judge, mais conviennent \u00e9galement au S&amp;W Governor.<\/div>\n<div><\/div>\n<h2>CARACT\u00c9RISTIQUES<\/h2>\n<div>Sp\u00e9cifications pour les munitions pour pistolet \u00e0 plomb plaqu\u00e9 cuivre Federal Premium Personal Defense 410, calibre 410, 5 plombs\u00a0:<\/div>\n<div>Fabricant : Federal Premium<\/div>\n<div>Calibre : .410<\/div>\n<div>Nombre de tours : 500<\/div>\n<div>Longueur de la coque : 3 po<\/div>\n<div>Vitesse initiale : 775 pi\/s<\/div>\n<div>Accessoires inclus : Standard<\/div>\n<div>Application : D\u00e9fense personnelle<\/div>\n<div>Taille du coup : 000 dollars<\/div>\n<div>Mat\u00e9riau des grenailles : plomb cuivr\u00e9<\/div>\n<div>Style d&#039;amorce : \u00e0 percussion centrale<\/div>\n<div>Nombre de plombs de fusil de chasse : 5<\/div>\n<div>Sans plomb : Non<\/div>\n<div>Type de balle : chevrotine de plomb<\/div>\n<div>Cartouche : .410 Al\u00e9sage<\/div>\n<div><\/div>\n<h2>CARACT\u00c9RISTIQUES<\/h2>\n<div>Caract\u00e9ristiques des munitions pour pistolet de d\u00e9fense personnelle Federal Premium 410, calibre 410, 5 plombs, plomb plaqu\u00e9 cuivre, chevrotine<\/div>\n<div>Excellents mod\u00e8les de d\u00e9fense personnelle et domestique<\/div>\n<div>Livraison \u00e0 haute \u00e9nergie<\/div>\n<div>Des t\u00eates sp\u00e9ciales en laiton assurent une extraction en douceur<\/div>\n<div><\/div>\n<h2>CONTENU DU COLIS<\/h2>\n<div>Contenu du colis :<\/div>\n<div>Munitions pour pistolet \u00e0 chevrotine Federal Premium Personal Defense 410, calibre 410, 5 plombs, plaqu\u00e9 cuivre<\/div>","protected":false},"excerpt":{"rendered":"<p>Ce produit est en stock et pr\u00eat \u00e0 \u00eatre exp\u00e9di\u00e9. 100% Livraison rapide garantie. Commandez d\u00e8s maintenant\u00a0!<\/p>\n<form class=\"cart\" action=\"https:\/\/armoryweapons.com\/product\/federal-premium-personal-defense-410-bore-5-pellet-lead-buckshot-centerfire-pistol-ammunition-500-rounds-2\/\" enctype=\"multipart\/form-data\" method=\"post\">\n<div class=\"quantity buttons_added\"><\/div>\n<\/form>","protected":false},"featured_media":3106,"comment_status":"open","ping_status":"closed","template":"","meta":[],"product_brand":[],"product_cat":[282,119],"product_tag":[],"class_list":{"0":"post-3105","1":"product","2":"type-product","3":"status-publish","4":"has-post-thumbnail","6":"product_cat-410-ammo","7":"product_cat-shotgun-ammo","9":"first","10":"instock","11":"taxable","12":"shipping-taxable","13":"purchasable","14":"product-type-simple"},"yoast_head":"<!-- This site is optimized with the Yoast SEO Premium plugin v24.6 (Yoast SEO v25.7) - https:\/\/yoast.com\/wordpress\/plugins\/seo\/ -->\n<title>FEDERAL PREMIUM PERSONAL DEFENSE .410 BORE 5 PELLET LEAD BUCKSHOT CENTERFIRE PISTOL AMMUNITION 500 ROUNDS - Bulk Ammunition shop<\/title>\n<meta name=\"robots\" content=\"index, follow, max-snippet:-1, max-image-preview:large, max-video-preview:-1\" \/>\n<link rel=\"canonical\" href=\"https:\/\/www.bulkammunitionshop.com\/fr_fr\/produit\/munitions-pour-pistolet-a-percussion-centrale-a-chevrotine-de-calibre-410-5-plombs-500-cartouches-defense-personnelle-federale-premium\/\" \/>\n<meta property=\"og:locale\" content=\"fr_FR\" \/>\n<meta property=\"og:type\" content=\"article\" \/>\n<meta property=\"og:title\" content=\"FEDERAL PREMIUM PERSONAL DEFENSE .410 BORE 5 PELLET LEAD BUCKSHOT CENTERFIRE PISTOL AMMUNITION 500 ROUNDS\" \/>\n<meta property=\"og:description\" content=\"This Product Is In Stock and Ready to Ship. 100% Fast Shipping Guaranteed. Place your Order Now!\" \/>\n<meta property=\"og:url\" content=\"https:\/\/www.bulkammunitionshop.com\/fr_fr\/produit\/munitions-pour-pistolet-a-percussion-centrale-a-chevrotine-de-calibre-410-5-plombs-500-cartouches-defense-personnelle-federale-premium\/\" \/>\n<meta property=\"og:site_name\" content=\"Bulk Ammunition shop\" \/>\n<meta property=\"og:image\" content=\"http:\/\/www.bulkammunitionshop.com\/wp-content\/uploads\/2022\/11\/FEDERAL-PREMIUM-PERSONAL-DEFENSE-.410-BORE-5-PELLET-LEAD-BUCKSHOT-CENTERFIRE-PISTOL-AMMUNITION-500-ROUNDS-510x287-1.jpg\" \/>\n\t<meta property=\"og:image:width\" content=\"510\" \/>\n\t<meta property=\"og:image:height\" content=\"287\" \/>\n\t<meta property=\"og:image:type\" content=\"image\/jpeg\" \/>\n<meta name=\"twitter:card\" content=\"summary_large_image\" \/>\n<meta name=\"twitter:label1\" content=\"Dur\u00e9e de lecture estim\u00e9e\" \/>\n\t<meta name=\"twitter:data1\" content=\"1 minute\" \/>\n<script type=\"application\/ld+json\" class=\"yoast-schema-graph\">{\"@context\":\"https:\/\/schema.org\",\"@graph\":[{\"@type\":\"WebPage\",\"@id\":\"https:\/\/www.bulkammunitionshop.com\/product\/federal-premium-personal-defense-410-bore-5-pellet-lead-buckshot-centerfire-pistol-ammunition-500-rounds\/\",\"url\":\"https:\/\/www.bulkammunitionshop.com\/product\/federal-premium-personal-defense-410-bore-5-pellet-lead-buckshot-centerfire-pistol-ammunition-500-rounds\/\",\"name\":\"FEDERAL PREMIUM PERSONAL DEFENSE .410 BORE 5 PELLET LEAD BUCKSHOT CENTERFIRE PISTOL AMMUNITION 500 ROUNDS - Bulk Ammunition shop\",\"isPartOf\":{\"@id\":\"https:\/\/www.bulkammunitionshop.com\/#website\"},\"primaryImageOfPage\":{\"@id\":\"https:\/\/www.bulkammunitionshop.com\/product\/federal-premium-personal-defense-410-bore-5-pellet-lead-buckshot-centerfire-pistol-ammunition-500-rounds\/#primaryimage\"},\"image\":{\"@id\":\"https:\/\/www.bulkammunitionshop.com\/product\/federal-premium-personal-defense-410-bore-5-pellet-lead-buckshot-centerfire-pistol-ammunition-500-rounds\/#primaryimage\"},\"thumbnailUrl\":\"https:\/\/www.bulkammunitionshop.com\/wp-content\/uploads\/2022\/11\/FEDERAL-PREMIUM-PERSONAL-DEFENSE-.410-BORE-5-PELLET-LEAD-BUCKSHOT-CENTERFIRE-PISTOL-AMMUNITION-500-ROUNDS-510x287-1.jpg\",\"datePublished\":\"2022-11-04T23:16:14+00:00\",\"breadcrumb\":{\"@id\":\"https:\/\/www.bulkammunitionshop.com\/product\/federal-premium-personal-defense-410-bore-5-pellet-lead-buckshot-centerfire-pistol-ammunition-500-rounds\/#breadcrumb\"},\"inLanguage\":\"fr-FR\",\"potentialAction\":[{\"@type\":\"ReadAction\",\"target\":[\"https:\/\/www.bulkammunitionshop.com\/product\/federal-premium-personal-defense-410-bore-5-pellet-lead-buckshot-centerfire-pistol-ammunition-500-rounds\/\"]}]},{\"@type\":\"ImageObject\",\"inLanguage\":\"fr-FR\",\"@id\":\"https:\/\/www.bulkammunitionshop.com\/product\/federal-premium-personal-defense-410-bore-5-pellet-lead-buckshot-centerfire-pistol-ammunition-500-rounds\/#primaryimage\",\"url\":\"https:\/\/www.bulkammunitionshop.com\/wp-content\/uploads\/2022\/11\/FEDERAL-PREMIUM-PERSONAL-DEFENSE-.410-BORE-5-PELLET-LEAD-BUCKSHOT-CENTERFIRE-PISTOL-AMMUNITION-500-ROUNDS-510x287-1.jpg\",\"contentUrl\":\"https:\/\/www.bulkammunitionshop.com\/wp-content\/uploads\/2022\/11\/FEDERAL-PREMIUM-PERSONAL-DEFENSE-.410-BORE-5-PELLET-LEAD-BUCKSHOT-CENTERFIRE-PISTOL-AMMUNITION-500-ROUNDS-510x287-1.jpg\",\"width\":510,\"height\":287},{\"@type\":\"BreadcrumbList\",\"@id\":\"https:\/\/www.bulkammunitionshop.com\/product\/federal-premium-personal-defense-410-bore-5-pellet-lead-buckshot-centerfire-pistol-ammunition-500-rounds\/#breadcrumb\",\"itemListElement\":[{\"@type\":\"ListItem\",\"position\":1,\"name\":\"Home\",\"item\":\"https:\/\/www.bulkammunitionshop.com\/\"},{\"@type\":\"ListItem\",\"position\":2,\"name\":\"SHOP ALL\",\"item\":\"https:\/\/www.bulkammunitionshop.com\/shop-all\/\"},{\"@type\":\"ListItem\",\"position\":3,\"name\":\"FEDERAL PREMIUM PERSONAL DEFENSE .410 BORE 5 PELLET LEAD BUCKSHOT CENTERFIRE PISTOL AMMUNITION 500 ROUNDS\"}]},{\"@type\":\"WebSite\",\"@id\":\"https:\/\/www.bulkammunitionshop.com\/#website\",\"url\":\"https:\/\/www.bulkammunitionshop.com\/\",\"name\":\"Bulk Ammunition shop\",\"description\":\"Buy Cheap Bulk Ammo Online - Bulk Ammo for Sale- Cheap Ammo Online\",\"potentialAction\":[{\"@type\":\"SearchAction\",\"target\":{\"@type\":\"EntryPoint\",\"urlTemplate\":\"https:\/\/www.bulkammunitionshop.com\/?s={search_term_string}\"},\"query-input\":{\"@type\":\"PropertyValueSpecification\",\"valueRequired\":true,\"valueName\":\"search_term_string\"}}],\"inLanguage\":\"fr-FR\"}]}<\/script>\n<!-- \/ Yoast SEO Premium plugin. -->","yoast_head_json":{"title":"Munitions de d\u00e9fense personnelle f\u00e9d\u00e9rales de calibre .410, 5 plombs, chevrotine, pour pistolet \u00e0 percussion centrale, 500 cartouches - Magasin de munitions en vrac","robots":{"index":"index","follow":"follow","max-snippet":"max-snippet:-1","max-image-preview":"max-image-preview:large","max-video-preview":"max-video-preview:-1"},"canonical":"https:\/\/www.bulkammunitionshop.com\/fr_fr\/produit\/munitions-pour-pistolet-a-percussion-centrale-a-chevrotine-de-calibre-410-5-plombs-500-cartouches-defense-personnelle-federale-premium\/","og_locale":"fr_FR","og_type":"article","og_title":"FEDERAL PREMIUM PERSONAL DEFENSE .410 BORE 5 PELLET LEAD BUCKSHOT CENTERFIRE PISTOL AMMUNITION 500 ROUNDS","og_description":"This Product Is In Stock and Ready to Ship. 100% Fast Shipping Guaranteed. Place your Order Now!","og_url":"https:\/\/www.bulkammunitionshop.com\/fr_fr\/produit\/munitions-pour-pistolet-a-percussion-centrale-a-chevrotine-de-calibre-410-5-plombs-500-cartouches-defense-personnelle-federale-premium\/","og_site_name":"Bulk Ammunition shop","og_image":[{"width":510,"height":287,"url":"http:\/\/www.bulkammunitionshop.com\/wp-content\/uploads\/2022\/11\/FEDERAL-PREMIUM-PERSONAL-DEFENSE-.410-BORE-5-PELLET-LEAD-BUCKSHOT-CENTERFIRE-PISTOL-AMMUNITION-500-ROUNDS-510x287-1.jpg","type":"image\/jpeg"}],"twitter_card":"summary_large_image","twitter_misc":{"Dur\u00e9e de lecture estim\u00e9e":"1 minute"},"schema":{"@context":"https:\/\/schema.org","@graph":[{"@type":"WebPage","@id":"https:\/\/www.bulkammunitionshop.com\/product\/federal-premium-personal-defense-410-bore-5-pellet-lead-buckshot-centerfire-pistol-ammunition-500-rounds\/","url":"https:\/\/www.bulkammunitionshop.com\/product\/federal-premium-personal-defense-410-bore-5-pellet-lead-buckshot-centerfire-pistol-ammunition-500-rounds\/","name":"Munitions de d\u00e9fense personnelle f\u00e9d\u00e9rales de calibre .410, 5 plombs, chevrotine, pour pistolet \u00e0 percussion centrale, 500 cartouches - Magasin de munitions en vrac","isPartOf":{"@id":"https:\/\/www.bulkammunitionshop.com\/#website"},"primaryImageOfPage":{"@id":"https:\/\/www.bulkammunitionshop.com\/product\/federal-premium-personal-defense-410-bore-5-pellet-lead-buckshot-centerfire-pistol-ammunition-500-rounds\/#primaryimage"},"image":{"@id":"https:\/\/www.bulkammunitionshop.com\/product\/federal-premium-personal-defense-410-bore-5-pellet-lead-buckshot-centerfire-pistol-ammunition-500-rounds\/#primaryimage"},"thumbnailUrl":"https:\/\/www.bulkammunitionshop.com\/wp-content\/uploads\/2022\/11\/FEDERAL-PREMIUM-PERSONAL-DEFENSE-.410-BORE-5-PELLET-LEAD-BUCKSHOT-CENTERFIRE-PISTOL-AMMUNITION-500-ROUNDS-510x287-1.jpg","datePublished":"2022-11-04T23:16:14+00:00","breadcrumb":{"@id":"https:\/\/www.bulkammunitionshop.com\/product\/federal-premium-personal-defense-410-bore-5-pellet-lead-buckshot-centerfire-pistol-ammunition-500-rounds\/#breadcrumb"},"inLanguage":"fr-FR","potentialAction":[{"@type":"ReadAction","target":["https:\/\/www.bulkammunitionshop.com\/product\/federal-premium-personal-defense-410-bore-5-pellet-lead-buckshot-centerfire-pistol-ammunition-500-rounds\/"]}]},{"@type":"ImageObject","inLanguage":"fr-FR","@id":"https:\/\/www.bulkammunitionshop.com\/product\/federal-premium-personal-defense-410-bore-5-pellet-lead-buckshot-centerfire-pistol-ammunition-500-rounds\/#primaryimage","url":"https:\/\/www.bulkammunitionshop.com\/wp-content\/uploads\/2022\/11\/FEDERAL-PREMIUM-PERSONAL-DEFENSE-.410-BORE-5-PELLET-LEAD-BUCKSHOT-CENTERFIRE-PISTOL-AMMUNITION-500-ROUNDS-510x287-1.jpg","contentUrl":"https:\/\/www.bulkammunitionshop.com\/wp-content\/uploads\/2022\/11\/FEDERAL-PREMIUM-PERSONAL-DEFENSE-.410-BORE-5-PELLET-LEAD-BUCKSHOT-CENTERFIRE-PISTOL-AMMUNITION-500-ROUNDS-510x287-1.jpg","width":510,"height":287},{"@type":"BreadcrumbList","@id":"https:\/\/www.bulkammunitionshop.com\/product\/federal-premium-personal-defense-410-bore-5-pellet-lead-buckshot-centerfire-pistol-ammunition-500-rounds\/#breadcrumb","itemListElement":[{"@type":"ListItem","position":1,"name":"Home","item":"https:\/\/www.bulkammunitionshop.com\/"},{"@type":"ListItem","position":2,"name":"SHOP ALL","item":"https:\/\/www.bulkammunitionshop.com\/shop-all\/"},{"@type":"ListItem","position":3,"name":"FEDERAL PREMIUM PERSONAL DEFENSE .410 BORE 5 PELLET LEAD BUCKSHOT CENTERFIRE PISTOL AMMUNITION 500 ROUNDS"}]},{"@type":"WebSite","@id":"https:\/\/www.bulkammunitionshop.com\/#website","url":"https:\/\/www.bulkammunitionshop.com\/","name":"Magasin de munitions en vrac","description":"Achetez des munitions en gros \u00e0 bas prix en ligne\u00a0- Vente de munitions en gros\u00a0- Munitions bon march\u00e9 en ligne","potentialAction":[{"@type":"SearchAction","target":{"@type":"EntryPoint","urlTemplate":"https:\/\/www.bulkammunitionshop.com\/?s={search_term_string}"},"query-input":{"@type":"PropertyValueSpecification","valueRequired":true,"valueName":"search_term_string"}}],"inLanguage":"fr-FR"}]}},"jetpack_sharing_enabled":true,"_links":{"self":[{"href":"https:\/\/www.bulkammunitionshop.com\/fr_fr\/wp-json\/wp\/v2\/product\/3105","targetHints":{"allow":["GET"]}}],"collection":[{"href":"https:\/\/www.bulkammunitionshop.com\/fr_fr\/wp-json\/wp\/v2\/product"}],"about":[{"href":"https:\/\/www.bulkammunitionshop.com\/fr_fr\/wp-json\/wp\/v2\/types\/product"}],"replies":[{"embeddable":true,"href":"https:\/\/www.bulkammunitionshop.com\/fr_fr\/wp-json\/wp\/v2\/comments?post=3105"}],"wp:featuredmedia":[{"embeddable":true,"href":"https:\/\/www.bulkammunitionshop.com\/fr_fr\/wp-json\/wp\/v2\/media\/3106"}],"wp:attachment":[{"href":"https:\/\/www.bulkammunitionshop.com\/fr_fr\/wp-json\/wp\/v2\/media?parent=3105"}],"wp:term":[{"taxonomy":"product_brand","embeddable":true,"href":"https:\/\/www.bulkammunitionshop.com\/fr_fr\/wp-json\/wp\/v2\/product_brand?post=3105"},{"taxonomy":"product_cat","embeddable":true,"href":"https:\/\/www.bulkammunitionshop.com\/fr_fr\/wp-json\/wp\/v2\/product_cat?post=3105"},{"taxonomy":"product_tag","embeddable":true,"href":"https:\/\/www.bulkammunitionshop.com\/fr_fr\/wp-json\/wp\/v2\/product_tag?post=3105"}],"curies":[{"name":"wp","href":"https:\/\/api.w.org\/{rel}","templated":true}]}}