{"id":2995,"date":"2022-10-23T09:21:17","date_gmt":"2022-10-23T09:21:17","guid":{"rendered":"https:\/\/www.bulkammunitionshop.com\/?post_type=product&#038;p=2995"},"modified":"2022-10-23T09:21:17","modified_gmt":"2022-10-23T09:21:17","slug":"munitions-personnalisees-nosler-300-weatherby-magnum-180-grains-partition-spitzer-300-cartouches","status":"publish","type":"product","link":"https:\/\/www.bulkammunitionshop.com\/fr_fr\/produit\/munitions-personnalisees-nosler-300-weatherby-magnum-180-grains-partition-spitzer-300-cartouches\/","title":{"rendered":"MUNITIONS PERSONNALIS\u00c9ES NOSLER 300 WEATHERBY MAGNUM 180 GRAINS PARTITION SPITZER 300 COUPLES"},"content":{"rendered":"<ul class=\"tabs wc-tabs product-tabs small-nav-collapse nav nav-uppercase nav-line nav-left\" role=\"tablist\">\n<li id=\"tab-title-description\" class=\"description_tab active\" role=\"tab\" aria-controls=\"tab-description\">DESCRIPTION<\/li>\n<\/ul>\n<div class=\"tab-panels\">\n<div id=\"tab-description\" class=\"woocommerce-Tabs-panel woocommerce-Tabs-panel--description panel entry-content active\" role=\"tabpanel\" aria-labelledby=\"tab-title-description\">\n<div class=\"sc_layouts_title_title\">\n<p class=\"sc_layouts_title_caption\">MUNITIONS NOSLER CUSTOM 300 WEATHERBY MAGNUM 180 GRAINS PARTITION SPITZER 300. Depuis plus de 60 ans, les professionnels de Nosler fabriquent des balles de pr\u00e9cision pour les tireurs de comp\u00e9tition, les chasseurs de nuisibles et les chasseurs de gros gibier. Aujourd&#039;hui, ils ont exploit\u00e9 la technologie des balles de chasse haut de gamme Nosler pour cr\u00e9er une gamme Custom de munitions haut de gamme, utilisant de nouveaux laitons de marques r\u00e9put\u00e9es du secteur du rechargement. Charg\u00e9es exclusivement pour MidwayUSA, les munitions Nosler Custom sont disponibles en plus de 100 chargements. Le laiton est taill\u00e9 selon les sp\u00e9cifications SAAMI, chanfrein\u00e9, \u00e9bavur\u00e9 et l&#039;alignement des trous d&#039;\u00e9clair est v\u00e9rifi\u00e9. Les amorces sont inspect\u00e9es et mises en place \u00e0 la main. La poudre est lanc\u00e9e \u00e0 la main et sa consistance est v\u00e9rifi\u00e9e. Enfin, la balle est inspect\u00e9e et mise en place avec un alignement pr\u00e9cis. L&#039;ensemble du processus de chargement est assembl\u00e9 \u00e0 la main par les balisticiens de Nosler. La balle finie est comparable aux meilleures cartouches. Les munitions charg\u00e9es sont emball\u00e9es manuellement dans des bo\u00eetes en plastique avec des donn\u00e9es balistiques personnalis\u00e9es imprim\u00e9es sur l&#039;\u00e9tiquette. Ces munitions sont neuves, non corrosives et conditionn\u00e9es dans des \u00e9tuis en laiton rechargeables \u00e0 amor\u00e7age boxer.<\/p>\n<\/div>\n<\/div>\n<\/div>","protected":false},"excerpt":{"rendered":"<div class=\"product-short-description\">\n<p><b>Note:\u00a0<\/b>\u00a0\u00a0 Certains calibres peuvent \u00eatre charg\u00e9s en laiton commercial si le laiton Nosler n&#039;est pas disponible.<\/p>\n<h3>INFORMATIONS SUR LE PRODUIT<\/h3>\n<table class=\"product-specs-table padding-none stack-l width-100\">\n<tbody>\n<tr class=\"product-specs-table-container is-selectable\">\n<td class=\"product-specs-table-detail\">Cartouche<\/td>\n<td class=\"product-specs-table-definition\">300 Weatherby Magnum<\/td>\n<\/tr>\n<tr class=\"product-specs-table-container\">\n<td class=\"product-specs-table-detail\">Poids du grain<\/td>\n<td class=\"product-specs-table-definition\">180 grains<\/td>\n<\/tr>\n<tr class=\"product-specs-table-container is-selectable\">\n<td class=\"product-specs-table-detail\">Quantit\u00e9<\/td>\n<td class=\"product-specs-table-definition\">300 coups<\/td>\n<\/tr>\n<tr class=\"product-specs-table-container\">\n<td class=\"product-specs-table-detail\">Vitesse initiale<\/td>\n<td class=\"product-specs-table-definition\">3175 pieds par seconde<\/td>\n<\/tr>\n<tr class=\"product-specs-table-container\">\n<td class=\"product-specs-table-detail\">\u00c9nergie initiale<\/td>\n<td class=\"product-specs-table-definition\">4029 pieds-livres<\/td>\n<\/tr>\n<tr class=\"product-specs-table-container\">\n<td class=\"product-specs-table-detail\">Style de balle<\/td>\n<td class=\"product-specs-table-definition\">Pointe molle gain\u00e9e<\/td>\n<\/tr>\n<tr class=\"product-specs-table-container\">\n<td class=\"product-specs-table-detail\">Marque et mod\u00e8le de balle<\/td>\n<td class=\"product-specs-table-definition\">Partition Nosler<\/td>\n<\/tr>\n<tr class=\"product-specs-table-container\">\n<td class=\"product-specs-table-detail\">Sans plomb<\/td>\n<td class=\"product-specs-table-definition\">Non<\/td>\n<\/tr>\n<tr class=\"product-specs-table-container\">\n<td class=\"product-specs-table-detail\">Type de cas<\/td>\n<td class=\"product-specs-table-definition\">Laiton<\/td>\n<\/tr>\n<tr class=\"product-specs-table-container\">\n<td class=\"product-specs-table-detail\">Appr\u00eat<\/td>\n<td class=\"product-specs-table-definition\">Boxeur<\/td>\n<\/tr>\n<tr class=\"product-specs-table-container\">\n<td class=\"product-specs-table-detail\">Corrosif<\/td>\n<td class=\"product-specs-table-definition\">Non<\/td>\n<\/tr>\n<tr class=\"product-specs-table-container\">\n<td class=\"product-specs-table-detail\">Rechargeable<\/td>\n<td class=\"product-specs-table-definition\">Oui<\/td>\n<\/tr>\n<tr class=\"product-specs-table-container\">\n<td class=\"product-specs-table-detail\">Coefficient balistique G1<\/td>\n<td class=\"product-specs-table-definition\">0.474<\/td>\n<\/tr>\n<tr class=\"product-specs-table-container\">\n<td class=\"product-specs-table-detail\">Densit\u00e9 sectionnelle<\/td>\n<td class=\"product-specs-table-definition\">0.271<\/td>\n<\/tr>\n<tr class=\"product-specs-table-container\">\n<td class=\"product-specs-table-detail\">Indice de vitesse<\/td>\n<td class=\"product-specs-table-definition\">Supersonique<\/td>\n<\/tr>\n<\/tbody>\n<\/table>\n<\/div>\n<p>Ce produit est en stock et pr\u00eat \u00e0 \u00eatre exp\u00e9di\u00e9. 100% Livraison rapide garantie. Commandez d\u00e8s maintenant\u00a0!<\/p>","protected":false},"featured_media":2997,"comment_status":"open","ping_status":"closed","template":"","meta":[],"product_brand":[],"product_cat":[268,121],"product_tag":[],"class_list":{"0":"post-2995","1":"product","2":"type-product","3":"status-publish","4":"has-post-thumbnail","6":"product_cat-300-weatherby-magnum","7":"product_cat-rifle-ammo","9":"first","10":"instock","11":"taxable","12":"shipping-taxable","13":"purchasable","14":"product-type-simple"},"yoast_head":"<!-- This site is optimized with the Yoast SEO Premium plugin v24.6 (Yoast SEO v25.7) - https:\/\/yoast.com\/wordpress\/plugins\/seo\/ -->\n<title>NOSLER CUSTOM AMMUNITION 300 WEATHERBY MAGNUM 180 GRAIN PARTITION SPITZER 300 ROUNDS - Bulk Ammunition shop<\/title>\n<meta name=\"robots\" content=\"index, follow, max-snippet:-1, max-image-preview:large, max-video-preview:-1\" \/>\n<link rel=\"canonical\" href=\"https:\/\/www.bulkammunitionshop.com\/fr_fr\/produit\/munitions-personnalisees-nosler-300-weatherby-magnum-180-grains-partition-spitzer-300-cartouches\/\" \/>\n<meta property=\"og:locale\" content=\"fr_FR\" \/>\n<meta property=\"og:type\" content=\"article\" \/>\n<meta property=\"og:title\" content=\"NOSLER CUSTOM AMMUNITION 300 WEATHERBY MAGNUM 180 GRAIN PARTITION SPITZER 300 ROUNDS\" \/>\n<meta property=\"og:description\" content=\"Note:\u00a0\u00a0\u00a0 Some calibers may be loaded in commercial brass if Nosler brass is unavailable. PRODUCT INFORMATION    Cartridge 300 Weatherby Magnum   Grain Weight 180 Grains   Quantity 300 Round   Muzzle Velocity 3175 Feet Per Second   Muzzle Energy 4029 Foot Pounds   Bullet Style Jacketed Soft Point   Bullet Brand And Model Nosler Partition   Lead Free No   Case Type Brass   Primer Boxer   Corrosive No   Reloadable Yes   G1 Ballistic Coefficient 0.474   Sectional Density 0.271   Velocity Rating Supersonic     This Product Is In Stock and Ready to Ship. 100% Fast Shipping Guaranteed. Place Order Now!\" \/>\n<meta property=\"og:url\" content=\"https:\/\/www.bulkammunitionshop.com\/fr_fr\/produit\/munitions-personnalisees-nosler-300-weatherby-magnum-180-grains-partition-spitzer-300-cartouches\/\" \/>\n<meta property=\"og:site_name\" content=\"Bulk Ammunition shop\" \/>\n<meta property=\"og:image\" content=\"http:\/\/www.bulkammunitionshop.com\/wp-content\/uploads\/2022\/10\/NOSLER-E-TIP-AMMUNITION-300-WEATHERBY-MAGNUM-180-GRAIN-POLYMER-TIP-LEAD-FREE-300-ROUNDS.jpg\" \/>\n\t<meta property=\"og:image:width\" content=\"680\" \/>\n\t<meta property=\"og:image:height\" content=\"510\" \/>\n\t<meta property=\"og:image:type\" content=\"image\/jpeg\" \/>\n<meta name=\"twitter:card\" content=\"summary_large_image\" \/>\n<meta name=\"twitter:label1\" content=\"Dur\u00e9e de lecture estim\u00e9e\" \/>\n\t<meta name=\"twitter:data1\" content=\"1 minute\" \/>\n<script type=\"application\/ld+json\" class=\"yoast-schema-graph\">{\"@context\":\"https:\/\/schema.org\",\"@graph\":[{\"@type\":\"WebPage\",\"@id\":\"https:\/\/www.bulkammunitionshop.com\/product\/nosler-custom-ammunition-300-weatherby-magnum-180-grain-partition-spitzer-300-rounds\/\",\"url\":\"https:\/\/www.bulkammunitionshop.com\/product\/nosler-custom-ammunition-300-weatherby-magnum-180-grain-partition-spitzer-300-rounds\/\",\"name\":\"NOSLER CUSTOM AMMUNITION 300 WEATHERBY MAGNUM 180 GRAIN PARTITION SPITZER 300 ROUNDS - Bulk Ammunition shop\",\"isPartOf\":{\"@id\":\"https:\/\/www.bulkammunitionshop.com\/#website\"},\"primaryImageOfPage\":{\"@id\":\"https:\/\/www.bulkammunitionshop.com\/product\/nosler-custom-ammunition-300-weatherby-magnum-180-grain-partition-spitzer-300-rounds\/#primaryimage\"},\"image\":{\"@id\":\"https:\/\/www.bulkammunitionshop.com\/product\/nosler-custom-ammunition-300-weatherby-magnum-180-grain-partition-spitzer-300-rounds\/#primaryimage\"},\"thumbnailUrl\":\"https:\/\/www.bulkammunitionshop.com\/wp-content\/uploads\/2022\/10\/NOSLER-E-TIP-AMMUNITION-300-WEATHERBY-MAGNUM-180-GRAIN-POLYMER-TIP-LEAD-FREE-300-ROUNDS.jpg\",\"datePublished\":\"2022-10-23T09:21:17+00:00\",\"breadcrumb\":{\"@id\":\"https:\/\/www.bulkammunitionshop.com\/product\/nosler-custom-ammunition-300-weatherby-magnum-180-grain-partition-spitzer-300-rounds\/#breadcrumb\"},\"inLanguage\":\"fr-FR\",\"potentialAction\":[{\"@type\":\"ReadAction\",\"target\":[\"https:\/\/www.bulkammunitionshop.com\/product\/nosler-custom-ammunition-300-weatherby-magnum-180-grain-partition-spitzer-300-rounds\/\"]}]},{\"@type\":\"ImageObject\",\"inLanguage\":\"fr-FR\",\"@id\":\"https:\/\/www.bulkammunitionshop.com\/product\/nosler-custom-ammunition-300-weatherby-magnum-180-grain-partition-spitzer-300-rounds\/#primaryimage\",\"url\":\"https:\/\/www.bulkammunitionshop.com\/wp-content\/uploads\/2022\/10\/NOSLER-E-TIP-AMMUNITION-300-WEATHERBY-MAGNUM-180-GRAIN-POLYMER-TIP-LEAD-FREE-300-ROUNDS.jpg\",\"contentUrl\":\"https:\/\/www.bulkammunitionshop.com\/wp-content\/uploads\/2022\/10\/NOSLER-E-TIP-AMMUNITION-300-WEATHERBY-MAGNUM-180-GRAIN-POLYMER-TIP-LEAD-FREE-300-ROUNDS.jpg\",\"width\":680,\"height\":510},{\"@type\":\"BreadcrumbList\",\"@id\":\"https:\/\/www.bulkammunitionshop.com\/product\/nosler-custom-ammunition-300-weatherby-magnum-180-grain-partition-spitzer-300-rounds\/#breadcrumb\",\"itemListElement\":[{\"@type\":\"ListItem\",\"position\":1,\"name\":\"Home\",\"item\":\"https:\/\/www.bulkammunitionshop.com\/\"},{\"@type\":\"ListItem\",\"position\":2,\"name\":\"SHOP ALL\",\"item\":\"https:\/\/www.bulkammunitionshop.com\/shop-all\/\"},{\"@type\":\"ListItem\",\"position\":3,\"name\":\"NOSLER CUSTOM AMMUNITION 300 WEATHERBY MAGNUM 180 GRAIN PARTITION SPITZER 300 ROUNDS\"}]},{\"@type\":\"WebSite\",\"@id\":\"https:\/\/www.bulkammunitionshop.com\/#website\",\"url\":\"https:\/\/www.bulkammunitionshop.com\/\",\"name\":\"Bulk Ammunition shop\",\"description\":\"Buy Cheap Bulk Ammo Online - Bulk Ammo for Sale- Cheap Ammo Online\",\"potentialAction\":[{\"@type\":\"SearchAction\",\"target\":{\"@type\":\"EntryPoint\",\"urlTemplate\":\"https:\/\/www.bulkammunitionshop.com\/?s={search_term_string}\"},\"query-input\":{\"@type\":\"PropertyValueSpecification\",\"valueRequired\":true,\"valueName\":\"search_term_string\"}}],\"inLanguage\":\"fr-FR\"}]}<\/script>\n<!-- \/ Yoast SEO Premium plugin. -->","yoast_head_json":{"title":"Munitions personnalis\u00e9es Nosler 300 Weatherby Magnum 180 grains, Spitzer 300 cartouches - Magasin de munitions en vrac","robots":{"index":"index","follow":"follow","max-snippet":"max-snippet:-1","max-image-preview":"max-image-preview:large","max-video-preview":"max-video-preview:-1"},"canonical":"https:\/\/www.bulkammunitionshop.com\/fr_fr\/produit\/munitions-personnalisees-nosler-300-weatherby-magnum-180-grains-partition-spitzer-300-cartouches\/","og_locale":"fr_FR","og_type":"article","og_title":"NOSLER CUSTOM AMMUNITION 300 WEATHERBY MAGNUM 180 GRAIN PARTITION SPITZER 300 ROUNDS","og_description":"Note:\u00a0\u00a0\u00a0 Some calibers may be loaded in commercial brass if Nosler brass is unavailable. PRODUCT INFORMATION    Cartridge 300 Weatherby Magnum   Grain Weight 180 Grains   Quantity 300 Round   Muzzle Velocity 3175 Feet Per Second   Muzzle Energy 4029 Foot Pounds   Bullet Style Jacketed Soft Point   Bullet Brand And Model Nosler Partition   Lead Free No   Case Type Brass   Primer Boxer   Corrosive No   Reloadable Yes   G1 Ballistic Coefficient 0.474   Sectional Density 0.271   Velocity Rating Supersonic     This Product Is In Stock and Ready to Ship. 100% Fast Shipping Guaranteed. Place Order Now!","og_url":"https:\/\/www.bulkammunitionshop.com\/fr_fr\/produit\/munitions-personnalisees-nosler-300-weatherby-magnum-180-grains-partition-spitzer-300-cartouches\/","og_site_name":"Bulk Ammunition shop","og_image":[{"width":680,"height":510,"url":"http:\/\/www.bulkammunitionshop.com\/wp-content\/uploads\/2022\/10\/NOSLER-E-TIP-AMMUNITION-300-WEATHERBY-MAGNUM-180-GRAIN-POLYMER-TIP-LEAD-FREE-300-ROUNDS.jpg","type":"image\/jpeg"}],"twitter_card":"summary_large_image","twitter_misc":{"Dur\u00e9e de lecture estim\u00e9e":"1 minute"},"schema":{"@context":"https:\/\/schema.org","@graph":[{"@type":"WebPage","@id":"https:\/\/www.bulkammunitionshop.com\/product\/nosler-custom-ammunition-300-weatherby-magnum-180-grain-partition-spitzer-300-rounds\/","url":"https:\/\/www.bulkammunitionshop.com\/product\/nosler-custom-ammunition-300-weatherby-magnum-180-grain-partition-spitzer-300-rounds\/","name":"Munitions personnalis\u00e9es Nosler 300 Weatherby Magnum 180 grains, Spitzer 300 cartouches - Magasin de munitions en vrac","isPartOf":{"@id":"https:\/\/www.bulkammunitionshop.com\/#website"},"primaryImageOfPage":{"@id":"https:\/\/www.bulkammunitionshop.com\/product\/nosler-custom-ammunition-300-weatherby-magnum-180-grain-partition-spitzer-300-rounds\/#primaryimage"},"image":{"@id":"https:\/\/www.bulkammunitionshop.com\/product\/nosler-custom-ammunition-300-weatherby-magnum-180-grain-partition-spitzer-300-rounds\/#primaryimage"},"thumbnailUrl":"https:\/\/www.bulkammunitionshop.com\/wp-content\/uploads\/2022\/10\/NOSLER-E-TIP-AMMUNITION-300-WEATHERBY-MAGNUM-180-GRAIN-POLYMER-TIP-LEAD-FREE-300-ROUNDS.jpg","datePublished":"2022-10-23T09:21:17+00:00","breadcrumb":{"@id":"https:\/\/www.bulkammunitionshop.com\/product\/nosler-custom-ammunition-300-weatherby-magnum-180-grain-partition-spitzer-300-rounds\/#breadcrumb"},"inLanguage":"fr-FR","potentialAction":[{"@type":"ReadAction","target":["https:\/\/www.bulkammunitionshop.com\/product\/nosler-custom-ammunition-300-weatherby-magnum-180-grain-partition-spitzer-300-rounds\/"]}]},{"@type":"ImageObject","inLanguage":"fr-FR","@id":"https:\/\/www.bulkammunitionshop.com\/product\/nosler-custom-ammunition-300-weatherby-magnum-180-grain-partition-spitzer-300-rounds\/#primaryimage","url":"https:\/\/www.bulkammunitionshop.com\/wp-content\/uploads\/2022\/10\/NOSLER-E-TIP-AMMUNITION-300-WEATHERBY-MAGNUM-180-GRAIN-POLYMER-TIP-LEAD-FREE-300-ROUNDS.jpg","contentUrl":"https:\/\/www.bulkammunitionshop.com\/wp-content\/uploads\/2022\/10\/NOSLER-E-TIP-AMMUNITION-300-WEATHERBY-MAGNUM-180-GRAIN-POLYMER-TIP-LEAD-FREE-300-ROUNDS.jpg","width":680,"height":510},{"@type":"BreadcrumbList","@id":"https:\/\/www.bulkammunitionshop.com\/product\/nosler-custom-ammunition-300-weatherby-magnum-180-grain-partition-spitzer-300-rounds\/#breadcrumb","itemListElement":[{"@type":"ListItem","position":1,"name":"Home","item":"https:\/\/www.bulkammunitionshop.com\/"},{"@type":"ListItem","position":2,"name":"SHOP ALL","item":"https:\/\/www.bulkammunitionshop.com\/shop-all\/"},{"@type":"ListItem","position":3,"name":"NOSLER CUSTOM AMMUNITION 300 WEATHERBY MAGNUM 180 GRAIN PARTITION SPITZER 300 ROUNDS"}]},{"@type":"WebSite","@id":"https:\/\/www.bulkammunitionshop.com\/#website","url":"https:\/\/www.bulkammunitionshop.com\/","name":"Magasin de munitions en vrac","description":"Achetez des munitions en gros \u00e0 bas prix en ligne\u00a0- Vente de munitions en gros\u00a0- Munitions bon march\u00e9 en ligne","potentialAction":[{"@type":"SearchAction","target":{"@type":"EntryPoint","urlTemplate":"https:\/\/www.bulkammunitionshop.com\/?s={search_term_string}"},"query-input":{"@type":"PropertyValueSpecification","valueRequired":true,"valueName":"search_term_string"}}],"inLanguage":"fr-FR"}]}},"jetpack_sharing_enabled":true,"_links":{"self":[{"href":"https:\/\/www.bulkammunitionshop.com\/fr_fr\/wp-json\/wp\/v2\/product\/2995","targetHints":{"allow":["GET"]}}],"collection":[{"href":"https:\/\/www.bulkammunitionshop.com\/fr_fr\/wp-json\/wp\/v2\/product"}],"about":[{"href":"https:\/\/www.bulkammunitionshop.com\/fr_fr\/wp-json\/wp\/v2\/types\/product"}],"replies":[{"embeddable":true,"href":"https:\/\/www.bulkammunitionshop.com\/fr_fr\/wp-json\/wp\/v2\/comments?post=2995"}],"wp:featuredmedia":[{"embeddable":true,"href":"https:\/\/www.bulkammunitionshop.com\/fr_fr\/wp-json\/wp\/v2\/media\/2997"}],"wp:attachment":[{"href":"https:\/\/www.bulkammunitionshop.com\/fr_fr\/wp-json\/wp\/v2\/media?parent=2995"}],"wp:term":[{"taxonomy":"product_brand","embeddable":true,"href":"https:\/\/www.bulkammunitionshop.com\/fr_fr\/wp-json\/wp\/v2\/product_brand?post=2995"},{"taxonomy":"product_cat","embeddable":true,"href":"https:\/\/www.bulkammunitionshop.com\/fr_fr\/wp-json\/wp\/v2\/product_cat?post=2995"},{"taxonomy":"product_tag","embeddable":true,"href":"https:\/\/www.bulkammunitionshop.com\/fr_fr\/wp-json\/wp\/v2\/product_tag?post=2995"}],"curies":[{"name":"wp","href":"https:\/\/api.w.org\/{rel}","templated":true}]}}