{"id":2957,"date":"2022-10-19T23:03:09","date_gmt":"2022-10-19T23:03:09","guid":{"rendered":"https:\/\/www.bulkammunitionshop.com\/?post_type=product&#038;p=2957"},"modified":"2025-11-16T01:17:51","modified_gmt":"2025-11-16T01:17:51","slug":"remington-core-lokt-300-savage-180-grains-a-pointe-souple-core-lokt-500-cartouches","status":"publish","type":"product","link":"https:\/\/www.bulkammunitionshop.com\/fr_fr\/produit\/remington-core-lokt-300-savage-180-grains-a-pointe-souple-core-lokt-500-cartouches\/","title":{"rendered":"Remington Core-Lokt 300 Savage 180 grains Soft Point Core-Lokt 500 cartouches"},"content":{"rendered":"<h2 id=\"caption-header\">Informations sur le produit pour\u00a0<a href=\"https:\/\/www.google.com\/search?q=remington+core-lokt+300+savage+180+grain&amp;client=opera&amp;biw=1280&amp;bih=579&amp;ei=5FLYYbSVCojygQax_JSQDg&amp;oq=&amp;gs_lcp=Cgdnd3Mtd2l6EAEYADIUCAAQ6gIQtAIQigMQtwMQ1AMQ5QIyFAgAEOoCELQCEIoDELcDENQDEOUCMhEIABDqAhC0AhCKAxC3AxDlAjIRCAAQ6gIQtAIQigMQtwMQ5QIyFAgAEOoCELQCEIoDELcDENQDEOUCMhEIABDqAhC0AhCKAxC3AxDlAjIUCAAQ6gIQtAIQigMQtwMQ1AMQ5QIyEQgAEOoCELQCEIoDELcDEOUCMhEIABDqAhC0AhCKAxC3AxDlAjIUCAAQ6gIQtAIQigMQtwMQ1AMQ5QI6BQgAELEDOggILhCABBCxAzoFCC4QgAQ6CwgAEIAEELEDEIMBOggIABCABBCxAzoLCC4QgAQQsQMQgwFKBAhBGABKBAhGGABQAFj1FWDIIWgCcAJ4AIAB8AKIAfACkgEDMy0xmAEAoAEBsAEKwAEB&amp;sclient=gws-wiz\" target=\"_blank\" rel=\"noopener\">Remington Core-Lokt.<\/a><a href=\"https:\/\/www.bulkammunitionshop.com\/fr_fr\/\">300 Savage 180 grains<\/a>\u00a0Munitions pour carabine \u00e0 percussion centrale Core-Lokt Pointed Soft Point (PSP) \u00e0 douille en laiton<\/h2>\n<div>\n<div id=\"product-caption-block-description\" class=\"product-caption-block\">\n<p>\u00c9quipez-vous pour la chasse au gros gibier avec les munitions Remington Core-Lokt .300 Savage. Les chasseurs font confiance aux munitions Core-Lokt de Big Green depuis leur introduction en 1939. Depuis, elles ont \u00e9t\u00e9 utilis\u00e9es pour tuer du gros gibier sur plus de continents que toute autre charge. La conception Core-Lokt a \u00e9t\u00e9 l&#039;une des premi\u00e8res, sinon la premi\u00e8re, \u00e0 utiliser une balle \u00e0 expansion contr\u00f4l\u00e9e, ce qui signifie que le projectile offre une expansion deux fois sup\u00e9rieure, conserve la majeure partie de son poids et offre une p\u00e9n\u00e9tration plus profonde. Remington Core-Lokt 300 Savage 180 grains<\/p>\n<p>La cartouche .300 Savage est dot\u00e9e d&#039;une chemise conique en cuivre fix\u00e9e sur un noyau en plomb massif. Sur le papier, cette balle \u00e0 pointe molle de 180 grains a une vitesse initiale de 2\u00a0630 pieds par seconde et d\u00e9livre une \u00e9nergie de 2\u00a0304 pieds-livres. \u00c0 500 m\u00e8tres, la vitesse ne chute qu&#039;\u00e0 1\u00a0433 pieds-seconde avec une \u00e9nergie de 684 pieds-livres. Remington Shooting and Hunting Accessories recommande ces munitions pour carabine pour la chasse au cerf, au wapiti et au sanglier. Une bo\u00eete de munitions Remington Core-Lokt .300 Savage de 180 grains contient 20 cartouches. Procurez-vous-en une d\u00e8s aujourd&#039;hui\u00a0!<\/p>\n<\/div>\n<div id=\"product-caption-block-manufacture-specification\" class=\"product-caption-block\">\n<h3>Sp\u00e9cifications des munitions pour carabine \u00e0 percussion centrale Remington Core-Lokt .300 Savage 180 grains Core-Lokt Pointed Soft Point (PSP) avec \u00e9tui en laiton\u00a0:<\/h3>\n<table class=\"spec-table\" border=\"0\" cellspacing=\"0\" cellpadding=\"0\">\n<tbody>\n<tr>\n<td class=\"spec-left-column\">Calibre:<\/td>\n<td width=\"50%\">.300 Savage<\/td>\n<\/tr>\n<tr>\n<td class=\"spec-left-column\">Type de balle :<\/td>\n<td width=\"50%\">Pointe souple pointue Core-Lokt (PSP)<\/td>\n<\/tr>\n<tr>\n<td class=\"spec-left-column\">Poids de la balle :<\/td>\n<td width=\"50%\">180 grains<\/td>\n<\/tr>\n<tr>\n<td class=\"spec-left-column\">Mat\u00e9riau de la douille de la cartouche :<\/td>\n<td width=\"50%\">Laiton<\/td>\n<\/tr>\n<tr>\n<td class=\"spec-left-column\">Vitesse initiale :<\/td>\n<td width=\"50%\">2630 pi\/s<\/td>\n<\/tr>\n<tr>\n<td class=\"spec-left-column\">Application des munitions :<\/td>\n<td width=\"50%\">Gros gibier<\/td>\n<\/tr>\n<tr>\n<td class=\"spec-left-column\">Type de colis :<\/td>\n<td width=\"50%\">Bo\u00eete<\/td>\n<\/tr>\n<tr>\n<td class=\"spec-left-column\">Emplacement de l&#039;amorce :<\/td>\n<td width=\"50%\">\u00e0 percussion centrale<\/td>\n<\/tr>\n<tr>\n<td class=\"spec-left-column\">\u00c9nergie initiale :<\/td>\n<td width=\"50%\">2303 pi-lb<\/td>\n<\/tr>\n<tr>\n<td class=\"spec-left-column\">Coefficient balistique G1 :<\/td>\n<td width=\"50%\">0.314<\/td>\n<\/tr>\n<tr>\n<td class=\"spec-left-column\">Application:<\/td>\n<td width=\"50%\">Gros gibier<\/td>\n<\/tr>\n<\/tbody>\n<\/table>\n<\/div>\n<div id=\"product-caption-block-features\" class=\"product-caption-block\">\n<h3>Caract\u00e9ristiques des munitions Remington Core-Lokt :<\/h3>\n<ul>\n<li>Balle \u00e0 expansion contr\u00f4l\u00e9e. La chemise conique en cuivre est fix\u00e9e \u00e0 un noyau en plomb massif et offre une expansion massive de 2X, une bonne r\u00e9tention du poids et des r\u00e9sultats constants en jeu.<\/li>\n<\/ul>\n<\/div>\n<\/div>","protected":false},"excerpt":{"rendered":"<p>Ce produit est en stock et pr\u00eat \u00e0 \u00eatre exp\u00e9di\u00e9. 100% Livraison rapide garantie. Commandez d\u00e8s maintenant\u00a0!<\/p>\n<form class=\"cart\" action=\"https:\/\/armoryweapons.com\/product\/remington-core-lokt-300-savage-150-grain-core-lokt-pointed-soft-point-psp-brass-500-rounds\/\" enctype=\"multipart\/form-data\" method=\"post\">\n<div class=\"quantity buttons_added\"><\/div>\n<\/form>","protected":false},"featured_media":2960,"comment_status":"open","ping_status":"closed","template":"","meta":[],"product_brand":[],"product_cat":[267,121],"product_tag":[],"class_list":{"0":"post-2957","1":"product","2":"type-product","3":"status-publish","4":"has-post-thumbnail","6":"product_cat-300-savage-ammo","7":"product_cat-rifle-ammo","9":"first","10":"instock","11":"sale","12":"taxable","13":"shipping-taxable","14":"purchasable","15":"product-type-simple"},"yoast_head":"<!-- This site is optimized with the Yoast SEO Premium plugin v24.6 (Yoast SEO v25.7) - https:\/\/yoast.com\/wordpress\/plugins\/seo\/ -->\n<title>Remington core-lokt 300 savage 180 grain Soft Point Core-Lokt 500 rounds - Bulk Ammunition shop<\/title>\n<meta name=\"robots\" content=\"index, follow, max-snippet:-1, max-image-preview:large, max-video-preview:-1\" \/>\n<link rel=\"canonical\" href=\"https:\/\/www.bulkammunitionshop.com\/fr_fr\/produit\/remington-core-lokt-300-savage-180-grains-a-pointe-souple-core-lokt-500-cartouches\/\" \/>\n<meta property=\"og:locale\" content=\"fr_FR\" \/>\n<meta property=\"og:type\" content=\"article\" \/>\n<meta property=\"og:title\" content=\"Remington core-lokt 300 savage 180 grain Soft Point Core-Lokt 500 rounds\" \/>\n<meta property=\"og:description\" content=\"This Product Is In Stock and Ready to Ship. 100% Fast Shipping Guaranteed. Place Order Now!\" \/>\n<meta property=\"og:url\" content=\"https:\/\/www.bulkammunitionshop.com\/fr_fr\/produit\/remington-core-lokt-300-savage-180-grains-a-pointe-souple-core-lokt-500-cartouches\/\" \/>\n<meta property=\"og:site_name\" content=\"Bulk Ammunition shop\" \/>\n<meta property=\"article:modified_time\" content=\"2025-11-16T01:17:51+00:00\" \/>\n<meta property=\"og:image\" content=\"http:\/\/www.bulkammunitionshop.com\/wp-content\/uploads\/2022\/10\/98061010-3B9C-4368-87E0-ECC83DA5BB77-510x351-1.jpeg\" \/>\n\t<meta property=\"og:image:width\" content=\"510\" \/>\n\t<meta property=\"og:image:height\" content=\"351\" \/>\n\t<meta property=\"og:image:type\" content=\"image\/jpeg\" \/>\n<meta name=\"twitter:card\" content=\"summary_large_image\" \/>\n<meta name=\"twitter:label1\" content=\"Dur\u00e9e de lecture estim\u00e9e\" \/>\n\t<meta name=\"twitter:data1\" content=\"2 minutes\" \/>\n<script type=\"application\/ld+json\" class=\"yoast-schema-graph\">{\"@context\":\"https:\/\/schema.org\",\"@graph\":[{\"@type\":\"WebPage\",\"@id\":\"https:\/\/www.bulkammunitionshop.com\/product\/remington-core-lokt-300-savage-180-grain-soft-point-core-lokt-500-rounds\/\",\"url\":\"https:\/\/www.bulkammunitionshop.com\/product\/remington-core-lokt-300-savage-180-grain-soft-point-core-lokt-500-rounds\/\",\"name\":\"Remington core-lokt 300 savage 180 grain Soft Point Core-Lokt 500 rounds - Bulk Ammunition shop\",\"isPartOf\":{\"@id\":\"https:\/\/www.bulkammunitionshop.com\/#website\"},\"primaryImageOfPage\":{\"@id\":\"https:\/\/www.bulkammunitionshop.com\/product\/remington-core-lokt-300-savage-180-grain-soft-point-core-lokt-500-rounds\/#primaryimage\"},\"image\":{\"@id\":\"https:\/\/www.bulkammunitionshop.com\/product\/remington-core-lokt-300-savage-180-grain-soft-point-core-lokt-500-rounds\/#primaryimage\"},\"thumbnailUrl\":\"https:\/\/www.bulkammunitionshop.com\/wp-content\/uploads\/2022\/10\/98061010-3B9C-4368-87E0-ECC83DA5BB77-510x351-1.jpeg\",\"datePublished\":\"2022-10-19T23:03:09+00:00\",\"dateModified\":\"2025-11-16T01:17:51+00:00\",\"breadcrumb\":{\"@id\":\"https:\/\/www.bulkammunitionshop.com\/product\/remington-core-lokt-300-savage-180-grain-soft-point-core-lokt-500-rounds\/#breadcrumb\"},\"inLanguage\":\"fr-FR\",\"potentialAction\":[{\"@type\":\"ReadAction\",\"target\":[\"https:\/\/www.bulkammunitionshop.com\/product\/remington-core-lokt-300-savage-180-grain-soft-point-core-lokt-500-rounds\/\"]}]},{\"@type\":\"ImageObject\",\"inLanguage\":\"fr-FR\",\"@id\":\"https:\/\/www.bulkammunitionshop.com\/product\/remington-core-lokt-300-savage-180-grain-soft-point-core-lokt-500-rounds\/#primaryimage\",\"url\":\"https:\/\/www.bulkammunitionshop.com\/wp-content\/uploads\/2022\/10\/98061010-3B9C-4368-87E0-ECC83DA5BB77-510x351-1.jpeg\",\"contentUrl\":\"https:\/\/www.bulkammunitionshop.com\/wp-content\/uploads\/2022\/10\/98061010-3B9C-4368-87E0-ECC83DA5BB77-510x351-1.jpeg\",\"width\":510,\"height\":351},{\"@type\":\"BreadcrumbList\",\"@id\":\"https:\/\/www.bulkammunitionshop.com\/product\/remington-core-lokt-300-savage-180-grain-soft-point-core-lokt-500-rounds\/#breadcrumb\",\"itemListElement\":[{\"@type\":\"ListItem\",\"position\":1,\"name\":\"Home\",\"item\":\"https:\/\/www.bulkammunitionshop.com\/\"},{\"@type\":\"ListItem\",\"position\":2,\"name\":\"SHOP ALL\",\"item\":\"https:\/\/www.bulkammunitionshop.com\/shop-all\/\"},{\"@type\":\"ListItem\",\"position\":3,\"name\":\"Remington core-lokt 300 savage 180 grain Soft Point Core-Lokt 500 rounds\"}]},{\"@type\":\"WebSite\",\"@id\":\"https:\/\/www.bulkammunitionshop.com\/#website\",\"url\":\"https:\/\/www.bulkammunitionshop.com\/\",\"name\":\"Bulk Ammunition shop\",\"description\":\"Buy Cheap Bulk Ammo Online - Bulk Ammo for Sale- Cheap Ammo Online\",\"potentialAction\":[{\"@type\":\"SearchAction\",\"target\":{\"@type\":\"EntryPoint\",\"urlTemplate\":\"https:\/\/www.bulkammunitionshop.com\/?s={search_term_string}\"},\"query-input\":{\"@type\":\"PropertyValueSpecification\",\"valueRequired\":true,\"valueName\":\"search_term_string\"}}],\"inLanguage\":\"fr-FR\"}]}<\/script>\n<!-- \/ Yoast SEO Premium plugin. -->","yoast_head_json":{"title":"Cartouche Remington Core-Lokt 300 Savage 180 grains, pointe souple, Core-Lokt 500 - Magasin de munitions en vrac","robots":{"index":"index","follow":"follow","max-snippet":"max-snippet:-1","max-image-preview":"max-image-preview:large","max-video-preview":"max-video-preview:-1"},"canonical":"https:\/\/www.bulkammunitionshop.com\/fr_fr\/produit\/remington-core-lokt-300-savage-180-grains-a-pointe-souple-core-lokt-500-cartouches\/","og_locale":"fr_FR","og_type":"article","og_title":"Remington core-lokt 300 savage 180 grain Soft Point Core-Lokt 500 rounds","og_description":"This Product Is In Stock and Ready to Ship. 100% Fast Shipping Guaranteed. Place Order Now!","og_url":"https:\/\/www.bulkammunitionshop.com\/fr_fr\/produit\/remington-core-lokt-300-savage-180-grains-a-pointe-souple-core-lokt-500-cartouches\/","og_site_name":"Bulk Ammunition shop","article_modified_time":"2025-11-16T01:17:51+00:00","og_image":[{"width":510,"height":351,"url":"http:\/\/www.bulkammunitionshop.com\/wp-content\/uploads\/2022\/10\/98061010-3B9C-4368-87E0-ECC83DA5BB77-510x351-1.jpeg","type":"image\/jpeg"}],"twitter_card":"summary_large_image","twitter_misc":{"Dur\u00e9e de lecture estim\u00e9e":"2 minutes"},"schema":{"@context":"https:\/\/schema.org","@graph":[{"@type":"WebPage","@id":"https:\/\/www.bulkammunitionshop.com\/product\/remington-core-lokt-300-savage-180-grain-soft-point-core-lokt-500-rounds\/","url":"https:\/\/www.bulkammunitionshop.com\/product\/remington-core-lokt-300-savage-180-grain-soft-point-core-lokt-500-rounds\/","name":"Cartouche Remington Core-Lokt 300 Savage 180 grains, pointe souple, Core-Lokt 500 - Magasin de munitions en vrac","isPartOf":{"@id":"https:\/\/www.bulkammunitionshop.com\/#website"},"primaryImageOfPage":{"@id":"https:\/\/www.bulkammunitionshop.com\/product\/remington-core-lokt-300-savage-180-grain-soft-point-core-lokt-500-rounds\/#primaryimage"},"image":{"@id":"https:\/\/www.bulkammunitionshop.com\/product\/remington-core-lokt-300-savage-180-grain-soft-point-core-lokt-500-rounds\/#primaryimage"},"thumbnailUrl":"https:\/\/www.bulkammunitionshop.com\/wp-content\/uploads\/2022\/10\/98061010-3B9C-4368-87E0-ECC83DA5BB77-510x351-1.jpeg","datePublished":"2022-10-19T23:03:09+00:00","dateModified":"2025-11-16T01:17:51+00:00","breadcrumb":{"@id":"https:\/\/www.bulkammunitionshop.com\/product\/remington-core-lokt-300-savage-180-grain-soft-point-core-lokt-500-rounds\/#breadcrumb"},"inLanguage":"fr-FR","potentialAction":[{"@type":"ReadAction","target":["https:\/\/www.bulkammunitionshop.com\/product\/remington-core-lokt-300-savage-180-grain-soft-point-core-lokt-500-rounds\/"]}]},{"@type":"ImageObject","inLanguage":"fr-FR","@id":"https:\/\/www.bulkammunitionshop.com\/product\/remington-core-lokt-300-savage-180-grain-soft-point-core-lokt-500-rounds\/#primaryimage","url":"https:\/\/www.bulkammunitionshop.com\/wp-content\/uploads\/2022\/10\/98061010-3B9C-4368-87E0-ECC83DA5BB77-510x351-1.jpeg","contentUrl":"https:\/\/www.bulkammunitionshop.com\/wp-content\/uploads\/2022\/10\/98061010-3B9C-4368-87E0-ECC83DA5BB77-510x351-1.jpeg","width":510,"height":351},{"@type":"BreadcrumbList","@id":"https:\/\/www.bulkammunitionshop.com\/product\/remington-core-lokt-300-savage-180-grain-soft-point-core-lokt-500-rounds\/#breadcrumb","itemListElement":[{"@type":"ListItem","position":1,"name":"Home","item":"https:\/\/www.bulkammunitionshop.com\/"},{"@type":"ListItem","position":2,"name":"SHOP ALL","item":"https:\/\/www.bulkammunitionshop.com\/shop-all\/"},{"@type":"ListItem","position":3,"name":"Remington core-lokt 300 savage 180 grain Soft Point Core-Lokt 500 rounds"}]},{"@type":"WebSite","@id":"https:\/\/www.bulkammunitionshop.com\/#website","url":"https:\/\/www.bulkammunitionshop.com\/","name":"Magasin de munitions en vrac","description":"Achetez des munitions en gros \u00e0 bas prix en ligne\u00a0- Vente de munitions en gros\u00a0- Munitions bon march\u00e9 en ligne","potentialAction":[{"@type":"SearchAction","target":{"@type":"EntryPoint","urlTemplate":"https:\/\/www.bulkammunitionshop.com\/?s={search_term_string}"},"query-input":{"@type":"PropertyValueSpecification","valueRequired":true,"valueName":"search_term_string"}}],"inLanguage":"fr-FR"}]}},"jetpack_sharing_enabled":true,"_links":{"self":[{"href":"https:\/\/www.bulkammunitionshop.com\/fr_fr\/wp-json\/wp\/v2\/product\/2957","targetHints":{"allow":["GET"]}}],"collection":[{"href":"https:\/\/www.bulkammunitionshop.com\/fr_fr\/wp-json\/wp\/v2\/product"}],"about":[{"href":"https:\/\/www.bulkammunitionshop.com\/fr_fr\/wp-json\/wp\/v2\/types\/product"}],"replies":[{"embeddable":true,"href":"https:\/\/www.bulkammunitionshop.com\/fr_fr\/wp-json\/wp\/v2\/comments?post=2957"}],"wp:featuredmedia":[{"embeddable":true,"href":"https:\/\/www.bulkammunitionshop.com\/fr_fr\/wp-json\/wp\/v2\/media\/2960"}],"wp:attachment":[{"href":"https:\/\/www.bulkammunitionshop.com\/fr_fr\/wp-json\/wp\/v2\/media?parent=2957"}],"wp:term":[{"taxonomy":"product_brand","embeddable":true,"href":"https:\/\/www.bulkammunitionshop.com\/fr_fr\/wp-json\/wp\/v2\/product_brand?post=2957"},{"taxonomy":"product_cat","embeddable":true,"href":"https:\/\/www.bulkammunitionshop.com\/fr_fr\/wp-json\/wp\/v2\/product_cat?post=2957"},{"taxonomy":"product_tag","embeddable":true,"href":"https:\/\/www.bulkammunitionshop.com\/fr_fr\/wp-json\/wp\/v2\/product_tag?post=2957"}],"curies":[{"name":"wp","href":"https:\/\/api.w.org\/{rel}","templated":true}]}}