{"id":1515,"date":"2022-05-21T16:28:31","date_gmt":"2022-05-21T16:28:31","guid":{"rendered":"https:\/\/www.bulkammunitionshop.com\/?post_type=product&#038;p=1515"},"modified":"2025-01-01T03:07:07","modified_gmt":"2025-01-01T03:07:07","slug":"500-cartouches-remington-express-core-lokt-6-5-mm-creedmoor-psp-core-lokt-140-grains","status":"publish","type":"product","link":"https:\/\/www.bulkammunitionshop.com\/fr\/produit\/500-cartouches-remington-express-core-lokt-6-5-mm-creedmoor-psp-core-lokt-140-grains\/","title":{"rendered":"500 cartouches Remington Express Core-Lokt, 6,5 mm Creedmoor, PSP Core-Lokt, 140 grains"},"content":{"rendered":"<h2>Description<\/h2>\n<div id=\"uvpBody\">\n<p>Depuis 1939, plus de chasseurs font confiance \u00e0 la Remington Core-Lokt\u00ae qu&#039;\u00e0 toute autre munition pour le gros gibier, et \u00e0 juste titre. Elle a rempli plus de cartouches sur plus de continents que toute autre charge. Core-Lokt est la balle \u00e0 expansion contr\u00f4l\u00e9e originale. Ses performances \u00e9prouv\u00e9es en font le choix num\u00e9ro un des chasseurs depuis plus de 75 ans. La chemise conique en cuivre est fix\u00e9e sur un noyau en plomb massif, offrant une expansion 2X massive, une bonne r\u00e9tention du poids et des r\u00e9sultats constants sur le gibier.<\/p>\n<p>Commandez aujourd&#039;hui !<\/p>\n<\/div>\n<div>\n<h2 class=\"uvpHeadline\">Sp\u00e9cifications cl\u00e9s<\/h2>\n<div class=\"uvpListItems\">\n<ul>\n<li>Num\u00e9ro d&#039;article : 707585<\/li>\n<li>Num\u00e9ro de fabrication : R65CR1<\/li>\n<li>Num\u00e9ro UPC : 047700478807<\/li>\n<li>Calibre : 6,5 mm Creedmoor<\/li>\n<li>Poids de la balle : 140 grains<\/li>\n<li>Style de balle : Pointue, souple, Core-Lokt<\/li>\n<li>Vitesse initiale : 2\u00a0700 FPS<\/li>\n<li>\u00c9nergie initiale : 2 266 pi-lb<\/li>\n<li>Type de bo\u00eetier : Laiton<\/li>\n<li>Type d&#039;amorce : Amorc\u00e9 Boxer, rechargeable<\/li>\n<li>Corrosif : Non<\/li>\n<li>Tours : 500<\/li>\n<\/ul>\n<\/div>\n<\/div>","protected":false},"excerpt":{"rendered":"<p>Ce produit est en stock et pr\u00eat \u00e0 \u00eatre exp\u00e9di\u00e9. 100% Livraison rapide garantie. Commandez d\u00e8s maintenant\u00a0!<\/p>","protected":false},"featured_media":1545,"comment_status":"open","ping_status":"closed","template":"","meta":[],"product_brand":[],"product_cat":[235,121],"product_tag":[],"class_list":{"0":"post-1515","1":"product","2":"type-product","3":"status-publish","4":"has-post-thumbnail","6":"product_cat-6-5mm-creedmoor","7":"product_cat-rifle-ammo","9":"first","10":"instock","11":"taxable","12":"shipping-taxable","13":"purchasable","14":"product-type-simple"},"yoast_head":"<!-- This site is optimized with the Yoast SEO Premium plugin v24.6 (Yoast SEO v25.7) - https:\/\/yoast.com\/wordpress\/plugins\/seo\/ -->\n<title>500 Rounds Of Remington Express Core-Lokt, 6.5mm Creedmoor, PSP Core-Lokt, 140 Grain - Bulk Ammunition shop<\/title>\n<meta name=\"robots\" content=\"index, follow, max-snippet:-1, max-image-preview:large, max-video-preview:-1\" \/>\n<link rel=\"canonical\" href=\"https:\/\/www.bulkammunitionshop.com\/fr\/produit\/500-cartouches-remington-express-core-lokt-6-5-mm-creedmoor-psp-core-lokt-140-grains\/\" \/>\n<meta property=\"og:locale\" content=\"fr_CA\" \/>\n<meta property=\"og:type\" content=\"article\" \/>\n<meta property=\"og:title\" content=\"500 Rounds Of Remington Express Core-Lokt, 6.5mm Creedmoor, PSP Core-Lokt, 140 Grain\" \/>\n<meta property=\"og:description\" content=\"This Product Is In Stock and Ready to Ship. 100% Fast Shipping Guaranteed. Place Order Now!\" \/>\n<meta property=\"og:url\" content=\"https:\/\/www.bulkammunitionshop.com\/fr\/produit\/500-cartouches-remington-express-core-lokt-6-5-mm-creedmoor-psp-core-lokt-140-grains\/\" \/>\n<meta property=\"og:site_name\" content=\"Bulk Ammunition shop\" \/>\n<meta property=\"article:modified_time\" content=\"2025-01-01T03:07:07+00:00\" \/>\n<meta property=\"og:image\" content=\"http:\/\/www.bulkammunitionshop.com\/wp-content\/uploads\/2022\/05\/707585_ts-600x600-1.jpg\" \/>\n\t<meta property=\"og:image:width\" content=\"600\" \/>\n\t<meta property=\"og:image:height\" content=\"600\" \/>\n\t<meta property=\"og:image:type\" content=\"image\/jpeg\" \/>\n<meta name=\"twitter:card\" content=\"summary_large_image\" \/>\n<meta name=\"twitter:label1\" content=\"Estimation du temps de lecture\" \/>\n\t<meta name=\"twitter:data1\" content=\"1 minute\" \/>\n<script type=\"application\/ld+json\" class=\"yoast-schema-graph\">{\"@context\":\"https:\/\/schema.org\",\"@graph\":[{\"@type\":\"WebPage\",\"@id\":\"https:\/\/www.bulkammunitionshop.com\/product\/500-rounds-of-remington-express-core-lokt-6-5mm-creedmoor-psp-core-lokt-140-grain\/\",\"url\":\"https:\/\/www.bulkammunitionshop.com\/product\/500-rounds-of-remington-express-core-lokt-6-5mm-creedmoor-psp-core-lokt-140-grain\/\",\"name\":\"500 Rounds Of Remington Express Core-Lokt, 6.5mm Creedmoor, PSP Core-Lokt, 140 Grain - Bulk Ammunition shop\",\"isPartOf\":{\"@id\":\"https:\/\/www.bulkammunitionshop.com\/#website\"},\"primaryImageOfPage\":{\"@id\":\"https:\/\/www.bulkammunitionshop.com\/product\/500-rounds-of-remington-express-core-lokt-6-5mm-creedmoor-psp-core-lokt-140-grain\/#primaryimage\"},\"image\":{\"@id\":\"https:\/\/www.bulkammunitionshop.com\/product\/500-rounds-of-remington-express-core-lokt-6-5mm-creedmoor-psp-core-lokt-140-grain\/#primaryimage\"},\"thumbnailUrl\":\"https:\/\/www.bulkammunitionshop.com\/wp-content\/uploads\/2022\/05\/707585_ts-600x600-1.jpg\",\"datePublished\":\"2022-05-21T16:28:31+00:00\",\"dateModified\":\"2025-01-01T03:07:07+00:00\",\"breadcrumb\":{\"@id\":\"https:\/\/www.bulkammunitionshop.com\/product\/500-rounds-of-remington-express-core-lokt-6-5mm-creedmoor-psp-core-lokt-140-grain\/#breadcrumb\"},\"inLanguage\":\"fr-CA\",\"potentialAction\":[{\"@type\":\"ReadAction\",\"target\":[\"https:\/\/www.bulkammunitionshop.com\/product\/500-rounds-of-remington-express-core-lokt-6-5mm-creedmoor-psp-core-lokt-140-grain\/\"]}]},{\"@type\":\"ImageObject\",\"inLanguage\":\"fr-CA\",\"@id\":\"https:\/\/www.bulkammunitionshop.com\/product\/500-rounds-of-remington-express-core-lokt-6-5mm-creedmoor-psp-core-lokt-140-grain\/#primaryimage\",\"url\":\"https:\/\/www.bulkammunitionshop.com\/wp-content\/uploads\/2022\/05\/707585_ts-600x600-1.jpg\",\"contentUrl\":\"https:\/\/www.bulkammunitionshop.com\/wp-content\/uploads\/2022\/05\/707585_ts-600x600-1.jpg\",\"width\":600,\"height\":600},{\"@type\":\"BreadcrumbList\",\"@id\":\"https:\/\/www.bulkammunitionshop.com\/product\/500-rounds-of-remington-express-core-lokt-6-5mm-creedmoor-psp-core-lokt-140-grain\/#breadcrumb\",\"itemListElement\":[{\"@type\":\"ListItem\",\"position\":1,\"name\":\"Home\",\"item\":\"https:\/\/www.bulkammunitionshop.com\/\"},{\"@type\":\"ListItem\",\"position\":2,\"name\":\"SHOP ALL\",\"item\":\"https:\/\/www.bulkammunitionshop.com\/shop-all\/\"},{\"@type\":\"ListItem\",\"position\":3,\"name\":\"500 Rounds Of Remington Express Core-Lokt, 6.5mm Creedmoor, PSP Core-Lokt, 140 Grain\"}]},{\"@type\":\"WebSite\",\"@id\":\"https:\/\/www.bulkammunitionshop.com\/#website\",\"url\":\"https:\/\/www.bulkammunitionshop.com\/\",\"name\":\"Bulk Ammunition shop\",\"description\":\"Buy Cheap Bulk Ammo Online - Bulk Ammo for Sale- Cheap Ammo Online\",\"potentialAction\":[{\"@type\":\"SearchAction\",\"target\":{\"@type\":\"EntryPoint\",\"urlTemplate\":\"https:\/\/www.bulkammunitionshop.com\/?s={search_term_string}\"},\"query-input\":{\"@type\":\"PropertyValueSpecification\",\"valueRequired\":true,\"valueName\":\"search_term_string\"}}],\"inLanguage\":\"fr-CA\"}]}<\/script>\n<!-- \/ Yoast SEO Premium plugin. -->","yoast_head_json":{"title":"500 cartouches Remington Express Core-Lokt, 6,5 mm Creedmoor, PSP Core-Lokt, 140 grains - Magasin de munitions en vrac","robots":{"index":"index","follow":"follow","max-snippet":"max-snippet:-1","max-image-preview":"max-image-preview:large","max-video-preview":"max-video-preview:-1"},"canonical":"https:\/\/www.bulkammunitionshop.com\/fr\/produit\/500-cartouches-remington-express-core-lokt-6-5-mm-creedmoor-psp-core-lokt-140-grains\/","og_locale":"fr_CA","og_type":"article","og_title":"500 Rounds Of Remington Express Core-Lokt, 6.5mm Creedmoor, PSP Core-Lokt, 140 Grain","og_description":"This Product Is In Stock and Ready to Ship. 100% Fast Shipping Guaranteed. Place Order Now!","og_url":"https:\/\/www.bulkammunitionshop.com\/fr\/produit\/500-cartouches-remington-express-core-lokt-6-5-mm-creedmoor-psp-core-lokt-140-grains\/","og_site_name":"Bulk Ammunition shop","article_modified_time":"2025-01-01T03:07:07+00:00","og_image":[{"width":600,"height":600,"url":"http:\/\/www.bulkammunitionshop.com\/wp-content\/uploads\/2022\/05\/707585_ts-600x600-1.jpg","type":"image\/jpeg"}],"twitter_card":"summary_large_image","twitter_misc":{"Estimation du temps de lecture":"1 minute"},"schema":{"@context":"https:\/\/schema.org","@graph":[{"@type":"WebPage","@id":"https:\/\/www.bulkammunitionshop.com\/product\/500-rounds-of-remington-express-core-lokt-6-5mm-creedmoor-psp-core-lokt-140-grain\/","url":"https:\/\/www.bulkammunitionshop.com\/product\/500-rounds-of-remington-express-core-lokt-6-5mm-creedmoor-psp-core-lokt-140-grain\/","name":"500 cartouches Remington Express Core-Lokt, 6,5 mm Creedmoor, PSP Core-Lokt, 140 grains - Magasin de munitions en vrac","isPartOf":{"@id":"https:\/\/www.bulkammunitionshop.com\/#website"},"primaryImageOfPage":{"@id":"https:\/\/www.bulkammunitionshop.com\/product\/500-rounds-of-remington-express-core-lokt-6-5mm-creedmoor-psp-core-lokt-140-grain\/#primaryimage"},"image":{"@id":"https:\/\/www.bulkammunitionshop.com\/product\/500-rounds-of-remington-express-core-lokt-6-5mm-creedmoor-psp-core-lokt-140-grain\/#primaryimage"},"thumbnailUrl":"https:\/\/www.bulkammunitionshop.com\/wp-content\/uploads\/2022\/05\/707585_ts-600x600-1.jpg","datePublished":"2022-05-21T16:28:31+00:00","dateModified":"2025-01-01T03:07:07+00:00","breadcrumb":{"@id":"https:\/\/www.bulkammunitionshop.com\/product\/500-rounds-of-remington-express-core-lokt-6-5mm-creedmoor-psp-core-lokt-140-grain\/#breadcrumb"},"inLanguage":"fr-CA","potentialAction":[{"@type":"ReadAction","target":["https:\/\/www.bulkammunitionshop.com\/product\/500-rounds-of-remington-express-core-lokt-6-5mm-creedmoor-psp-core-lokt-140-grain\/"]}]},{"@type":"ImageObject","inLanguage":"fr-CA","@id":"https:\/\/www.bulkammunitionshop.com\/product\/500-rounds-of-remington-express-core-lokt-6-5mm-creedmoor-psp-core-lokt-140-grain\/#primaryimage","url":"https:\/\/www.bulkammunitionshop.com\/wp-content\/uploads\/2022\/05\/707585_ts-600x600-1.jpg","contentUrl":"https:\/\/www.bulkammunitionshop.com\/wp-content\/uploads\/2022\/05\/707585_ts-600x600-1.jpg","width":600,"height":600},{"@type":"BreadcrumbList","@id":"https:\/\/www.bulkammunitionshop.com\/product\/500-rounds-of-remington-express-core-lokt-6-5mm-creedmoor-psp-core-lokt-140-grain\/#breadcrumb","itemListElement":[{"@type":"ListItem","position":1,"name":"Home","item":"https:\/\/www.bulkammunitionshop.com\/"},{"@type":"ListItem","position":2,"name":"SHOP ALL","item":"https:\/\/www.bulkammunitionshop.com\/shop-all\/"},{"@type":"ListItem","position":3,"name":"500 Rounds Of Remington Express Core-Lokt, 6.5mm Creedmoor, PSP Core-Lokt, 140 Grain"}]},{"@type":"WebSite","@id":"https:\/\/www.bulkammunitionshop.com\/#website","url":"https:\/\/www.bulkammunitionshop.com\/","name":"Magasin de munitions en vrac","description":"Achetez des munitions en gros \u00e0 bas prix en ligne\u00a0- Vente de munitions en gros\u00a0- Munitions bon march\u00e9 en ligne","potentialAction":[{"@type":"SearchAction","target":{"@type":"EntryPoint","urlTemplate":"https:\/\/www.bulkammunitionshop.com\/?s={search_term_string}"},"query-input":{"@type":"PropertyValueSpecification","valueRequired":true,"valueName":"search_term_string"}}],"inLanguage":"fr-CA"}]}},"jetpack_sharing_enabled":true,"_links":{"self":[{"href":"https:\/\/www.bulkammunitionshop.com\/fr\/wp-json\/wp\/v2\/product\/1515","targetHints":{"allow":["GET"]}}],"collection":[{"href":"https:\/\/www.bulkammunitionshop.com\/fr\/wp-json\/wp\/v2\/product"}],"about":[{"href":"https:\/\/www.bulkammunitionshop.com\/fr\/wp-json\/wp\/v2\/types\/product"}],"replies":[{"embeddable":true,"href":"https:\/\/www.bulkammunitionshop.com\/fr\/wp-json\/wp\/v2\/comments?post=1515"}],"wp:featuredmedia":[{"embeddable":true,"href":"https:\/\/www.bulkammunitionshop.com\/fr\/wp-json\/wp\/v2\/media\/1545"}],"wp:attachment":[{"href":"https:\/\/www.bulkammunitionshop.com\/fr\/wp-json\/wp\/v2\/media?parent=1515"}],"wp:term":[{"taxonomy":"product_brand","embeddable":true,"href":"https:\/\/www.bulkammunitionshop.com\/fr\/wp-json\/wp\/v2\/product_brand?post=1515"},{"taxonomy":"product_cat","embeddable":true,"href":"https:\/\/www.bulkammunitionshop.com\/fr\/wp-json\/wp\/v2\/product_cat?post=1515"},{"taxonomy":"product_tag","embeddable":true,"href":"https:\/\/www.bulkammunitionshop.com\/fr\/wp-json\/wp\/v2\/product_tag?post=1515"}],"curies":[{"name":"wp","href":"https:\/\/api.w.org\/{rel}","templated":true}]}}