{"id":823,"date":"2022-05-21T16:19:28","date_gmt":"2022-05-21T16:19:28","guid":{"rendered":"https:\/\/www.bulkammunitionshop.com\/?post_type=product&#038;p=823"},"modified":"2025-06-21T20:03:16","modified_gmt":"2025-06-21T20:03:16","slug":"500-rounds-fiocchi-hyperperformance-129-gr-sst-6-5-creedmoor-ammo","status":"publish","type":"product","link":"https:\/\/www.bulkammunitionshop.com\/fi\/tuote\/500-rounds-fiocchi-hyperperformance-129-gr-sst-6-5-creedmoor-ammo\/","title":{"rendered":"500 patruunaa Fiocchi Hyperperformance 129 gr SST 6.5 Creedmoor -patruunat"},"content":{"rendered":"<p>Accuracy, expansion, and weight retention are mandatory in a quality hunting bullet. Fiocchi delivers all three! Utilizing only the best projectiles on the market, you can be assured of consistent performance and quality with every use. The tipped designs initiate consistent expansion while the core and jacket together provide superior weight retention by minimizing core-jacket separation. Flat shooting, it offers improved long-range ballistics to impart instant damage to tissue, bone, and vital organs on game from hogs and whitetail deer to elk and moose.<\/p>\n<p>PRODUCT DETAILS<br \/>\nDETAILS<br \/>\nManufacturer: Fiocchi<br \/>\nProduct Line: Hyperperformance<br \/>\nCaliber: 6.5 Creedmoor<br \/>\nBullet Weight: 129 gr<br \/>\nBullet Type: SST<br \/>\nCasing: Brass<br \/>\nMuzzle Velocity: 2840 fps<br \/>\nQuantity: 500 Rounds<br \/>\nSaatavuus: Varastossa<\/p>","protected":false},"excerpt":{"rendered":"<p>Accuracy, expansion, and weight retention are mandatory in a quality hunting bullet. Fiocchi delivers all three! Utilizing only the best projectiles on the market, you can be assured of consistent performance and quality with every use. The tipped designs initiate consistent expansion while the core and jacket together provide superior weight retention by minimizing core-jacket [&#8230;]","protected":false},"featured_media":519,"comment_status":"open","ping_status":"closed","template":"","meta":[],"product_brand":[],"product_cat":[112],"product_tag":[],"class_list":{"0":"post-823","1":"product","2":"type-product","3":"status-publish","4":"has-post-thumbnail","6":"product_cat-handgun-ammo","8":"first","9":"instock","10":"taxable","11":"shipping-taxable","12":"purchasable","13":"product-type-simple"},"yoast_head":"<!-- This site is optimized with the Yoast SEO Premium plugin v24.6 (Yoast SEO v25.7) - https:\/\/yoast.com\/wordpress\/plugins\/seo\/ -->\n<title>500 ROUNDS FIOCCHI HYPERPERFORMANCE 129 GR SST 6.5 CREEDMOOR AMMO - Bulk Ammunition shop<\/title>\n<meta name=\"robots\" content=\"index, follow, max-snippet:-1, max-image-preview:large, max-video-preview:-1\" \/>\n<link rel=\"canonical\" href=\"https:\/\/www.bulkammunitionshop.com\/fi\/tuote\/500-rounds-fiocchi-hyperperformance-129-gr-sst-6-5-creedmoor-ammo\/\" \/>\n<meta property=\"og:locale\" content=\"fi_FI\" \/>\n<meta property=\"og:type\" content=\"article\" \/>\n<meta property=\"og:title\" content=\"500 ROUNDS FIOCCHI HYPERPERFORMANCE 129 GR SST 6.5 CREEDMOOR AMMO\" \/>\n<meta property=\"og:description\" content=\"Accuracy, expansion, and weight retention are mandatory in a quality hunting bullet. Fiocchi delivers all three! Utilizing only the best projectiles on the market, you can be assured of consistent performance and quality with every use. The tipped designs initiate consistent expansion while the core and jacket together provide superior weight retention by minimizing core-jacket [...]\" \/>\n<meta property=\"og:url\" content=\"https:\/\/www.bulkammunitionshop.com\/fi\/tuote\/500-rounds-fiocchi-hyperperformance-129-gr-sst-6-5-creedmoor-ammo\/\" \/>\n<meta property=\"og:site_name\" content=\"Bulk Ammunition shop\" \/>\n<meta property=\"article:modified_time\" content=\"2025-06-21T20:03:16+00:00\" \/>\n<meta property=\"og:image\" content=\"https:\/\/i0.wp.com\/www.bulkammunitionshop.com\/wp-content\/uploads\/2022\/05\/fiocchi-hyperperformance-129-gr-sst-65-creedmoor-ammunition_-20-rounds.jpg?fit=546%2C546&ssl=1\" \/>\n\t<meta property=\"og:image:width\" content=\"546\" \/>\n\t<meta property=\"og:image:height\" content=\"546\" \/>\n\t<meta property=\"og:image:type\" content=\"image\/jpeg\" \/>\n<meta name=\"twitter:card\" content=\"summary_large_image\" \/>\n<meta name=\"twitter:label1\" content=\"Arvioitu lukuaika\" \/>\n\t<meta name=\"twitter:data1\" content=\"1 minuutti\" \/>\n<script type=\"application\/ld+json\" class=\"yoast-schema-graph\">{\"@context\":\"https:\/\/schema.org\",\"@graph\":[{\"@type\":\"WebPage\",\"@id\":\"https:\/\/www.bulkammunitionshop.com\/product\/500-rounds-fiocchi-hyperperformance-129-gr-sst-6-5-creedmoor-ammo\/\",\"url\":\"https:\/\/www.bulkammunitionshop.com\/product\/500-rounds-fiocchi-hyperperformance-129-gr-sst-6-5-creedmoor-ammo\/\",\"name\":\"500 ROUNDS FIOCCHI HYPERPERFORMANCE 129 GR SST 6.5 CREEDMOOR AMMO - Bulk Ammunition shop\",\"isPartOf\":{\"@id\":\"https:\/\/www.bulkammunitionshop.com\/#website\"},\"primaryImageOfPage\":{\"@id\":\"https:\/\/www.bulkammunitionshop.com\/product\/500-rounds-fiocchi-hyperperformance-129-gr-sst-6-5-creedmoor-ammo\/#primaryimage\"},\"image\":{\"@id\":\"https:\/\/www.bulkammunitionshop.com\/product\/500-rounds-fiocchi-hyperperformance-129-gr-sst-6-5-creedmoor-ammo\/#primaryimage\"},\"thumbnailUrl\":\"https:\/\/www.bulkammunitionshop.com\/wp-content\/uploads\/2022\/05\/fiocchi-hyperperformance-129-gr-sst-65-creedmoor-ammunition_-20-rounds.jpg\",\"datePublished\":\"2022-05-21T16:19:28+00:00\",\"dateModified\":\"2025-06-21T20:03:16+00:00\",\"breadcrumb\":{\"@id\":\"https:\/\/www.bulkammunitionshop.com\/product\/500-rounds-fiocchi-hyperperformance-129-gr-sst-6-5-creedmoor-ammo\/#breadcrumb\"},\"inLanguage\":\"fi\",\"potentialAction\":[{\"@type\":\"ReadAction\",\"target\":[\"https:\/\/www.bulkammunitionshop.com\/product\/500-rounds-fiocchi-hyperperformance-129-gr-sst-6-5-creedmoor-ammo\/\"]}]},{\"@type\":\"ImageObject\",\"inLanguage\":\"fi\",\"@id\":\"https:\/\/www.bulkammunitionshop.com\/product\/500-rounds-fiocchi-hyperperformance-129-gr-sst-6-5-creedmoor-ammo\/#primaryimage\",\"url\":\"https:\/\/www.bulkammunitionshop.com\/wp-content\/uploads\/2022\/05\/fiocchi-hyperperformance-129-gr-sst-65-creedmoor-ammunition_-20-rounds.jpg\",\"contentUrl\":\"https:\/\/www.bulkammunitionshop.com\/wp-content\/uploads\/2022\/05\/fiocchi-hyperperformance-129-gr-sst-65-creedmoor-ammunition_-20-rounds.jpg\",\"width\":546,\"height\":546},{\"@type\":\"BreadcrumbList\",\"@id\":\"https:\/\/www.bulkammunitionshop.com\/product\/500-rounds-fiocchi-hyperperformance-129-gr-sst-6-5-creedmoor-ammo\/#breadcrumb\",\"itemListElement\":[{\"@type\":\"ListItem\",\"position\":1,\"name\":\"Home\",\"item\":\"https:\/\/www.bulkammunitionshop.com\/\"},{\"@type\":\"ListItem\",\"position\":2,\"name\":\"SHOP ALL\",\"item\":\"https:\/\/www.bulkammunitionshop.com\/shop-all\/\"},{\"@type\":\"ListItem\",\"position\":3,\"name\":\"500 ROUNDS FIOCCHI HYPERPERFORMANCE 129 GR SST 6.5 CREEDMOOR AMMO\"}]},{\"@type\":\"WebSite\",\"@id\":\"https:\/\/www.bulkammunitionshop.com\/#website\",\"url\":\"https:\/\/www.bulkammunitionshop.com\/\",\"name\":\"Bulk Ammunition shop\",\"description\":\"Buy Cheap Bulk Ammo Online - Bulk Ammo for Sale- Cheap Ammo Online\",\"potentialAction\":[{\"@type\":\"SearchAction\",\"target\":{\"@type\":\"EntryPoint\",\"urlTemplate\":\"https:\/\/www.bulkammunitionshop.com\/?s={search_term_string}\"},\"query-input\":{\"@type\":\"PropertyValueSpecification\",\"valueRequired\":true,\"valueName\":\"search_term_string\"}}],\"inLanguage\":\"fi\"}]}<\/script>\n<!-- \/ Yoast SEO Premium plugin. -->","yoast_head_json":{"title":"500 ROUNDS FIOCCHI HYPERPERFORMANCE 129 GR SST 6.5 CREEDMOOR AMMO - Bulk Ammunition shop","robots":{"index":"index","follow":"follow","max-snippet":"max-snippet:-1","max-image-preview":"max-image-preview:large","max-video-preview":"max-video-preview:-1"},"canonical":"https:\/\/www.bulkammunitionshop.com\/fi\/tuote\/500-rounds-fiocchi-hyperperformance-129-gr-sst-6-5-creedmoor-ammo\/","og_locale":"fi_FI","og_type":"article","og_title":"500 ROUNDS FIOCCHI HYPERPERFORMANCE 129 GR SST 6.5 CREEDMOOR AMMO","og_description":"Accuracy, expansion, and weight retention are mandatory in a quality hunting bullet. Fiocchi delivers all three! Utilizing only the best projectiles on the market, you can be assured of consistent performance and quality with every use. The tipped designs initiate consistent expansion while the core and jacket together provide superior weight retention by minimizing core-jacket [...]","og_url":"https:\/\/www.bulkammunitionshop.com\/fi\/tuote\/500-rounds-fiocchi-hyperperformance-129-gr-sst-6-5-creedmoor-ammo\/","og_site_name":"Bulk Ammunition shop","article_modified_time":"2025-06-21T20:03:16+00:00","og_image":[{"width":546,"height":546,"url":"https:\/\/i0.wp.com\/www.bulkammunitionshop.com\/wp-content\/uploads\/2022\/05\/fiocchi-hyperperformance-129-gr-sst-65-creedmoor-ammunition_-20-rounds.jpg?fit=546%2C546&ssl=1","type":"image\/jpeg"}],"twitter_card":"summary_large_image","twitter_misc":{"Arvioitu lukuaika":"1 minuutti"},"schema":{"@context":"https:\/\/schema.org","@graph":[{"@type":"WebPage","@id":"https:\/\/www.bulkammunitionshop.com\/product\/500-rounds-fiocchi-hyperperformance-129-gr-sst-6-5-creedmoor-ammo\/","url":"https:\/\/www.bulkammunitionshop.com\/product\/500-rounds-fiocchi-hyperperformance-129-gr-sst-6-5-creedmoor-ammo\/","name":"500 ROUNDS FIOCCHI HYPERPERFORMANCE 129 GR SST 6.5 CREEDMOOR AMMO - Bulk Ammunition shop","isPartOf":{"@id":"https:\/\/www.bulkammunitionshop.com\/#website"},"primaryImageOfPage":{"@id":"https:\/\/www.bulkammunitionshop.com\/product\/500-rounds-fiocchi-hyperperformance-129-gr-sst-6-5-creedmoor-ammo\/#primaryimage"},"image":{"@id":"https:\/\/www.bulkammunitionshop.com\/product\/500-rounds-fiocchi-hyperperformance-129-gr-sst-6-5-creedmoor-ammo\/#primaryimage"},"thumbnailUrl":"https:\/\/www.bulkammunitionshop.com\/wp-content\/uploads\/2022\/05\/fiocchi-hyperperformance-129-gr-sst-65-creedmoor-ammunition_-20-rounds.jpg","datePublished":"2022-05-21T16:19:28+00:00","dateModified":"2025-06-21T20:03:16+00:00","breadcrumb":{"@id":"https:\/\/www.bulkammunitionshop.com\/product\/500-rounds-fiocchi-hyperperformance-129-gr-sst-6-5-creedmoor-ammo\/#breadcrumb"},"inLanguage":"fi","potentialAction":[{"@type":"ReadAction","target":["https:\/\/www.bulkammunitionshop.com\/product\/500-rounds-fiocchi-hyperperformance-129-gr-sst-6-5-creedmoor-ammo\/"]}]},{"@type":"ImageObject","inLanguage":"fi","@id":"https:\/\/www.bulkammunitionshop.com\/product\/500-rounds-fiocchi-hyperperformance-129-gr-sst-6-5-creedmoor-ammo\/#primaryimage","url":"https:\/\/www.bulkammunitionshop.com\/wp-content\/uploads\/2022\/05\/fiocchi-hyperperformance-129-gr-sst-65-creedmoor-ammunition_-20-rounds.jpg","contentUrl":"https:\/\/www.bulkammunitionshop.com\/wp-content\/uploads\/2022\/05\/fiocchi-hyperperformance-129-gr-sst-65-creedmoor-ammunition_-20-rounds.jpg","width":546,"height":546},{"@type":"BreadcrumbList","@id":"https:\/\/www.bulkammunitionshop.com\/product\/500-rounds-fiocchi-hyperperformance-129-gr-sst-6-5-creedmoor-ammo\/#breadcrumb","itemListElement":[{"@type":"ListItem","position":1,"name":"Home","item":"https:\/\/www.bulkammunitionshop.com\/"},{"@type":"ListItem","position":2,"name":"SHOP ALL","item":"https:\/\/www.bulkammunitionshop.com\/shop-all\/"},{"@type":"ListItem","position":3,"name":"500 ROUNDS FIOCCHI HYPERPERFORMANCE 129 GR SST 6.5 CREEDMOOR AMMO"}]},{"@type":"WebSite","@id":"https:\/\/www.bulkammunitionshop.com\/#website","url":"https:\/\/www.bulkammunitionshop.com\/","name":"Irtoammusten kauppa","description":"Osta halpoja irtotavara-ammuksia netist\u00e4 - Irtotavara-ammuksia myyt\u00e4v\u00e4n\u00e4 - Halpoja ammuksia netist\u00e4","potentialAction":[{"@type":"SearchAction","target":{"@type":"EntryPoint","urlTemplate":"https:\/\/www.bulkammunitionshop.com\/?s={search_term_string}"},"query-input":{"@type":"PropertyValueSpecification","valueRequired":true,"valueName":"search_term_string"}}],"inLanguage":"fi"}]}},"jetpack_sharing_enabled":true,"_links":{"self":[{"href":"https:\/\/www.bulkammunitionshop.com\/fi\/wp-json\/wp\/v2\/product\/823","targetHints":{"allow":["GET"]}}],"collection":[{"href":"https:\/\/www.bulkammunitionshop.com\/fi\/wp-json\/wp\/v2\/product"}],"about":[{"href":"https:\/\/www.bulkammunitionshop.com\/fi\/wp-json\/wp\/v2\/types\/product"}],"replies":[{"embeddable":true,"href":"https:\/\/www.bulkammunitionshop.com\/fi\/wp-json\/wp\/v2\/comments?post=823"}],"wp:featuredmedia":[{"embeddable":true,"href":"https:\/\/www.bulkammunitionshop.com\/fi\/wp-json\/wp\/v2\/media\/519"}],"wp:attachment":[{"href":"https:\/\/www.bulkammunitionshop.com\/fi\/wp-json\/wp\/v2\/media?parent=823"}],"wp:term":[{"taxonomy":"product_brand","embeddable":true,"href":"https:\/\/www.bulkammunitionshop.com\/fi\/wp-json\/wp\/v2\/product_brand?post=823"},{"taxonomy":"product_cat","embeddable":true,"href":"https:\/\/www.bulkammunitionshop.com\/fi\/wp-json\/wp\/v2\/product_cat?post=823"},{"taxonomy":"product_tag","embeddable":true,"href":"https:\/\/www.bulkammunitionshop.com\/fi\/wp-json\/wp\/v2\/product_tag?post=823"}],"curies":[{"name":"wp","href":"https:\/\/api.w.org\/{rel}","templated":true}]}}