{"id":808,"date":"2022-05-21T02:47:41","date_gmt":"2022-05-21T02:47:41","guid":{"rendered":"https:\/\/www.bulkammunitionshop.com\/?post_type=product&#038;p=808"},"modified":"2025-06-21T20:03:32","modified_gmt":"2025-06-21T20:03:32","slug":"federal-premium-centerfire-handgun-ammunition-45-acp-210-grain","status":"publish","type":"product","link":"https:\/\/www.bulkammunitionshop.com\/fi\/tuote\/federal-premium-centerfire-handgun-ammunition-45-acp-210-grain\/","title":{"rendered":"Federal Premium Centerfire Handgun Ammunition .45 ACP 210 grain"},"content":{"rendered":"<h2>Kuvaus<\/h2>\n<div id=\"product-caption-block-description\" class=\"product-caption-block\">\n<p>Federal Premium Hydra-Shok has proven itself for self-defense since 1989. Hydra-Shok Deep builds off the time-tested platform with design improvements that better meet modern performance measurements. The bullet features a more robust center post and a core design that penetrate to optimal depths through the barriers most commonly encountered in self-defense situations.<\/p>\n<\/div>\n<div id=\"product-caption-block-manufacture-specification\" class=\"product-caption-block\">\n<h3>Specifications for Federal Premium Centerfire Handgun Ammunition .45 ACP 210 grain Hydra-Shok Deep Jacketed Hollowpoint Centerfire Pistol Ammunition:<\/h3>\n<table class=\"spec-table\" border=\"0\" cellspacing=\"0\" cellpadding=\"0\">\n<tbody>\n<tr>\n<td class=\"spec-left-column\">Kaliiperi:<\/td>\n<td width=\"50%\">.45 ACP<\/td>\n<\/tr>\n<tr>\n<td class=\"spec-left-column\">Kierrosten lukum\u00e4\u00e4r\u00e4:<\/td>\n<td width=\"50%\">500<\/td>\n<\/tr>\n<tr>\n<td class=\"spec-left-column\">Luodin tyyppi:<\/td>\n<td width=\"50%\">Hydra-Shok Deep Jacketed Hollowpoint (JHP)<\/td>\n<\/tr>\n<tr>\n<td class=\"spec-left-column\">Luodin paino:<\/td>\n<td width=\"50%\">210 grain<\/td>\n<\/tr>\n<tr>\n<td class=\"spec-left-column\">Suunopeus:<\/td>\n<td width=\"50%\">980 ft\/s<\/td>\n<\/tr>\n<tr>\n<td class=\"spec-left-column\">Pohjustimen sijainti:<\/td>\n<td width=\"50%\">Keskisytytys<\/td>\n<\/tr>\n<\/tbody>\n<\/table>\n<\/div>\n<div id=\"product-caption-block-features\" class=\"product-caption-block\">\n<h3>Features of Federal Premium Personal Defense .45 ACP 210gr. Hydra-Shok Deep JHP Pistol Ammo<\/h3>\n<ul>\n<li>Hits optimum penetration depths through barriers encountered in self-defense situations<\/li>\n<li>Iconic center post design has been improved for better, more consistent expansion<\/li>\n<li>Specially formulated propellant<\/li>\n<li>Extremely reliable primer<\/li>\n<li>Penetrates 15 inches in bare ballistics gelthe ideal depth according to modern FBI standards<\/li>\n<\/ul>\n<\/div>\n<div id=\"product-caption-block-package-content\" class=\"product-caption-block\">\n<h3>Pakkauksen sis\u00e4lt\u00f6:<\/h3>\n<ul>\n<li><strong>Federal Premium Personal Defense .45 ACP 210gr. Hydra-Shok Deep JHP Pistol Ammo \u2013 20 Rounds<\/strong><\/li>\n<\/ul>\n<\/div>","protected":false},"excerpt":{"rendered":"<p>Description Federal Premium Hydra-Shok has proven itself for self-defense since 1989. Hydra-Shok Deep builds off the time-tested platform with design improvements that better meet modern performance measurements. The bullet features a more robust center post and a core design that penetrate to optimal depths through the barriers most commonly encountered in self-defense situations. Specifications for [&#8230;]","protected":false},"featured_media":994,"comment_status":"open","ping_status":"closed","template":"","meta":[],"product_brand":[],"product_cat":[191,112],"product_tag":[],"class_list":{"0":"post-808","1":"product","2":"type-product","3":"status-publish","4":"has-post-thumbnail","6":"product_cat-45acp-brass","7":"product_cat-handgun-ammo","9":"first","10":"instock","11":"taxable","12":"shipping-taxable","13":"purchasable","14":"product-type-simple"},"yoast_head":"<!-- This site is optimized with the Yoast SEO Premium plugin v24.6 (Yoast SEO v25.7) - https:\/\/yoast.com\/wordpress\/plugins\/seo\/ -->\n<title>Federal Premium Centerfire Handgun Ammunition .45 ACP 210 grain - Bulk Ammunition shop<\/title>\n<meta name=\"robots\" content=\"index, follow, max-snippet:-1, max-image-preview:large, max-video-preview:-1\" \/>\n<link rel=\"canonical\" href=\"https:\/\/www.bulkammunitionshop.com\/fi\/tuote\/federal-premium-centerfire-handgun-ammunition-45-acp-210-grain\/\" \/>\n<meta property=\"og:locale\" content=\"fi_FI\" \/>\n<meta property=\"og:type\" content=\"article\" \/>\n<meta property=\"og:title\" content=\"Federal Premium Centerfire Handgun Ammunition .45 ACP 210 grain\" \/>\n<meta property=\"og:description\" content=\"Description Federal Premium Hydra-Shok has proven itself for self-defense since 1989. Hydra-Shok Deep builds off the time-tested platform with design improvements that better meet modern performance measurements. The bullet features a more robust center post and a core design that penetrate to optimal depths through the barriers most commonly encountered in self-defense situations. Specifications for [...]\" \/>\n<meta property=\"og:url\" content=\"https:\/\/www.bulkammunitionshop.com\/fi\/tuote\/federal-premium-centerfire-handgun-ammunition-45-acp-210-grain\/\" \/>\n<meta property=\"og:site_name\" content=\"Bulk Ammunition shop\" \/>\n<meta property=\"article:modified_time\" content=\"2025-06-21T20:03:32+00:00\" \/>\n<meta property=\"og:image\" content=\"https:\/\/i0.wp.com\/www.bulkammunitionshop.com\/wp-content\/uploads\/2022\/05\/federal-premium-personal-defense-pistol-ammo-45-acp-hydra-shok-deep-jacketed-hollow-point-210-grain-20-rounds-p45hsd1-main-600x337-1.jpg?fit=600%2C337&ssl=1\" \/>\n\t<meta property=\"og:image:width\" content=\"600\" \/>\n\t<meta property=\"og:image:height\" content=\"337\" \/>\n\t<meta property=\"og:image:type\" content=\"image\/jpeg\" \/>\n<meta name=\"twitter:card\" content=\"summary_large_image\" \/>\n<meta name=\"twitter:label1\" content=\"Arvioitu lukuaika\" \/>\n\t<meta name=\"twitter:data1\" content=\"1 minuutti\" \/>\n<script type=\"application\/ld+json\" class=\"yoast-schema-graph\">{\"@context\":\"https:\/\/schema.org\",\"@graph\":[{\"@type\":\"WebPage\",\"@id\":\"https:\/\/www.bulkammunitionshop.com\/product\/federal-premium-centerfire-handgun-ammunition-45-acp-210-grain\/\",\"url\":\"https:\/\/www.bulkammunitionshop.com\/product\/federal-premium-centerfire-handgun-ammunition-45-acp-210-grain\/\",\"name\":\"Federal Premium Centerfire Handgun Ammunition .45 ACP 210 grain - Bulk Ammunition shop\",\"isPartOf\":{\"@id\":\"https:\/\/www.bulkammunitionshop.com\/#website\"},\"primaryImageOfPage\":{\"@id\":\"https:\/\/www.bulkammunitionshop.com\/product\/federal-premium-centerfire-handgun-ammunition-45-acp-210-grain\/#primaryimage\"},\"image\":{\"@id\":\"https:\/\/www.bulkammunitionshop.com\/product\/federal-premium-centerfire-handgun-ammunition-45-acp-210-grain\/#primaryimage\"},\"thumbnailUrl\":\"https:\/\/www.bulkammunitionshop.com\/wp-content\/uploads\/2022\/05\/federal-premium-personal-defense-pistol-ammo-45-acp-hydra-shok-deep-jacketed-hollow-point-210-grain-20-rounds-p45hsd1-main-600x337-1.jpg\",\"datePublished\":\"2022-05-21T02:47:41+00:00\",\"dateModified\":\"2025-06-21T20:03:32+00:00\",\"breadcrumb\":{\"@id\":\"https:\/\/www.bulkammunitionshop.com\/product\/federal-premium-centerfire-handgun-ammunition-45-acp-210-grain\/#breadcrumb\"},\"inLanguage\":\"fi\",\"potentialAction\":[{\"@type\":\"ReadAction\",\"target\":[\"https:\/\/www.bulkammunitionshop.com\/product\/federal-premium-centerfire-handgun-ammunition-45-acp-210-grain\/\"]}]},{\"@type\":\"ImageObject\",\"inLanguage\":\"fi\",\"@id\":\"https:\/\/www.bulkammunitionshop.com\/product\/federal-premium-centerfire-handgun-ammunition-45-acp-210-grain\/#primaryimage\",\"url\":\"https:\/\/www.bulkammunitionshop.com\/wp-content\/uploads\/2022\/05\/federal-premium-personal-defense-pistol-ammo-45-acp-hydra-shok-deep-jacketed-hollow-point-210-grain-20-rounds-p45hsd1-main-600x337-1.jpg\",\"contentUrl\":\"https:\/\/www.bulkammunitionshop.com\/wp-content\/uploads\/2022\/05\/federal-premium-personal-defense-pistol-ammo-45-acp-hydra-shok-deep-jacketed-hollow-point-210-grain-20-rounds-p45hsd1-main-600x337-1.jpg\",\"width\":600,\"height\":337},{\"@type\":\"BreadcrumbList\",\"@id\":\"https:\/\/www.bulkammunitionshop.com\/product\/federal-premium-centerfire-handgun-ammunition-45-acp-210-grain\/#breadcrumb\",\"itemListElement\":[{\"@type\":\"ListItem\",\"position\":1,\"name\":\"Home\",\"item\":\"https:\/\/www.bulkammunitionshop.com\/\"},{\"@type\":\"ListItem\",\"position\":2,\"name\":\"SHOP ALL\",\"item\":\"https:\/\/www.bulkammunitionshop.com\/shop-all\/\"},{\"@type\":\"ListItem\",\"position\":3,\"name\":\"Federal Premium Centerfire Handgun Ammunition .45 ACP 210 grain\"}]},{\"@type\":\"WebSite\",\"@id\":\"https:\/\/www.bulkammunitionshop.com\/#website\",\"url\":\"https:\/\/www.bulkammunitionshop.com\/\",\"name\":\"Bulk Ammunition shop\",\"description\":\"Buy Cheap Bulk Ammo Online - Bulk Ammo for Sale- Cheap Ammo Online\",\"potentialAction\":[{\"@type\":\"SearchAction\",\"target\":{\"@type\":\"EntryPoint\",\"urlTemplate\":\"https:\/\/www.bulkammunitionshop.com\/?s={search_term_string}\"},\"query-input\":{\"@type\":\"PropertyValueSpecification\",\"valueRequired\":true,\"valueName\":\"search_term_string\"}}],\"inLanguage\":\"fi\"}]}<\/script>\n<!-- \/ Yoast SEO Premium plugin. -->","yoast_head_json":{"title":"Federal Premium Centerfire Handgun Ammunition .45 ACP 210 grain - Bulk Ammunition shop","robots":{"index":"index","follow":"follow","max-snippet":"max-snippet:-1","max-image-preview":"max-image-preview:large","max-video-preview":"max-video-preview:-1"},"canonical":"https:\/\/www.bulkammunitionshop.com\/fi\/tuote\/federal-premium-centerfire-handgun-ammunition-45-acp-210-grain\/","og_locale":"fi_FI","og_type":"article","og_title":"Federal Premium Centerfire Handgun Ammunition .45 ACP 210 grain","og_description":"Description Federal Premium Hydra-Shok has proven itself for self-defense since 1989. Hydra-Shok Deep builds off the time-tested platform with design improvements that better meet modern performance measurements. The bullet features a more robust center post and a core design that penetrate to optimal depths through the barriers most commonly encountered in self-defense situations. Specifications for [...]","og_url":"https:\/\/www.bulkammunitionshop.com\/fi\/tuote\/federal-premium-centerfire-handgun-ammunition-45-acp-210-grain\/","og_site_name":"Bulk Ammunition shop","article_modified_time":"2025-06-21T20:03:32+00:00","og_image":[{"width":600,"height":337,"url":"https:\/\/i0.wp.com\/www.bulkammunitionshop.com\/wp-content\/uploads\/2022\/05\/federal-premium-personal-defense-pistol-ammo-45-acp-hydra-shok-deep-jacketed-hollow-point-210-grain-20-rounds-p45hsd1-main-600x337-1.jpg?fit=600%2C337&ssl=1","type":"image\/jpeg"}],"twitter_card":"summary_large_image","twitter_misc":{"Arvioitu lukuaika":"1 minuutti"},"schema":{"@context":"https:\/\/schema.org","@graph":[{"@type":"WebPage","@id":"https:\/\/www.bulkammunitionshop.com\/product\/federal-premium-centerfire-handgun-ammunition-45-acp-210-grain\/","url":"https:\/\/www.bulkammunitionshop.com\/product\/federal-premium-centerfire-handgun-ammunition-45-acp-210-grain\/","name":"Federal Premium Centerfire Handgun Ammunition .45 ACP 210 grain - Bulk Ammunition shop","isPartOf":{"@id":"https:\/\/www.bulkammunitionshop.com\/#website"},"primaryImageOfPage":{"@id":"https:\/\/www.bulkammunitionshop.com\/product\/federal-premium-centerfire-handgun-ammunition-45-acp-210-grain\/#primaryimage"},"image":{"@id":"https:\/\/www.bulkammunitionshop.com\/product\/federal-premium-centerfire-handgun-ammunition-45-acp-210-grain\/#primaryimage"},"thumbnailUrl":"https:\/\/www.bulkammunitionshop.com\/wp-content\/uploads\/2022\/05\/federal-premium-personal-defense-pistol-ammo-45-acp-hydra-shok-deep-jacketed-hollow-point-210-grain-20-rounds-p45hsd1-main-600x337-1.jpg","datePublished":"2022-05-21T02:47:41+00:00","dateModified":"2025-06-21T20:03:32+00:00","breadcrumb":{"@id":"https:\/\/www.bulkammunitionshop.com\/product\/federal-premium-centerfire-handgun-ammunition-45-acp-210-grain\/#breadcrumb"},"inLanguage":"fi","potentialAction":[{"@type":"ReadAction","target":["https:\/\/www.bulkammunitionshop.com\/product\/federal-premium-centerfire-handgun-ammunition-45-acp-210-grain\/"]}]},{"@type":"ImageObject","inLanguage":"fi","@id":"https:\/\/www.bulkammunitionshop.com\/product\/federal-premium-centerfire-handgun-ammunition-45-acp-210-grain\/#primaryimage","url":"https:\/\/www.bulkammunitionshop.com\/wp-content\/uploads\/2022\/05\/federal-premium-personal-defense-pistol-ammo-45-acp-hydra-shok-deep-jacketed-hollow-point-210-grain-20-rounds-p45hsd1-main-600x337-1.jpg","contentUrl":"https:\/\/www.bulkammunitionshop.com\/wp-content\/uploads\/2022\/05\/federal-premium-personal-defense-pistol-ammo-45-acp-hydra-shok-deep-jacketed-hollow-point-210-grain-20-rounds-p45hsd1-main-600x337-1.jpg","width":600,"height":337},{"@type":"BreadcrumbList","@id":"https:\/\/www.bulkammunitionshop.com\/product\/federal-premium-centerfire-handgun-ammunition-45-acp-210-grain\/#breadcrumb","itemListElement":[{"@type":"ListItem","position":1,"name":"Home","item":"https:\/\/www.bulkammunitionshop.com\/"},{"@type":"ListItem","position":2,"name":"SHOP ALL","item":"https:\/\/www.bulkammunitionshop.com\/shop-all\/"},{"@type":"ListItem","position":3,"name":"Federal Premium Centerfire Handgun Ammunition .45 ACP 210 grain"}]},{"@type":"WebSite","@id":"https:\/\/www.bulkammunitionshop.com\/#website","url":"https:\/\/www.bulkammunitionshop.com\/","name":"Irtoammusten kauppa","description":"Osta halpoja irtotavara-ammuksia netist\u00e4 - Irtotavara-ammuksia myyt\u00e4v\u00e4n\u00e4 - Halpoja ammuksia netist\u00e4","potentialAction":[{"@type":"SearchAction","target":{"@type":"EntryPoint","urlTemplate":"https:\/\/www.bulkammunitionshop.com\/?s={search_term_string}"},"query-input":{"@type":"PropertyValueSpecification","valueRequired":true,"valueName":"search_term_string"}}],"inLanguage":"fi"}]}},"jetpack_sharing_enabled":true,"_links":{"self":[{"href":"https:\/\/www.bulkammunitionshop.com\/fi\/wp-json\/wp\/v2\/product\/808","targetHints":{"allow":["GET"]}}],"collection":[{"href":"https:\/\/www.bulkammunitionshop.com\/fi\/wp-json\/wp\/v2\/product"}],"about":[{"href":"https:\/\/www.bulkammunitionshop.com\/fi\/wp-json\/wp\/v2\/types\/product"}],"replies":[{"embeddable":true,"href":"https:\/\/www.bulkammunitionshop.com\/fi\/wp-json\/wp\/v2\/comments?post=808"}],"wp:featuredmedia":[{"embeddable":true,"href":"https:\/\/www.bulkammunitionshop.com\/fi\/wp-json\/wp\/v2\/media\/994"}],"wp:attachment":[{"href":"https:\/\/www.bulkammunitionshop.com\/fi\/wp-json\/wp\/v2\/media?parent=808"}],"wp:term":[{"taxonomy":"product_brand","embeddable":true,"href":"https:\/\/www.bulkammunitionshop.com\/fi\/wp-json\/wp\/v2\/product_brand?post=808"},{"taxonomy":"product_cat","embeddable":true,"href":"https:\/\/www.bulkammunitionshop.com\/fi\/wp-json\/wp\/v2\/product_cat?post=808"},{"taxonomy":"product_tag","embeddable":true,"href":"https:\/\/www.bulkammunitionshop.com\/fi\/wp-json\/wp\/v2\/product_tag?post=808"}],"curies":[{"name":"wp","href":"https:\/\/api.w.org\/{rel}","templated":true}]}}