{"id":3177,"date":"2022-11-15T21:55:50","date_gmt":"2022-11-15T21:55:50","guid":{"rendered":"https:\/\/www.bulkammunitionshop.com\/?post_type=product&#038;p=3177"},"modified":"2022-11-15T21:55:50","modified_gmt":"2022-11-15T21:55:50","slug":"hornady-leverevolution-ammunition-338-marlin-express-200-grain-ftx-300-round","status":"publish","type":"product","link":"https:\/\/www.bulkammunitionshop.com\/fi\/tuote\/hornady-leverevolution-ammunition-338-marlin-express-200-grain-ftx-300-round\/","title":{"rendered":"HORNADY LEVEREVOLUTION -PATRUKAT 338 MARLIN EXPRESS 200 GRAIN FTX 300 PATRUUNAA"},"content":{"rendered":"<ul class=\"tabs wc-tabs product-tabs small-nav-collapse nav nav-uppercase nav-line nav-left\" role=\"tablist\">\n<li id=\"tab-title-description\" class=\"description_tab active\" role=\"tab\" aria-controls=\"tab-description\"><a href=\"https:\/\/www.bulkammunitionshop.com\/fi\/tuote-osasto\/rifle-ammo\/338-marlin-express\/\">KUVAUS<\/a><\/li>\n<\/ul>\n<div class=\"tab-panels\">\n<div id=\"tab-description\" class=\"woocommerce-Tabs-panel woocommerce-Tabs-panel--description panel entry-content active\" role=\"tabpanel\" aria-labelledby=\"tab-title-description\">\n<section id=\"overview\" class=\"product-information stack-l\">\n<div class=\"product-section-wrapper\">\n<div class=\"grid product-section-content\">\n<div class=\"product-section-overview\">\n<p>Ever since its introduction in 2006, LEVERevolution ammunition has brought grandpa\u2019s lever action rifle out of retirement and turned it into a firearm everyone is shooting. Featuring a soft polymer flex tip, it\u2019s tough enough to stand up to a jacketed bullet, but soft enough so it won\u2019t dent the primer of the round in front of it or cause accidental firing in a lever gun. This new technology makes LEVERevolution cartridges safe in tubular magazines.<\/p>\n<p>LEVERevolution ammunition features up to 40% more energy than traditional flat point loads and travels up to 250 fps faster. Feed your lever gun with a box today! This ammunition is new production, non-corrosive, in boxer primed, reloadable brass cases.<\/p>\n<\/div>\n<div class=\"product-section-logos\"><a class=\"inline-block\" href=\"https:\/\/www.midwayusa.com\/hornady\/b?bid=1165\" target=\"_blank\" rel=\"nofollow noopener\" aria-label=\"Shop Hornady products\"><img loading=\"lazy\" decoding=\"async\" class=\"product-section-logo\" src=\"https:\/\/media.mwstatic.com\/images\/vendorlogos\/1165.jpg?imwidth=150\" alt=\"Hornady logo\" width=\"150\" height=\"150\" \/><\/a><\/div>\n<\/div>\n<p><span class=\"text-bold\">Made In\u00a0United States of America<\/span><\/p>\n<div class=\"prop-banner\"><img loading=\"lazy\" decoding=\"async\" class=\"inline-block margin-right-xs\" src=\"https:\/\/media.mwstatic.com\/external\/fonts\/fontawesome\/svg\/prop-65-warning-v1.svg\" alt=\"warning-icon\" width=\"16\" height=\"14\" aria-hidden=\"true\" \/><strong>WARNING:\u00a0<\/strong>This product can expose you to Lead, which is known to the State of California to cause cancer and birth defects or other reproductive harm. For more information go to \u2013 www.P65Warnings.ca.gov.<\/div>\n<\/div>\n<\/section>\n<section id=\"specifications\" class=\"stack-l\">\n<div class=\"product-section-wrapper product-specifications\">\n<h3>TUOTETIEDOT<\/h3>\n<table class=\"product-specs-table padding-none stack-l width-100\">\n<tbody>\n<tr class=\"product-specs-table-container is-selectable\">\n<td class=\"product-specs-table-detail\">Patruuna<\/td>\n<td class=\"product-specs-table-definition\">338 Marlin Express<\/td>\n<\/tr>\n<tr class=\"product-specs-table-container\">\n<td class=\"product-specs-table-detail\">Viljan paino<\/td>\n<td class=\"product-specs-table-definition\">200 jyv\u00e4\u00e4<\/td>\n<\/tr>\n<tr class=\"product-specs-table-container is-selectable\">\n<td class=\"product-specs-table-detail\">M\u00e4\u00e4r\u00e4<\/td>\n<td class=\"product-specs-table-definition\">300 kierrosta<\/td>\n<\/tr>\n<tr class=\"product-specs-table-container\">\n<td class=\"product-specs-table-detail\">Suunopeus<\/td>\n<td class=\"product-specs-table-definition\">2565 Feet Per Second<\/td>\n<\/tr>\n<tr class=\"product-specs-table-container\">\n<td class=\"product-specs-table-detail\">Suuenergia<\/td>\n<td class=\"product-specs-table-definition\">2922 Foot Pounds<\/td>\n<\/tr>\n<tr class=\"product-specs-table-container\">\n<td class=\"product-specs-table-detail\">Luettelomerkki<\/td>\n<td class=\"product-specs-table-definition\">Polymeerik\u00e4rki<\/td>\n<\/tr>\n<tr class=\"product-specs-table-container\">\n<td class=\"product-specs-table-detail\">Luodin merkki ja malli<\/td>\n<td class=\"product-specs-table-definition\">Hornady FTX<\/td>\n<\/tr>\n<tr class=\"product-specs-table-container\">\n<td class=\"product-specs-table-detail\">Lyijyt\u00f6n<\/td>\n<td class=\"product-specs-table-definition\">Ei<\/td>\n<\/tr>\n<tr class=\"product-specs-table-container\">\n<td class=\"product-specs-table-detail\">Tapaustyyppi<\/td>\n<td class=\"product-specs-table-definition\">Messinki<\/td>\n<\/tr>\n<tr class=\"product-specs-table-container\">\n<td class=\"product-specs-table-detail\">Pohjustus<\/td>\n<td class=\"product-specs-table-definition\">Nyrkkeilij\u00e4<\/td>\n<\/tr>\n<tr class=\"product-specs-table-container\">\n<td class=\"product-specs-table-detail\">Sy\u00f6vytt\u00e4v\u00e4<\/td>\n<td class=\"product-specs-table-definition\">Ei<\/td>\n<\/tr>\n<tr class=\"product-specs-table-container\">\n<td class=\"product-specs-table-detail\">Ladattava<\/td>\n<td class=\"product-specs-table-definition\">Kyll\u00e4<\/td>\n<\/tr>\n<tr class=\"product-specs-table-container\">\n<td class=\"product-specs-table-detail\">G1-ballistinen kerroin<\/td>\n<td class=\"product-specs-table-definition\">0.455<\/td>\n<\/tr>\n<tr class=\"product-specs-table-container\">\n<td class=\"product-specs-table-detail\">Poikkileikkaustiheys<\/td>\n<td class=\"product-specs-table-definition\">0.25<\/td>\n<\/tr>\n<tr class=\"product-specs-table-container\">\n<td class=\"product-specs-table-detail\">Testiputken pituus<\/td>\n<td class=\"product-specs-table-definition\">24 tuumaa<\/td>\n<\/tr>\n<tr class=\"product-specs-table-container\">\n<td class=\"product-specs-table-detail\">Nopeusluokitus<\/td>\n<td class=\"product-specs-table-definition\">Yli\u00e4\u00e4ninen<\/td>\n<\/tr>\n<tr class=\"product-specs-table-container\">\n<td class=\"product-specs-table-detail\">Alkuper\u00e4maa<\/td>\n<td class=\"product-specs-table-definition\">Yhdysvallat<\/td>\n<\/tr>\n<\/tbody>\n<\/table>\n<h3 id=\"delivery\">DELIVERY INFORMATION<\/h3>\n<table class=\"product-specs-table padding-none stack-l width-100\">\n<tbody>\n<tr class=\"product-specs-table-container\">\n<td class=\"product-specs-table-detail\">Shipping Weight<button class=\"fas fa-question-circle tooltip-question-btn sc_button_hover_slide_left\" type=\"button\" aria-label=\"Open Tooltip about Shipping Weight\"><\/button><\/td>\n<td class=\"product-specs-table-definition\">1.420 Pounds<\/td>\n<\/tr>\n<tr class=\"product-specs-table-container\">\n<td class=\"product-specs-table-detail\">DOT-Regulated<button class=\"fas fa-question-circle tooltip-question-btn sc_button_hover_slide_left\" type=\"button\" aria-label=\"Open Tooltip about DOT-Regulated\"><\/button><\/td>\n<td class=\"product-specs-table-definition\">Kyll\u00e4<\/td>\n<\/tr>\n<\/tbody>\n<\/table>\n<\/div>\n<\/section>\n<\/div>\n<\/div>","protected":false},"excerpt":{"rendered":"<p>T\u00e4m\u00e4 tuote on varastossa ja valmis l\u00e4hetett\u00e4v\u00e4ksi. 100% Nopea toimitus taattu. Tilaa nyt!<\/p>\n<form class=\"cart\" action=\"https:\/\/armoryweapons.com\/product\/hornady-leverevolution-ammunition-338-marlin-express-200-grain-ftx-300-round\/\" enctype=\"multipart\/form-data\" method=\"post\">\n<div class=\"quantity buttons_added\"><\/div>\n<\/form>","protected":false},"featured_media":3178,"comment_status":"open","ping_status":"closed","template":"","meta":[],"product_brand":[],"product_cat":[270,121],"product_tag":[],"class_list":{"0":"post-3177","1":"product","2":"type-product","3":"status-publish","4":"has-post-thumbnail","6":"product_cat-338-marlin-express","7":"product_cat-rifle-ammo","9":"first","10":"instock","11":"taxable","12":"shipping-taxable","13":"purchasable","14":"product-type-simple"},"yoast_head":"<!-- This site is optimized with the Yoast SEO Premium plugin v24.6 (Yoast SEO v25.7) - https:\/\/yoast.com\/wordpress\/plugins\/seo\/ -->\n<title>HORNADY LEVEREVOLUTION AMMUNITION 338 MARLIN EXPRESS 200 GRAIN FTX 300 ROUND - Bulk Ammunition shop<\/title>\n<meta name=\"robots\" content=\"index, follow, max-snippet:-1, max-image-preview:large, max-video-preview:-1\" \/>\n<link rel=\"canonical\" href=\"https:\/\/www.bulkammunitionshop.com\/fi\/tuote\/hornady-leverevolution-ammunition-338-marlin-express-200-grain-ftx-300-round\/\" \/>\n<meta property=\"og:locale\" content=\"fi_FI\" \/>\n<meta property=\"og:type\" content=\"article\" \/>\n<meta property=\"og:title\" content=\"HORNADY LEVEREVOLUTION AMMUNITION 338 MARLIN EXPRESS 200 GRAIN FTX 300 ROUND\" \/>\n<meta property=\"og:description\" content=\"This Product Is In Stock and Ready to Ship. 100% Fast Shipping Guaranteed. Place Order Now!\" \/>\n<meta property=\"og:url\" content=\"https:\/\/www.bulkammunitionshop.com\/fi\/tuote\/hornady-leverevolution-ammunition-338-marlin-express-200-grain-ftx-300-round\/\" \/>\n<meta property=\"og:site_name\" content=\"Bulk Ammunition shop\" \/>\n<meta property=\"og:image\" content=\"http:\/\/www.bulkammunitionshop.com\/wp-content\/uploads\/2022\/11\/338-marlin-express-1.jpg\" \/>\n\t<meta property=\"og:image:width\" content=\"300\" \/>\n\t<meta property=\"og:image:height\" content=\"300\" \/>\n\t<meta property=\"og:image:type\" content=\"image\/jpeg\" \/>\n<meta name=\"twitter:card\" content=\"summary_large_image\" \/>\n<meta name=\"twitter:label1\" content=\"Arvioitu lukuaika\" \/>\n\t<meta name=\"twitter:data1\" content=\"2 minuuttia\" \/>\n<script type=\"application\/ld+json\" class=\"yoast-schema-graph\">{\"@context\":\"https:\/\/schema.org\",\"@graph\":[{\"@type\":\"WebPage\",\"@id\":\"https:\/\/www.bulkammunitionshop.com\/product\/hornady-leverevolution-ammunition-338-marlin-express-200-grain-ftx-300-round\/\",\"url\":\"https:\/\/www.bulkammunitionshop.com\/product\/hornady-leverevolution-ammunition-338-marlin-express-200-grain-ftx-300-round\/\",\"name\":\"HORNADY LEVEREVOLUTION AMMUNITION 338 MARLIN EXPRESS 200 GRAIN FTX 300 ROUND - Bulk Ammunition shop\",\"isPartOf\":{\"@id\":\"https:\/\/www.bulkammunitionshop.com\/#website\"},\"primaryImageOfPage\":{\"@id\":\"https:\/\/www.bulkammunitionshop.com\/product\/hornady-leverevolution-ammunition-338-marlin-express-200-grain-ftx-300-round\/#primaryimage\"},\"image\":{\"@id\":\"https:\/\/www.bulkammunitionshop.com\/product\/hornady-leverevolution-ammunition-338-marlin-express-200-grain-ftx-300-round\/#primaryimage\"},\"thumbnailUrl\":\"https:\/\/www.bulkammunitionshop.com\/wp-content\/uploads\/2022\/11\/338-marlin-express-1.jpg\",\"datePublished\":\"2022-11-15T21:55:50+00:00\",\"breadcrumb\":{\"@id\":\"https:\/\/www.bulkammunitionshop.com\/product\/hornady-leverevolution-ammunition-338-marlin-express-200-grain-ftx-300-round\/#breadcrumb\"},\"inLanguage\":\"fi\",\"potentialAction\":[{\"@type\":\"ReadAction\",\"target\":[\"https:\/\/www.bulkammunitionshop.com\/product\/hornady-leverevolution-ammunition-338-marlin-express-200-grain-ftx-300-round\/\"]}]},{\"@type\":\"ImageObject\",\"inLanguage\":\"fi\",\"@id\":\"https:\/\/www.bulkammunitionshop.com\/product\/hornady-leverevolution-ammunition-338-marlin-express-200-grain-ftx-300-round\/#primaryimage\",\"url\":\"https:\/\/www.bulkammunitionshop.com\/wp-content\/uploads\/2022\/11\/338-marlin-express-1.jpg\",\"contentUrl\":\"https:\/\/www.bulkammunitionshop.com\/wp-content\/uploads\/2022\/11\/338-marlin-express-1.jpg\",\"width\":300,\"height\":300,\"caption\":\"HORNADY LEVEREVOLUTION AMMUNITION 338 MARLIN EXPRESS 200 GRAIN FTX 300 ROUND\"},{\"@type\":\"BreadcrumbList\",\"@id\":\"https:\/\/www.bulkammunitionshop.com\/product\/hornady-leverevolution-ammunition-338-marlin-express-200-grain-ftx-300-round\/#breadcrumb\",\"itemListElement\":[{\"@type\":\"ListItem\",\"position\":1,\"name\":\"Home\",\"item\":\"https:\/\/www.bulkammunitionshop.com\/\"},{\"@type\":\"ListItem\",\"position\":2,\"name\":\"SHOP ALL\",\"item\":\"https:\/\/www.bulkammunitionshop.com\/shop-all\/\"},{\"@type\":\"ListItem\",\"position\":3,\"name\":\"HORNADY LEVEREVOLUTION AMMUNITION 338 MARLIN EXPRESS 200 GRAIN FTX 300 ROUND\"}]},{\"@type\":\"WebSite\",\"@id\":\"https:\/\/www.bulkammunitionshop.com\/#website\",\"url\":\"https:\/\/www.bulkammunitionshop.com\/\",\"name\":\"Bulk Ammunition shop\",\"description\":\"Buy Cheap Bulk Ammo Online - Bulk Ammo for Sale- Cheap Ammo Online\",\"potentialAction\":[{\"@type\":\"SearchAction\",\"target\":{\"@type\":\"EntryPoint\",\"urlTemplate\":\"https:\/\/www.bulkammunitionshop.com\/?s={search_term_string}\"},\"query-input\":{\"@type\":\"PropertyValueSpecification\",\"valueRequired\":true,\"valueName\":\"search_term_string\"}}],\"inLanguage\":\"fi\"}]}<\/script>\n<!-- \/ Yoast SEO Premium plugin. -->","yoast_head_json":{"title":"HORNADY LEVEREVOLUTION AMMUNITION 338 MARLIN EXPRESS 200 GRAIN FTX 300 ROUND - Bulk Ammunition shop","robots":{"index":"index","follow":"follow","max-snippet":"max-snippet:-1","max-image-preview":"max-image-preview:large","max-video-preview":"max-video-preview:-1"},"canonical":"https:\/\/www.bulkammunitionshop.com\/fi\/tuote\/hornady-leverevolution-ammunition-338-marlin-express-200-grain-ftx-300-round\/","og_locale":"fi_FI","og_type":"article","og_title":"HORNADY LEVEREVOLUTION AMMUNITION 338 MARLIN EXPRESS 200 GRAIN FTX 300 ROUND","og_description":"This Product Is In Stock and Ready to Ship. 100% Fast Shipping Guaranteed. Place Order Now!","og_url":"https:\/\/www.bulkammunitionshop.com\/fi\/tuote\/hornady-leverevolution-ammunition-338-marlin-express-200-grain-ftx-300-round\/","og_site_name":"Bulk Ammunition shop","og_image":[{"width":300,"height":300,"url":"http:\/\/www.bulkammunitionshop.com\/wp-content\/uploads\/2022\/11\/338-marlin-express-1.jpg","type":"image\/jpeg"}],"twitter_card":"summary_large_image","twitter_misc":{"Arvioitu lukuaika":"2 minuuttia"},"schema":{"@context":"https:\/\/schema.org","@graph":[{"@type":"WebPage","@id":"https:\/\/www.bulkammunitionshop.com\/product\/hornady-leverevolution-ammunition-338-marlin-express-200-grain-ftx-300-round\/","url":"https:\/\/www.bulkammunitionshop.com\/product\/hornady-leverevolution-ammunition-338-marlin-express-200-grain-ftx-300-round\/","name":"HORNADY LEVEREVOLUTION AMMUNITION 338 MARLIN EXPRESS 200 GRAIN FTX 300 ROUND - Bulk Ammunition shop","isPartOf":{"@id":"https:\/\/www.bulkammunitionshop.com\/#website"},"primaryImageOfPage":{"@id":"https:\/\/www.bulkammunitionshop.com\/product\/hornady-leverevolution-ammunition-338-marlin-express-200-grain-ftx-300-round\/#primaryimage"},"image":{"@id":"https:\/\/www.bulkammunitionshop.com\/product\/hornady-leverevolution-ammunition-338-marlin-express-200-grain-ftx-300-round\/#primaryimage"},"thumbnailUrl":"https:\/\/www.bulkammunitionshop.com\/wp-content\/uploads\/2022\/11\/338-marlin-express-1.jpg","datePublished":"2022-11-15T21:55:50+00:00","breadcrumb":{"@id":"https:\/\/www.bulkammunitionshop.com\/product\/hornady-leverevolution-ammunition-338-marlin-express-200-grain-ftx-300-round\/#breadcrumb"},"inLanguage":"fi","potentialAction":[{"@type":"ReadAction","target":["https:\/\/www.bulkammunitionshop.com\/product\/hornady-leverevolution-ammunition-338-marlin-express-200-grain-ftx-300-round\/"]}]},{"@type":"ImageObject","inLanguage":"fi","@id":"https:\/\/www.bulkammunitionshop.com\/product\/hornady-leverevolution-ammunition-338-marlin-express-200-grain-ftx-300-round\/#primaryimage","url":"https:\/\/www.bulkammunitionshop.com\/wp-content\/uploads\/2022\/11\/338-marlin-express-1.jpg","contentUrl":"https:\/\/www.bulkammunitionshop.com\/wp-content\/uploads\/2022\/11\/338-marlin-express-1.jpg","width":300,"height":300,"caption":"HORNADY LEVEREVOLUTION AMMUNITION 338 MARLIN EXPRESS 200 GRAIN FTX 300 ROUND"},{"@type":"BreadcrumbList","@id":"https:\/\/www.bulkammunitionshop.com\/product\/hornady-leverevolution-ammunition-338-marlin-express-200-grain-ftx-300-round\/#breadcrumb","itemListElement":[{"@type":"ListItem","position":1,"name":"Home","item":"https:\/\/www.bulkammunitionshop.com\/"},{"@type":"ListItem","position":2,"name":"SHOP ALL","item":"https:\/\/www.bulkammunitionshop.com\/shop-all\/"},{"@type":"ListItem","position":3,"name":"HORNADY LEVEREVOLUTION AMMUNITION 338 MARLIN EXPRESS 200 GRAIN FTX 300 ROUND"}]},{"@type":"WebSite","@id":"https:\/\/www.bulkammunitionshop.com\/#website","url":"https:\/\/www.bulkammunitionshop.com\/","name":"Irtoammusten kauppa","description":"Osta halpoja irtotavara-ammuksia netist\u00e4 - Irtotavara-ammuksia myyt\u00e4v\u00e4n\u00e4 - Halpoja ammuksia netist\u00e4","potentialAction":[{"@type":"SearchAction","target":{"@type":"EntryPoint","urlTemplate":"https:\/\/www.bulkammunitionshop.com\/?s={search_term_string}"},"query-input":{"@type":"PropertyValueSpecification","valueRequired":true,"valueName":"search_term_string"}}],"inLanguage":"fi"}]}},"jetpack_sharing_enabled":true,"_links":{"self":[{"href":"https:\/\/www.bulkammunitionshop.com\/fi\/wp-json\/wp\/v2\/product\/3177","targetHints":{"allow":["GET"]}}],"collection":[{"href":"https:\/\/www.bulkammunitionshop.com\/fi\/wp-json\/wp\/v2\/product"}],"about":[{"href":"https:\/\/www.bulkammunitionshop.com\/fi\/wp-json\/wp\/v2\/types\/product"}],"replies":[{"embeddable":true,"href":"https:\/\/www.bulkammunitionshop.com\/fi\/wp-json\/wp\/v2\/comments?post=3177"}],"wp:featuredmedia":[{"embeddable":true,"href":"https:\/\/www.bulkammunitionshop.com\/fi\/wp-json\/wp\/v2\/media\/3178"}],"wp:attachment":[{"href":"https:\/\/www.bulkammunitionshop.com\/fi\/wp-json\/wp\/v2\/media?parent=3177"}],"wp:term":[{"taxonomy":"product_brand","embeddable":true,"href":"https:\/\/www.bulkammunitionshop.com\/fi\/wp-json\/wp\/v2\/product_brand?post=3177"},{"taxonomy":"product_cat","embeddable":true,"href":"https:\/\/www.bulkammunitionshop.com\/fi\/wp-json\/wp\/v2\/product_cat?post=3177"},{"taxonomy":"product_tag","embeddable":true,"href":"https:\/\/www.bulkammunitionshop.com\/fi\/wp-json\/wp\/v2\/product_tag?post=3177"}],"curies":[{"name":"wp","href":"https:\/\/api.w.org\/{rel}","templated":true}]}}