{"id":3098,"date":"2022-11-04T23:06:09","date_gmt":"2022-11-04T23:06:09","guid":{"rendered":"https:\/\/www.bulkammunitionshop.com\/?post_type=product&#038;p=3098"},"modified":"2022-12-21T13:09:53","modified_gmt":"2022-12-21T13:09:53","slug":"federal-game-load-up-land-hi-brass-ammukset-410-kaliiperinen-500-patruunaa","status":"publish","type":"product","link":"https:\/\/www.bulkammunitionshop.com\/fi\/tuote\/federal-game-load-up-land-hi-brass-ammukset-410-kaliiperinen-500-patruunaa\/","title":{"rendered":"LIITTOVALTION GAME-LATAUS - MAAN HI-BRASS-PAMMUKSET, 410-KALIPERINEN, 500 PATRUUNAA"},"content":{"rendered":"<h1>Kuvaus<\/h1>\n<p>FEDERAL GAME LOAD UPLAND HI-BRASS -PATRUKAT, KALTAISET 410. Federal Game Load Upland Hi-Brass -haulikon patruunoissa on kovaa iskua antavat patruunat, jotka heitt\u00e4v\u00e4t tasaisia kuvioita parhaan mahdollisen suorituskyvyn saavuttamiseksi kaikessa kyyhkysist\u00e4 ja kalkkunoista petoel\u00e4imiin ja pienriistaan.<\/p>","protected":false},"excerpt":{"rendered":"<p>T\u00e4m\u00e4 tuote on varastossa ja valmis l\u00e4hetett\u00e4v\u00e4ksi. 100% Nopea toimitus taattu. Tee tilauksesi nyt!<\/p>\n<form class=\"cart\" action=\"https:\/\/armoryweapons.com\/product\/federal-game-load-up-land-hi-brass-ammunition-410-bore-500-rounds\/\" enctype=\"multipart\/form-data\" method=\"post\">\n<div class=\"quantity buttons_added\"><\/div>\n<\/form>","protected":false},"featured_media":3099,"comment_status":"open","ping_status":"closed","template":"","meta":[],"product_brand":[],"product_cat":[282,119],"product_tag":[],"class_list":{"0":"post-3098","1":"product","2":"type-product","3":"status-publish","4":"has-post-thumbnail","6":"product_cat-410-ammo","7":"product_cat-shotgun-ammo","9":"first","10":"instock","11":"taxable","12":"shipping-taxable","13":"purchasable","14":"product-type-simple"},"yoast_head":"<!-- This site is optimized with the Yoast SEO Premium plugin v24.6 (Yoast SEO v25.7) - https:\/\/yoast.com\/wordpress\/plugins\/seo\/ -->\n<title>FEDERAL GAME LOAD UP- LAND HI-BRASS AMMUNITION 410 BORE 500 ROUNDS - Bulk Ammunition shop<\/title>\n<meta name=\"robots\" content=\"index, follow, max-snippet:-1, max-image-preview:large, max-video-preview:-1\" \/>\n<link rel=\"canonical\" href=\"https:\/\/www.bulkammunitionshop.com\/fi\/tuote\/federal-game-load-up-land-hi-brass-ammukset-410-kaliiperinen-500-patruunaa\/\" \/>\n<meta property=\"og:locale\" content=\"fi_FI\" \/>\n<meta property=\"og:type\" content=\"article\" \/>\n<meta property=\"og:title\" content=\"FEDERAL GAME LOAD UP- LAND HI-BRASS AMMUNITION 410 BORE 500 ROUNDS\" \/>\n<meta property=\"og:description\" content=\"This Product Is In Stock and Ready to Ship. 100% Fast Shipping Guaranteed. Place your Order Now!\" \/>\n<meta property=\"og:url\" content=\"https:\/\/www.bulkammunitionshop.com\/fi\/tuote\/federal-game-load-up-land-hi-brass-ammukset-410-kaliiperinen-500-patruunaa\/\" \/>\n<meta property=\"og:site_name\" content=\"Bulk Ammunition shop\" \/>\n<meta property=\"article:modified_time\" content=\"2022-12-21T13:09:53+00:00\" \/>\n<meta property=\"og:image\" content=\"http:\/\/www.bulkammunitionshop.com\/wp-content\/uploads\/2022\/11\/FEDERAL-GAME-510x348-1.jpg\" \/>\n\t<meta property=\"og:image:width\" content=\"510\" \/>\n\t<meta property=\"og:image:height\" content=\"348\" \/>\n\t<meta property=\"og:image:type\" content=\"image\/jpeg\" \/>\n<meta name=\"twitter:card\" content=\"summary_large_image\" \/>\n<meta name=\"twitter:label1\" content=\"Arvioitu lukuaika\" \/>\n\t<meta name=\"twitter:data1\" content=\"1 minuutti\" \/>\n<script type=\"application\/ld+json\" class=\"yoast-schema-graph\">{\"@context\":\"https:\/\/schema.org\",\"@graph\":[{\"@type\":\"WebPage\",\"@id\":\"https:\/\/www.bulkammunitionshop.com\/product\/federal-game-load-up-land-hi-brass-ammunition-410-bore-500-rounds\/\",\"url\":\"https:\/\/www.bulkammunitionshop.com\/product\/federal-game-load-up-land-hi-brass-ammunition-410-bore-500-rounds\/\",\"name\":\"FEDERAL GAME LOAD UP- LAND HI-BRASS AMMUNITION 410 BORE 500 ROUNDS - Bulk Ammunition shop\",\"isPartOf\":{\"@id\":\"https:\/\/www.bulkammunitionshop.com\/#website\"},\"primaryImageOfPage\":{\"@id\":\"https:\/\/www.bulkammunitionshop.com\/product\/federal-game-load-up-land-hi-brass-ammunition-410-bore-500-rounds\/#primaryimage\"},\"image\":{\"@id\":\"https:\/\/www.bulkammunitionshop.com\/product\/federal-game-load-up-land-hi-brass-ammunition-410-bore-500-rounds\/#primaryimage\"},\"thumbnailUrl\":\"https:\/\/www.bulkammunitionshop.com\/wp-content\/uploads\/2022\/11\/FEDERAL-GAME-510x348-1.jpg\",\"datePublished\":\"2022-11-04T23:06:09+00:00\",\"dateModified\":\"2022-12-21T13:09:53+00:00\",\"breadcrumb\":{\"@id\":\"https:\/\/www.bulkammunitionshop.com\/product\/federal-game-load-up-land-hi-brass-ammunition-410-bore-500-rounds\/#breadcrumb\"},\"inLanguage\":\"fi\",\"potentialAction\":[{\"@type\":\"ReadAction\",\"target\":[\"https:\/\/www.bulkammunitionshop.com\/product\/federal-game-load-up-land-hi-brass-ammunition-410-bore-500-rounds\/\"]}]},{\"@type\":\"ImageObject\",\"inLanguage\":\"fi\",\"@id\":\"https:\/\/www.bulkammunitionshop.com\/product\/federal-game-load-up-land-hi-brass-ammunition-410-bore-500-rounds\/#primaryimage\",\"url\":\"https:\/\/www.bulkammunitionshop.com\/wp-content\/uploads\/2022\/11\/FEDERAL-GAME-510x348-1.jpg\",\"contentUrl\":\"https:\/\/www.bulkammunitionshop.com\/wp-content\/uploads\/2022\/11\/FEDERAL-GAME-510x348-1.jpg\",\"width\":510,\"height\":348},{\"@type\":\"BreadcrumbList\",\"@id\":\"https:\/\/www.bulkammunitionshop.com\/product\/federal-game-load-up-land-hi-brass-ammunition-410-bore-500-rounds\/#breadcrumb\",\"itemListElement\":[{\"@type\":\"ListItem\",\"position\":1,\"name\":\"Home\",\"item\":\"https:\/\/www.bulkammunitionshop.com\/\"},{\"@type\":\"ListItem\",\"position\":2,\"name\":\"SHOP ALL\",\"item\":\"https:\/\/www.bulkammunitionshop.com\/shop-all\/\"},{\"@type\":\"ListItem\",\"position\":3,\"name\":\"FEDERAL GAME LOAD UP- LAND HI-BRASS AMMUNITION 410 BORE 500 ROUNDS\"}]},{\"@type\":\"WebSite\",\"@id\":\"https:\/\/www.bulkammunitionshop.com\/#website\",\"url\":\"https:\/\/www.bulkammunitionshop.com\/\",\"name\":\"Bulk Ammunition shop\",\"description\":\"Buy Cheap Bulk Ammo Online - Bulk Ammo for Sale- Cheap Ammo Online\",\"potentialAction\":[{\"@type\":\"SearchAction\",\"target\":{\"@type\":\"EntryPoint\",\"urlTemplate\":\"https:\/\/www.bulkammunitionshop.com\/?s={search_term_string}\"},\"query-input\":{\"@type\":\"PropertyValueSpecification\",\"valueRequired\":true,\"valueName\":\"search_term_string\"}}],\"inLanguage\":\"fi\"}]}<\/script>\n<!-- \/ Yoast SEO Premium plugin. -->","yoast_head_json":{"title":"FEDERAL GAME LOAD UP- LAND HI-BRASS -ammukset, 410-kaliiperinen, 500 patruunaa - Irtoammusten kauppa","robots":{"index":"index","follow":"follow","max-snippet":"max-snippet:-1","max-image-preview":"max-image-preview:large","max-video-preview":"max-video-preview:-1"},"canonical":"https:\/\/www.bulkammunitionshop.com\/fi\/tuote\/federal-game-load-up-land-hi-brass-ammukset-410-kaliiperinen-500-patruunaa\/","og_locale":"fi_FI","og_type":"article","og_title":"FEDERAL GAME LOAD UP- LAND HI-BRASS AMMUNITION 410 BORE 500 ROUNDS","og_description":"This Product Is In Stock and Ready to Ship. 100% Fast Shipping Guaranteed. Place your Order Now!","og_url":"https:\/\/www.bulkammunitionshop.com\/fi\/tuote\/federal-game-load-up-land-hi-brass-ammukset-410-kaliiperinen-500-patruunaa\/","og_site_name":"Bulk Ammunition shop","article_modified_time":"2022-12-21T13:09:53+00:00","og_image":[{"width":510,"height":348,"url":"http:\/\/www.bulkammunitionshop.com\/wp-content\/uploads\/2022\/11\/FEDERAL-GAME-510x348-1.jpg","type":"image\/jpeg"}],"twitter_card":"summary_large_image","twitter_misc":{"Arvioitu lukuaika":"1 minuutti"},"schema":{"@context":"https:\/\/schema.org","@graph":[{"@type":"WebPage","@id":"https:\/\/www.bulkammunitionshop.com\/product\/federal-game-load-up-land-hi-brass-ammunition-410-bore-500-rounds\/","url":"https:\/\/www.bulkammunitionshop.com\/product\/federal-game-load-up-land-hi-brass-ammunition-410-bore-500-rounds\/","name":"FEDERAL GAME LOAD UP- LAND HI-BRASS -ammukset, 410-kaliiperinen, 500 patruunaa - Irtoammusten kauppa","isPartOf":{"@id":"https:\/\/www.bulkammunitionshop.com\/#website"},"primaryImageOfPage":{"@id":"https:\/\/www.bulkammunitionshop.com\/product\/federal-game-load-up-land-hi-brass-ammunition-410-bore-500-rounds\/#primaryimage"},"image":{"@id":"https:\/\/www.bulkammunitionshop.com\/product\/federal-game-load-up-land-hi-brass-ammunition-410-bore-500-rounds\/#primaryimage"},"thumbnailUrl":"https:\/\/www.bulkammunitionshop.com\/wp-content\/uploads\/2022\/11\/FEDERAL-GAME-510x348-1.jpg","datePublished":"2022-11-04T23:06:09+00:00","dateModified":"2022-12-21T13:09:53+00:00","breadcrumb":{"@id":"https:\/\/www.bulkammunitionshop.com\/product\/federal-game-load-up-land-hi-brass-ammunition-410-bore-500-rounds\/#breadcrumb"},"inLanguage":"fi","potentialAction":[{"@type":"ReadAction","target":["https:\/\/www.bulkammunitionshop.com\/product\/federal-game-load-up-land-hi-brass-ammunition-410-bore-500-rounds\/"]}]},{"@type":"ImageObject","inLanguage":"fi","@id":"https:\/\/www.bulkammunitionshop.com\/product\/federal-game-load-up-land-hi-brass-ammunition-410-bore-500-rounds\/#primaryimage","url":"https:\/\/www.bulkammunitionshop.com\/wp-content\/uploads\/2022\/11\/FEDERAL-GAME-510x348-1.jpg","contentUrl":"https:\/\/www.bulkammunitionshop.com\/wp-content\/uploads\/2022\/11\/FEDERAL-GAME-510x348-1.jpg","width":510,"height":348},{"@type":"BreadcrumbList","@id":"https:\/\/www.bulkammunitionshop.com\/product\/federal-game-load-up-land-hi-brass-ammunition-410-bore-500-rounds\/#breadcrumb","itemListElement":[{"@type":"ListItem","position":1,"name":"Home","item":"https:\/\/www.bulkammunitionshop.com\/"},{"@type":"ListItem","position":2,"name":"SHOP ALL","item":"https:\/\/www.bulkammunitionshop.com\/shop-all\/"},{"@type":"ListItem","position":3,"name":"FEDERAL GAME LOAD UP- LAND HI-BRASS AMMUNITION 410 BORE 500 ROUNDS"}]},{"@type":"WebSite","@id":"https:\/\/www.bulkammunitionshop.com\/#website","url":"https:\/\/www.bulkammunitionshop.com\/","name":"Irtoammusten kauppa","description":"Osta halpoja irtotavara-ammuksia netist\u00e4 - Irtotavara-ammuksia myyt\u00e4v\u00e4n\u00e4 - Halpoja ammuksia netist\u00e4","potentialAction":[{"@type":"SearchAction","target":{"@type":"EntryPoint","urlTemplate":"https:\/\/www.bulkammunitionshop.com\/?s={search_term_string}"},"query-input":{"@type":"PropertyValueSpecification","valueRequired":true,"valueName":"search_term_string"}}],"inLanguage":"fi"}]}},"jetpack_sharing_enabled":true,"_links":{"self":[{"href":"https:\/\/www.bulkammunitionshop.com\/fi\/wp-json\/wp\/v2\/product\/3098","targetHints":{"allow":["GET"]}}],"collection":[{"href":"https:\/\/www.bulkammunitionshop.com\/fi\/wp-json\/wp\/v2\/product"}],"about":[{"href":"https:\/\/www.bulkammunitionshop.com\/fi\/wp-json\/wp\/v2\/types\/product"}],"replies":[{"embeddable":true,"href":"https:\/\/www.bulkammunitionshop.com\/fi\/wp-json\/wp\/v2\/comments?post=3098"}],"wp:featuredmedia":[{"embeddable":true,"href":"https:\/\/www.bulkammunitionshop.com\/fi\/wp-json\/wp\/v2\/media\/3099"}],"wp:attachment":[{"href":"https:\/\/www.bulkammunitionshop.com\/fi\/wp-json\/wp\/v2\/media?parent=3098"}],"wp:term":[{"taxonomy":"product_brand","embeddable":true,"href":"https:\/\/www.bulkammunitionshop.com\/fi\/wp-json\/wp\/v2\/product_brand?post=3098"},{"taxonomy":"product_cat","embeddable":true,"href":"https:\/\/www.bulkammunitionshop.com\/fi\/wp-json\/wp\/v2\/product_cat?post=3098"},{"taxonomy":"product_tag","embeddable":true,"href":"https:\/\/www.bulkammunitionshop.com\/fi\/wp-json\/wp\/v2\/product_tag?post=3098"}],"curies":[{"name":"wp","href":"https:\/\/api.w.org\/{rel}","templated":true}]}}