{"id":1578,"date":"2022-05-21T16:28:58","date_gmt":"2022-05-21T16:28:58","guid":{"rendered":"https:\/\/www.bulkammunitionshop.com\/?post_type=product&#038;p=1578"},"modified":"2022-05-21T16:31:00","modified_gmt":"2022-05-21T16:31:00","slug":"500rds-of-federal-premium-ammunition-25-06-remington-115-grain-nosler-partition","status":"publish","type":"product","link":"https:\/\/www.bulkammunitionshop.com\/fi\/tuote\/500rds-of-federal-premium-ammunition-25-06-remington-115-grain-nosler-partition\/","title":{"rendered":"500Rds of Federal Premium Ammunition 25-06 Remington 115 Grain Nosler Partition"},"content":{"rendered":"<div class=\"grid product-section-content\">\n<div class=\"product-section-overview\" data-ng-non-bindable=\"\">\n<p>Quality hunting ammunition designed for maximum performance and reliability. Premium hunting bullets are matched with select powders, primers and brass to create a reliable, hard-hitting hunting cartridge. Nosler\u00a0<b>Partition\u00a0<\/b>Bullets feature a fully tapered jacket that ruptures instantly at the thin jacket mouth, yet the gradual thickening along the bullet&#8217;s axis controls expansion and curls the jacket uniformly outward at high or low velocities. Nosler&#8217;s integral\u00a0<b>Partition\u00a0<\/b>supports the expanded mushroom and retains the rear lead alloy core. The enclosed rear core retains more than half the original bullet weight for deep penetration. This ammunition is new production, non-corrosive, in boxer primed, reloadable cases.<\/p>\n<\/div>\n<div class=\"product-section-logos\" data-ng-non-bindable=\"\"><\/div>\n<\/div>\n<p><span class=\"product-country-origin\" data-ng-class=\"{'is-hidden': !selector.shouldDisplayCountryOfOrigin}\">Made In\u00a0<span data-ng-bind=\"selector.countryOfOrigin\">Yhdysvallat<\/span><\/span><\/p>\n<p>&nbsp;<\/p>\n<h2 class=\"bg-blue-dark text-white stack-m inset-squish-m text-transform-none\">Specifications<\/h2>\n<div class=\"product-section-wrapper product-specifications\" data-specifications=\"\">\n<div data-product-specs-directive=\"\">\n<h3 id=\"product-info-table\">Tuotetiedot<\/h3>\n<table class=\"product-specs-table stack-l\" data-specifications=\"\" aria-labelledby=\"product-info-table\">\n<tbody>\n<tr class=\"product-specs-table-container\" data-ng-repeat=\"attribute in displayableAttrs | orderBy: ['attributeSortOrder','valueSortOrder','name']\" data-ng-class=\"{'is-selectable' : attribute.IsSelectable}\">\n<th class=\"product-specs-table-detail\">Patruuna<\/th>\n<td class=\"product-specs-table-definition\">\n<div role=\"presentation\" data-ng-if=\"attribute.isDropDownSelectable === false\"><span data-ng-if=\"attribute.value.length == 1\">25-06 Remington<\/span><\/div>\n<\/td>\n<\/tr>\n<tr class=\"product-specs-table-container\" data-ng-repeat=\"attribute in displayableAttrs | orderBy: ['attributeSortOrder','valueSortOrder','name']\" data-ng-class=\"{'is-selectable' : attribute.IsSelectable}\">\n<th class=\"product-specs-table-detail\">Viljan paino<\/th>\n<td class=\"product-specs-table-definition\">\n<div role=\"presentation\" data-ng-if=\"attribute.isDropDownSelectable === false\"><span data-ng-if=\"attribute.value.length == 1\">115 Grains<\/span><\/div>\n<\/td>\n<\/tr>\n<tr class=\"product-specs-table-container\" data-ng-repeat=\"attribute in displayableAttrs | orderBy: ['attributeSortOrder','valueSortOrder','name']\" data-ng-class=\"{'is-selectable' : attribute.IsSelectable}\">\n<th class=\"product-specs-table-detail\">M\u00e4\u00e4r\u00e4<\/th>\n<td class=\"product-specs-table-definition\">\n<div role=\"presentation\" data-ng-if=\"attribute.isDropDownSelectable === false\"><span data-ng-if=\"attribute.value.length == 1\">500 laukausta<\/span><\/div>\n<\/td>\n<\/tr>\n<tr class=\"product-specs-table-container\" data-ng-repeat=\"attribute in displayableAttrs | orderBy: ['attributeSortOrder','valueSortOrder','name']\" data-ng-class=\"{'is-selectable' : attribute.IsSelectable}\">\n<th class=\"product-specs-table-detail\">Suunopeus<\/th>\n<td class=\"product-specs-table-definition\">\n<div role=\"presentation\" data-ng-if=\"attribute.isDropDownSelectable === false\"><span data-ng-if=\"attribute.value.length == 1\">2990 Feet Per Second<\/span><\/div>\n<\/td>\n<\/tr>\n<tr class=\"product-specs-table-container\" data-ng-repeat=\"attribute in displayableAttrs | orderBy: ['attributeSortOrder','valueSortOrder','name']\" data-ng-class=\"{'is-selectable' : attribute.IsSelectable}\">\n<th class=\"product-specs-table-detail\">Suuenergia<\/th>\n<td class=\"product-specs-table-definition\">\n<div role=\"presentation\" data-ng-if=\"attribute.isDropDownSelectable === false\"><span data-ng-if=\"attribute.value.length == 1\">2283 Foot Pounds<\/span><\/div>\n<\/td>\n<\/tr>\n<tr class=\"product-specs-table-container\" data-ng-repeat=\"attribute in displayableAttrs | orderBy: ['attributeSortOrder','valueSortOrder','name']\" data-ng-class=\"{'is-selectable' : attribute.IsSelectable}\">\n<th class=\"product-specs-table-detail\">Luettelomerkki<\/th>\n<td class=\"product-specs-table-definition\">\n<div role=\"presentation\" data-ng-if=\"attribute.isDropDownSelectable === false\"><span data-ng-if=\"attribute.value.length == 1\">Takkimainen pehme\u00e4 k\u00e4rki<\/span><\/div>\n<\/td>\n<\/tr>\n<tr class=\"product-specs-table-container\" data-ng-repeat=\"attribute in displayableAttrs | orderBy: ['attributeSortOrder','valueSortOrder','name']\" data-ng-class=\"{'is-selectable' : attribute.IsSelectable}\">\n<th class=\"product-specs-table-detail\">Luodin merkki ja malli<\/th>\n<td class=\"product-specs-table-definition\">\n<div role=\"presentation\" data-ng-if=\"attribute.isDropDownSelectable === false\"><span data-ng-if=\"attribute.value.length == 1\">Nosler-osio<\/span><\/div>\n<\/td>\n<\/tr>\n<tr class=\"product-specs-table-container\" data-ng-repeat=\"attribute in displayableAttrs | orderBy: ['attributeSortOrder','valueSortOrder','name']\" data-ng-class=\"{'is-selectable' : attribute.IsSelectable}\">\n<th class=\"product-specs-table-detail\">Lyijyt\u00f6n<\/th>\n<td class=\"product-specs-table-definition\">\n<div role=\"presentation\" data-ng-if=\"attribute.isDropDownSelectable === false\"><span data-ng-if=\"attribute.value.length == 1\">Ei<\/span><\/div>\n<\/td>\n<\/tr>\n<tr class=\"product-specs-table-container\" data-ng-repeat=\"attribute in displayableAttrs | orderBy: ['attributeSortOrder','valueSortOrder','name']\" data-ng-class=\"{'is-selectable' : attribute.IsSelectable}\">\n<th class=\"product-specs-table-detail\">Tapaustyyppi<\/th>\n<td class=\"product-specs-table-definition\">\n<div role=\"presentation\" data-ng-if=\"attribute.isDropDownSelectable === false\"><span data-ng-if=\"attribute.value.length == 1\">Nikkel\u00f6ity<\/span><\/div>\n<\/td>\n<\/tr>\n<tr class=\"product-specs-table-container\" data-ng-repeat=\"attribute in displayableAttrs | orderBy: ['attributeSortOrder','valueSortOrder','name']\" data-ng-class=\"{'is-selectable' : attribute.IsSelectable}\">\n<th class=\"product-specs-table-detail\">Pohjustus<\/th>\n<td class=\"product-specs-table-definition\">\n<div role=\"presentation\" data-ng-if=\"attribute.isDropDownSelectable === false\"><span data-ng-if=\"attribute.value.length == 1\">Nyrkkeilij\u00e4<\/span><\/div>\n<\/td>\n<\/tr>\n<tr class=\"product-specs-table-container\" data-ng-repeat=\"attribute in displayableAttrs | orderBy: ['attributeSortOrder','valueSortOrder','name']\" data-ng-class=\"{'is-selectable' : attribute.IsSelectable}\">\n<th class=\"product-specs-table-detail\">Sy\u00f6vytt\u00e4v\u00e4<\/th>\n<td class=\"product-specs-table-definition\">\n<div role=\"presentation\" data-ng-if=\"attribute.isDropDownSelectable === false\"><span data-ng-if=\"attribute.value.length == 1\">Ei<\/span><\/div>\n<\/td>\n<\/tr>\n<tr class=\"product-specs-table-container\" data-ng-repeat=\"attribute in displayableAttrs | orderBy: ['attributeSortOrder','valueSortOrder','name']\" data-ng-class=\"{'is-selectable' : attribute.IsSelectable}\">\n<th class=\"product-specs-table-detail\">Ladattava<\/th>\n<td class=\"product-specs-table-definition\">\n<div role=\"presentation\" data-ng-if=\"attribute.isDropDownSelectable === false\"><span data-ng-if=\"attribute.value.length == 1\">Kyll\u00e4<\/span><\/div>\n<\/td>\n<\/tr>\n<tr class=\"product-specs-table-container\" data-ng-repeat=\"attribute in displayableAttrs | orderBy: ['attributeSortOrder','valueSortOrder','name']\" data-ng-class=\"{'is-selectable' : attribute.IsSelectable}\">\n<th class=\"product-specs-table-detail\">G1-ballistinen kerroin<\/th>\n<td class=\"product-specs-table-definition\">\n<div role=\"presentation\" data-ng-if=\"attribute.isDropDownSelectable === false\"><span data-ng-if=\"attribute.value.length == 1\">0.389<\/span><\/div>\n<\/td>\n<\/tr>\n<tr class=\"product-specs-table-container\" data-ng-repeat=\"attribute in displayableAttrs | orderBy: ['attributeSortOrder','valueSortOrder','name']\" data-ng-class=\"{'is-selectable' : attribute.IsSelectable}\">\n<th class=\"product-specs-table-detail\">Poikkileikkaustiheys<\/th>\n<td class=\"product-specs-table-definition\">\n<div role=\"presentation\" data-ng-if=\"attribute.isDropDownSelectable === false\"><span data-ng-if=\"attribute.value.length == 1\">0.249<\/span><\/div>\n<\/td>\n<\/tr>\n<tr class=\"product-specs-table-container\" data-ng-repeat=\"attribute in displayableAttrs | orderBy: ['attributeSortOrder','valueSortOrder','name']\" data-ng-class=\"{'is-selectable' : attribute.IsSelectable}\">\n<th class=\"product-specs-table-detail\">Nopeusluokitus<\/th>\n<td class=\"product-specs-table-definition\">\n<div role=\"presentation\" data-ng-if=\"attribute.isDropDownSelectable === false\"><span data-ng-if=\"attribute.value.length == 1\">Yli\u00e4\u00e4ninen<\/span><\/div>\n<\/td>\n<\/tr>\n<tr class=\"product-specs-table-container\" data-ng-repeat=\"attribute in displayableAttrs | orderBy: ['attributeSortOrder','valueSortOrder','name']\" data-ng-class=\"{'is-selectable' : attribute.IsSelectable}\">\n<th class=\"product-specs-table-detail\">Alkuper\u00e4maa<\/th>\n<td class=\"product-specs-table-definition\">\n<div role=\"presentation\" data-ng-if=\"attribute.isDropDownSelectable === false\"><span data-ng-if=\"attribute.value.length == 1\">Yhdysvallat<\/span><\/div>\n<\/td>\n<\/tr>\n<\/tbody>\n<\/table>\n<\/div>\n<\/div>","protected":false},"excerpt":{"rendered":"<p>Quality hunting ammunition designed for maximum performance and reliability. Premium hunting bullets are matched with select powders, primers and brass to create a reliable, hard-hitting hunting cartridge. Nosler\u00a0Partition\u00a0Bullets feature a fully tapered jacket that ruptures instantly at the thin jacket mouth, yet the gradual thickening along the bullet&#8217;s axis controls expansion and curls the jacket [&#8230;]","protected":false},"featured_media":1642,"comment_status":"open","ping_status":"closed","template":"","meta":[],"product_brand":[],"product_cat":[242,121],"product_tag":[],"class_list":{"0":"post-1578","1":"product","2":"type-product","3":"status-publish","4":"has-post-thumbnail","6":"product_cat-25-06-remington-ammo","7":"product_cat-rifle-ammo","9":"first","10":"instock","11":"taxable","12":"shipping-taxable","13":"purchasable","14":"product-type-simple"},"yoast_head":"<!-- This site is optimized with the Yoast SEO Premium plugin v24.6 (Yoast SEO v25.7) - https:\/\/yoast.com\/wordpress\/plugins\/seo\/ -->\n<title>500Rds of Federal Premium Ammunition 25-06 Remington 115 Grain Nosler Partition - Bulk Ammunition shop<\/title>\n<meta name=\"robots\" content=\"index, follow, max-snippet:-1, max-image-preview:large, max-video-preview:-1\" \/>\n<link rel=\"canonical\" href=\"https:\/\/www.bulkammunitionshop.com\/fi\/tuote\/500rds-of-federal-premium-ammunition-25-06-remington-115-grain-nosler-partition\/\" \/>\n<meta property=\"og:locale\" content=\"fi_FI\" \/>\n<meta property=\"og:type\" content=\"article\" \/>\n<meta property=\"og:title\" content=\"500Rds of Federal Premium Ammunition 25-06 Remington 115 Grain Nosler Partition\" \/>\n<meta property=\"og:description\" content=\"Quality hunting ammunition designed for maximum performance and reliability. Premium hunting bullets are matched with select powders, primers and brass to create a reliable, hard-hitting hunting cartridge. Nosler\u00a0Partition\u00a0Bullets feature a fully tapered jacket that ruptures instantly at the thin jacket mouth, yet the gradual thickening along the bullet&#8217;s axis controls expansion and curls the jacket [...]\" \/>\n<meta property=\"og:url\" content=\"https:\/\/www.bulkammunitionshop.com\/fi\/tuote\/500rds-of-federal-premium-ammunition-25-06-remington-115-grain-nosler-partition\/\" \/>\n<meta property=\"og:site_name\" content=\"Bulk Ammunition shop\" \/>\n<meta property=\"article:modified_time\" content=\"2022-05-21T16:31:00+00:00\" \/>\n<meta property=\"og:image\" content=\"https:\/\/i0.wp.com\/www.bulkammunitionshop.com\/wp-content\/uploads\/2022\/05\/739969.png?fit=600%2C449&ssl=1\" \/>\n\t<meta property=\"og:image:width\" content=\"600\" \/>\n\t<meta property=\"og:image:height\" content=\"449\" \/>\n\t<meta property=\"og:image:type\" content=\"image\/png\" \/>\n<meta name=\"twitter:card\" content=\"summary_large_image\" \/>\n<meta name=\"twitter:label1\" content=\"Arvioitu lukuaika\" \/>\n\t<meta name=\"twitter:data1\" content=\"1 minuutti\" \/>\n<script type=\"application\/ld+json\" class=\"yoast-schema-graph\">{\"@context\":\"https:\/\/schema.org\",\"@graph\":[{\"@type\":\"WebPage\",\"@id\":\"https:\/\/www.bulkammunitionshop.com\/product\/500rds-of-federal-premium-ammunition-25-06-remington-115-grain-nosler-partition\/\",\"url\":\"https:\/\/www.bulkammunitionshop.com\/product\/500rds-of-federal-premium-ammunition-25-06-remington-115-grain-nosler-partition\/\",\"name\":\"500Rds of Federal Premium Ammunition 25-06 Remington 115 Grain Nosler Partition - Bulk Ammunition shop\",\"isPartOf\":{\"@id\":\"https:\/\/www.bulkammunitionshop.com\/#website\"},\"primaryImageOfPage\":{\"@id\":\"https:\/\/www.bulkammunitionshop.com\/product\/500rds-of-federal-premium-ammunition-25-06-remington-115-grain-nosler-partition\/#primaryimage\"},\"image\":{\"@id\":\"https:\/\/www.bulkammunitionshop.com\/product\/500rds-of-federal-premium-ammunition-25-06-remington-115-grain-nosler-partition\/#primaryimage\"},\"thumbnailUrl\":\"https:\/\/www.bulkammunitionshop.com\/wp-content\/uploads\/2022\/05\/739969.png\",\"datePublished\":\"2022-05-21T16:28:58+00:00\",\"dateModified\":\"2022-05-21T16:31:00+00:00\",\"breadcrumb\":{\"@id\":\"https:\/\/www.bulkammunitionshop.com\/product\/500rds-of-federal-premium-ammunition-25-06-remington-115-grain-nosler-partition\/#breadcrumb\"},\"inLanguage\":\"fi\",\"potentialAction\":[{\"@type\":\"ReadAction\",\"target\":[\"https:\/\/www.bulkammunitionshop.com\/product\/500rds-of-federal-premium-ammunition-25-06-remington-115-grain-nosler-partition\/\"]}]},{\"@type\":\"ImageObject\",\"inLanguage\":\"fi\",\"@id\":\"https:\/\/www.bulkammunitionshop.com\/product\/500rds-of-federal-premium-ammunition-25-06-remington-115-grain-nosler-partition\/#primaryimage\",\"url\":\"https:\/\/www.bulkammunitionshop.com\/wp-content\/uploads\/2022\/05\/739969.png\",\"contentUrl\":\"https:\/\/www.bulkammunitionshop.com\/wp-content\/uploads\/2022\/05\/739969.png\",\"width\":600,\"height\":449},{\"@type\":\"BreadcrumbList\",\"@id\":\"https:\/\/www.bulkammunitionshop.com\/product\/500rds-of-federal-premium-ammunition-25-06-remington-115-grain-nosler-partition\/#breadcrumb\",\"itemListElement\":[{\"@type\":\"ListItem\",\"position\":1,\"name\":\"Home\",\"item\":\"https:\/\/www.bulkammunitionshop.com\/\"},{\"@type\":\"ListItem\",\"position\":2,\"name\":\"SHOP ALL\",\"item\":\"https:\/\/www.bulkammunitionshop.com\/shop-all\/\"},{\"@type\":\"ListItem\",\"position\":3,\"name\":\"500Rds of Federal Premium Ammunition 25-06 Remington 115 Grain Nosler Partition\"}]},{\"@type\":\"WebSite\",\"@id\":\"https:\/\/www.bulkammunitionshop.com\/#website\",\"url\":\"https:\/\/www.bulkammunitionshop.com\/\",\"name\":\"Bulk Ammunition shop\",\"description\":\"Buy Cheap Bulk Ammo Online - Bulk Ammo for Sale- Cheap Ammo Online\",\"potentialAction\":[{\"@type\":\"SearchAction\",\"target\":{\"@type\":\"EntryPoint\",\"urlTemplate\":\"https:\/\/www.bulkammunitionshop.com\/?s={search_term_string}\"},\"query-input\":{\"@type\":\"PropertyValueSpecification\",\"valueRequired\":true,\"valueName\":\"search_term_string\"}}],\"inLanguage\":\"fi\"}]}<\/script>\n<!-- \/ Yoast SEO Premium plugin. -->","yoast_head_json":{"title":"500Rds of Federal Premium Ammunition 25-06 Remington 115 Grain Nosler Partition - Bulk Ammunition shop","robots":{"index":"index","follow":"follow","max-snippet":"max-snippet:-1","max-image-preview":"max-image-preview:large","max-video-preview":"max-video-preview:-1"},"canonical":"https:\/\/www.bulkammunitionshop.com\/fi\/tuote\/500rds-of-federal-premium-ammunition-25-06-remington-115-grain-nosler-partition\/","og_locale":"fi_FI","og_type":"article","og_title":"500Rds of Federal Premium Ammunition 25-06 Remington 115 Grain Nosler Partition","og_description":"Quality hunting ammunition designed for maximum performance and reliability. Premium hunting bullets are matched with select powders, primers and brass to create a reliable, hard-hitting hunting cartridge. Nosler\u00a0Partition\u00a0Bullets feature a fully tapered jacket that ruptures instantly at the thin jacket mouth, yet the gradual thickening along the bullet&#8217;s axis controls expansion and curls the jacket [...]","og_url":"https:\/\/www.bulkammunitionshop.com\/fi\/tuote\/500rds-of-federal-premium-ammunition-25-06-remington-115-grain-nosler-partition\/","og_site_name":"Bulk Ammunition shop","article_modified_time":"2022-05-21T16:31:00+00:00","og_image":[{"width":600,"height":449,"url":"https:\/\/i0.wp.com\/www.bulkammunitionshop.com\/wp-content\/uploads\/2022\/05\/739969.png?fit=600%2C449&ssl=1","type":"image\/png"}],"twitter_card":"summary_large_image","twitter_misc":{"Arvioitu lukuaika":"1 minuutti"},"schema":{"@context":"https:\/\/schema.org","@graph":[{"@type":"WebPage","@id":"https:\/\/www.bulkammunitionshop.com\/product\/500rds-of-federal-premium-ammunition-25-06-remington-115-grain-nosler-partition\/","url":"https:\/\/www.bulkammunitionshop.com\/product\/500rds-of-federal-premium-ammunition-25-06-remington-115-grain-nosler-partition\/","name":"500Rds of Federal Premium Ammunition 25-06 Remington 115 Grain Nosler Partition - Bulk Ammunition shop","isPartOf":{"@id":"https:\/\/www.bulkammunitionshop.com\/#website"},"primaryImageOfPage":{"@id":"https:\/\/www.bulkammunitionshop.com\/product\/500rds-of-federal-premium-ammunition-25-06-remington-115-grain-nosler-partition\/#primaryimage"},"image":{"@id":"https:\/\/www.bulkammunitionshop.com\/product\/500rds-of-federal-premium-ammunition-25-06-remington-115-grain-nosler-partition\/#primaryimage"},"thumbnailUrl":"https:\/\/www.bulkammunitionshop.com\/wp-content\/uploads\/2022\/05\/739969.png","datePublished":"2022-05-21T16:28:58+00:00","dateModified":"2022-05-21T16:31:00+00:00","breadcrumb":{"@id":"https:\/\/www.bulkammunitionshop.com\/product\/500rds-of-federal-premium-ammunition-25-06-remington-115-grain-nosler-partition\/#breadcrumb"},"inLanguage":"fi","potentialAction":[{"@type":"ReadAction","target":["https:\/\/www.bulkammunitionshop.com\/product\/500rds-of-federal-premium-ammunition-25-06-remington-115-grain-nosler-partition\/"]}]},{"@type":"ImageObject","inLanguage":"fi","@id":"https:\/\/www.bulkammunitionshop.com\/product\/500rds-of-federal-premium-ammunition-25-06-remington-115-grain-nosler-partition\/#primaryimage","url":"https:\/\/www.bulkammunitionshop.com\/wp-content\/uploads\/2022\/05\/739969.png","contentUrl":"https:\/\/www.bulkammunitionshop.com\/wp-content\/uploads\/2022\/05\/739969.png","width":600,"height":449},{"@type":"BreadcrumbList","@id":"https:\/\/www.bulkammunitionshop.com\/product\/500rds-of-federal-premium-ammunition-25-06-remington-115-grain-nosler-partition\/#breadcrumb","itemListElement":[{"@type":"ListItem","position":1,"name":"Home","item":"https:\/\/www.bulkammunitionshop.com\/"},{"@type":"ListItem","position":2,"name":"SHOP ALL","item":"https:\/\/www.bulkammunitionshop.com\/shop-all\/"},{"@type":"ListItem","position":3,"name":"500Rds of Federal Premium Ammunition 25-06 Remington 115 Grain Nosler Partition"}]},{"@type":"WebSite","@id":"https:\/\/www.bulkammunitionshop.com\/#website","url":"https:\/\/www.bulkammunitionshop.com\/","name":"Irtoammusten kauppa","description":"Osta halpoja irtotavara-ammuksia netist\u00e4 - Irtotavara-ammuksia myyt\u00e4v\u00e4n\u00e4 - Halpoja ammuksia netist\u00e4","potentialAction":[{"@type":"SearchAction","target":{"@type":"EntryPoint","urlTemplate":"https:\/\/www.bulkammunitionshop.com\/?s={search_term_string}"},"query-input":{"@type":"PropertyValueSpecification","valueRequired":true,"valueName":"search_term_string"}}],"inLanguage":"fi"}]}},"jetpack_sharing_enabled":true,"_links":{"self":[{"href":"https:\/\/www.bulkammunitionshop.com\/fi\/wp-json\/wp\/v2\/product\/1578","targetHints":{"allow":["GET"]}}],"collection":[{"href":"https:\/\/www.bulkammunitionshop.com\/fi\/wp-json\/wp\/v2\/product"}],"about":[{"href":"https:\/\/www.bulkammunitionshop.com\/fi\/wp-json\/wp\/v2\/types\/product"}],"replies":[{"embeddable":true,"href":"https:\/\/www.bulkammunitionshop.com\/fi\/wp-json\/wp\/v2\/comments?post=1578"}],"wp:featuredmedia":[{"embeddable":true,"href":"https:\/\/www.bulkammunitionshop.com\/fi\/wp-json\/wp\/v2\/media\/1642"}],"wp:attachment":[{"href":"https:\/\/www.bulkammunitionshop.com\/fi\/wp-json\/wp\/v2\/media?parent=1578"}],"wp:term":[{"taxonomy":"product_brand","embeddable":true,"href":"https:\/\/www.bulkammunitionshop.com\/fi\/wp-json\/wp\/v2\/product_brand?post=1578"},{"taxonomy":"product_cat","embeddable":true,"href":"https:\/\/www.bulkammunitionshop.com\/fi\/wp-json\/wp\/v2\/product_cat?post=1578"},{"taxonomy":"product_tag","embeddable":true,"href":"https:\/\/www.bulkammunitionshop.com\/fi\/wp-json\/wp\/v2\/product_tag?post=1578"}],"curies":[{"name":"wp","href":"https:\/\/api.w.org\/{rel}","templated":true}]}}