{"id":1571,"date":"2022-05-21T16:28:57","date_gmt":"2022-05-21T16:28:57","guid":{"rendered":"https:\/\/www.bulkammunitionshop.com\/?post_type=product&#038;p=1571"},"modified":"2022-05-21T16:30:08","modified_gmt":"2022-05-21T16:30:08","slug":"springfield-armory-xdm-competition-45acp-5-25%e2%80%b3-barrel-101-black-melonite-xdm852545be","status":"publish","type":"product","link":"https:\/\/www.bulkammunitionshop.com\/fi\/tuote\/springfield-armory-xdm-competition-45acp-5-25%e2%80%b3-barrel-101-black-melonite-xdm852545be\/","title":{"rendered":"SPRINGFIELD ARMORY XDM COMPETITION 45ACP 5.25\u2033 BARREL 10+1 BLACK MELONITE XDM852545BE"},"content":{"rendered":"<div data-content-type=\"row\" data-appearance=\"contained\" data-element=\"main\">\n<div data-enable-parallax=\"0\" data-parallax-speed=\"0.5\" data-background-images=\"{}\" data-element=\"inner\">\n<div data-content-type=\"text\" data-appearance=\"default\" data-element=\"main\">Action: Striker Fire \u2013 Caliber: .45 ACP \u2013 Capacity: 10 \u2013 Finish: Black \u2013 Sights: Fiber Optic \/ Adjustable \u2013 Barrel Length: 5.25 \u2013 Overall Length: 8.3 \u2013 Weight: 32 oz<\/div>\n<\/div>\n<\/div>\n<h4>TEKNISET TIEDOT<\/h4>\n<div class=\"additional-attributes-wrapper table-wrapper\">\n<table id=\"product-attribute-specs-table\" class=\"data table additional-attributes\">\n<tbody>\n<tr>\n<th class=\"col label\" scope=\"row\">Type<\/th>\n<td class=\"col data\" data-th=\"Features\">Pistol<\/td>\n<\/tr>\n<tr>\n<th class=\"col label\" scope=\"row\">Action<\/th>\n<td class=\"col data\" data-th=\"Features\">Double<\/td>\n<\/tr>\n<tr>\n<th class=\"col label\" scope=\"row\">Kaliiperi<\/th>\n<td class=\"col data\" data-th=\"Features\">45 Automatic Colt Pistol (ACP)<\/td>\n<\/tr>\n<tr>\n<th class=\"col label\" scope=\"row\">Barrel length<\/th>\n<td class=\"col data\" data-th=\"Features\">5.25\u2033<\/td>\n<\/tr>\n<tr>\n<th class=\"col label\" scope=\"row\">Capacity<\/th>\n<td class=\"col data\" data-th=\"Features\">10+1<\/td>\n<\/tr>\n<tr>\n<th class=\"col label\" scope=\"row\">Grips<\/th>\n<td class=\"col data\" data-th=\"Features\">Black Interchangeable Backstrap<\/td>\n<\/tr>\n<tr>\n<th class=\"col label\" scope=\"row\">Sight configuration<\/th>\n<td class=\"col data\" data-th=\"Features\">Fiber Optic Front, Adjustable Rear<\/td>\n<\/tr>\n<tr>\n<th class=\"col label\" scope=\"row\">Weight<\/th>\n<td class=\"col data\" data-th=\"Features\">32 oz<\/td>\n<\/tr>\n<tr>\n<th class=\"col label\" scope=\"row\">Frame finish<\/th>\n<td class=\"col data\" data-th=\"Features\">Black<\/td>\n<\/tr>\n<tr>\n<th class=\"col label\" scope=\"row\">Frame material<\/th>\n<td class=\"col data\" data-th=\"Features\">Polymer<\/td>\n<\/tr>\n<tr>\n<th class=\"col label\" scope=\"row\">Barrel type<\/th>\n<td class=\"col data\" data-th=\"Features\">Match Grade<\/td>\n<\/tr>\n<tr>\n<th class=\"col label\" scope=\"row\">Slide description<\/th>\n<td class=\"col data\" data-th=\"Features\">Black Melonite<\/td>\n<\/tr>\n<tr>\n<th class=\"col label\" scope=\"row\">Sight style<\/th>\n<td class=\"col data\" data-th=\"Features\">Fiber Optic<\/td>\n<\/tr>\n<tr>\n<th class=\"col label\" scope=\"row\">Barrel length range<\/th>\n<td class=\"col data\" data-th=\"Features\">5.00\u2033 to 5.99\u2033<\/td>\n<\/tr>\n<tr>\n<th class=\"col label\" scope=\"row\">Weight range<\/th>\n<td class=\"col data\" data-th=\"Features\">32.00 oz to 47.99 oz<\/td>\n<\/tr>\n<\/tbody>\n<\/table>\n<\/div>","protected":false},"excerpt":{"rendered":"<p>Action: Striker Fire \u2013 Caliber: .45 ACP \u2013 Capacity: 10 \u2013 Finish: Black \u2013 Sights: Fiber Optic \/ Adjustable \u2013 Barrel Length: 5.25 \u2013 Overall Length: 8.3 \u2013 Weight: 32 oz SPECIFICATIONS Type Pistol Action Double Caliber 45 Automatic Colt Pistol (ACP) Barrel length 5.25\u2033 Capacity 10+1 Grips Black Interchangeable Backstrap Sight configuration Fiber Optic [&#8230;]","protected":false},"featured_media":1627,"comment_status":"open","ping_status":"closed","template":"","meta":[],"product_brand":[],"product_cat":[113,117],"product_tag":[],"class_list":{"0":"post-1571","1":"product","2":"type-product","3":"status-publish","4":"has-post-thumbnail","6":"product_cat-firearms","7":"product_cat-glocks","9":"first","10":"instock","11":"taxable","12":"shipping-taxable","13":"purchasable","14":"product-type-simple"},"yoast_head":"<!-- This site is optimized with the Yoast SEO Premium plugin v24.6 (Yoast SEO v25.7) - https:\/\/yoast.com\/wordpress\/plugins\/seo\/ -->\n<title>SPRINGFIELD ARMORY XDM COMPETITION 45ACP 5.25\u2033 BARREL 10+1 BLACK MELONITE XDM852545BE - Bulk Ammunition shop<\/title>\n<meta name=\"robots\" content=\"index, follow, max-snippet:-1, max-image-preview:large, max-video-preview:-1\" \/>\n<link rel=\"canonical\" href=\"https:\/\/www.bulkammunitionshop.com\/fi\/tuote\/springfield-armory-xdm-competition-45acp-5-25\u2033-barrel-101-black-melonite-xdm852545be\/\" \/>\n<meta property=\"og:locale\" content=\"fi_FI\" \/>\n<meta property=\"og:type\" content=\"article\" \/>\n<meta property=\"og:title\" content=\"SPRINGFIELD ARMORY XDM COMPETITION 45ACP 5.25\u2033 BARREL 10+1 BLACK MELONITE XDM852545BE\" \/>\n<meta property=\"og:description\" content=\"Action: Striker Fire \u2013 Caliber: .45 ACP \u2013 Capacity: 10 \u2013 Finish: Black \u2013 Sights: Fiber Optic \/ Adjustable \u2013 Barrel Length: 5.25 \u2013 Overall Length: 8.3 \u2013 Weight: 32 oz SPECIFICATIONS Type Pistol Action Double Caliber 45 Automatic Colt Pistol (ACP) Barrel length 5.25\u2033 Capacity 10+1 Grips Black Interchangeable Backstrap Sight configuration Fiber Optic [...]\" \/>\n<meta property=\"og:url\" content=\"https:\/\/www.bulkammunitionshop.com\/fi\/tuote\/springfield-armory-xdm-competition-45acp-5-25\u2033-barrel-101-black-melonite-xdm852545be\/\" \/>\n<meta property=\"og:site_name\" content=\"Bulk Ammunition shop\" \/>\n<meta property=\"article:modified_time\" content=\"2022-05-21T16:30:08+00:00\" \/>\n<meta property=\"og:image\" content=\"https:\/\/i0.wp.com\/www.bulkammunitionshop.com\/wp-content\/uploads\/2022\/05\/SPRINGFIELD-ARMORY-XDM-COMPETITION-45ACP-5.25\u2033-BARREL-101-BLACK-MELONITE-XDM852545BE.jpg?fit=550%2C550&ssl=1\" \/>\n\t<meta property=\"og:image:width\" content=\"550\" \/>\n\t<meta property=\"og:image:height\" content=\"550\" \/>\n\t<meta property=\"og:image:type\" content=\"image\/jpeg\" \/>\n<meta name=\"twitter:card\" content=\"summary_large_image\" \/>\n<script type=\"application\/ld+json\" class=\"yoast-schema-graph\">{\"@context\":\"https:\/\/schema.org\",\"@graph\":[{\"@type\":\"WebPage\",\"@id\":\"https:\/\/www.bulkammunitionshop.com\/product\/springfield-armory-xdm-competition-45acp-5-25%e2%80%b3-barrel-101-black-melonite-xdm852545be\/\",\"url\":\"https:\/\/www.bulkammunitionshop.com\/product\/springfield-armory-xdm-competition-45acp-5-25%e2%80%b3-barrel-101-black-melonite-xdm852545be\/\",\"name\":\"SPRINGFIELD ARMORY XDM COMPETITION 45ACP 5.25\u2033 BARREL 10+1 BLACK MELONITE XDM852545BE - Bulk Ammunition shop\",\"isPartOf\":{\"@id\":\"https:\/\/www.bulkammunitionshop.com\/#website\"},\"primaryImageOfPage\":{\"@id\":\"https:\/\/www.bulkammunitionshop.com\/product\/springfield-armory-xdm-competition-45acp-5-25%e2%80%b3-barrel-101-black-melonite-xdm852545be\/#primaryimage\"},\"image\":{\"@id\":\"https:\/\/www.bulkammunitionshop.com\/product\/springfield-armory-xdm-competition-45acp-5-25%e2%80%b3-barrel-101-black-melonite-xdm852545be\/#primaryimage\"},\"thumbnailUrl\":\"https:\/\/www.bulkammunitionshop.com\/wp-content\/uploads\/2022\/05\/SPRINGFIELD-ARMORY-XDM-COMPETITION-45ACP-5.25\u2033-BARREL-101-BLACK-MELONITE-XDM852545BE.jpg\",\"datePublished\":\"2022-05-21T16:28:57+00:00\",\"dateModified\":\"2022-05-21T16:30:08+00:00\",\"breadcrumb\":{\"@id\":\"https:\/\/www.bulkammunitionshop.com\/product\/springfield-armory-xdm-competition-45acp-5-25%e2%80%b3-barrel-101-black-melonite-xdm852545be\/#breadcrumb\"},\"inLanguage\":\"fi\",\"potentialAction\":[{\"@type\":\"ReadAction\",\"target\":[\"https:\/\/www.bulkammunitionshop.com\/product\/springfield-armory-xdm-competition-45acp-5-25%e2%80%b3-barrel-101-black-melonite-xdm852545be\/\"]}]},{\"@type\":\"ImageObject\",\"inLanguage\":\"fi\",\"@id\":\"https:\/\/www.bulkammunitionshop.com\/product\/springfield-armory-xdm-competition-45acp-5-25%e2%80%b3-barrel-101-black-melonite-xdm852545be\/#primaryimage\",\"url\":\"https:\/\/www.bulkammunitionshop.com\/wp-content\/uploads\/2022\/05\/SPRINGFIELD-ARMORY-XDM-COMPETITION-45ACP-5.25\u2033-BARREL-101-BLACK-MELONITE-XDM852545BE.jpg\",\"contentUrl\":\"https:\/\/www.bulkammunitionshop.com\/wp-content\/uploads\/2022\/05\/SPRINGFIELD-ARMORY-XDM-COMPETITION-45ACP-5.25\u2033-BARREL-101-BLACK-MELONITE-XDM852545BE.jpg\",\"width\":550,\"height\":550},{\"@type\":\"BreadcrumbList\",\"@id\":\"https:\/\/www.bulkammunitionshop.com\/product\/springfield-armory-xdm-competition-45acp-5-25%e2%80%b3-barrel-101-black-melonite-xdm852545be\/#breadcrumb\",\"itemListElement\":[{\"@type\":\"ListItem\",\"position\":1,\"name\":\"Home\",\"item\":\"https:\/\/www.bulkammunitionshop.com\/\"},{\"@type\":\"ListItem\",\"position\":2,\"name\":\"SHOP ALL\",\"item\":\"https:\/\/www.bulkammunitionshop.com\/shop-all\/\"},{\"@type\":\"ListItem\",\"position\":3,\"name\":\"SPRINGFIELD ARMORY XDM COMPETITION 45ACP 5.25\u2033 BARREL 10+1 BLACK MELONITE XDM852545BE\"}]},{\"@type\":\"WebSite\",\"@id\":\"https:\/\/www.bulkammunitionshop.com\/#website\",\"url\":\"https:\/\/www.bulkammunitionshop.com\/\",\"name\":\"Bulk Ammunition shop\",\"description\":\"Buy Cheap Bulk Ammo Online - Bulk Ammo for Sale- Cheap Ammo Online\",\"potentialAction\":[{\"@type\":\"SearchAction\",\"target\":{\"@type\":\"EntryPoint\",\"urlTemplate\":\"https:\/\/www.bulkammunitionshop.com\/?s={search_term_string}\"},\"query-input\":{\"@type\":\"PropertyValueSpecification\",\"valueRequired\":true,\"valueName\":\"search_term_string\"}}],\"inLanguage\":\"fi\"}]}<\/script>\n<!-- \/ Yoast SEO Premium plugin. -->","yoast_head_json":{"title":"SPRINGFIELD ARMORY XDM COMPETITION 45ACP 5.25\u2033 BARREL 10+1 BLACK MELONITE XDM852545BE - Bulk Ammunition shop","robots":{"index":"index","follow":"follow","max-snippet":"max-snippet:-1","max-image-preview":"max-image-preview:large","max-video-preview":"max-video-preview:-1"},"canonical":"https:\/\/www.bulkammunitionshop.com\/fi\/tuote\/springfield-armory-xdm-competition-45acp-5-25\u2033-barrel-101-black-melonite-xdm852545be\/","og_locale":"fi_FI","og_type":"article","og_title":"SPRINGFIELD ARMORY XDM COMPETITION 45ACP 5.25\u2033 BARREL 10+1 BLACK MELONITE XDM852545BE","og_description":"Action: Striker Fire \u2013 Caliber: .45 ACP \u2013 Capacity: 10 \u2013 Finish: Black \u2013 Sights: Fiber Optic \/ Adjustable \u2013 Barrel Length: 5.25 \u2013 Overall Length: 8.3 \u2013 Weight: 32 oz SPECIFICATIONS Type Pistol Action Double Caliber 45 Automatic Colt Pistol (ACP) Barrel length 5.25\u2033 Capacity 10+1 Grips Black Interchangeable Backstrap Sight configuration Fiber Optic [...]","og_url":"https:\/\/www.bulkammunitionshop.com\/fi\/tuote\/springfield-armory-xdm-competition-45acp-5-25\u2033-barrel-101-black-melonite-xdm852545be\/","og_site_name":"Bulk Ammunition shop","article_modified_time":"2022-05-21T16:30:08+00:00","og_image":[{"width":550,"height":550,"url":"https:\/\/i0.wp.com\/www.bulkammunitionshop.com\/wp-content\/uploads\/2022\/05\/SPRINGFIELD-ARMORY-XDM-COMPETITION-45ACP-5.25\u2033-BARREL-101-BLACK-MELONITE-XDM852545BE.jpg?fit=550%2C550&ssl=1","type":"image\/jpeg"}],"twitter_card":"summary_large_image","schema":{"@context":"https:\/\/schema.org","@graph":[{"@type":"WebPage","@id":"https:\/\/www.bulkammunitionshop.com\/product\/springfield-armory-xdm-competition-45acp-5-25%e2%80%b3-barrel-101-black-melonite-xdm852545be\/","url":"https:\/\/www.bulkammunitionshop.com\/product\/springfield-armory-xdm-competition-45acp-5-25%e2%80%b3-barrel-101-black-melonite-xdm852545be\/","name":"SPRINGFIELD ARMORY XDM COMPETITION 45ACP 5.25\u2033 BARREL 10+1 BLACK MELONITE XDM852545BE - Bulk Ammunition shop","isPartOf":{"@id":"https:\/\/www.bulkammunitionshop.com\/#website"},"primaryImageOfPage":{"@id":"https:\/\/www.bulkammunitionshop.com\/product\/springfield-armory-xdm-competition-45acp-5-25%e2%80%b3-barrel-101-black-melonite-xdm852545be\/#primaryimage"},"image":{"@id":"https:\/\/www.bulkammunitionshop.com\/product\/springfield-armory-xdm-competition-45acp-5-25%e2%80%b3-barrel-101-black-melonite-xdm852545be\/#primaryimage"},"thumbnailUrl":"https:\/\/www.bulkammunitionshop.com\/wp-content\/uploads\/2022\/05\/SPRINGFIELD-ARMORY-XDM-COMPETITION-45ACP-5.25\u2033-BARREL-101-BLACK-MELONITE-XDM852545BE.jpg","datePublished":"2022-05-21T16:28:57+00:00","dateModified":"2022-05-21T16:30:08+00:00","breadcrumb":{"@id":"https:\/\/www.bulkammunitionshop.com\/product\/springfield-armory-xdm-competition-45acp-5-25%e2%80%b3-barrel-101-black-melonite-xdm852545be\/#breadcrumb"},"inLanguage":"fi","potentialAction":[{"@type":"ReadAction","target":["https:\/\/www.bulkammunitionshop.com\/product\/springfield-armory-xdm-competition-45acp-5-25%e2%80%b3-barrel-101-black-melonite-xdm852545be\/"]}]},{"@type":"ImageObject","inLanguage":"fi","@id":"https:\/\/www.bulkammunitionshop.com\/product\/springfield-armory-xdm-competition-45acp-5-25%e2%80%b3-barrel-101-black-melonite-xdm852545be\/#primaryimage","url":"https:\/\/www.bulkammunitionshop.com\/wp-content\/uploads\/2022\/05\/SPRINGFIELD-ARMORY-XDM-COMPETITION-45ACP-5.25\u2033-BARREL-101-BLACK-MELONITE-XDM852545BE.jpg","contentUrl":"https:\/\/www.bulkammunitionshop.com\/wp-content\/uploads\/2022\/05\/SPRINGFIELD-ARMORY-XDM-COMPETITION-45ACP-5.25\u2033-BARREL-101-BLACK-MELONITE-XDM852545BE.jpg","width":550,"height":550},{"@type":"BreadcrumbList","@id":"https:\/\/www.bulkammunitionshop.com\/product\/springfield-armory-xdm-competition-45acp-5-25%e2%80%b3-barrel-101-black-melonite-xdm852545be\/#breadcrumb","itemListElement":[{"@type":"ListItem","position":1,"name":"Home","item":"https:\/\/www.bulkammunitionshop.com\/"},{"@type":"ListItem","position":2,"name":"SHOP ALL","item":"https:\/\/www.bulkammunitionshop.com\/shop-all\/"},{"@type":"ListItem","position":3,"name":"SPRINGFIELD ARMORY XDM COMPETITION 45ACP 5.25\u2033 BARREL 10+1 BLACK MELONITE XDM852545BE"}]},{"@type":"WebSite","@id":"https:\/\/www.bulkammunitionshop.com\/#website","url":"https:\/\/www.bulkammunitionshop.com\/","name":"Irtoammusten kauppa","description":"Osta halpoja irtotavara-ammuksia netist\u00e4 - Irtotavara-ammuksia myyt\u00e4v\u00e4n\u00e4 - Halpoja ammuksia netist\u00e4","potentialAction":[{"@type":"SearchAction","target":{"@type":"EntryPoint","urlTemplate":"https:\/\/www.bulkammunitionshop.com\/?s={search_term_string}"},"query-input":{"@type":"PropertyValueSpecification","valueRequired":true,"valueName":"search_term_string"}}],"inLanguage":"fi"}]}},"jetpack_sharing_enabled":true,"_links":{"self":[{"href":"https:\/\/www.bulkammunitionshop.com\/fi\/wp-json\/wp\/v2\/product\/1571","targetHints":{"allow":["GET"]}}],"collection":[{"href":"https:\/\/www.bulkammunitionshop.com\/fi\/wp-json\/wp\/v2\/product"}],"about":[{"href":"https:\/\/www.bulkammunitionshop.com\/fi\/wp-json\/wp\/v2\/types\/product"}],"replies":[{"embeddable":true,"href":"https:\/\/www.bulkammunitionshop.com\/fi\/wp-json\/wp\/v2\/comments?post=1571"}],"wp:featuredmedia":[{"embeddable":true,"href":"https:\/\/www.bulkammunitionshop.com\/fi\/wp-json\/wp\/v2\/media\/1627"}],"wp:attachment":[{"href":"https:\/\/www.bulkammunitionshop.com\/fi\/wp-json\/wp\/v2\/media?parent=1571"}],"wp:term":[{"taxonomy":"product_brand","embeddable":true,"href":"https:\/\/www.bulkammunitionshop.com\/fi\/wp-json\/wp\/v2\/product_brand?post=1571"},{"taxonomy":"product_cat","embeddable":true,"href":"https:\/\/www.bulkammunitionshop.com\/fi\/wp-json\/wp\/v2\/product_cat?post=1571"},{"taxonomy":"product_tag","embeddable":true,"href":"https:\/\/www.bulkammunitionshop.com\/fi\/wp-json\/wp\/v2\/product_tag?post=1571"}],"curies":[{"name":"wp","href":"https:\/\/api.w.org\/{rel}","templated":true}]}}