{"id":3105,"date":"2022-11-04T23:16:14","date_gmt":"2022-11-04T23:16:14","guid":{"rendered":"https:\/\/www.bulkammunitionshop.com\/?post_type=product&#038;p=3105"},"modified":"2022-11-04T23:16:14","modified_gmt":"2022-11-04T23:16:14","slug":"federal-premium-personal-defense-410er-kaliber-5-pellet-bleischrot-zentralfeuerpistolenmunition-500-schuss","status":"publish","type":"product","link":"https:\/\/www.bulkammunitionshop.com\/de_de\/produkt\/federal-premium-personal-defense-410er-kaliber-5-pellet-bleischrot-zentralfeuerpistolenmunition-500-schuss\/","title":{"rendered":"FEDERAL PREMIUM PERS\u00d6NLICHE VERTEIDIGUNG .410 BORE 5 PELLET BLEISCHROT ZENTRALFEUER PISTOLENMUNITION 500 SCHUSS"},"content":{"rendered":"<h1 class=\"sc_layouts_title_caption\">BUNDESPR\u00c4MIEN-PERS\u00d6NLICHE VERTEIDIGUNG <a href=\"https:\/\/www.bulkammunitionshop.com\/de_de\/\">.410 BOHRUNG<\/a> 5 PELLET BLEISCHROT ZENTRALFEUER PISTOLENMUNITION 500 SCHUSS<\/h1>\n<h2>Beschreibung<\/h2>\n<div>Federal Premium Personal Defense 410 Handgun Shotshell Munition \u2013 Judge wurde speziell f\u00fcr Ihre pers\u00f6nlichen Sicherheitsbed\u00fcrfnisse entwickelt. Die systematisierte Ladefunktion zeichnet sich durch ein D\u00fcbelsystem am Gewehrlauf aus. Die Munition ist so konzipiert, dass sie Bedrohungen sofort stoppt, ohne den Haushalt zu gef\u00e4hrden. Da es sich um ein System zur Heimverteidigung handelt, wurde die Munition umfassend erforscht. Das Geschoss verbessert die Funktionalit\u00e4t der Waffe und verhindert St\u00f6rungen und Ladehemmungen. Diese Patronen funktionieren am besten mit Judge, sind aber auch mit dem S&amp;W Governor kompatibel.<\/div>\n<div><\/div>\n<h2>SPEZIFIKATIONEN<\/h2>\n<div>Spezifikationen f\u00fcr Federal Premium Personal Defense 410 Handgun 410 Bore 5 Pellet Copper Plated Lead Buckshot Pistol Munition:<\/div>\n<div>Hersteller: Federal Premium<\/div>\n<div>Kaliber: .410<\/div>\n<div>Anzahl der Runden: 500<\/div>\n<div>Schalenl\u00e4nge: 3 Zoll<\/div>\n<div>M\u00fcndungsgeschwindigkeit: 775 ft\/s<\/div>\n<div>Mitgeliefertes Zubeh\u00f6r: Standard<\/div>\n<div>Anwendung: Selbstverteidigung<\/div>\n<div>Schrotgr\u00f6\u00dfe: 000 Buck<\/div>\n<div>Schrotmaterial: Kupferbeschichtetes Blei<\/div>\n<div>Z\u00fcndh\u00fctchen-Stil: Zentralfeuer<\/div>\n<div>Anzahl Schrotkugeln: 5<\/div>\n<div>Bleifrei: Nein<\/div>\n<div>Geschosstyp: Bleischrot<\/div>\n<div>Patrone: .410 Bohrung<\/div>\n<div><\/div>\n<h2>MERKMALE<\/h2>\n<div>Eigenschaften der Federal Premium Personal Defense 410 Handgun 410 Bore 5 Pellet Copper Plated Lead Buckshot Pistol Munition<\/div>\n<div>Hervorragende Muster zur Selbstverteidigung zu Hause und zu Hause<\/div>\n<div>Hochenergetische Abgabe<\/div>\n<div>Spezielle Messingk\u00f6pfe sorgen f\u00fcr eine reibungslose Extraktion<\/div>\n<div><\/div>\n<h2>PACKUNGSINHALT<\/h2>\n<div>Packungsinhalt:<\/div>\n<div>Federal Premium Personal Defense 410 Handfeuerwaffe 410 Bohrung 5 Pellet Kupferbeschichtete Bleischrot-Pistolenmunition<\/div>","protected":false},"excerpt":{"rendered":"<p>Dieses Produkt ist auf Lager und versandfertig. 100% Schneller Versand garantiert. Bestellen Sie jetzt!<\/p>\n<form class=\"cart\" action=\"https:\/\/armoryweapons.com\/product\/federal-premium-personal-defense-410-bore-5-pellet-lead-buckshot-centerfire-pistol-ammunition-500-rounds-2\/\" enctype=\"multipart\/form-data\" method=\"post\">\n<div class=\"quantity buttons_added\"><\/div>\n<\/form>","protected":false},"featured_media":3106,"comment_status":"open","ping_status":"closed","template":"","meta":[],"product_brand":[],"product_cat":[282,119],"product_tag":[],"class_list":{"0":"post-3105","1":"product","2":"type-product","3":"status-publish","4":"has-post-thumbnail","6":"product_cat-410-ammo","7":"product_cat-shotgun-ammo","9":"first","10":"instock","11":"taxable","12":"shipping-taxable","13":"purchasable","14":"product-type-simple"},"yoast_head":"<!-- This site is optimized with the Yoast SEO Premium plugin v24.6 (Yoast SEO v25.7) - https:\/\/yoast.com\/wordpress\/plugins\/seo\/ -->\n<title>FEDERAL PREMIUM PERSONAL DEFENSE .410 BORE 5 PELLET LEAD BUCKSHOT CENTERFIRE PISTOL AMMUNITION 500 ROUNDS - Bulk Ammunition shop<\/title>\n<meta name=\"robots\" content=\"index, follow, max-snippet:-1, max-image-preview:large, max-video-preview:-1\" \/>\n<link rel=\"canonical\" href=\"https:\/\/www.bulkammunitionshop.com\/de_de\/produkt\/federal-premium-personal-defense-410er-kaliber-5-pellet-bleischrot-zentralfeuerpistolenmunition-500-schuss\/\" \/>\n<meta property=\"og:locale\" content=\"de_DE\" \/>\n<meta property=\"og:type\" content=\"article\" \/>\n<meta property=\"og:title\" content=\"FEDERAL PREMIUM PERSONAL DEFENSE .410 BORE 5 PELLET LEAD BUCKSHOT CENTERFIRE PISTOL AMMUNITION 500 ROUNDS\" \/>\n<meta property=\"og:description\" content=\"This Product Is In Stock and Ready to Ship. 100% Fast Shipping Guaranteed. Place your Order Now!\" \/>\n<meta property=\"og:url\" content=\"https:\/\/www.bulkammunitionshop.com\/de_de\/produkt\/federal-premium-personal-defense-410er-kaliber-5-pellet-bleischrot-zentralfeuerpistolenmunition-500-schuss\/\" \/>\n<meta property=\"og:site_name\" content=\"Bulk Ammunition shop\" \/>\n<meta property=\"og:image\" content=\"http:\/\/www.bulkammunitionshop.com\/wp-content\/uploads\/2022\/11\/FEDERAL-PREMIUM-PERSONAL-DEFENSE-.410-BORE-5-PELLET-LEAD-BUCKSHOT-CENTERFIRE-PISTOL-AMMUNITION-500-ROUNDS-510x287-1.jpg\" \/>\n\t<meta property=\"og:image:width\" content=\"510\" \/>\n\t<meta property=\"og:image:height\" content=\"287\" \/>\n\t<meta property=\"og:image:type\" content=\"image\/jpeg\" \/>\n<meta name=\"twitter:card\" content=\"summary_large_image\" \/>\n<meta name=\"twitter:label1\" content=\"Gesch\u00e4tzte Lesezeit\" \/>\n\t<meta name=\"twitter:data1\" content=\"1\u00a0Minute\" \/>\n<script type=\"application\/ld+json\" class=\"yoast-schema-graph\">{\"@context\":\"https:\/\/schema.org\",\"@graph\":[{\"@type\":\"WebPage\",\"@id\":\"https:\/\/www.bulkammunitionshop.com\/product\/federal-premium-personal-defense-410-bore-5-pellet-lead-buckshot-centerfire-pistol-ammunition-500-rounds\/\",\"url\":\"https:\/\/www.bulkammunitionshop.com\/product\/federal-premium-personal-defense-410-bore-5-pellet-lead-buckshot-centerfire-pistol-ammunition-500-rounds\/\",\"name\":\"FEDERAL PREMIUM PERSONAL DEFENSE .410 BORE 5 PELLET LEAD BUCKSHOT CENTERFIRE PISTOL AMMUNITION 500 ROUNDS - Bulk Ammunition shop\",\"isPartOf\":{\"@id\":\"https:\/\/www.bulkammunitionshop.com\/#website\"},\"primaryImageOfPage\":{\"@id\":\"https:\/\/www.bulkammunitionshop.com\/product\/federal-premium-personal-defense-410-bore-5-pellet-lead-buckshot-centerfire-pistol-ammunition-500-rounds\/#primaryimage\"},\"image\":{\"@id\":\"https:\/\/www.bulkammunitionshop.com\/product\/federal-premium-personal-defense-410-bore-5-pellet-lead-buckshot-centerfire-pistol-ammunition-500-rounds\/#primaryimage\"},\"thumbnailUrl\":\"https:\/\/www.bulkammunitionshop.com\/wp-content\/uploads\/2022\/11\/FEDERAL-PREMIUM-PERSONAL-DEFENSE-.410-BORE-5-PELLET-LEAD-BUCKSHOT-CENTERFIRE-PISTOL-AMMUNITION-500-ROUNDS-510x287-1.jpg\",\"datePublished\":\"2022-11-04T23:16:14+00:00\",\"breadcrumb\":{\"@id\":\"https:\/\/www.bulkammunitionshop.com\/product\/federal-premium-personal-defense-410-bore-5-pellet-lead-buckshot-centerfire-pistol-ammunition-500-rounds\/#breadcrumb\"},\"inLanguage\":\"de\",\"potentialAction\":[{\"@type\":\"ReadAction\",\"target\":[\"https:\/\/www.bulkammunitionshop.com\/product\/federal-premium-personal-defense-410-bore-5-pellet-lead-buckshot-centerfire-pistol-ammunition-500-rounds\/\"]}]},{\"@type\":\"ImageObject\",\"inLanguage\":\"de\",\"@id\":\"https:\/\/www.bulkammunitionshop.com\/product\/federal-premium-personal-defense-410-bore-5-pellet-lead-buckshot-centerfire-pistol-ammunition-500-rounds\/#primaryimage\",\"url\":\"https:\/\/www.bulkammunitionshop.com\/wp-content\/uploads\/2022\/11\/FEDERAL-PREMIUM-PERSONAL-DEFENSE-.410-BORE-5-PELLET-LEAD-BUCKSHOT-CENTERFIRE-PISTOL-AMMUNITION-500-ROUNDS-510x287-1.jpg\",\"contentUrl\":\"https:\/\/www.bulkammunitionshop.com\/wp-content\/uploads\/2022\/11\/FEDERAL-PREMIUM-PERSONAL-DEFENSE-.410-BORE-5-PELLET-LEAD-BUCKSHOT-CENTERFIRE-PISTOL-AMMUNITION-500-ROUNDS-510x287-1.jpg\",\"width\":510,\"height\":287},{\"@type\":\"BreadcrumbList\",\"@id\":\"https:\/\/www.bulkammunitionshop.com\/product\/federal-premium-personal-defense-410-bore-5-pellet-lead-buckshot-centerfire-pistol-ammunition-500-rounds\/#breadcrumb\",\"itemListElement\":[{\"@type\":\"ListItem\",\"position\":1,\"name\":\"Home\",\"item\":\"https:\/\/www.bulkammunitionshop.com\/\"},{\"@type\":\"ListItem\",\"position\":2,\"name\":\"SHOP ALL\",\"item\":\"https:\/\/www.bulkammunitionshop.com\/shop-all\/\"},{\"@type\":\"ListItem\",\"position\":3,\"name\":\"FEDERAL PREMIUM PERSONAL DEFENSE .410 BORE 5 PELLET LEAD BUCKSHOT CENTERFIRE PISTOL AMMUNITION 500 ROUNDS\"}]},{\"@type\":\"WebSite\",\"@id\":\"https:\/\/www.bulkammunitionshop.com\/#website\",\"url\":\"https:\/\/www.bulkammunitionshop.com\/\",\"name\":\"Bulk Ammunition shop\",\"description\":\"Buy Cheap Bulk Ammo Online - Bulk Ammo for Sale- Cheap Ammo Online\",\"potentialAction\":[{\"@type\":\"SearchAction\",\"target\":{\"@type\":\"EntryPoint\",\"urlTemplate\":\"https:\/\/www.bulkammunitionshop.com\/?s={search_term_string}\"},\"query-input\":{\"@type\":\"PropertyValueSpecification\",\"valueRequired\":true,\"valueName\":\"search_term_string\"}}],\"inLanguage\":\"de\"}]}<\/script>\n<!-- \/ Yoast SEO Premium plugin. -->","yoast_head_json":{"title":"FEDERAL PREMIUM PERS\u00d6NLICHE VERTEIDIGUNG .410 BORE 5 PELLET BLEI-SCHROT ZENTRALFEUER-PISTOLENMUNITION 500 SCHUSS - Munitionsladen","robots":{"index":"index","follow":"follow","max-snippet":"max-snippet:-1","max-image-preview":"max-image-preview:large","max-video-preview":"max-video-preview:-1"},"canonical":"https:\/\/www.bulkammunitionshop.com\/de_de\/produkt\/federal-premium-personal-defense-410er-kaliber-5-pellet-bleischrot-zentralfeuerpistolenmunition-500-schuss\/","og_locale":"de_DE","og_type":"article","og_title":"FEDERAL PREMIUM PERSONAL DEFENSE .410 BORE 5 PELLET LEAD BUCKSHOT CENTERFIRE PISTOL AMMUNITION 500 ROUNDS","og_description":"This Product Is In Stock and Ready to Ship. 100% Fast Shipping Guaranteed. Place your Order Now!","og_url":"https:\/\/www.bulkammunitionshop.com\/de_de\/produkt\/federal-premium-personal-defense-410er-kaliber-5-pellet-bleischrot-zentralfeuerpistolenmunition-500-schuss\/","og_site_name":"Bulk Ammunition shop","og_image":[{"width":510,"height":287,"url":"http:\/\/www.bulkammunitionshop.com\/wp-content\/uploads\/2022\/11\/FEDERAL-PREMIUM-PERSONAL-DEFENSE-.410-BORE-5-PELLET-LEAD-BUCKSHOT-CENTERFIRE-PISTOL-AMMUNITION-500-ROUNDS-510x287-1.jpg","type":"image\/jpeg"}],"twitter_card":"summary_large_image","twitter_misc":{"Gesch\u00e4tzte Lesezeit":"1\u00a0Minute"},"schema":{"@context":"https:\/\/schema.org","@graph":[{"@type":"WebPage","@id":"https:\/\/www.bulkammunitionshop.com\/product\/federal-premium-personal-defense-410-bore-5-pellet-lead-buckshot-centerfire-pistol-ammunition-500-rounds\/","url":"https:\/\/www.bulkammunitionshop.com\/product\/federal-premium-personal-defense-410-bore-5-pellet-lead-buckshot-centerfire-pistol-ammunition-500-rounds\/","name":"FEDERAL PREMIUM PERS\u00d6NLICHE VERTEIDIGUNG .410 BORE 5 PELLET BLEI-SCHROT ZENTRALFEUER-PISTOLENMUNITION 500 SCHUSS - Munitionsladen","isPartOf":{"@id":"https:\/\/www.bulkammunitionshop.com\/#website"},"primaryImageOfPage":{"@id":"https:\/\/www.bulkammunitionshop.com\/product\/federal-premium-personal-defense-410-bore-5-pellet-lead-buckshot-centerfire-pistol-ammunition-500-rounds\/#primaryimage"},"image":{"@id":"https:\/\/www.bulkammunitionshop.com\/product\/federal-premium-personal-defense-410-bore-5-pellet-lead-buckshot-centerfire-pistol-ammunition-500-rounds\/#primaryimage"},"thumbnailUrl":"https:\/\/www.bulkammunitionshop.com\/wp-content\/uploads\/2022\/11\/FEDERAL-PREMIUM-PERSONAL-DEFENSE-.410-BORE-5-PELLET-LEAD-BUCKSHOT-CENTERFIRE-PISTOL-AMMUNITION-500-ROUNDS-510x287-1.jpg","datePublished":"2022-11-04T23:16:14+00:00","breadcrumb":{"@id":"https:\/\/www.bulkammunitionshop.com\/product\/federal-premium-personal-defense-410-bore-5-pellet-lead-buckshot-centerfire-pistol-ammunition-500-rounds\/#breadcrumb"},"inLanguage":"de","potentialAction":[{"@type":"ReadAction","target":["https:\/\/www.bulkammunitionshop.com\/product\/federal-premium-personal-defense-410-bore-5-pellet-lead-buckshot-centerfire-pistol-ammunition-500-rounds\/"]}]},{"@type":"ImageObject","inLanguage":"de","@id":"https:\/\/www.bulkammunitionshop.com\/product\/federal-premium-personal-defense-410-bore-5-pellet-lead-buckshot-centerfire-pistol-ammunition-500-rounds\/#primaryimage","url":"https:\/\/www.bulkammunitionshop.com\/wp-content\/uploads\/2022\/11\/FEDERAL-PREMIUM-PERSONAL-DEFENSE-.410-BORE-5-PELLET-LEAD-BUCKSHOT-CENTERFIRE-PISTOL-AMMUNITION-500-ROUNDS-510x287-1.jpg","contentUrl":"https:\/\/www.bulkammunitionshop.com\/wp-content\/uploads\/2022\/11\/FEDERAL-PREMIUM-PERSONAL-DEFENSE-.410-BORE-5-PELLET-LEAD-BUCKSHOT-CENTERFIRE-PISTOL-AMMUNITION-500-ROUNDS-510x287-1.jpg","width":510,"height":287},{"@type":"BreadcrumbList","@id":"https:\/\/www.bulkammunitionshop.com\/product\/federal-premium-personal-defense-410-bore-5-pellet-lead-buckshot-centerfire-pistol-ammunition-500-rounds\/#breadcrumb","itemListElement":[{"@type":"ListItem","position":1,"name":"Home","item":"https:\/\/www.bulkammunitionshop.com\/"},{"@type":"ListItem","position":2,"name":"SHOP ALL","item":"https:\/\/www.bulkammunitionshop.com\/shop-all\/"},{"@type":"ListItem","position":3,"name":"FEDERAL PREMIUM PERSONAL DEFENSE .410 BORE 5 PELLET LEAD BUCKSHOT CENTERFIRE PISTOL AMMUNITION 500 ROUNDS"}]},{"@type":"WebSite","@id":"https:\/\/www.bulkammunitionshop.com\/#website","url":"https:\/\/www.bulkammunitionshop.com\/","name":"Munitionsladen","description":"Kaufen Sie billige Munition in gro\u00dfen Mengen online - Munition in gro\u00dfen Mengen zu verkaufen - G\u00fcnstige Munition online","potentialAction":[{"@type":"SearchAction","target":{"@type":"EntryPoint","urlTemplate":"https:\/\/www.bulkammunitionshop.com\/?s={search_term_string}"},"query-input":{"@type":"PropertyValueSpecification","valueRequired":true,"valueName":"search_term_string"}}],"inLanguage":"de"}]}},"jetpack_sharing_enabled":true,"_links":{"self":[{"href":"https:\/\/www.bulkammunitionshop.com\/de_de\/wp-json\/wp\/v2\/product\/3105","targetHints":{"allow":["GET"]}}],"collection":[{"href":"https:\/\/www.bulkammunitionshop.com\/de_de\/wp-json\/wp\/v2\/product"}],"about":[{"href":"https:\/\/www.bulkammunitionshop.com\/de_de\/wp-json\/wp\/v2\/types\/product"}],"replies":[{"embeddable":true,"href":"https:\/\/www.bulkammunitionshop.com\/de_de\/wp-json\/wp\/v2\/comments?post=3105"}],"wp:featuredmedia":[{"embeddable":true,"href":"https:\/\/www.bulkammunitionshop.com\/de_de\/wp-json\/wp\/v2\/media\/3106"}],"wp:attachment":[{"href":"https:\/\/www.bulkammunitionshop.com\/de_de\/wp-json\/wp\/v2\/media?parent=3105"}],"wp:term":[{"taxonomy":"product_brand","embeddable":true,"href":"https:\/\/www.bulkammunitionshop.com\/de_de\/wp-json\/wp\/v2\/product_brand?post=3105"},{"taxonomy":"product_cat","embeddable":true,"href":"https:\/\/www.bulkammunitionshop.com\/de_de\/wp-json\/wp\/v2\/product_cat?post=3105"},{"taxonomy":"product_tag","embeddable":true,"href":"https:\/\/www.bulkammunitionshop.com\/de_de\/wp-json\/wp\/v2\/product_tag?post=3105"}],"curies":[{"name":"wp","href":"https:\/\/api.w.org\/{rel}","templated":true}]}}