{"id":1632,"date":"2022-05-21T16:30:26","date_gmt":"2022-05-21T16:30:26","guid":{"rendered":"https:\/\/www.bulkammunitionshop.com\/?post_type=product&#038;p=1632"},"modified":"2022-05-21T16:33:07","modified_gmt":"2022-05-21T16:33:07","slug":"500rds-of-federal-varmint-predator-ammunition-22-250-remington-55-grain-hornady-v-max","status":"publish","type":"product","link":"https:\/\/www.bulkammunitionshop.com\/de_de\/produkt\/500rds-of-federal-varmint-predator-ammunition-22-250-remington-55-grain-hornady-v-max\/","title":{"rendered":"500Rds of Federal Varmint &#038; Predator Ammunition 22-250 Remington 55 Grain Hornady V-MAX"},"content":{"rendered":"<div class=\"grid product-section-content\">\n<div class=\"product-section-overview\" data-ng-non-bindable=\"\">\n<p>Federal Premium Varmint &amp; Predator Ammunition is made to destroy everything from prairie dogs to coyotes with the precision of Federal&#8217;s well-known quality. These loads bring the accuracy and explosive expansion of the proven Hornady V-Max bullet, loaded with our extremely reliable brass, primer and propellant.\u00a0 This ammunition is new production, non-corrosive, in boxer primed, reloadable brass cases.<\/p>\n<p>&nbsp;<\/p>\n<p>Hornady&#8217;s V-Max Bullets feature a polymer tip which enhances accuracy and promotes devastating expansion. The tip raises the ballistic coefficient for faster velocity and also acts as a wedge, initiating bullet expansion. The boat tail creates in-flight stability for long-range shooting. Hornady&#8217;s swaging process creates precise formation of the core around the tip of the bullet, creating a build-up of energy which contributes to its phenomenal performance. The copper jacket provides the necessary bearing surface for maximum stability out of the barrel, and the jacket is built to withstand the fast twist rates of the most advanced varmint rifles.<\/p>\n<p>&nbsp;<\/p>\n<p><b>Merkmale<\/b><\/p>\n<ul>\n<li>Hornady V-Max bullet provides explosive performance on impact<\/li>\n<li>Consistent accuracy<\/li>\n<li>Reliable Federal brass and primer<\/li>\n<li>Priced for high-volume shooters<\/li>\n<\/ul>\n<\/div>\n<div class=\"product-section-logos\" data-ng-non-bindable=\"\"><\/div>\n<\/div>\n<p><span class=\"product-country-origin\" data-ng-class=\"{'is-hidden': !selector.shouldDisplayCountryOfOrigin}\">Made In\u00a0<span data-ng-bind=\"selector.countryOfOrigin\">Vereinigte Staaten von Amerika<\/span><\/span><\/p>\n<p>&nbsp;<\/p>\n<h2 class=\"bg-blue-dark text-white stack-m inset-squish-m text-transform-none\">Specifications<\/h2>\n<div class=\"product-section-wrapper product-specifications\" data-specifications=\"\">\n<div data-product-specs-directive=\"\">\n<h3 id=\"product-info-table\">Produktinformationen<\/h3>\n<table class=\"product-specs-table stack-l\" data-specifications=\"\" aria-labelledby=\"product-info-table\">\n<tbody>\n<tr class=\"product-specs-table-container\" data-ng-repeat=\"attribute in displayableAttrs | orderBy: ['attributeSortOrder','valueSortOrder','name']\" data-ng-class=\"{'is-selectable' : attribute.IsSelectable}\">\n<th class=\"product-specs-table-detail\">Patrone<\/th>\n<td class=\"product-specs-table-definition\">\n<div role=\"presentation\" data-ng-if=\"attribute.isDropDownSelectable === false\"><span data-ng-if=\"attribute.value.length == 1\">22-250 Remington<\/span><\/div>\n<\/td>\n<\/tr>\n<tr class=\"product-specs-table-container\" data-ng-repeat=\"attribute in displayableAttrs | orderBy: ['attributeSortOrder','valueSortOrder','name']\" data-ng-class=\"{'is-selectable' : attribute.IsSelectable}\">\n<th class=\"product-specs-table-detail\">Korngewicht<\/th>\n<td class=\"product-specs-table-definition\">\n<div role=\"presentation\" data-ng-if=\"attribute.isDropDownSelectable === false\"><span data-ng-if=\"attribute.value.length == 1\">55 Grains<\/span><\/div>\n<\/td>\n<\/tr>\n<tr class=\"product-specs-table-container\" data-ng-repeat=\"attribute in displayableAttrs | orderBy: ['attributeSortOrder','valueSortOrder','name']\" data-ng-class=\"{'is-selectable' : attribute.IsSelectable}\">\n<th class=\"product-specs-table-detail\">Menge<\/th>\n<td class=\"product-specs-table-definition\">500<\/td>\n<\/tr>\n<tr class=\"product-specs-table-container\" data-ng-repeat=\"attribute in displayableAttrs | orderBy: ['attributeSortOrder','valueSortOrder','name']\" data-ng-class=\"{'is-selectable' : attribute.IsSelectable}\">\n<th class=\"product-specs-table-detail\">M\u00fcndungsgeschwindigkeit<\/th>\n<td class=\"product-specs-table-definition\">\n<div role=\"presentation\" data-ng-if=\"attribute.isDropDownSelectable === false\"><span data-ng-if=\"attribute.value.length == 1\">3670 Feet Per Second<\/span><\/div>\n<\/td>\n<\/tr>\n<tr class=\"product-specs-table-container\" data-ng-repeat=\"attribute in displayableAttrs | orderBy: ['attributeSortOrder','valueSortOrder','name']\" data-ng-class=\"{'is-selectable' : attribute.IsSelectable}\">\n<th class=\"product-specs-table-detail\">M\u00fcndungsenergie<\/th>\n<td class=\"product-specs-table-definition\">\n<div role=\"presentation\" data-ng-if=\"attribute.isDropDownSelectable === false\"><span data-ng-if=\"attribute.value.length == 1\">1645 Foot Pounds<\/span><\/div>\n<\/td>\n<\/tr>\n<tr class=\"product-specs-table-container\" data-ng-repeat=\"attribute in displayableAttrs | orderBy: ['attributeSortOrder','valueSortOrder','name']\" data-ng-class=\"{'is-selectable' : attribute.IsSelectable}\">\n<th class=\"product-specs-table-detail\">Aufz\u00e4hlungszeichen<\/th>\n<td class=\"product-specs-table-definition\">\n<div role=\"presentation\" data-ng-if=\"attribute.isDropDownSelectable === false\"><span data-ng-if=\"attribute.value.length == 1\">Polymerspitze<\/span><\/div>\n<\/td>\n<\/tr>\n<tr class=\"product-specs-table-container\" data-ng-repeat=\"attribute in displayableAttrs | orderBy: ['attributeSortOrder','valueSortOrder','name']\" data-ng-class=\"{'is-selectable' : attribute.IsSelectable}\">\n<th class=\"product-specs-table-detail\">Geschossmarke und -modell<\/th>\n<td class=\"product-specs-table-definition\">\n<div role=\"presentation\" data-ng-if=\"attribute.isDropDownSelectable === false\"><span data-ng-if=\"attribute.value.length == 1\">Hornady V-Max<\/span><\/div>\n<\/td>\n<\/tr>\n<tr class=\"product-specs-table-container\" data-ng-repeat=\"attribute in displayableAttrs | orderBy: ['attributeSortOrder','valueSortOrder','name']\" data-ng-class=\"{'is-selectable' : attribute.IsSelectable}\">\n<th class=\"product-specs-table-detail\">Bleifrei<\/th>\n<td class=\"product-specs-table-definition\">\n<div role=\"presentation\" data-ng-if=\"attribute.isDropDownSelectable === false\"><span data-ng-if=\"attribute.value.length == 1\">NEIN<\/span><\/div>\n<\/td>\n<\/tr>\n<tr class=\"product-specs-table-container\" data-ng-repeat=\"attribute in displayableAttrs | orderBy: ['attributeSortOrder','valueSortOrder','name']\" data-ng-class=\"{'is-selectable' : attribute.IsSelectable}\">\n<th class=\"product-specs-table-detail\">Geh\u00e4usetyp<\/th>\n<td class=\"product-specs-table-definition\">\n<div role=\"presentation\" data-ng-if=\"attribute.isDropDownSelectable === false\"><span data-ng-if=\"attribute.value.length == 1\">Messing<\/span><\/div>\n<\/td>\n<\/tr>\n<tr class=\"product-specs-table-container\" data-ng-repeat=\"attribute in displayableAttrs | orderBy: ['attributeSortOrder','valueSortOrder','name']\" data-ng-class=\"{'is-selectable' : attribute.IsSelectable}\">\n<th class=\"product-specs-table-detail\">Grundierung<\/th>\n<td class=\"product-specs-table-definition\">\n<div role=\"presentation\" data-ng-if=\"attribute.isDropDownSelectable === false\"><span data-ng-if=\"attribute.value.length == 1\">Boxer<\/span><\/div>\n<\/td>\n<\/tr>\n<tr class=\"product-specs-table-container\" data-ng-repeat=\"attribute in displayableAttrs | orderBy: ['attributeSortOrder','valueSortOrder','name']\" data-ng-class=\"{'is-selectable' : attribute.IsSelectable}\">\n<th class=\"product-specs-table-detail\">\u00c4tzend<\/th>\n<td class=\"product-specs-table-definition\">\n<div role=\"presentation\" data-ng-if=\"attribute.isDropDownSelectable === false\"><span data-ng-if=\"attribute.value.length == 1\">NEIN<\/span><\/div>\n<\/td>\n<\/tr>\n<tr class=\"product-specs-table-container\" data-ng-repeat=\"attribute in displayableAttrs | orderBy: ['attributeSortOrder','valueSortOrder','name']\" data-ng-class=\"{'is-selectable' : attribute.IsSelectable}\">\n<th class=\"product-specs-table-detail\">Wiederaufladbar<\/th>\n<td class=\"product-specs-table-definition\">\n<div role=\"presentation\" data-ng-if=\"attribute.isDropDownSelectable === false\"><span data-ng-if=\"attribute.value.length == 1\">Ja<\/span><\/div>\n<\/td>\n<\/tr>\n<tr class=\"product-specs-table-container\" data-ng-repeat=\"attribute in displayableAttrs | orderBy: ['attributeSortOrder','valueSortOrder','name']\" data-ng-class=\"{'is-selectable' : attribute.IsSelectable}\">\n<th class=\"product-specs-table-detail\">G1 Ballistischer Koeffizient<\/th>\n<td class=\"product-specs-table-definition\">\n<div role=\"presentation\" data-ng-if=\"attribute.isDropDownSelectable === false\"><span data-ng-if=\"attribute.value.length == 1\">0.255<\/span><\/div>\n<\/td>\n<\/tr>\n<tr class=\"product-specs-table-container\" data-ng-repeat=\"attribute in displayableAttrs | orderBy: ['attributeSortOrder','valueSortOrder','name']\" data-ng-class=\"{'is-selectable' : attribute.IsSelectable}\">\n<th class=\"product-specs-table-detail\">Querschnittsdichte<\/th>\n<td class=\"product-specs-table-definition\">\n<div role=\"presentation\" data-ng-if=\"attribute.isDropDownSelectable === false\"><span data-ng-if=\"attribute.value.length == 1\">0.157<\/span><\/div>\n<\/td>\n<\/tr>\n<tr class=\"product-specs-table-container\" data-ng-repeat=\"attribute in displayableAttrs | orderBy: ['attributeSortOrder','valueSortOrder','name']\" data-ng-class=\"{'is-selectable' : attribute.IsSelectable}\">\n<th class=\"product-specs-table-detail\">Geschwindigkeitsbewertung<\/th>\n<td class=\"product-specs-table-definition\">\n<div role=\"presentation\" data-ng-if=\"attribute.isDropDownSelectable === false\"><span data-ng-if=\"attribute.value.length == 1\">\u00dcberschall<\/span><\/div>\n<\/td>\n<\/tr>\n<tr class=\"product-specs-table-container\" data-ng-repeat=\"attribute in displayableAttrs | orderBy: ['attributeSortOrder','valueSortOrder','name']\" data-ng-class=\"{'is-selectable' : attribute.IsSelectable}\">\n<th class=\"product-specs-table-detail\">Ursprungsland<\/th>\n<td class=\"product-specs-table-definition\">\n<div role=\"presentation\" data-ng-if=\"attribute.isDropDownSelectable === false\"><span data-ng-if=\"attribute.value.length == 1\">Vereinigte Staaten von Amerika<\/span><\/div>\n<\/td>\n<\/tr>\n<\/tbody>\n<\/table>\n<\/div>\n<\/div>","protected":false},"excerpt":{"rendered":"<p>Federal Premium Varmint &amp; Predator Ammunition is made to destroy everything from prairie dogs to coyotes with the precision of Federal&#8217;s well-known quality. These loads bring the accuracy and explosive expansion of the proven Hornady V-Max bullet, loaded with our extremely reliable brass, primer and propellant.\u00a0 This ammunition is new production, non-corrosive, in boxer primed, [&#8230;]","protected":false},"featured_media":1682,"comment_status":"open","ping_status":"closed","template":"","meta":[],"product_brand":[],"product_cat":[244,121],"product_tag":[],"class_list":{"0":"post-1632","1":"product","2":"type-product","3":"status-publish","4":"has-post-thumbnail","6":"product_cat-22-250-remington-ammo","7":"product_cat-rifle-ammo","9":"first","10":"instock","11":"taxable","12":"shipping-taxable","13":"purchasable","14":"product-type-simple"},"yoast_head":"<!-- This site is optimized with the Yoast SEO Premium plugin v24.6 (Yoast SEO v25.7) - https:\/\/yoast.com\/wordpress\/plugins\/seo\/ -->\n<title>500Rds of Federal Varmint &amp; Predator Ammunition 22-250 Remington 55 Grain Hornady V-MAX - Bulk Ammunition shop<\/title>\n<meta name=\"robots\" content=\"index, follow, max-snippet:-1, max-image-preview:large, max-video-preview:-1\" \/>\n<link rel=\"canonical\" href=\"https:\/\/www.bulkammunitionshop.com\/de_de\/produkt\/500rds-of-federal-varmint-predator-ammunition-22-250-remington-55-grain-hornady-v-max\/\" \/>\n<meta property=\"og:locale\" content=\"de_DE\" \/>\n<meta property=\"og:type\" content=\"article\" \/>\n<meta property=\"og:title\" content=\"500Rds of Federal Varmint &amp; Predator Ammunition 22-250 Remington 55 Grain Hornady V-MAX\" \/>\n<meta property=\"og:description\" content=\"Federal Premium Varmint &amp; Predator Ammunition is made to destroy everything from prairie dogs to coyotes with the precision of Federal&#8217;s well-known quality. These loads bring the accuracy and explosive expansion of the proven Hornady V-Max bullet, loaded with our extremely reliable brass, primer and propellant.\u00a0 This ammunition is new production, non-corrosive, in boxer primed, [...]\" \/>\n<meta property=\"og:url\" content=\"https:\/\/www.bulkammunitionshop.com\/de_de\/produkt\/500rds-of-federal-varmint-predator-ammunition-22-250-remington-55-grain-hornady-v-max\/\" \/>\n<meta property=\"og:site_name\" content=\"Bulk Ammunition shop\" \/>\n<meta property=\"article:modified_time\" content=\"2022-05-21T16:33:07+00:00\" \/>\n<meta property=\"og:image\" content=\"https:\/\/i0.wp.com\/www.bulkammunitionshop.com\/wp-content\/uploads\/2022\/05\/752688.jpg?fit=880%2C660&ssl=1\" \/>\n\t<meta property=\"og:image:width\" content=\"880\" \/>\n\t<meta property=\"og:image:height\" content=\"660\" \/>\n\t<meta property=\"og:image:type\" content=\"image\/jpeg\" \/>\n<meta name=\"twitter:card\" content=\"summary_large_image\" \/>\n<meta name=\"twitter:label1\" content=\"Gesch\u00e4tzte Lesezeit\" \/>\n\t<meta name=\"twitter:data1\" content=\"1\u00a0Minute\" \/>\n<script type=\"application\/ld+json\" class=\"yoast-schema-graph\">{\"@context\":\"https:\/\/schema.org\",\"@graph\":[{\"@type\":\"WebPage\",\"@id\":\"https:\/\/www.bulkammunitionshop.com\/product\/500rds-of-federal-varmint-predator-ammunition-22-250-remington-55-grain-hornady-v-max\/\",\"url\":\"https:\/\/www.bulkammunitionshop.com\/product\/500rds-of-federal-varmint-predator-ammunition-22-250-remington-55-grain-hornady-v-max\/\",\"name\":\"500Rds of Federal Varmint & Predator Ammunition 22-250 Remington 55 Grain Hornady V-MAX - Bulk Ammunition shop\",\"isPartOf\":{\"@id\":\"https:\/\/www.bulkammunitionshop.com\/#website\"},\"primaryImageOfPage\":{\"@id\":\"https:\/\/www.bulkammunitionshop.com\/product\/500rds-of-federal-varmint-predator-ammunition-22-250-remington-55-grain-hornady-v-max\/#primaryimage\"},\"image\":{\"@id\":\"https:\/\/www.bulkammunitionshop.com\/product\/500rds-of-federal-varmint-predator-ammunition-22-250-remington-55-grain-hornady-v-max\/#primaryimage\"},\"thumbnailUrl\":\"https:\/\/www.bulkammunitionshop.com\/wp-content\/uploads\/2022\/05\/752688.jpg\",\"datePublished\":\"2022-05-21T16:30:26+00:00\",\"dateModified\":\"2022-05-21T16:33:07+00:00\",\"breadcrumb\":{\"@id\":\"https:\/\/www.bulkammunitionshop.com\/product\/500rds-of-federal-varmint-predator-ammunition-22-250-remington-55-grain-hornady-v-max\/#breadcrumb\"},\"inLanguage\":\"de\",\"potentialAction\":[{\"@type\":\"ReadAction\",\"target\":[\"https:\/\/www.bulkammunitionshop.com\/product\/500rds-of-federal-varmint-predator-ammunition-22-250-remington-55-grain-hornady-v-max\/\"]}]},{\"@type\":\"ImageObject\",\"inLanguage\":\"de\",\"@id\":\"https:\/\/www.bulkammunitionshop.com\/product\/500rds-of-federal-varmint-predator-ammunition-22-250-remington-55-grain-hornady-v-max\/#primaryimage\",\"url\":\"https:\/\/www.bulkammunitionshop.com\/wp-content\/uploads\/2022\/05\/752688.jpg\",\"contentUrl\":\"https:\/\/www.bulkammunitionshop.com\/wp-content\/uploads\/2022\/05\/752688.jpg\",\"width\":880,\"height\":660},{\"@type\":\"BreadcrumbList\",\"@id\":\"https:\/\/www.bulkammunitionshop.com\/product\/500rds-of-federal-varmint-predator-ammunition-22-250-remington-55-grain-hornady-v-max\/#breadcrumb\",\"itemListElement\":[{\"@type\":\"ListItem\",\"position\":1,\"name\":\"Home\",\"item\":\"https:\/\/www.bulkammunitionshop.com\/\"},{\"@type\":\"ListItem\",\"position\":2,\"name\":\"SHOP ALL\",\"item\":\"https:\/\/www.bulkammunitionshop.com\/shop-all\/\"},{\"@type\":\"ListItem\",\"position\":3,\"name\":\"500Rds of Federal Varmint &#038; Predator Ammunition 22-250 Remington 55 Grain Hornady V-MAX\"}]},{\"@type\":\"WebSite\",\"@id\":\"https:\/\/www.bulkammunitionshop.com\/#website\",\"url\":\"https:\/\/www.bulkammunitionshop.com\/\",\"name\":\"Bulk Ammunition shop\",\"description\":\"Buy Cheap Bulk Ammo Online - Bulk Ammo for Sale- Cheap Ammo Online\",\"potentialAction\":[{\"@type\":\"SearchAction\",\"target\":{\"@type\":\"EntryPoint\",\"urlTemplate\":\"https:\/\/www.bulkammunitionshop.com\/?s={search_term_string}\"},\"query-input\":{\"@type\":\"PropertyValueSpecification\",\"valueRequired\":true,\"valueName\":\"search_term_string\"}}],\"inLanguage\":\"de\"}]}<\/script>\n<!-- \/ Yoast SEO Premium plugin. -->","yoast_head_json":{"title":"500Rds of Federal Varmint & Predator Ammunition 22-250 Remington 55 Grain Hornady V-MAX - Bulk Ammunition shop","robots":{"index":"index","follow":"follow","max-snippet":"max-snippet:-1","max-image-preview":"max-image-preview:large","max-video-preview":"max-video-preview:-1"},"canonical":"https:\/\/www.bulkammunitionshop.com\/de_de\/produkt\/500rds-of-federal-varmint-predator-ammunition-22-250-remington-55-grain-hornady-v-max\/","og_locale":"de_DE","og_type":"article","og_title":"500Rds of Federal Varmint & Predator Ammunition 22-250 Remington 55 Grain Hornady V-MAX","og_description":"Federal Premium Varmint &amp; Predator Ammunition is made to destroy everything from prairie dogs to coyotes with the precision of Federal&#8217;s well-known quality. These loads bring the accuracy and explosive expansion of the proven Hornady V-Max bullet, loaded with our extremely reliable brass, primer and propellant.\u00a0 This ammunition is new production, non-corrosive, in boxer primed, [...]","og_url":"https:\/\/www.bulkammunitionshop.com\/de_de\/produkt\/500rds-of-federal-varmint-predator-ammunition-22-250-remington-55-grain-hornady-v-max\/","og_site_name":"Bulk Ammunition shop","article_modified_time":"2022-05-21T16:33:07+00:00","og_image":[{"width":880,"height":660,"url":"https:\/\/i0.wp.com\/www.bulkammunitionshop.com\/wp-content\/uploads\/2022\/05\/752688.jpg?fit=880%2C660&ssl=1","type":"image\/jpeg"}],"twitter_card":"summary_large_image","twitter_misc":{"Gesch\u00e4tzte Lesezeit":"1\u00a0Minute"},"schema":{"@context":"https:\/\/schema.org","@graph":[{"@type":"WebPage","@id":"https:\/\/www.bulkammunitionshop.com\/product\/500rds-of-federal-varmint-predator-ammunition-22-250-remington-55-grain-hornady-v-max\/","url":"https:\/\/www.bulkammunitionshop.com\/product\/500rds-of-federal-varmint-predator-ammunition-22-250-remington-55-grain-hornady-v-max\/","name":"500Rds of Federal Varmint & Predator Ammunition 22-250 Remington 55 Grain Hornady V-MAX - Bulk Ammunition shop","isPartOf":{"@id":"https:\/\/www.bulkammunitionshop.com\/#website"},"primaryImageOfPage":{"@id":"https:\/\/www.bulkammunitionshop.com\/product\/500rds-of-federal-varmint-predator-ammunition-22-250-remington-55-grain-hornady-v-max\/#primaryimage"},"image":{"@id":"https:\/\/www.bulkammunitionshop.com\/product\/500rds-of-federal-varmint-predator-ammunition-22-250-remington-55-grain-hornady-v-max\/#primaryimage"},"thumbnailUrl":"https:\/\/www.bulkammunitionshop.com\/wp-content\/uploads\/2022\/05\/752688.jpg","datePublished":"2022-05-21T16:30:26+00:00","dateModified":"2022-05-21T16:33:07+00:00","breadcrumb":{"@id":"https:\/\/www.bulkammunitionshop.com\/product\/500rds-of-federal-varmint-predator-ammunition-22-250-remington-55-grain-hornady-v-max\/#breadcrumb"},"inLanguage":"de","potentialAction":[{"@type":"ReadAction","target":["https:\/\/www.bulkammunitionshop.com\/product\/500rds-of-federal-varmint-predator-ammunition-22-250-remington-55-grain-hornady-v-max\/"]}]},{"@type":"ImageObject","inLanguage":"de","@id":"https:\/\/www.bulkammunitionshop.com\/product\/500rds-of-federal-varmint-predator-ammunition-22-250-remington-55-grain-hornady-v-max\/#primaryimage","url":"https:\/\/www.bulkammunitionshop.com\/wp-content\/uploads\/2022\/05\/752688.jpg","contentUrl":"https:\/\/www.bulkammunitionshop.com\/wp-content\/uploads\/2022\/05\/752688.jpg","width":880,"height":660},{"@type":"BreadcrumbList","@id":"https:\/\/www.bulkammunitionshop.com\/product\/500rds-of-federal-varmint-predator-ammunition-22-250-remington-55-grain-hornady-v-max\/#breadcrumb","itemListElement":[{"@type":"ListItem","position":1,"name":"Home","item":"https:\/\/www.bulkammunitionshop.com\/"},{"@type":"ListItem","position":2,"name":"SHOP ALL","item":"https:\/\/www.bulkammunitionshop.com\/shop-all\/"},{"@type":"ListItem","position":3,"name":"500Rds of Federal Varmint &#038; Predator Ammunition 22-250 Remington 55 Grain Hornady V-MAX"}]},{"@type":"WebSite","@id":"https:\/\/www.bulkammunitionshop.com\/#website","url":"https:\/\/www.bulkammunitionshop.com\/","name":"Munitionsladen","description":"Kaufen Sie billige Munition in gro\u00dfen Mengen online - Munition in gro\u00dfen Mengen zu verkaufen - G\u00fcnstige Munition online","potentialAction":[{"@type":"SearchAction","target":{"@type":"EntryPoint","urlTemplate":"https:\/\/www.bulkammunitionshop.com\/?s={search_term_string}"},"query-input":{"@type":"PropertyValueSpecification","valueRequired":true,"valueName":"search_term_string"}}],"inLanguage":"de"}]}},"jetpack_sharing_enabled":true,"_links":{"self":[{"href":"https:\/\/www.bulkammunitionshop.com\/de_de\/wp-json\/wp\/v2\/product\/1632","targetHints":{"allow":["GET"]}}],"collection":[{"href":"https:\/\/www.bulkammunitionshop.com\/de_de\/wp-json\/wp\/v2\/product"}],"about":[{"href":"https:\/\/www.bulkammunitionshop.com\/de_de\/wp-json\/wp\/v2\/types\/product"}],"replies":[{"embeddable":true,"href":"https:\/\/www.bulkammunitionshop.com\/de_de\/wp-json\/wp\/v2\/comments?post=1632"}],"wp:featuredmedia":[{"embeddable":true,"href":"https:\/\/www.bulkammunitionshop.com\/de_de\/wp-json\/wp\/v2\/media\/1682"}],"wp:attachment":[{"href":"https:\/\/www.bulkammunitionshop.com\/de_de\/wp-json\/wp\/v2\/media?parent=1632"}],"wp:term":[{"taxonomy":"product_brand","embeddable":true,"href":"https:\/\/www.bulkammunitionshop.com\/de_de\/wp-json\/wp\/v2\/product_brand?post=1632"},{"taxonomy":"product_cat","embeddable":true,"href":"https:\/\/www.bulkammunitionshop.com\/de_de\/wp-json\/wp\/v2\/product_cat?post=1632"},{"taxonomy":"product_tag","embeddable":true,"href":"https:\/\/www.bulkammunitionshop.com\/de_de\/wp-json\/wp\/v2\/product_tag?post=1632"}],"curies":[{"name":"wp","href":"https:\/\/api.w.org\/{rel}","templated":true}]}}