{"id":1577,"date":"2022-05-21T16:28:58","date_gmt":"2022-05-21T16:28:58","guid":{"rendered":"https:\/\/www.bulkammunitionshop.com\/?post_type=product&#038;p=1577"},"modified":"2022-05-21T16:30:41","modified_gmt":"2022-05-21T16:30:41","slug":"500rds-of-hsm-trophy-gold-ammunition-25-06-remington-115-grain-berger-hunting-vld-hollow-point-boat-tail","status":"publish","type":"product","link":"https:\/\/www.bulkammunitionshop.com\/de_de\/produkt\/500rds-of-hsm-trophy-gold-ammunition-25-06-remington-115-grain-berger-hunting-vld-hollow-point-boat-tail\/","title":{"rendered":"500Rds of HSM Trophy Gold Ammunition 25-06 Remington 115 Grain Berger Hunting VLD Hollow Point Boat Tail"},"content":{"rendered":"<p>HSM gilt als einer der f\u00fchrenden Munitionshersteller des Landes. HSM verwendet Komponenten h\u00f6chster Qualit\u00e4t, um Sch\u00fctzen, J\u00e4gern und Polizeibeamten \u00e4u\u00dferst zuverl\u00e4ssige, pr\u00e4zise und leistungsstarke Munition anzubieten.<\/p>\n<p>The Berger Hunting bullet line features Very Low Drag (VLD) bullets that have the highest possible ballistic coefficient designed for 300 yards or more. The VLD design incorporates a sharp nose that allows the bullet to penetrate 2&#8243; to 3&#8243; before it starts to expand. After the initial expansion, the bullet will shed between 40% and 85% of its weight as shrapnel into the surrounding tissue (internal organs).<\/p>\n<p>The combination between the shrapnel and the hydrostatic shock produces a massive wound cavity within the vital area that will be 13&#8243; &#8211; 15&#8243; long. This massive wound cavity results in the animal dropping fast since most go into shock after such a tremendous blow.<\/p>\n<p>&nbsp;<\/p>\n<p>&nbsp;<\/p>\n<h2 class=\"bg-blue-dark text-white stack-m inset-squish-m text-transform-none\">Specifications<\/h2>\n<div class=\"product-section-wrapper product-specifications\" data-specifications=\"\">\n<div data-product-specs-directive=\"\">\n<h3 id=\"product-info-table\">Produktinformationen<\/h3>\n<table class=\"product-specs-table stack-l\" data-specifications=\"\" aria-labelledby=\"product-info-table\">\n<tbody>\n<tr class=\"product-specs-table-container\" data-ng-repeat=\"attribute in displayableAttrs | orderBy: ['attributeSortOrder','valueSortOrder','name']\" data-ng-class=\"{'is-selectable' : attribute.IsSelectable}\">\n<th class=\"product-specs-table-detail\">Patrone<\/th>\n<td class=\"product-specs-table-definition\">\n<div role=\"presentation\" data-ng-if=\"attribute.isDropDownSelectable === false\"><span data-ng-if=\"attribute.value.length == 1\">25-06 Remington<\/span><\/div>\n<\/td>\n<\/tr>\n<tr class=\"product-specs-table-container\" data-ng-repeat=\"attribute in displayableAttrs | orderBy: ['attributeSortOrder','valueSortOrder','name']\" data-ng-class=\"{'is-selectable' : attribute.IsSelectable}\">\n<th class=\"product-specs-table-detail\">Korngewicht<\/th>\n<td class=\"product-specs-table-definition\">\n<div role=\"presentation\" data-ng-if=\"attribute.isDropDownSelectable === false\"><span data-ng-if=\"attribute.value.length == 1\">115 Grains<\/span><\/div>\n<\/td>\n<\/tr>\n<tr class=\"product-specs-table-container\" data-ng-repeat=\"attribute in displayableAttrs | orderBy: ['attributeSortOrder','valueSortOrder','name']\" data-ng-class=\"{'is-selectable' : attribute.IsSelectable}\">\n<th class=\"product-specs-table-detail\">Menge<\/th>\n<td class=\"product-specs-table-definition\">\n<div role=\"presentation\" data-ng-if=\"attribute.isDropDownSelectable === false\"><span data-ng-if=\"attribute.value.length == 1\">500 Schuss<\/span><\/div>\n<\/td>\n<\/tr>\n<tr class=\"product-specs-table-container\" data-ng-repeat=\"attribute in displayableAttrs | orderBy: ['attributeSortOrder','valueSortOrder','name']\" data-ng-class=\"{'is-selectable' : attribute.IsSelectable}\">\n<th class=\"product-specs-table-detail\">M\u00fcndungsgeschwindigkeit<\/th>\n<td class=\"product-specs-table-definition\">\n<div role=\"presentation\" data-ng-if=\"attribute.isDropDownSelectable === false\"><span data-ng-if=\"attribute.value.length == 1\">3165 Feet Per Second<\/span><\/div>\n<\/td>\n<\/tr>\n<tr class=\"product-specs-table-container\" data-ng-repeat=\"attribute in displayableAttrs | orderBy: ['attributeSortOrder','valueSortOrder','name']\" data-ng-class=\"{'is-selectable' : attribute.IsSelectable}\">\n<th class=\"product-specs-table-detail\">M\u00fcndungsenergie<\/th>\n<td class=\"product-specs-table-definition\">\n<div role=\"presentation\" data-ng-if=\"attribute.isDropDownSelectable === false\"><span data-ng-if=\"attribute.value.length == 1\">2559 Foot Pounds<\/span><\/div>\n<\/td>\n<\/tr>\n<tr class=\"product-specs-table-container\" data-ng-repeat=\"attribute in displayableAttrs | orderBy: ['attributeSortOrder','valueSortOrder','name']\" data-ng-class=\"{'is-selectable' : attribute.IsSelectable}\">\n<th class=\"product-specs-table-detail\">Aufz\u00e4hlungszeichen<\/th>\n<td class=\"product-specs-table-definition\">\n<div role=\"presentation\" data-ng-if=\"attribute.isDropDownSelectable === false\"><span data-ng-if=\"attribute.value.length == 1\">Ummantelte Hohlspitze<\/span><\/div>\n<\/td>\n<\/tr>\n<tr class=\"product-specs-table-container\" data-ng-repeat=\"attribute in displayableAttrs | orderBy: ['attributeSortOrder','valueSortOrder','name']\" data-ng-class=\"{'is-selectable' : attribute.IsSelectable}\">\n<th class=\"product-specs-table-detail\">Geschossmarke und -modell<\/th>\n<td class=\"product-specs-table-definition\">\n<div role=\"presentation\" data-ng-if=\"attribute.isDropDownSelectable === false\"><span data-ng-if=\"attribute.value.length == 1\">Berger Hunting VLD (Very Low Drag)<\/span><\/div>\n<\/td>\n<\/tr>\n<tr class=\"product-specs-table-container\" data-ng-repeat=\"attribute in displayableAttrs | orderBy: ['attributeSortOrder','valueSortOrder','name']\" data-ng-class=\"{'is-selectable' : attribute.IsSelectable}\">\n<th class=\"product-specs-table-detail\">Bleifrei<\/th>\n<td class=\"product-specs-table-definition\">\n<div role=\"presentation\" data-ng-if=\"attribute.isDropDownSelectable === false\"><span data-ng-if=\"attribute.value.length == 1\">NEIN<\/span><\/div>\n<\/td>\n<\/tr>\n<tr class=\"product-specs-table-container\" data-ng-repeat=\"attribute in displayableAttrs | orderBy: ['attributeSortOrder','valueSortOrder','name']\" data-ng-class=\"{'is-selectable' : attribute.IsSelectable}\">\n<th class=\"product-specs-table-detail\">Geh\u00e4usetyp<\/th>\n<td class=\"product-specs-table-definition\">\n<div role=\"presentation\" data-ng-if=\"attribute.isDropDownSelectable === false\"><span data-ng-if=\"attribute.value.length == 1\">Messing<\/span><\/div>\n<\/td>\n<\/tr>\n<tr class=\"product-specs-table-container\" data-ng-repeat=\"attribute in displayableAttrs | orderBy: ['attributeSortOrder','valueSortOrder','name']\" data-ng-class=\"{'is-selectable' : attribute.IsSelectable}\">\n<th class=\"product-specs-table-detail\">Grundierung<\/th>\n<td class=\"product-specs-table-definition\">\n<div role=\"presentation\" data-ng-if=\"attribute.isDropDownSelectable === false\"><span data-ng-if=\"attribute.value.length == 1\">Boxer<\/span><\/div>\n<\/td>\n<\/tr>\n<tr class=\"product-specs-table-container\" data-ng-repeat=\"attribute in displayableAttrs | orderBy: ['attributeSortOrder','valueSortOrder','name']\" data-ng-class=\"{'is-selectable' : attribute.IsSelectable}\">\n<th class=\"product-specs-table-detail\">\u00c4tzend<\/th>\n<td class=\"product-specs-table-definition\">\n<div role=\"presentation\" data-ng-if=\"attribute.isDropDownSelectable === false\"><span data-ng-if=\"attribute.value.length == 1\">NEIN<\/span><\/div>\n<\/td>\n<\/tr>\n<tr class=\"product-specs-table-container\" data-ng-repeat=\"attribute in displayableAttrs | orderBy: ['attributeSortOrder','valueSortOrder','name']\" data-ng-class=\"{'is-selectable' : attribute.IsSelectable}\">\n<th class=\"product-specs-table-detail\">Wiederaufladbar<\/th>\n<td class=\"product-specs-table-definition\">\n<div role=\"presentation\" data-ng-if=\"attribute.isDropDownSelectable === false\"><span data-ng-if=\"attribute.value.length == 1\">Ja<\/span><\/div>\n<\/td>\n<\/tr>\n<tr class=\"product-specs-table-container\" data-ng-repeat=\"attribute in displayableAttrs | orderBy: ['attributeSortOrder','valueSortOrder','name']\" data-ng-class=\"{'is-selectable' : attribute.IsSelectable}\">\n<th class=\"product-specs-table-detail\">G1 Ballistischer Koeffizient<\/th>\n<td class=\"product-specs-table-definition\">\n<div role=\"presentation\" data-ng-if=\"attribute.isDropDownSelectable === false\"><span data-ng-if=\"attribute.value.length == 1\">0.466<\/span><\/div>\n<\/td>\n<\/tr>\n<tr class=\"product-specs-table-container\" data-ng-repeat=\"attribute in displayableAttrs | orderBy: ['attributeSortOrder','valueSortOrder','name']\" data-ng-class=\"{'is-selectable' : attribute.IsSelectable}\">\n<th class=\"product-specs-table-detail\">Querschnittsdichte<\/th>\n<td class=\"product-specs-table-definition\">\n<div role=\"presentation\" data-ng-if=\"attribute.isDropDownSelectable === false\"><span data-ng-if=\"attribute.value.length == 1\">0.249<\/span><\/div>\n<\/td>\n<\/tr>\n<tr class=\"product-specs-table-container\" data-ng-repeat=\"attribute in displayableAttrs | orderBy: ['attributeSortOrder','valueSortOrder','name']\" data-ng-class=\"{'is-selectable' : attribute.IsSelectable}\">\n<th class=\"product-specs-table-detail\">Geschwindigkeitsbewertung<\/th>\n<td class=\"product-specs-table-definition\">\n<div role=\"presentation\" data-ng-if=\"attribute.isDropDownSelectable === false\"><span data-ng-if=\"attribute.value.length == 1\">\u00dcberschall<\/span><\/div>\n<\/td>\n<\/tr>\n<\/tbody>\n<\/table>\n<\/div>\n<\/div>","protected":false},"excerpt":{"rendered":"<p>HSM has become known as one of the top ammunition manufacturers in the country. HSM utilizes the highest quality components to offer extremely consistent, accurate, and high performing ammunition to shooters, hunters, and law enforcement. The Berger Hunting bullet line features Very Low Drag (VLD) bullets that have the highest possible ballistic coefficient designed for [&#8230;]","protected":false},"featured_media":1641,"comment_status":"open","ping_status":"closed","template":"","meta":[],"product_brand":[],"product_cat":[242,121],"product_tag":[],"class_list":{"0":"post-1577","1":"product","2":"type-product","3":"status-publish","4":"has-post-thumbnail","6":"product_cat-25-06-remington-ammo","7":"product_cat-rifle-ammo","9":"first","10":"instock","11":"taxable","12":"shipping-taxable","13":"purchasable","14":"product-type-simple"},"yoast_head":"<!-- This site is optimized with the Yoast SEO Premium plugin v24.6 (Yoast SEO v25.7) - https:\/\/yoast.com\/wordpress\/plugins\/seo\/ -->\n<title>500Rds of HSM Trophy Gold Ammunition 25-06 Remington 115 Grain Berger Hunting VLD Hollow Point Boat Tail - Bulk Ammunition shop<\/title>\n<meta name=\"robots\" content=\"index, follow, max-snippet:-1, max-image-preview:large, max-video-preview:-1\" \/>\n<link rel=\"canonical\" href=\"https:\/\/www.bulkammunitionshop.com\/de_de\/produkt\/500rds-of-hsm-trophy-gold-ammunition-25-06-remington-115-grain-berger-hunting-vld-hollow-point-boat-tail\/\" \/>\n<meta property=\"og:locale\" content=\"de_DE\" \/>\n<meta property=\"og:type\" content=\"article\" \/>\n<meta property=\"og:title\" content=\"500Rds of HSM Trophy Gold Ammunition 25-06 Remington 115 Grain Berger Hunting VLD Hollow Point Boat Tail\" \/>\n<meta property=\"og:description\" content=\"HSM has become known as one of the top ammunition manufacturers in the country. HSM utilizes the highest quality components to offer extremely consistent, accurate, and high performing ammunition to shooters, hunters, and law enforcement. The Berger Hunting bullet line features Very Low Drag (VLD) bullets that have the highest possible ballistic coefficient designed for [...]\" \/>\n<meta property=\"og:url\" content=\"https:\/\/www.bulkammunitionshop.com\/de_de\/produkt\/500rds-of-hsm-trophy-gold-ammunition-25-06-remington-115-grain-berger-hunting-vld-hollow-point-boat-tail\/\" \/>\n<meta property=\"og:site_name\" content=\"Bulk Ammunition shop\" \/>\n<meta property=\"article:modified_time\" content=\"2022-05-21T16:30:41+00:00\" \/>\n<meta property=\"og:image\" content=\"https:\/\/i0.wp.com\/www.bulkammunitionshop.com\/wp-content\/uploads\/2022\/05\/247521.png?fit=600%2C449&ssl=1\" \/>\n\t<meta property=\"og:image:width\" content=\"600\" \/>\n\t<meta property=\"og:image:height\" content=\"449\" \/>\n\t<meta property=\"og:image:type\" content=\"image\/png\" \/>\n<meta name=\"twitter:card\" content=\"summary_large_image\" \/>\n<meta name=\"twitter:label1\" content=\"Gesch\u00e4tzte Lesezeit\" \/>\n\t<meta name=\"twitter:data1\" content=\"1\u00a0Minute\" \/>\n<script type=\"application\/ld+json\" class=\"yoast-schema-graph\">{\"@context\":\"https:\/\/schema.org\",\"@graph\":[{\"@type\":\"WebPage\",\"@id\":\"https:\/\/www.bulkammunitionshop.com\/product\/500rds-of-hsm-trophy-gold-ammunition-25-06-remington-115-grain-berger-hunting-vld-hollow-point-boat-tail\/\",\"url\":\"https:\/\/www.bulkammunitionshop.com\/product\/500rds-of-hsm-trophy-gold-ammunition-25-06-remington-115-grain-berger-hunting-vld-hollow-point-boat-tail\/\",\"name\":\"500Rds of HSM Trophy Gold Ammunition 25-06 Remington 115 Grain Berger Hunting VLD Hollow Point Boat Tail - Bulk Ammunition shop\",\"isPartOf\":{\"@id\":\"https:\/\/www.bulkammunitionshop.com\/#website\"},\"primaryImageOfPage\":{\"@id\":\"https:\/\/www.bulkammunitionshop.com\/product\/500rds-of-hsm-trophy-gold-ammunition-25-06-remington-115-grain-berger-hunting-vld-hollow-point-boat-tail\/#primaryimage\"},\"image\":{\"@id\":\"https:\/\/www.bulkammunitionshop.com\/product\/500rds-of-hsm-trophy-gold-ammunition-25-06-remington-115-grain-berger-hunting-vld-hollow-point-boat-tail\/#primaryimage\"},\"thumbnailUrl\":\"https:\/\/www.bulkammunitionshop.com\/wp-content\/uploads\/2022\/05\/247521.png\",\"datePublished\":\"2022-05-21T16:28:58+00:00\",\"dateModified\":\"2022-05-21T16:30:41+00:00\",\"breadcrumb\":{\"@id\":\"https:\/\/www.bulkammunitionshop.com\/product\/500rds-of-hsm-trophy-gold-ammunition-25-06-remington-115-grain-berger-hunting-vld-hollow-point-boat-tail\/#breadcrumb\"},\"inLanguage\":\"de\",\"potentialAction\":[{\"@type\":\"ReadAction\",\"target\":[\"https:\/\/www.bulkammunitionshop.com\/product\/500rds-of-hsm-trophy-gold-ammunition-25-06-remington-115-grain-berger-hunting-vld-hollow-point-boat-tail\/\"]}]},{\"@type\":\"ImageObject\",\"inLanguage\":\"de\",\"@id\":\"https:\/\/www.bulkammunitionshop.com\/product\/500rds-of-hsm-trophy-gold-ammunition-25-06-remington-115-grain-berger-hunting-vld-hollow-point-boat-tail\/#primaryimage\",\"url\":\"https:\/\/www.bulkammunitionshop.com\/wp-content\/uploads\/2022\/05\/247521.png\",\"contentUrl\":\"https:\/\/www.bulkammunitionshop.com\/wp-content\/uploads\/2022\/05\/247521.png\",\"width\":600,\"height\":449},{\"@type\":\"BreadcrumbList\",\"@id\":\"https:\/\/www.bulkammunitionshop.com\/product\/500rds-of-hsm-trophy-gold-ammunition-25-06-remington-115-grain-berger-hunting-vld-hollow-point-boat-tail\/#breadcrumb\",\"itemListElement\":[{\"@type\":\"ListItem\",\"position\":1,\"name\":\"Home\",\"item\":\"https:\/\/www.bulkammunitionshop.com\/\"},{\"@type\":\"ListItem\",\"position\":2,\"name\":\"SHOP ALL\",\"item\":\"https:\/\/www.bulkammunitionshop.com\/shop-all\/\"},{\"@type\":\"ListItem\",\"position\":3,\"name\":\"500Rds of HSM Trophy Gold Ammunition 25-06 Remington 115 Grain Berger Hunting VLD Hollow Point Boat Tail\"}]},{\"@type\":\"WebSite\",\"@id\":\"https:\/\/www.bulkammunitionshop.com\/#website\",\"url\":\"https:\/\/www.bulkammunitionshop.com\/\",\"name\":\"Bulk Ammunition shop\",\"description\":\"Buy Cheap Bulk Ammo Online - Bulk Ammo for Sale- Cheap Ammo Online\",\"potentialAction\":[{\"@type\":\"SearchAction\",\"target\":{\"@type\":\"EntryPoint\",\"urlTemplate\":\"https:\/\/www.bulkammunitionshop.com\/?s={search_term_string}\"},\"query-input\":{\"@type\":\"PropertyValueSpecification\",\"valueRequired\":true,\"valueName\":\"search_term_string\"}}],\"inLanguage\":\"de\"}]}<\/script>\n<!-- \/ Yoast SEO Premium plugin. -->","yoast_head_json":{"title":"500Rds of HSM Trophy Gold Ammunition 25-06 Remington 115 Grain Berger Hunting VLD Hollow Point Boat Tail - Bulk Ammunition shop","robots":{"index":"index","follow":"follow","max-snippet":"max-snippet:-1","max-image-preview":"max-image-preview:large","max-video-preview":"max-video-preview:-1"},"canonical":"https:\/\/www.bulkammunitionshop.com\/de_de\/produkt\/500rds-of-hsm-trophy-gold-ammunition-25-06-remington-115-grain-berger-hunting-vld-hollow-point-boat-tail\/","og_locale":"de_DE","og_type":"article","og_title":"500Rds of HSM Trophy Gold Ammunition 25-06 Remington 115 Grain Berger Hunting VLD Hollow Point Boat Tail","og_description":"HSM has become known as one of the top ammunition manufacturers in the country. HSM utilizes the highest quality components to offer extremely consistent, accurate, and high performing ammunition to shooters, hunters, and law enforcement. The Berger Hunting bullet line features Very Low Drag (VLD) bullets that have the highest possible ballistic coefficient designed for [...]","og_url":"https:\/\/www.bulkammunitionshop.com\/de_de\/produkt\/500rds-of-hsm-trophy-gold-ammunition-25-06-remington-115-grain-berger-hunting-vld-hollow-point-boat-tail\/","og_site_name":"Bulk Ammunition shop","article_modified_time":"2022-05-21T16:30:41+00:00","og_image":[{"width":600,"height":449,"url":"https:\/\/i0.wp.com\/www.bulkammunitionshop.com\/wp-content\/uploads\/2022\/05\/247521.png?fit=600%2C449&ssl=1","type":"image\/png"}],"twitter_card":"summary_large_image","twitter_misc":{"Gesch\u00e4tzte Lesezeit":"1\u00a0Minute"},"schema":{"@context":"https:\/\/schema.org","@graph":[{"@type":"WebPage","@id":"https:\/\/www.bulkammunitionshop.com\/product\/500rds-of-hsm-trophy-gold-ammunition-25-06-remington-115-grain-berger-hunting-vld-hollow-point-boat-tail\/","url":"https:\/\/www.bulkammunitionshop.com\/product\/500rds-of-hsm-trophy-gold-ammunition-25-06-remington-115-grain-berger-hunting-vld-hollow-point-boat-tail\/","name":"500Rds of HSM Trophy Gold Ammunition 25-06 Remington 115 Grain Berger Hunting VLD Hollow Point Boat Tail - Bulk Ammunition shop","isPartOf":{"@id":"https:\/\/www.bulkammunitionshop.com\/#website"},"primaryImageOfPage":{"@id":"https:\/\/www.bulkammunitionshop.com\/product\/500rds-of-hsm-trophy-gold-ammunition-25-06-remington-115-grain-berger-hunting-vld-hollow-point-boat-tail\/#primaryimage"},"image":{"@id":"https:\/\/www.bulkammunitionshop.com\/product\/500rds-of-hsm-trophy-gold-ammunition-25-06-remington-115-grain-berger-hunting-vld-hollow-point-boat-tail\/#primaryimage"},"thumbnailUrl":"https:\/\/www.bulkammunitionshop.com\/wp-content\/uploads\/2022\/05\/247521.png","datePublished":"2022-05-21T16:28:58+00:00","dateModified":"2022-05-21T16:30:41+00:00","breadcrumb":{"@id":"https:\/\/www.bulkammunitionshop.com\/product\/500rds-of-hsm-trophy-gold-ammunition-25-06-remington-115-grain-berger-hunting-vld-hollow-point-boat-tail\/#breadcrumb"},"inLanguage":"de","potentialAction":[{"@type":"ReadAction","target":["https:\/\/www.bulkammunitionshop.com\/product\/500rds-of-hsm-trophy-gold-ammunition-25-06-remington-115-grain-berger-hunting-vld-hollow-point-boat-tail\/"]}]},{"@type":"ImageObject","inLanguage":"de","@id":"https:\/\/www.bulkammunitionshop.com\/product\/500rds-of-hsm-trophy-gold-ammunition-25-06-remington-115-grain-berger-hunting-vld-hollow-point-boat-tail\/#primaryimage","url":"https:\/\/www.bulkammunitionshop.com\/wp-content\/uploads\/2022\/05\/247521.png","contentUrl":"https:\/\/www.bulkammunitionshop.com\/wp-content\/uploads\/2022\/05\/247521.png","width":600,"height":449},{"@type":"BreadcrumbList","@id":"https:\/\/www.bulkammunitionshop.com\/product\/500rds-of-hsm-trophy-gold-ammunition-25-06-remington-115-grain-berger-hunting-vld-hollow-point-boat-tail\/#breadcrumb","itemListElement":[{"@type":"ListItem","position":1,"name":"Home","item":"https:\/\/www.bulkammunitionshop.com\/"},{"@type":"ListItem","position":2,"name":"SHOP ALL","item":"https:\/\/www.bulkammunitionshop.com\/shop-all\/"},{"@type":"ListItem","position":3,"name":"500Rds of HSM Trophy Gold Ammunition 25-06 Remington 115 Grain Berger Hunting VLD Hollow Point Boat Tail"}]},{"@type":"WebSite","@id":"https:\/\/www.bulkammunitionshop.com\/#website","url":"https:\/\/www.bulkammunitionshop.com\/","name":"Munitionsladen","description":"Kaufen Sie billige Munition in gro\u00dfen Mengen online - Munition in gro\u00dfen Mengen zu verkaufen - G\u00fcnstige Munition online","potentialAction":[{"@type":"SearchAction","target":{"@type":"EntryPoint","urlTemplate":"https:\/\/www.bulkammunitionshop.com\/?s={search_term_string}"},"query-input":{"@type":"PropertyValueSpecification","valueRequired":true,"valueName":"search_term_string"}}],"inLanguage":"de"}]}},"jetpack_sharing_enabled":true,"_links":{"self":[{"href":"https:\/\/www.bulkammunitionshop.com\/de_de\/wp-json\/wp\/v2\/product\/1577","targetHints":{"allow":["GET"]}}],"collection":[{"href":"https:\/\/www.bulkammunitionshop.com\/de_de\/wp-json\/wp\/v2\/product"}],"about":[{"href":"https:\/\/www.bulkammunitionshop.com\/de_de\/wp-json\/wp\/v2\/types\/product"}],"replies":[{"embeddable":true,"href":"https:\/\/www.bulkammunitionshop.com\/de_de\/wp-json\/wp\/v2\/comments?post=1577"}],"wp:featuredmedia":[{"embeddable":true,"href":"https:\/\/www.bulkammunitionshop.com\/de_de\/wp-json\/wp\/v2\/media\/1641"}],"wp:attachment":[{"href":"https:\/\/www.bulkammunitionshop.com\/de_de\/wp-json\/wp\/v2\/media?parent=1577"}],"wp:term":[{"taxonomy":"product_brand","embeddable":true,"href":"https:\/\/www.bulkammunitionshop.com\/de_de\/wp-json\/wp\/v2\/product_brand?post=1577"},{"taxonomy":"product_cat","embeddable":true,"href":"https:\/\/www.bulkammunitionshop.com\/de_de\/wp-json\/wp\/v2\/product_cat?post=1577"},{"taxonomy":"product_tag","embeddable":true,"href":"https:\/\/www.bulkammunitionshop.com\/de_de\/wp-json\/wp\/v2\/product_tag?post=1577"}],"curies":[{"name":"wp","href":"https:\/\/api.w.org\/{rel}","templated":true}]}}