{"id":1375,"date":"2022-05-21T16:26:57","date_gmt":"2022-05-21T16:26:57","guid":{"rendered":"https:\/\/www.bulkammunitionshop.com\/?post_type=product&#038;p=1375"},"modified":"2022-05-21T16:27:31","modified_gmt":"2022-05-21T16:27:31","slug":"1000rds-of-winchester-match-223-remington-69-grain-boat-tail-hollow-point-centerfire-rifle-ammunition","status":"publish","type":"product","link":"https:\/\/www.bulkammunitionshop.com\/de_de\/produkt\/1000rds-of-winchester-match-223-remington-69-grain-boat-tail-hollow-point-centerfire-rifle-ammunition\/","title":{"rendered":"1000 Schuss Winchester MATCH .223 Remington 69 Grain Boat Tail Hollow Point Zentralfeuer-Gewehrmunition"},"content":{"rendered":"<h2 id=\"caption-header\">Product Info for\u00a0Winchester MATCH .223 Remington 69 grain Boat Tail Hollow Point Centerfire Rifle Ammunition<\/h2>\n<div>\n<div id=\"product-caption-block-description\" class=\"product-caption-block\">\n<p>For serious rifle competition, trust Match ammunition. Combining proven Winchester technology with proven bullets, the hollow point boat tail design provides the precision match shooters demand, shot after shot.<\/p>\n<h3>Specifications for Winchester MATCH .223 Remington 69 grain Boat Tail Hollow Point Centerfire Rifle Ammunition:<\/h3>\n<table class=\"spec-table\" border=\"0\" cellspacing=\"0\" cellpadding=\"0\">\n<tbody>\n<tr>\n<td class=\"spec-left-column\">Kaliber:<\/td>\n<td width=\"50%\">.223 Remington<\/td>\n<\/tr>\n<tr>\n<td class=\"spec-left-column\">Anzahl der Runden:<\/td>\n<td width=\"50%\">1000<\/td>\n<\/tr>\n<tr>\n<td class=\"spec-left-column\">Geschosstyp:<\/td>\n<td width=\"50%\">Boat Tail Hollow Point (BTHP)<\/td>\n<\/tr>\n<tr>\n<td class=\"spec-left-column\">Geschossgewicht:<\/td>\n<td width=\"50%\">69 grain<\/td>\n<\/tr>\n<tr>\n<td class=\"spec-left-column\">Patronenh\u00fclsenmaterial:<\/td>\n<td width=\"50%\">Messing<\/td>\n<\/tr>\n<tr>\n<td class=\"spec-left-column\">Primer-Standort:<\/td>\n<td width=\"50%\">Zentralfeuer<\/td>\n<\/tr>\n<\/tbody>\n<\/table>\n<h3>Features of Winchester MATCH .223 Remington 69 grain Boat Tail Hollow Point Centerfire Rifle Ammunition:<\/h3>\n<ul>\n<li>Intended for use in fast twist (1 in7&#8243; to 1 in 9&#8243;) barrels<\/li>\n<li>MatchKing BulletProven performance and extreme accuracy on the range<\/li>\n<li>Proven Hollow Point Boat Tail DesignSleek profile, large boat tail and small hollow point maximizes long-range accuracy<\/li>\n<\/ul>\n<\/div>\n<\/div>","protected":false},"excerpt":{"rendered":"<p>Product Info for\u00a0Winchester MATCH .223 Remington 69 grain Boat Tail Hollow Point Centerfire Rifle Ammunition For serious rifle competition, trust Match ammunition. Combining proven Winchester technology with proven bullets, the hollow point boat tail design provides the precision match shooters demand, shot after shot. Specifications for Winchester MATCH .223 Remington 69 grain Boat Tail Hollow [&#8230;]","protected":false},"featured_media":1419,"comment_status":"open","ping_status":"closed","template":"","meta":[],"product_brand":[],"product_cat":[218,121],"product_tag":[],"class_list":{"0":"post-1375","1":"product","2":"type-product","3":"status-publish","4":"has-post-thumbnail","6":"product_cat-223-remington","7":"product_cat-rifle-ammo","9":"first","10":"instock","11":"taxable","12":"shipping-taxable","13":"purchasable","14":"product-type-simple"},"yoast_head":"<!-- This site is optimized with the Yoast SEO Premium plugin v24.6 (Yoast SEO v25.7) - https:\/\/yoast.com\/wordpress\/plugins\/seo\/ -->\n<title>1000Rds of Winchester MATCH .223 Remington 69 grain Boat Tail Hollow Point Centerfire Rifle Ammunition - Bulk Ammunition shop<\/title>\n<meta name=\"robots\" content=\"index, follow, max-snippet:-1, max-image-preview:large, max-video-preview:-1\" \/>\n<link rel=\"canonical\" href=\"https:\/\/www.bulkammunitionshop.com\/de_de\/produkt\/1000rds-of-winchester-match-223-remington-69-grain-boat-tail-hollow-point-centerfire-rifle-ammunition\/\" \/>\n<meta property=\"og:locale\" content=\"de_DE\" \/>\n<meta property=\"og:type\" content=\"article\" \/>\n<meta property=\"og:title\" content=\"1000Rds of Winchester MATCH .223 Remington 69 grain Boat Tail Hollow Point Centerfire Rifle Ammunition\" \/>\n<meta property=\"og:description\" content=\"Product Info for\u00a0Winchester MATCH .223 Remington 69 grain Boat Tail Hollow Point Centerfire Rifle Ammunition For serious rifle competition, trust Match ammunition. Combining proven Winchester technology with proven bullets, the hollow point boat tail design provides the precision match shooters demand, shot after shot. Specifications for Winchester MATCH .223 Remington 69 grain Boat Tail Hollow [...]\" \/>\n<meta property=\"og:url\" content=\"https:\/\/www.bulkammunitionshop.com\/de_de\/produkt\/1000rds-of-winchester-match-223-remington-69-grain-boat-tail-hollow-point-centerfire-rifle-ammunition\/\" \/>\n<meta property=\"og:site_name\" content=\"Bulk Ammunition shop\" \/>\n<meta property=\"article:modified_time\" content=\"2022-05-21T16:27:31+00:00\" \/>\n<meta property=\"og:image\" content=\"https:\/\/i0.wp.com\/www.bulkammunitionshop.com\/wp-content\/uploads\/2022\/05\/opplanet-winchester-match-223-remington-69-grain-boat-tail-hollow-point-centerfire-rifle-ammo-20-rounds-s223m2-main.jpg?fit=978%2C550&ssl=1\" \/>\n\t<meta property=\"og:image:width\" content=\"978\" \/>\n\t<meta property=\"og:image:height\" content=\"550\" \/>\n\t<meta property=\"og:image:type\" content=\"image\/jpeg\" \/>\n<meta name=\"twitter:card\" content=\"summary_large_image\" \/>\n<meta name=\"twitter:label1\" content=\"Gesch\u00e4tzte Lesezeit\" \/>\n\t<meta name=\"twitter:data1\" content=\"1\u00a0Minute\" \/>\n<script type=\"application\/ld+json\" class=\"yoast-schema-graph\">{\"@context\":\"https:\/\/schema.org\",\"@graph\":[{\"@type\":\"WebPage\",\"@id\":\"https:\/\/www.bulkammunitionshop.com\/product\/1000rds-of-winchester-match-223-remington-69-grain-boat-tail-hollow-point-centerfire-rifle-ammunition\/\",\"url\":\"https:\/\/www.bulkammunitionshop.com\/product\/1000rds-of-winchester-match-223-remington-69-grain-boat-tail-hollow-point-centerfire-rifle-ammunition\/\",\"name\":\"1000Rds of Winchester MATCH .223 Remington 69 grain Boat Tail Hollow Point Centerfire Rifle Ammunition - Bulk Ammunition shop\",\"isPartOf\":{\"@id\":\"https:\/\/www.bulkammunitionshop.com\/#website\"},\"primaryImageOfPage\":{\"@id\":\"https:\/\/www.bulkammunitionshop.com\/product\/1000rds-of-winchester-match-223-remington-69-grain-boat-tail-hollow-point-centerfire-rifle-ammunition\/#primaryimage\"},\"image\":{\"@id\":\"https:\/\/www.bulkammunitionshop.com\/product\/1000rds-of-winchester-match-223-remington-69-grain-boat-tail-hollow-point-centerfire-rifle-ammunition\/#primaryimage\"},\"thumbnailUrl\":\"https:\/\/www.bulkammunitionshop.com\/wp-content\/uploads\/2022\/05\/opplanet-winchester-match-223-remington-69-grain-boat-tail-hollow-point-centerfire-rifle-ammo-20-rounds-s223m2-main.jpg\",\"datePublished\":\"2022-05-21T16:26:57+00:00\",\"dateModified\":\"2022-05-21T16:27:31+00:00\",\"breadcrumb\":{\"@id\":\"https:\/\/www.bulkammunitionshop.com\/product\/1000rds-of-winchester-match-223-remington-69-grain-boat-tail-hollow-point-centerfire-rifle-ammunition\/#breadcrumb\"},\"inLanguage\":\"de\",\"potentialAction\":[{\"@type\":\"ReadAction\",\"target\":[\"https:\/\/www.bulkammunitionshop.com\/product\/1000rds-of-winchester-match-223-remington-69-grain-boat-tail-hollow-point-centerfire-rifle-ammunition\/\"]}]},{\"@type\":\"ImageObject\",\"inLanguage\":\"de\",\"@id\":\"https:\/\/www.bulkammunitionshop.com\/product\/1000rds-of-winchester-match-223-remington-69-grain-boat-tail-hollow-point-centerfire-rifle-ammunition\/#primaryimage\",\"url\":\"https:\/\/www.bulkammunitionshop.com\/wp-content\/uploads\/2022\/05\/opplanet-winchester-match-223-remington-69-grain-boat-tail-hollow-point-centerfire-rifle-ammo-20-rounds-s223m2-main.jpg\",\"contentUrl\":\"https:\/\/www.bulkammunitionshop.com\/wp-content\/uploads\/2022\/05\/opplanet-winchester-match-223-remington-69-grain-boat-tail-hollow-point-centerfire-rifle-ammo-20-rounds-s223m2-main.jpg\",\"width\":978,\"height\":550},{\"@type\":\"BreadcrumbList\",\"@id\":\"https:\/\/www.bulkammunitionshop.com\/product\/1000rds-of-winchester-match-223-remington-69-grain-boat-tail-hollow-point-centerfire-rifle-ammunition\/#breadcrumb\",\"itemListElement\":[{\"@type\":\"ListItem\",\"position\":1,\"name\":\"Home\",\"item\":\"https:\/\/www.bulkammunitionshop.com\/\"},{\"@type\":\"ListItem\",\"position\":2,\"name\":\"SHOP ALL\",\"item\":\"https:\/\/www.bulkammunitionshop.com\/shop-all\/\"},{\"@type\":\"ListItem\",\"position\":3,\"name\":\"1000Rds of Winchester MATCH .223 Remington 69 grain Boat Tail Hollow Point Centerfire Rifle Ammunition\"}]},{\"@type\":\"WebSite\",\"@id\":\"https:\/\/www.bulkammunitionshop.com\/#website\",\"url\":\"https:\/\/www.bulkammunitionshop.com\/\",\"name\":\"Bulk Ammunition shop\",\"description\":\"Buy Cheap Bulk Ammo Online - Bulk Ammo for Sale- Cheap Ammo Online\",\"potentialAction\":[{\"@type\":\"SearchAction\",\"target\":{\"@type\":\"EntryPoint\",\"urlTemplate\":\"https:\/\/www.bulkammunitionshop.com\/?s={search_term_string}\"},\"query-input\":{\"@type\":\"PropertyValueSpecification\",\"valueRequired\":true,\"valueName\":\"search_term_string\"}}],\"inLanguage\":\"de\"}]}<\/script>\n<!-- \/ Yoast SEO Premium plugin. -->","yoast_head_json":{"title":"1000Rds of Winchester MATCH .223 Remington 69 grain Boat Tail Hollow Point Centerfire Rifle Ammunition - Bulk Ammunition shop","robots":{"index":"index","follow":"follow","max-snippet":"max-snippet:-1","max-image-preview":"max-image-preview:large","max-video-preview":"max-video-preview:-1"},"canonical":"https:\/\/www.bulkammunitionshop.com\/de_de\/produkt\/1000rds-of-winchester-match-223-remington-69-grain-boat-tail-hollow-point-centerfire-rifle-ammunition\/","og_locale":"de_DE","og_type":"article","og_title":"1000Rds of Winchester MATCH .223 Remington 69 grain Boat Tail Hollow Point Centerfire Rifle Ammunition","og_description":"Product Info for\u00a0Winchester MATCH .223 Remington 69 grain Boat Tail Hollow Point Centerfire Rifle Ammunition For serious rifle competition, trust Match ammunition. Combining proven Winchester technology with proven bullets, the hollow point boat tail design provides the precision match shooters demand, shot after shot. Specifications for Winchester MATCH .223 Remington 69 grain Boat Tail Hollow [...]","og_url":"https:\/\/www.bulkammunitionshop.com\/de_de\/produkt\/1000rds-of-winchester-match-223-remington-69-grain-boat-tail-hollow-point-centerfire-rifle-ammunition\/","og_site_name":"Bulk Ammunition shop","article_modified_time":"2022-05-21T16:27:31+00:00","og_image":[{"width":978,"height":550,"url":"https:\/\/i0.wp.com\/www.bulkammunitionshop.com\/wp-content\/uploads\/2022\/05\/opplanet-winchester-match-223-remington-69-grain-boat-tail-hollow-point-centerfire-rifle-ammo-20-rounds-s223m2-main.jpg?fit=978%2C550&ssl=1","type":"image\/jpeg"}],"twitter_card":"summary_large_image","twitter_misc":{"Gesch\u00e4tzte Lesezeit":"1\u00a0Minute"},"schema":{"@context":"https:\/\/schema.org","@graph":[{"@type":"WebPage","@id":"https:\/\/www.bulkammunitionshop.com\/product\/1000rds-of-winchester-match-223-remington-69-grain-boat-tail-hollow-point-centerfire-rifle-ammunition\/","url":"https:\/\/www.bulkammunitionshop.com\/product\/1000rds-of-winchester-match-223-remington-69-grain-boat-tail-hollow-point-centerfire-rifle-ammunition\/","name":"1000Rds of Winchester MATCH .223 Remington 69 grain Boat Tail Hollow Point Centerfire Rifle Ammunition - Bulk Ammunition shop","isPartOf":{"@id":"https:\/\/www.bulkammunitionshop.com\/#website"},"primaryImageOfPage":{"@id":"https:\/\/www.bulkammunitionshop.com\/product\/1000rds-of-winchester-match-223-remington-69-grain-boat-tail-hollow-point-centerfire-rifle-ammunition\/#primaryimage"},"image":{"@id":"https:\/\/www.bulkammunitionshop.com\/product\/1000rds-of-winchester-match-223-remington-69-grain-boat-tail-hollow-point-centerfire-rifle-ammunition\/#primaryimage"},"thumbnailUrl":"https:\/\/www.bulkammunitionshop.com\/wp-content\/uploads\/2022\/05\/opplanet-winchester-match-223-remington-69-grain-boat-tail-hollow-point-centerfire-rifle-ammo-20-rounds-s223m2-main.jpg","datePublished":"2022-05-21T16:26:57+00:00","dateModified":"2022-05-21T16:27:31+00:00","breadcrumb":{"@id":"https:\/\/www.bulkammunitionshop.com\/product\/1000rds-of-winchester-match-223-remington-69-grain-boat-tail-hollow-point-centerfire-rifle-ammunition\/#breadcrumb"},"inLanguage":"de","potentialAction":[{"@type":"ReadAction","target":["https:\/\/www.bulkammunitionshop.com\/product\/1000rds-of-winchester-match-223-remington-69-grain-boat-tail-hollow-point-centerfire-rifle-ammunition\/"]}]},{"@type":"ImageObject","inLanguage":"de","@id":"https:\/\/www.bulkammunitionshop.com\/product\/1000rds-of-winchester-match-223-remington-69-grain-boat-tail-hollow-point-centerfire-rifle-ammunition\/#primaryimage","url":"https:\/\/www.bulkammunitionshop.com\/wp-content\/uploads\/2022\/05\/opplanet-winchester-match-223-remington-69-grain-boat-tail-hollow-point-centerfire-rifle-ammo-20-rounds-s223m2-main.jpg","contentUrl":"https:\/\/www.bulkammunitionshop.com\/wp-content\/uploads\/2022\/05\/opplanet-winchester-match-223-remington-69-grain-boat-tail-hollow-point-centerfire-rifle-ammo-20-rounds-s223m2-main.jpg","width":978,"height":550},{"@type":"BreadcrumbList","@id":"https:\/\/www.bulkammunitionshop.com\/product\/1000rds-of-winchester-match-223-remington-69-grain-boat-tail-hollow-point-centerfire-rifle-ammunition\/#breadcrumb","itemListElement":[{"@type":"ListItem","position":1,"name":"Home","item":"https:\/\/www.bulkammunitionshop.com\/"},{"@type":"ListItem","position":2,"name":"SHOP ALL","item":"https:\/\/www.bulkammunitionshop.com\/shop-all\/"},{"@type":"ListItem","position":3,"name":"1000Rds of Winchester MATCH .223 Remington 69 grain Boat Tail Hollow Point Centerfire Rifle Ammunition"}]},{"@type":"WebSite","@id":"https:\/\/www.bulkammunitionshop.com\/#website","url":"https:\/\/www.bulkammunitionshop.com\/","name":"Munitionsladen","description":"Kaufen Sie billige Munition in gro\u00dfen Mengen online - Munition in gro\u00dfen Mengen zu verkaufen - G\u00fcnstige Munition online","potentialAction":[{"@type":"SearchAction","target":{"@type":"EntryPoint","urlTemplate":"https:\/\/www.bulkammunitionshop.com\/?s={search_term_string}"},"query-input":{"@type":"PropertyValueSpecification","valueRequired":true,"valueName":"search_term_string"}}],"inLanguage":"de"}]}},"jetpack_sharing_enabled":true,"_links":{"self":[{"href":"https:\/\/www.bulkammunitionshop.com\/de_de\/wp-json\/wp\/v2\/product\/1375","targetHints":{"allow":["GET"]}}],"collection":[{"href":"https:\/\/www.bulkammunitionshop.com\/de_de\/wp-json\/wp\/v2\/product"}],"about":[{"href":"https:\/\/www.bulkammunitionshop.com\/de_de\/wp-json\/wp\/v2\/types\/product"}],"replies":[{"embeddable":true,"href":"https:\/\/www.bulkammunitionshop.com\/de_de\/wp-json\/wp\/v2\/comments?post=1375"}],"wp:featuredmedia":[{"embeddable":true,"href":"https:\/\/www.bulkammunitionshop.com\/de_de\/wp-json\/wp\/v2\/media\/1419"}],"wp:attachment":[{"href":"https:\/\/www.bulkammunitionshop.com\/de_de\/wp-json\/wp\/v2\/media?parent=1375"}],"wp:term":[{"taxonomy":"product_brand","embeddable":true,"href":"https:\/\/www.bulkammunitionshop.com\/de_de\/wp-json\/wp\/v2\/product_brand?post=1375"},{"taxonomy":"product_cat","embeddable":true,"href":"https:\/\/www.bulkammunitionshop.com\/de_de\/wp-json\/wp\/v2\/product_cat?post=1375"},{"taxonomy":"product_tag","embeddable":true,"href":"https:\/\/www.bulkammunitionshop.com\/de_de\/wp-json\/wp\/v2\/product_tag?post=1375"}],"curies":[{"name":"wp","href":"https:\/\/api.w.org\/{rel}","templated":true}]}}