{"id":1227,"date":"2022-05-21T16:24:13","date_gmt":"2022-05-21T16:24:13","guid":{"rendered":"https:\/\/www.bulkammunitionshop.com\/?post_type=product&#038;p=1227"},"modified":"2025-06-21T19:57:39","modified_gmt":"2025-06-21T19:57:39","slug":"500rds-of-ammo-inc-signature-357-magnum-125-grain-jacketed-hollow-point-brass-cased","status":"publish","type":"product","link":"https:\/\/www.bulkammunitionshop.com\/de_de\/produkt\/500rds-of-ammo-inc-signature-357-magnum-125-grain-jacketed-hollow-point-brass-cased\/","title":{"rendered":"500Rds of Ammo, Inc. Signature .357 Magnum 125 grain Jacketed Hollow Point Brass Cased"},"content":{"rendered":"<h1><strong>Beschreibung<\/strong><\/h1>\n<p>This .357 Magnum 125gr Jacketed Hollow Point is from the TML (Total Metal Coating) Ammo, Inc. Signature Defensive line. Proven Jacketed Hollow Point projectiles deliver terminal performance tuned for self defense. Load-specific development ensures extreme accuracy and consistency for each caliber. Balancing velocity, accuracy, and recoil, our development team carefully analyses every load to help our ballisticians achieve the specific outcome of superiority.<\/p>\n<table class=\"spec-table\" border=\"0\" cellspacing=\"0\" cellpadding=\"0\">\n<tbody>\n<tr>\n<td class=\"spec-left-column\">Kaliber:<\/td>\n<td width=\"50%\">.357 Magnum<\/td>\n<\/tr>\n<tr>\n<td class=\"spec-left-column\">Anzahl der Runden:<\/td>\n<td width=\"50%\">500<\/td>\n<\/tr>\n<tr>\n<td class=\"spec-left-column\">Geschosstyp:<\/td>\n<td width=\"50%\">Jacketed Hollow Point (JHP)<\/td>\n<\/tr>\n<tr>\n<td class=\"spec-left-column\">Geschossgewicht:<\/td>\n<td width=\"50%\">125 grain<\/td>\n<\/tr>\n<tr>\n<td class=\"spec-left-column\">Patronenh\u00fclsenmaterial:<\/td>\n<td width=\"50%\">Messing<\/td>\n<\/tr>\n<tr>\n<td class=\"spec-left-column\">M\u00fcndungsgeschwindigkeit:<\/td>\n<td width=\"50%\">1554 ft\/s<\/td>\n<\/tr>\n<tr>\n<td class=\"spec-left-column\">Primer-Standort:<\/td>\n<td width=\"50%\">Zentralfeuer<\/td>\n<\/tr>\n<\/tbody>\n<\/table>","protected":false},"excerpt":{"rendered":"<p>Description This .357 Magnum 125gr Jacketed Hollow Point is from the TML (Total Metal Coating) Ammo, Inc. Signature Defensive line. Proven Jacketed Hollow Point projectiles deliver terminal performance tuned for self defense. Load-specific development ensures extreme accuracy and consistency for each caliber. Balancing velocity, accuracy, and recoil, our development team carefully analyses every load to [&#8230;]","protected":false},"featured_media":1257,"comment_status":"open","ping_status":"closed","template":"","meta":[],"product_brand":[],"product_cat":[140,112],"product_tag":[],"class_list":{"0":"post-1227","1":"product","2":"type-product","3":"status-publish","4":"has-post-thumbnail","6":"product_cat-357-magnum","7":"product_cat-handgun-ammo","9":"first","10":"instock","11":"taxable","12":"shipping-taxable","13":"purchasable","14":"product-type-simple"},"yoast_head":"<!-- This site is optimized with the Yoast SEO Premium plugin v24.6 (Yoast SEO v25.7) - https:\/\/yoast.com\/wordpress\/plugins\/seo\/ -->\n<title>500Rds of Ammo, Inc. Signature .357 Magnum 125 grain Jacketed Hollow Point Brass Cased - Bulk Ammunition shop<\/title>\n<meta name=\"robots\" content=\"index, follow, max-snippet:-1, max-image-preview:large, max-video-preview:-1\" \/>\n<link rel=\"canonical\" href=\"https:\/\/www.bulkammunitionshop.com\/de_de\/produkt\/500rds-of-ammo-inc-signature-357-magnum-125-grain-jacketed-hollow-point-brass-cased\/\" \/>\n<meta property=\"og:locale\" content=\"de_DE\" \/>\n<meta property=\"og:type\" content=\"article\" \/>\n<meta property=\"og:title\" content=\"500Rds of Ammo, Inc. Signature .357 Magnum 125 grain Jacketed Hollow Point Brass Cased\" \/>\n<meta property=\"og:description\" content=\"Description This .357 Magnum 125gr Jacketed Hollow Point is from the TML (Total Metal Coating) Ammo, Inc. Signature Defensive line. Proven Jacketed Hollow Point projectiles deliver terminal performance tuned for self defense. Load-specific development ensures extreme accuracy and consistency for each caliber. Balancing velocity, accuracy, and recoil, our development team carefully analyses every load to [...]\" \/>\n<meta property=\"og:url\" content=\"https:\/\/www.bulkammunitionshop.com\/de_de\/produkt\/500rds-of-ammo-inc-signature-357-magnum-125-grain-jacketed-hollow-point-brass-cased\/\" \/>\n<meta property=\"og:site_name\" content=\"Bulk Ammunition shop\" \/>\n<meta property=\"article:modified_time\" content=\"2025-06-21T19:57:39+00:00\" \/>\n<meta property=\"og:image\" content=\"https:\/\/i0.wp.com\/www.bulkammunitionshop.com\/wp-content\/uploads\/2022\/05\/opplanet-ammo-inc-signature-pistol-ammunition-9mm-luger-jacketed-hollow-point-124-grain-brass-case-20-rounds-box-9124jhp-a20-main.jpg?fit=978%2C550&ssl=1\" \/>\n\t<meta property=\"og:image:width\" content=\"978\" \/>\n\t<meta property=\"og:image:height\" content=\"550\" \/>\n\t<meta property=\"og:image:type\" content=\"image\/jpeg\" \/>\n<meta name=\"twitter:card\" content=\"summary_large_image\" \/>\n<script type=\"application\/ld+json\" class=\"yoast-schema-graph\">{\"@context\":\"https:\/\/schema.org\",\"@graph\":[{\"@type\":\"WebPage\",\"@id\":\"https:\/\/www.bulkammunitionshop.com\/product\/500rds-of-ammo-inc-signature-357-magnum-125-grain-jacketed-hollow-point-brass-cased\/\",\"url\":\"https:\/\/www.bulkammunitionshop.com\/product\/500rds-of-ammo-inc-signature-357-magnum-125-grain-jacketed-hollow-point-brass-cased\/\",\"name\":\"500Rds of Ammo, Inc. Signature .357 Magnum 125 grain Jacketed Hollow Point Brass Cased - Bulk Ammunition shop\",\"isPartOf\":{\"@id\":\"https:\/\/www.bulkammunitionshop.com\/#website\"},\"primaryImageOfPage\":{\"@id\":\"https:\/\/www.bulkammunitionshop.com\/product\/500rds-of-ammo-inc-signature-357-magnum-125-grain-jacketed-hollow-point-brass-cased\/#primaryimage\"},\"image\":{\"@id\":\"https:\/\/www.bulkammunitionshop.com\/product\/500rds-of-ammo-inc-signature-357-magnum-125-grain-jacketed-hollow-point-brass-cased\/#primaryimage\"},\"thumbnailUrl\":\"https:\/\/www.bulkammunitionshop.com\/wp-content\/uploads\/2022\/05\/opplanet-ammo-inc-signature-pistol-ammunition-9mm-luger-jacketed-hollow-point-124-grain-brass-case-20-rounds-box-9124jhp-a20-main.jpg\",\"datePublished\":\"2022-05-21T16:24:13+00:00\",\"dateModified\":\"2025-06-21T19:57:39+00:00\",\"breadcrumb\":{\"@id\":\"https:\/\/www.bulkammunitionshop.com\/product\/500rds-of-ammo-inc-signature-357-magnum-125-grain-jacketed-hollow-point-brass-cased\/#breadcrumb\"},\"inLanguage\":\"de\",\"potentialAction\":[{\"@type\":\"ReadAction\",\"target\":[\"https:\/\/www.bulkammunitionshop.com\/product\/500rds-of-ammo-inc-signature-357-magnum-125-grain-jacketed-hollow-point-brass-cased\/\"]}]},{\"@type\":\"ImageObject\",\"inLanguage\":\"de\",\"@id\":\"https:\/\/www.bulkammunitionshop.com\/product\/500rds-of-ammo-inc-signature-357-magnum-125-grain-jacketed-hollow-point-brass-cased\/#primaryimage\",\"url\":\"https:\/\/www.bulkammunitionshop.com\/wp-content\/uploads\/2022\/05\/opplanet-ammo-inc-signature-pistol-ammunition-9mm-luger-jacketed-hollow-point-124-grain-brass-case-20-rounds-box-9124jhp-a20-main.jpg\",\"contentUrl\":\"https:\/\/www.bulkammunitionshop.com\/wp-content\/uploads\/2022\/05\/opplanet-ammo-inc-signature-pistol-ammunition-9mm-luger-jacketed-hollow-point-124-grain-brass-case-20-rounds-box-9124jhp-a20-main.jpg\",\"width\":978,\"height\":550},{\"@type\":\"BreadcrumbList\",\"@id\":\"https:\/\/www.bulkammunitionshop.com\/product\/500rds-of-ammo-inc-signature-357-magnum-125-grain-jacketed-hollow-point-brass-cased\/#breadcrumb\",\"itemListElement\":[{\"@type\":\"ListItem\",\"position\":1,\"name\":\"Home\",\"item\":\"https:\/\/www.bulkammunitionshop.com\/\"},{\"@type\":\"ListItem\",\"position\":2,\"name\":\"SHOP ALL\",\"item\":\"https:\/\/www.bulkammunitionshop.com\/shop-all\/\"},{\"@type\":\"ListItem\",\"position\":3,\"name\":\"500Rds of Ammo, Inc. Signature .357 Magnum 125 grain Jacketed Hollow Point Brass Cased\"}]},{\"@type\":\"WebSite\",\"@id\":\"https:\/\/www.bulkammunitionshop.com\/#website\",\"url\":\"https:\/\/www.bulkammunitionshop.com\/\",\"name\":\"Bulk Ammunition shop\",\"description\":\"Buy Cheap Bulk Ammo Online - Bulk Ammo for Sale- Cheap Ammo Online\",\"potentialAction\":[{\"@type\":\"SearchAction\",\"target\":{\"@type\":\"EntryPoint\",\"urlTemplate\":\"https:\/\/www.bulkammunitionshop.com\/?s={search_term_string}\"},\"query-input\":{\"@type\":\"PropertyValueSpecification\",\"valueRequired\":true,\"valueName\":\"search_term_string\"}}],\"inLanguage\":\"de\"}]}<\/script>\n<!-- \/ Yoast SEO Premium plugin. -->","yoast_head_json":{"title":"500Rds of Ammo, Inc. Signature .357 Magnum 125 grain Jacketed Hollow Point Brass Cased - Bulk Ammunition shop","robots":{"index":"index","follow":"follow","max-snippet":"max-snippet:-1","max-image-preview":"max-image-preview:large","max-video-preview":"max-video-preview:-1"},"canonical":"https:\/\/www.bulkammunitionshop.com\/de_de\/produkt\/500rds-of-ammo-inc-signature-357-magnum-125-grain-jacketed-hollow-point-brass-cased\/","og_locale":"de_DE","og_type":"article","og_title":"500Rds of Ammo, Inc. Signature .357 Magnum 125 grain Jacketed Hollow Point Brass Cased","og_description":"Description This .357 Magnum 125gr Jacketed Hollow Point is from the TML (Total Metal Coating) Ammo, Inc. Signature Defensive line. Proven Jacketed Hollow Point projectiles deliver terminal performance tuned for self defense. Load-specific development ensures extreme accuracy and consistency for each caliber. Balancing velocity, accuracy, and recoil, our development team carefully analyses every load to [...]","og_url":"https:\/\/www.bulkammunitionshop.com\/de_de\/produkt\/500rds-of-ammo-inc-signature-357-magnum-125-grain-jacketed-hollow-point-brass-cased\/","og_site_name":"Bulk Ammunition shop","article_modified_time":"2025-06-21T19:57:39+00:00","og_image":[{"width":978,"height":550,"url":"https:\/\/i0.wp.com\/www.bulkammunitionshop.com\/wp-content\/uploads\/2022\/05\/opplanet-ammo-inc-signature-pistol-ammunition-9mm-luger-jacketed-hollow-point-124-grain-brass-case-20-rounds-box-9124jhp-a20-main.jpg?fit=978%2C550&ssl=1","type":"image\/jpeg"}],"twitter_card":"summary_large_image","schema":{"@context":"https:\/\/schema.org","@graph":[{"@type":"WebPage","@id":"https:\/\/www.bulkammunitionshop.com\/product\/500rds-of-ammo-inc-signature-357-magnum-125-grain-jacketed-hollow-point-brass-cased\/","url":"https:\/\/www.bulkammunitionshop.com\/product\/500rds-of-ammo-inc-signature-357-magnum-125-grain-jacketed-hollow-point-brass-cased\/","name":"500Rds of Ammo, Inc. Signature .357 Magnum 125 grain Jacketed Hollow Point Brass Cased - Bulk Ammunition shop","isPartOf":{"@id":"https:\/\/www.bulkammunitionshop.com\/#website"},"primaryImageOfPage":{"@id":"https:\/\/www.bulkammunitionshop.com\/product\/500rds-of-ammo-inc-signature-357-magnum-125-grain-jacketed-hollow-point-brass-cased\/#primaryimage"},"image":{"@id":"https:\/\/www.bulkammunitionshop.com\/product\/500rds-of-ammo-inc-signature-357-magnum-125-grain-jacketed-hollow-point-brass-cased\/#primaryimage"},"thumbnailUrl":"https:\/\/www.bulkammunitionshop.com\/wp-content\/uploads\/2022\/05\/opplanet-ammo-inc-signature-pistol-ammunition-9mm-luger-jacketed-hollow-point-124-grain-brass-case-20-rounds-box-9124jhp-a20-main.jpg","datePublished":"2022-05-21T16:24:13+00:00","dateModified":"2025-06-21T19:57:39+00:00","breadcrumb":{"@id":"https:\/\/www.bulkammunitionshop.com\/product\/500rds-of-ammo-inc-signature-357-magnum-125-grain-jacketed-hollow-point-brass-cased\/#breadcrumb"},"inLanguage":"de","potentialAction":[{"@type":"ReadAction","target":["https:\/\/www.bulkammunitionshop.com\/product\/500rds-of-ammo-inc-signature-357-magnum-125-grain-jacketed-hollow-point-brass-cased\/"]}]},{"@type":"ImageObject","inLanguage":"de","@id":"https:\/\/www.bulkammunitionshop.com\/product\/500rds-of-ammo-inc-signature-357-magnum-125-grain-jacketed-hollow-point-brass-cased\/#primaryimage","url":"https:\/\/www.bulkammunitionshop.com\/wp-content\/uploads\/2022\/05\/opplanet-ammo-inc-signature-pistol-ammunition-9mm-luger-jacketed-hollow-point-124-grain-brass-case-20-rounds-box-9124jhp-a20-main.jpg","contentUrl":"https:\/\/www.bulkammunitionshop.com\/wp-content\/uploads\/2022\/05\/opplanet-ammo-inc-signature-pistol-ammunition-9mm-luger-jacketed-hollow-point-124-grain-brass-case-20-rounds-box-9124jhp-a20-main.jpg","width":978,"height":550},{"@type":"BreadcrumbList","@id":"https:\/\/www.bulkammunitionshop.com\/product\/500rds-of-ammo-inc-signature-357-magnum-125-grain-jacketed-hollow-point-brass-cased\/#breadcrumb","itemListElement":[{"@type":"ListItem","position":1,"name":"Home","item":"https:\/\/www.bulkammunitionshop.com\/"},{"@type":"ListItem","position":2,"name":"SHOP ALL","item":"https:\/\/www.bulkammunitionshop.com\/shop-all\/"},{"@type":"ListItem","position":3,"name":"500Rds of Ammo, Inc. Signature .357 Magnum 125 grain Jacketed Hollow Point Brass Cased"}]},{"@type":"WebSite","@id":"https:\/\/www.bulkammunitionshop.com\/#website","url":"https:\/\/www.bulkammunitionshop.com\/","name":"Munitionsladen","description":"Kaufen Sie billige Munition in gro\u00dfen Mengen online - Munition in gro\u00dfen Mengen zu verkaufen - G\u00fcnstige Munition online","potentialAction":[{"@type":"SearchAction","target":{"@type":"EntryPoint","urlTemplate":"https:\/\/www.bulkammunitionshop.com\/?s={search_term_string}"},"query-input":{"@type":"PropertyValueSpecification","valueRequired":true,"valueName":"search_term_string"}}],"inLanguage":"de"}]}},"jetpack_sharing_enabled":true,"_links":{"self":[{"href":"https:\/\/www.bulkammunitionshop.com\/de_de\/wp-json\/wp\/v2\/product\/1227","targetHints":{"allow":["GET"]}}],"collection":[{"href":"https:\/\/www.bulkammunitionshop.com\/de_de\/wp-json\/wp\/v2\/product"}],"about":[{"href":"https:\/\/www.bulkammunitionshop.com\/de_de\/wp-json\/wp\/v2\/types\/product"}],"replies":[{"embeddable":true,"href":"https:\/\/www.bulkammunitionshop.com\/de_de\/wp-json\/wp\/v2\/comments?post=1227"}],"wp:featuredmedia":[{"embeddable":true,"href":"https:\/\/www.bulkammunitionshop.com\/de_de\/wp-json\/wp\/v2\/media\/1257"}],"wp:attachment":[{"href":"https:\/\/www.bulkammunitionshop.com\/de_de\/wp-json\/wp\/v2\/media?parent=1227"}],"wp:term":[{"taxonomy":"product_brand","embeddable":true,"href":"https:\/\/www.bulkammunitionshop.com\/de_de\/wp-json\/wp\/v2\/product_brand?post=1227"},{"taxonomy":"product_cat","embeddable":true,"href":"https:\/\/www.bulkammunitionshop.com\/de_de\/wp-json\/wp\/v2\/product_cat?post=1227"},{"taxonomy":"product_tag","embeddable":true,"href":"https:\/\/www.bulkammunitionshop.com\/de_de\/wp-json\/wp\/v2\/product_tag?post=1227"}],"curies":[{"name":"wp","href":"https:\/\/api.w.org\/{rel}","templated":true}]}}