{"id":1015,"date":"2022-05-21T16:20:48","date_gmt":"2022-05-21T16:20:48","guid":{"rendered":"https:\/\/www.bulkammunitionshop.com\/?post_type=product&#038;p=1015"},"modified":"2022-05-21T16:21:30","modified_gmt":"2022-05-21T16:21:30","slug":"500rds-of-hevi-shot-goose-12-gauge-steel-shotshells","status":"publish","type":"product","link":"https:\/\/www.bulkammunitionshop.com\/de_de\/produkt\/500rds-of-hevi-shot-goose-12-gauge-steel-shotshells\/","title":{"rendered":"500 Schuss HEVI-Shot Goose Stahlschrotpatronen Kaliber 12"},"content":{"rendered":"<h2>Beschreibung<\/h2>\n<div class=\"css-nx0jru\">Take an effective shot from a distance with the HEVI-Shot Goose 12 Gauge Steel Shotshells. Powerful even at 60 yards, these shotshells let hunters take far, downrange shots on large waterfowl, such as geese and tundra swans. 10-round box. Made in USA.<\/div>\n<div data-auid=\"feature-benefits\">\n<div class=\"css-1s8bjel\">Features and Benefits<\/div>\n<div class=\"css-zoj4i\" role=\"list\">\n<ul>\n<li class=\"css-2hhhsn\" role=\"listitem\" data-auid=\"feature-benefits-listing\">Made in USA<\/li>\n<li class=\"css-2hhhsn\" role=\"listitem\" data-auid=\"feature-benefits-listing\">1-1\/2-ounce shot<\/li>\n<li class=\"css-2hhhsn\" role=\"listitem\" data-auid=\"feature-benefits-listing\">3-inch shell length<\/li>\n<li class=\"css-2hhhsn\" role=\"listitem\" data-auid=\"feature-benefits-listing\">Weather-resistant crimp<\/li>\n<li class=\"css-2hhhsn\" role=\"listitem\" data-auid=\"feature-benefits-listing\">Pattern near 90% at 40 yards<\/li>\n<li class=\"css-2hhhsn\" role=\"listitem\" data-auid=\"feature-benefits-listing\">10 rounds per box<\/li>\n<li class=\"css-2hhhsn\" role=\"listitem\" data-auid=\"feature-benefits-listing\">Effective at 60 yards<\/li>\n<li class=\"css-2hhhsn\" role=\"listitem\" data-auid=\"feature-benefits-listing\">Intended for hunting large waterfowl, such as geese and tundra swans<\/li>\n<li class=\"css-2hhhsn\" role=\"listitem\" data-auid=\"feature-benefits-listing\">1,350 feet-per-second velocity<\/li>\n<li class=\"css-2hhhsn\" role=\"listitem\" data-auid=\"feature-benefits-listing\">12 gauge<\/li>\n<\/ul>\n<\/div>\n<\/div>\n<div data-auid=\"specifications\">\n<div class=\"css-1s8bjel\">Specifications<\/div>\n<div class=\"css-zoj4i\" role=\"list\">\n<ul>\n<li class=\"css-2hhhsn\" role=\"listitem\" data-auid=\"specifications_listing\">Gauge\/bore:\u00a012<\/li>\n<li class=\"css-2hhhsn\" role=\"listitem\" data-auid=\"specifications_listing\">Number of rounds: 500<\/li>\n<li class=\"css-2hhhsn\" role=\"listitem\" data-auid=\"specifications_listing\">Shell length (in.):\u00a03<\/li>\n<li class=\"css-2hhhsn\" role=\"listitem\" data-auid=\"specifications_listing\">Shot size:\u00a04<\/li>\n<li class=\"css-2hhhsn\" role=\"listitem\" data-auid=\"specifications_listing\">Ounce shot:\u00a01 1\/2<\/li>\n<\/ul>\n<\/div>\n<\/div>\n<div data-auid=\"box-list\">\n<div class=\"css-1s8bjel\">What\u2019s in the Box<\/div>\n<div class=\"css-zoj4i\" role=\"list\">\n<ul>\n<li class=\"css-2hhhsn\" role=\"listitem\" data-auid=\"box-list-listing\">HEVI-Shot Goose 12 Gauge Steel Shotshells<\/li>\n<\/ul>\n<\/div>\n<\/div>","protected":false},"excerpt":{"rendered":"<p>Description Take an effective shot from a distance with the HEVI-Shot Goose 12 Gauge Steel Shotshells. Powerful even at 60 yards, these shotshells let hunters take far, downrange shots on large waterfowl, such as geese and tundra swans. 10-round box. Made in USA. Features and Benefits Made in USA 1-1\/2-ounce shot 3-inch shell length Weather-resistant [&#8230;]","protected":false},"featured_media":1067,"comment_status":"open","ping_status":"closed","template":"","meta":[],"product_brand":[],"product_cat":[120,119],"product_tag":[],"class_list":{"0":"post-1015","1":"product","2":"type-product","3":"status-publish","4":"has-post-thumbnail","6":"product_cat-12-gauge","7":"product_cat-shotgun-ammo","9":"first","10":"instock","11":"taxable","12":"shipping-taxable","13":"purchasable","14":"product-type-simple"},"yoast_head":"<!-- This site is optimized with the Yoast SEO Premium plugin v24.6 (Yoast SEO v25.7) - https:\/\/yoast.com\/wordpress\/plugins\/seo\/ -->\n<title>500rds of HEVI-Shot Goose 12 Gauge Steel Shotshells - Bulk Ammunition shop<\/title>\n<meta name=\"robots\" content=\"index, follow, max-snippet:-1, max-image-preview:large, max-video-preview:-1\" \/>\n<link rel=\"canonical\" href=\"https:\/\/www.bulkammunitionshop.com\/de_de\/produkt\/500rds-of-hevi-shot-goose-12-gauge-steel-shotshells\/\" \/>\n<meta property=\"og:locale\" content=\"de_DE\" \/>\n<meta property=\"og:type\" content=\"article\" \/>\n<meta property=\"og:title\" content=\"500rds of HEVI-Shot Goose 12 Gauge Steel Shotshells\" \/>\n<meta property=\"og:description\" content=\"Description Take an effective shot from a distance with the HEVI-Shot Goose 12 Gauge Steel Shotshells. Powerful even at 60 yards, these shotshells let hunters take far, downrange shots on large waterfowl, such as geese and tundra swans. 10-round box. Made in USA. Features and Benefits Made in USA 1-1\/2-ounce shot 3-inch shell length Weather-resistant [...]\" \/>\n<meta property=\"og:url\" content=\"https:\/\/www.bulkammunitionshop.com\/de_de\/produkt\/500rds-of-hevi-shot-goose-12-gauge-steel-shotshells\/\" \/>\n<meta property=\"og:site_name\" content=\"Bulk Ammunition shop\" \/>\n<meta property=\"article:modified_time\" content=\"2022-05-21T16:21:30+00:00\" \/>\n<meta property=\"og:image\" content=\"https:\/\/i0.wp.com\/www.bulkammunitionshop.com\/wp-content\/uploads\/2022\/05\/20047136-600x600-2.jpg?fit=600%2C600&ssl=1\" \/>\n\t<meta property=\"og:image:width\" content=\"600\" \/>\n\t<meta property=\"og:image:height\" content=\"600\" \/>\n\t<meta property=\"og:image:type\" content=\"image\/jpeg\" \/>\n<meta name=\"twitter:card\" content=\"summary_large_image\" \/>\n<meta name=\"twitter:label1\" content=\"Gesch\u00e4tzte Lesezeit\" \/>\n\t<meta name=\"twitter:data1\" content=\"1\u00a0Minute\" \/>\n<script type=\"application\/ld+json\" class=\"yoast-schema-graph\">{\"@context\":\"https:\/\/schema.org\",\"@graph\":[{\"@type\":\"WebPage\",\"@id\":\"https:\/\/www.bulkammunitionshop.com\/product\/500rds-of-hevi-shot-goose-12-gauge-steel-shotshells\/\",\"url\":\"https:\/\/www.bulkammunitionshop.com\/product\/500rds-of-hevi-shot-goose-12-gauge-steel-shotshells\/\",\"name\":\"500rds of HEVI-Shot Goose 12 Gauge Steel Shotshells - Bulk Ammunition shop\",\"isPartOf\":{\"@id\":\"https:\/\/www.bulkammunitionshop.com\/#website\"},\"primaryImageOfPage\":{\"@id\":\"https:\/\/www.bulkammunitionshop.com\/product\/500rds-of-hevi-shot-goose-12-gauge-steel-shotshells\/#primaryimage\"},\"image\":{\"@id\":\"https:\/\/www.bulkammunitionshop.com\/product\/500rds-of-hevi-shot-goose-12-gauge-steel-shotshells\/#primaryimage\"},\"thumbnailUrl\":\"https:\/\/www.bulkammunitionshop.com\/wp-content\/uploads\/2022\/05\/20047136-600x600-2.jpg\",\"datePublished\":\"2022-05-21T16:20:48+00:00\",\"dateModified\":\"2022-05-21T16:21:30+00:00\",\"breadcrumb\":{\"@id\":\"https:\/\/www.bulkammunitionshop.com\/product\/500rds-of-hevi-shot-goose-12-gauge-steel-shotshells\/#breadcrumb\"},\"inLanguage\":\"de\",\"potentialAction\":[{\"@type\":\"ReadAction\",\"target\":[\"https:\/\/www.bulkammunitionshop.com\/product\/500rds-of-hevi-shot-goose-12-gauge-steel-shotshells\/\"]}]},{\"@type\":\"ImageObject\",\"inLanguage\":\"de\",\"@id\":\"https:\/\/www.bulkammunitionshop.com\/product\/500rds-of-hevi-shot-goose-12-gauge-steel-shotshells\/#primaryimage\",\"url\":\"https:\/\/www.bulkammunitionshop.com\/wp-content\/uploads\/2022\/05\/20047136-600x600-2.jpg\",\"contentUrl\":\"https:\/\/www.bulkammunitionshop.com\/wp-content\/uploads\/2022\/05\/20047136-600x600-2.jpg\",\"width\":600,\"height\":600},{\"@type\":\"BreadcrumbList\",\"@id\":\"https:\/\/www.bulkammunitionshop.com\/product\/500rds-of-hevi-shot-goose-12-gauge-steel-shotshells\/#breadcrumb\",\"itemListElement\":[{\"@type\":\"ListItem\",\"position\":1,\"name\":\"Home\",\"item\":\"https:\/\/www.bulkammunitionshop.com\/\"},{\"@type\":\"ListItem\",\"position\":2,\"name\":\"SHOP ALL\",\"item\":\"https:\/\/www.bulkammunitionshop.com\/shop-all\/\"},{\"@type\":\"ListItem\",\"position\":3,\"name\":\"500rds of HEVI-Shot Goose 12 Gauge Steel Shotshells\"}]},{\"@type\":\"WebSite\",\"@id\":\"https:\/\/www.bulkammunitionshop.com\/#website\",\"url\":\"https:\/\/www.bulkammunitionshop.com\/\",\"name\":\"Bulk Ammunition shop\",\"description\":\"Buy Cheap Bulk Ammo Online - Bulk Ammo for Sale- Cheap Ammo Online\",\"potentialAction\":[{\"@type\":\"SearchAction\",\"target\":{\"@type\":\"EntryPoint\",\"urlTemplate\":\"https:\/\/www.bulkammunitionshop.com\/?s={search_term_string}\"},\"query-input\":{\"@type\":\"PropertyValueSpecification\",\"valueRequired\":true,\"valueName\":\"search_term_string\"}}],\"inLanguage\":\"de\"}]}<\/script>\n<!-- \/ Yoast SEO Premium plugin. -->","yoast_head_json":{"title":"500rds of HEVI-Shot Goose 12 Gauge Steel Shotshells - Bulk Ammunition shop","robots":{"index":"index","follow":"follow","max-snippet":"max-snippet:-1","max-image-preview":"max-image-preview:large","max-video-preview":"max-video-preview:-1"},"canonical":"https:\/\/www.bulkammunitionshop.com\/de_de\/produkt\/500rds-of-hevi-shot-goose-12-gauge-steel-shotshells\/","og_locale":"de_DE","og_type":"article","og_title":"500rds of HEVI-Shot Goose 12 Gauge Steel Shotshells","og_description":"Description Take an effective shot from a distance with the HEVI-Shot Goose 12 Gauge Steel Shotshells. Powerful even at 60 yards, these shotshells let hunters take far, downrange shots on large waterfowl, such as geese and tundra swans. 10-round box. Made in USA. Features and Benefits Made in USA 1-1\/2-ounce shot 3-inch shell length Weather-resistant [...]","og_url":"https:\/\/www.bulkammunitionshop.com\/de_de\/produkt\/500rds-of-hevi-shot-goose-12-gauge-steel-shotshells\/","og_site_name":"Bulk Ammunition shop","article_modified_time":"2022-05-21T16:21:30+00:00","og_image":[{"width":600,"height":600,"url":"https:\/\/i0.wp.com\/www.bulkammunitionshop.com\/wp-content\/uploads\/2022\/05\/20047136-600x600-2.jpg?fit=600%2C600&ssl=1","type":"image\/jpeg"}],"twitter_card":"summary_large_image","twitter_misc":{"Gesch\u00e4tzte Lesezeit":"1\u00a0Minute"},"schema":{"@context":"https:\/\/schema.org","@graph":[{"@type":"WebPage","@id":"https:\/\/www.bulkammunitionshop.com\/product\/500rds-of-hevi-shot-goose-12-gauge-steel-shotshells\/","url":"https:\/\/www.bulkammunitionshop.com\/product\/500rds-of-hevi-shot-goose-12-gauge-steel-shotshells\/","name":"500rds of HEVI-Shot Goose 12 Gauge Steel Shotshells - Bulk Ammunition shop","isPartOf":{"@id":"https:\/\/www.bulkammunitionshop.com\/#website"},"primaryImageOfPage":{"@id":"https:\/\/www.bulkammunitionshop.com\/product\/500rds-of-hevi-shot-goose-12-gauge-steel-shotshells\/#primaryimage"},"image":{"@id":"https:\/\/www.bulkammunitionshop.com\/product\/500rds-of-hevi-shot-goose-12-gauge-steel-shotshells\/#primaryimage"},"thumbnailUrl":"https:\/\/www.bulkammunitionshop.com\/wp-content\/uploads\/2022\/05\/20047136-600x600-2.jpg","datePublished":"2022-05-21T16:20:48+00:00","dateModified":"2022-05-21T16:21:30+00:00","breadcrumb":{"@id":"https:\/\/www.bulkammunitionshop.com\/product\/500rds-of-hevi-shot-goose-12-gauge-steel-shotshells\/#breadcrumb"},"inLanguage":"de","potentialAction":[{"@type":"ReadAction","target":["https:\/\/www.bulkammunitionshop.com\/product\/500rds-of-hevi-shot-goose-12-gauge-steel-shotshells\/"]}]},{"@type":"ImageObject","inLanguage":"de","@id":"https:\/\/www.bulkammunitionshop.com\/product\/500rds-of-hevi-shot-goose-12-gauge-steel-shotshells\/#primaryimage","url":"https:\/\/www.bulkammunitionshop.com\/wp-content\/uploads\/2022\/05\/20047136-600x600-2.jpg","contentUrl":"https:\/\/www.bulkammunitionshop.com\/wp-content\/uploads\/2022\/05\/20047136-600x600-2.jpg","width":600,"height":600},{"@type":"BreadcrumbList","@id":"https:\/\/www.bulkammunitionshop.com\/product\/500rds-of-hevi-shot-goose-12-gauge-steel-shotshells\/#breadcrumb","itemListElement":[{"@type":"ListItem","position":1,"name":"Home","item":"https:\/\/www.bulkammunitionshop.com\/"},{"@type":"ListItem","position":2,"name":"SHOP ALL","item":"https:\/\/www.bulkammunitionshop.com\/shop-all\/"},{"@type":"ListItem","position":3,"name":"500rds of HEVI-Shot Goose 12 Gauge Steel Shotshells"}]},{"@type":"WebSite","@id":"https:\/\/www.bulkammunitionshop.com\/#website","url":"https:\/\/www.bulkammunitionshop.com\/","name":"Munitionsladen","description":"Kaufen Sie billige Munition in gro\u00dfen Mengen online - Munition in gro\u00dfen Mengen zu verkaufen - G\u00fcnstige Munition online","potentialAction":[{"@type":"SearchAction","target":{"@type":"EntryPoint","urlTemplate":"https:\/\/www.bulkammunitionshop.com\/?s={search_term_string}"},"query-input":{"@type":"PropertyValueSpecification","valueRequired":true,"valueName":"search_term_string"}}],"inLanguage":"de"}]}},"jetpack_sharing_enabled":true,"_links":{"self":[{"href":"https:\/\/www.bulkammunitionshop.com\/de_de\/wp-json\/wp\/v2\/product\/1015","targetHints":{"allow":["GET"]}}],"collection":[{"href":"https:\/\/www.bulkammunitionshop.com\/de_de\/wp-json\/wp\/v2\/product"}],"about":[{"href":"https:\/\/www.bulkammunitionshop.com\/de_de\/wp-json\/wp\/v2\/types\/product"}],"replies":[{"embeddable":true,"href":"https:\/\/www.bulkammunitionshop.com\/de_de\/wp-json\/wp\/v2\/comments?post=1015"}],"wp:featuredmedia":[{"embeddable":true,"href":"https:\/\/www.bulkammunitionshop.com\/de_de\/wp-json\/wp\/v2\/media\/1067"}],"wp:attachment":[{"href":"https:\/\/www.bulkammunitionshop.com\/de_de\/wp-json\/wp\/v2\/media?parent=1015"}],"wp:term":[{"taxonomy":"product_brand","embeddable":true,"href":"https:\/\/www.bulkammunitionshop.com\/de_de\/wp-json\/wp\/v2\/product_brand?post=1015"},{"taxonomy":"product_cat","embeddable":true,"href":"https:\/\/www.bulkammunitionshop.com\/de_de\/wp-json\/wp\/v2\/product_cat?post=1015"},{"taxonomy":"product_tag","embeddable":true,"href":"https:\/\/www.bulkammunitionshop.com\/de_de\/wp-json\/wp\/v2\/product_tag?post=1015"}],"curies":[{"name":"wp","href":"https:\/\/api.w.org\/{rel}","templated":true}]}}