{"id":787,"date":"2022-05-21T02:47:10","date_gmt":"2022-05-21T02:47:10","guid":{"rendered":"https:\/\/www.bulkammunitionshop.com\/?post_type=product&#038;p=787"},"modified":"2022-05-21T16:20:17","modified_gmt":"2022-05-21T16:20:17","slug":"500rds-of-defender-40-sw-reman-ammunition","status":"publish","type":"product","link":"https:\/\/www.bulkammunitionshop.com\/de\/product\/500rds-of-defender-40-sw-reman-ammunition\/","title":{"rendered":"500Rds of DEFENDER 40 S&#038;W *REMAN* AMMUNITION"},"content":{"rendered":"<h2>Beschreibung<\/h2>\n<table>\n<tbody>\n<tr>\n<td width=\"295\">Brand<\/td>\n<td width=\"295\">Defender<\/td>\n<\/tr>\n<tr>\n<td width=\"295\">Kaliber<\/td>\n<td width=\"295\">40 S&amp;W<\/td>\n<\/tr>\n<tr>\n<td width=\"295\">Model<\/td>\n<td width=\"295\">REMAN<\/td>\n<\/tr>\n<tr>\n<td width=\"295\">Bullet Weight<\/td>\n<td width=\"295\">180 Grain<\/td>\n<\/tr>\n<tr>\n<td width=\"295\">Aufz\u00e4hlungszeichen<\/td>\n<td width=\"295\">Full Metal Jacket Flat Nose<\/td>\n<\/tr>\n<tr>\n<td width=\"295\">Wiederaufladbar<\/td>\n<td width=\"295\">Ja<\/td>\n<\/tr>\n<tr>\n<td width=\"295\">Geh\u00e4usetyp<\/td>\n<td width=\"295\">Messing<\/td>\n<\/tr>\n<tr>\n<td width=\"295\">Rounds<\/td>\n<td width=\"295\">500<\/td>\n<\/tr>\n<tr>\n<td width=\"295\">Boxes Per Case<\/td>\n<td width=\"295\">Boxes Per Case<\/td>\n<\/tr>\n<tr>\n<td width=\"295\">M\u00fcndungsenergie<\/td>\n<td width=\"295\">ft-lbs<\/td>\n<\/tr>\n<tr>\n<td width=\"295\">M\u00fcndungsgeschwindigkeit<\/td>\n<td width=\"295\">970 fps<\/td>\n<\/tr>\n<\/tbody>\n<\/table>","protected":false},"excerpt":{"rendered":"<p>Description Brand Defender Caliber 40 S&amp;W Model REMAN Bullet Weight 180 Grain Bullet Type Full Metal Jacket Flat Nose Reloadable Yes Case Type Brass Rounds 500 Boxes Per Case Boxes Per Case Muzzle Energy ft-lbs Muzzle Velocity 970 fps<\/p>","protected":false},"featured_media":968,"comment_status":"open","ping_status":"closed","template":"","meta":[],"product_brand":[],"product_cat":[180,112],"product_tag":[181],"class_list":{"0":"post-787","1":"product","2":"type-product","3":"status-publish","4":"has-post-thumbnail","6":"product_cat-40-sw","7":"product_cat-handgun-ammo","8":"product_tag-buy-defender-40-sw-reman-ammunition-online","10":"first","11":"instock","12":"taxable","13":"shipping-taxable","14":"purchasable","15":"product-type-simple"},"yoast_head":"<!-- This site is optimized with the Yoast SEO Premium plugin v24.6 (Yoast SEO v25.7) - https:\/\/yoast.com\/wordpress\/plugins\/seo\/ -->\n<title>500Rds of DEFENDER 40 S&amp;W *REMAN* AMMUNITION - Bulk Ammunition shop<\/title>\n<meta name=\"robots\" content=\"index, follow, max-snippet:-1, max-image-preview:large, max-video-preview:-1\" \/>\n<link rel=\"canonical\" href=\"https:\/\/www.bulkammunitionshop.com\/de\/product\/500rds-of-defender-40-sw-reman-ammunition\/\" \/>\n<meta property=\"og:locale\" content=\"de_DE\" \/>\n<meta property=\"og:type\" content=\"article\" \/>\n<meta property=\"og:title\" content=\"500Rds of DEFENDER 40 S&amp;W *REMAN* AMMUNITION\" \/>\n<meta property=\"og:description\" content=\"Description Brand Defender Caliber 40 S&amp;W Model REMAN Bullet Weight 180 Grain Bullet Type Full Metal Jacket Flat Nose Reloadable Yes Case Type Brass Rounds 500 Boxes Per Case Boxes Per Case Muzzle Energy ft-lbs Muzzle Velocity 970 fps\" \/>\n<meta property=\"og:url\" content=\"https:\/\/www.bulkammunitionshop.com\/de\/product\/500rds-of-defender-40-sw-reman-ammunition\/\" \/>\n<meta property=\"og:site_name\" content=\"Bulk Ammunition shop\" \/>\n<meta property=\"article:modified_time\" content=\"2022-05-21T16:20:17+00:00\" \/>\n<meta property=\"og:image\" content=\"https:\/\/i0.wp.com\/www.bulkammunitionshop.com\/wp-content\/uploads\/2022\/05\/DEF40SW180__03231.1603462409-1.png?fit=600%2C453&ssl=1\" \/>\n\t<meta property=\"og:image:width\" content=\"600\" \/>\n\t<meta property=\"og:image:height\" content=\"453\" \/>\n\t<meta property=\"og:image:type\" content=\"image\/png\" \/>\n<meta name=\"twitter:card\" content=\"summary_large_image\" \/>\n<script type=\"application\/ld+json\" class=\"yoast-schema-graph\">{\"@context\":\"https:\/\/schema.org\",\"@graph\":[{\"@type\":\"WebPage\",\"@id\":\"https:\/\/www.bulkammunitionshop.com\/product\/500rds-of-defender-40-sw-reman-ammunition\/\",\"url\":\"https:\/\/www.bulkammunitionshop.com\/product\/500rds-of-defender-40-sw-reman-ammunition\/\",\"name\":\"500Rds of DEFENDER 40 S&W *REMAN* AMMUNITION - Bulk Ammunition shop\",\"isPartOf\":{\"@id\":\"https:\/\/www.bulkammunitionshop.com\/#website\"},\"primaryImageOfPage\":{\"@id\":\"https:\/\/www.bulkammunitionshop.com\/product\/500rds-of-defender-40-sw-reman-ammunition\/#primaryimage\"},\"image\":{\"@id\":\"https:\/\/www.bulkammunitionshop.com\/product\/500rds-of-defender-40-sw-reman-ammunition\/#primaryimage\"},\"thumbnailUrl\":\"https:\/\/www.bulkammunitionshop.com\/wp-content\/uploads\/2022\/05\/DEF40SW180__03231.1603462409-1.png\",\"datePublished\":\"2022-05-21T02:47:10+00:00\",\"dateModified\":\"2022-05-21T16:20:17+00:00\",\"breadcrumb\":{\"@id\":\"https:\/\/www.bulkammunitionshop.com\/product\/500rds-of-defender-40-sw-reman-ammunition\/#breadcrumb\"},\"inLanguage\":\"de-AT\",\"potentialAction\":[{\"@type\":\"ReadAction\",\"target\":[\"https:\/\/www.bulkammunitionshop.com\/product\/500rds-of-defender-40-sw-reman-ammunition\/\"]}]},{\"@type\":\"ImageObject\",\"inLanguage\":\"de-AT\",\"@id\":\"https:\/\/www.bulkammunitionshop.com\/product\/500rds-of-defender-40-sw-reman-ammunition\/#primaryimage\",\"url\":\"https:\/\/www.bulkammunitionshop.com\/wp-content\/uploads\/2022\/05\/DEF40SW180__03231.1603462409-1.png\",\"contentUrl\":\"https:\/\/www.bulkammunitionshop.com\/wp-content\/uploads\/2022\/05\/DEF40SW180__03231.1603462409-1.png\",\"width\":600,\"height\":453},{\"@type\":\"BreadcrumbList\",\"@id\":\"https:\/\/www.bulkammunitionshop.com\/product\/500rds-of-defender-40-sw-reman-ammunition\/#breadcrumb\",\"itemListElement\":[{\"@type\":\"ListItem\",\"position\":1,\"name\":\"Home\",\"item\":\"https:\/\/www.bulkammunitionshop.com\/\"},{\"@type\":\"ListItem\",\"position\":2,\"name\":\"SHOP ALL\",\"item\":\"https:\/\/www.bulkammunitionshop.com\/shop-all\/\"},{\"@type\":\"ListItem\",\"position\":3,\"name\":\"500Rds of DEFENDER 40 S&#038;W *REMAN* AMMUNITION\"}]},{\"@type\":\"WebSite\",\"@id\":\"https:\/\/www.bulkammunitionshop.com\/#website\",\"url\":\"https:\/\/www.bulkammunitionshop.com\/\",\"name\":\"Bulk Ammunition shop\",\"description\":\"Buy Cheap Bulk Ammo Online - Bulk Ammo for Sale- Cheap Ammo Online\",\"potentialAction\":[{\"@type\":\"SearchAction\",\"target\":{\"@type\":\"EntryPoint\",\"urlTemplate\":\"https:\/\/www.bulkammunitionshop.com\/?s={search_term_string}\"},\"query-input\":{\"@type\":\"PropertyValueSpecification\",\"valueRequired\":true,\"valueName\":\"search_term_string\"}}],\"inLanguage\":\"de-AT\"}]}<\/script>\n<!-- \/ Yoast SEO Premium plugin. -->","yoast_head_json":{"title":"500Rds of DEFENDER 40 S&W *REMAN* AMMUNITION - Bulk Ammunition shop","robots":{"index":"index","follow":"follow","max-snippet":"max-snippet:-1","max-image-preview":"max-image-preview:large","max-video-preview":"max-video-preview:-1"},"canonical":"https:\/\/www.bulkammunitionshop.com\/de\/product\/500rds-of-defender-40-sw-reman-ammunition\/","og_locale":"de_DE","og_type":"article","og_title":"500Rds of DEFENDER 40 S&W *REMAN* AMMUNITION","og_description":"Description Brand Defender Caliber 40 S&amp;W Model REMAN Bullet Weight 180 Grain Bullet Type Full Metal Jacket Flat Nose Reloadable Yes Case Type Brass Rounds 500 Boxes Per Case Boxes Per Case Muzzle Energy ft-lbs Muzzle Velocity 970 fps","og_url":"https:\/\/www.bulkammunitionshop.com\/de\/product\/500rds-of-defender-40-sw-reman-ammunition\/","og_site_name":"Bulk Ammunition shop","article_modified_time":"2022-05-21T16:20:17+00:00","og_image":[{"width":600,"height":453,"url":"https:\/\/i0.wp.com\/www.bulkammunitionshop.com\/wp-content\/uploads\/2022\/05\/DEF40SW180__03231.1603462409-1.png?fit=600%2C453&ssl=1","type":"image\/png"}],"twitter_card":"summary_large_image","schema":{"@context":"https:\/\/schema.org","@graph":[{"@type":"WebPage","@id":"https:\/\/www.bulkammunitionshop.com\/product\/500rds-of-defender-40-sw-reman-ammunition\/","url":"https:\/\/www.bulkammunitionshop.com\/product\/500rds-of-defender-40-sw-reman-ammunition\/","name":"500Rds of DEFENDER 40 S&W *REMAN* AMMUNITION - Bulk Ammunition shop","isPartOf":{"@id":"https:\/\/www.bulkammunitionshop.com\/#website"},"primaryImageOfPage":{"@id":"https:\/\/www.bulkammunitionshop.com\/product\/500rds-of-defender-40-sw-reman-ammunition\/#primaryimage"},"image":{"@id":"https:\/\/www.bulkammunitionshop.com\/product\/500rds-of-defender-40-sw-reman-ammunition\/#primaryimage"},"thumbnailUrl":"https:\/\/www.bulkammunitionshop.com\/wp-content\/uploads\/2022\/05\/DEF40SW180__03231.1603462409-1.png","datePublished":"2022-05-21T02:47:10+00:00","dateModified":"2022-05-21T16:20:17+00:00","breadcrumb":{"@id":"https:\/\/www.bulkammunitionshop.com\/product\/500rds-of-defender-40-sw-reman-ammunition\/#breadcrumb"},"inLanguage":"de-AT","potentialAction":[{"@type":"ReadAction","target":["https:\/\/www.bulkammunitionshop.com\/product\/500rds-of-defender-40-sw-reman-ammunition\/"]}]},{"@type":"ImageObject","inLanguage":"de-AT","@id":"https:\/\/www.bulkammunitionshop.com\/product\/500rds-of-defender-40-sw-reman-ammunition\/#primaryimage","url":"https:\/\/www.bulkammunitionshop.com\/wp-content\/uploads\/2022\/05\/DEF40SW180__03231.1603462409-1.png","contentUrl":"https:\/\/www.bulkammunitionshop.com\/wp-content\/uploads\/2022\/05\/DEF40SW180__03231.1603462409-1.png","width":600,"height":453},{"@type":"BreadcrumbList","@id":"https:\/\/www.bulkammunitionshop.com\/product\/500rds-of-defender-40-sw-reman-ammunition\/#breadcrumb","itemListElement":[{"@type":"ListItem","position":1,"name":"Home","item":"https:\/\/www.bulkammunitionshop.com\/"},{"@type":"ListItem","position":2,"name":"SHOP ALL","item":"https:\/\/www.bulkammunitionshop.com\/shop-all\/"},{"@type":"ListItem","position":3,"name":"500Rds of DEFENDER 40 S&#038;W *REMAN* AMMUNITION"}]},{"@type":"WebSite","@id":"https:\/\/www.bulkammunitionshop.com\/#website","url":"https:\/\/www.bulkammunitionshop.com\/","name":"Munitionsladen","description":"Kaufen Sie billige Munition in gro\u00dfen Mengen online - Munition in gro\u00dfen Mengen zu verkaufen - G\u00fcnstige Munition online","potentialAction":[{"@type":"SearchAction","target":{"@type":"EntryPoint","urlTemplate":"https:\/\/www.bulkammunitionshop.com\/?s={search_term_string}"},"query-input":{"@type":"PropertyValueSpecification","valueRequired":true,"valueName":"search_term_string"}}],"inLanguage":"de-AT"}]}},"jetpack_sharing_enabled":true,"_links":{"self":[{"href":"https:\/\/www.bulkammunitionshop.com\/de\/wp-json\/wp\/v2\/product\/787","targetHints":{"allow":["GET"]}}],"collection":[{"href":"https:\/\/www.bulkammunitionshop.com\/de\/wp-json\/wp\/v2\/product"}],"about":[{"href":"https:\/\/www.bulkammunitionshop.com\/de\/wp-json\/wp\/v2\/types\/product"}],"replies":[{"embeddable":true,"href":"https:\/\/www.bulkammunitionshop.com\/de\/wp-json\/wp\/v2\/comments?post=787"}],"wp:featuredmedia":[{"embeddable":true,"href":"https:\/\/www.bulkammunitionshop.com\/de\/wp-json\/wp\/v2\/media\/968"}],"wp:attachment":[{"href":"https:\/\/www.bulkammunitionshop.com\/de\/wp-json\/wp\/v2\/media?parent=787"}],"wp:term":[{"taxonomy":"product_brand","embeddable":true,"href":"https:\/\/www.bulkammunitionshop.com\/de\/wp-json\/wp\/v2\/product_brand?post=787"},{"taxonomy":"product_cat","embeddable":true,"href":"https:\/\/www.bulkammunitionshop.com\/de\/wp-json\/wp\/v2\/product_cat?post=787"},{"taxonomy":"product_tag","embeddable":true,"href":"https:\/\/www.bulkammunitionshop.com\/de\/wp-json\/wp\/v2\/product_tag?post=787"}],"curies":[{"name":"wp","href":"https:\/\/api.w.org\/{rel}","templated":true}]}}