{"id":2957,"date":"2022-10-19T23:03:09","date_gmt":"2022-10-19T23:03:09","guid":{"rendered":"https:\/\/www.bulkammunitionshop.com\/?post_type=product&#038;p=2957"},"modified":"2025-11-16T01:17:51","modified_gmt":"2025-11-16T01:17:51","slug":"remington-core-lokt-300-savage-180-grain-soft-point-core-lokt-500-schuss","status":"publish","type":"product","link":"https:\/\/www.bulkammunitionshop.com\/de\/product\/remington-core-lokt-300-savage-180-grain-soft-point-core-lokt-500-schuss\/","title":{"rendered":"Remington Core-Lokt 300 Savage 180 Grain Soft Point Core-Lokt 500 Schuss"},"content":{"rendered":"<h2 id=\"caption-header\">Produktinfo f\u00fcr\u00a0<a href=\"https:\/\/www.google.com\/search?q=remington+core-lokt+300+savage+180+grain&amp;client=opera&amp;biw=1280&amp;bih=579&amp;ei=5FLYYbSVCojygQax_JSQDg&amp;oq=&amp;gs_lcp=Cgdnd3Mtd2l6EAEYADIUCAAQ6gIQtAIQigMQtwMQ1AMQ5QIyFAgAEOoCELQCEIoDELcDENQDEOUCMhEIABDqAhC0AhCKAxC3AxDlAjIRCAAQ6gIQtAIQigMQtwMQ5QIyFAgAEOoCELQCEIoDELcDENQDEOUCMhEIABDqAhC0AhCKAxC3AxDlAjIUCAAQ6gIQtAIQigMQtwMQ1AMQ5QIyEQgAEOoCELQCEIoDELcDEOUCMhEIABDqAhC0AhCKAxC3AxDlAjIUCAAQ6gIQtAIQigMQtwMQ1AMQ5QI6BQgAELEDOggILhCABBCxAzoFCC4QgAQ6CwgAEIAEELEDEIMBOggIABCABBCxAzoLCC4QgAQQsQMQgwFKBAhBGABKBAhGGABQAFj1FWDIIWgCcAJ4AIAB8AKIAfACkgEDMy0xmAEAoAEBsAEKwAEB&amp;sclient=gws-wiz\" target=\"_blank\" rel=\"noopener\">Remington Core-Lokt .<\/a><a href=\"https:\/\/www.bulkammunitionshop.com\/de\/\">300 Savage 180 Grain<\/a>\u00a0Core-Lokt Pointed Soft Point (PSP) Zentralfeuer-Gewehrmunition mit Messingh\u00fclse<\/h2>\n<div>\n<div id=\"product-caption-block-description\" class=\"product-caption-block\">\n<p>R\u00fcsten Sie sich f\u00fcr die Gro\u00dfwildjagd mit der Remington Core-Lokt .300 Savage Munition. J\u00e4ger vertrauen seit ihrer Einf\u00fchrung 1939 auf die Core-Lokt Munition von Big Green. Seitdem wurde sie auf mehr Kontinenten zur Erlegung von Gro\u00dfwild eingesetzt als jede andere Munition. Die Core-Lokt-Munition war eine der ersten, wenn nicht sogar die erste, die ein kontrolliert expandierendes Geschoss verwendete. Das bedeutet, dass das Projektil die doppelte Expansionsgeschwindigkeit erreicht, den Gro\u00dfteil seines Gewichts beh\u00e4lt und tiefer eindringt. Remington Core-Lokt 300 Savage 180 Grain<\/p>\n<p>Die .300 Savage-Patrone verf\u00fcgt \u00fcber einen konischen Kupfermantel, der mit einem massiven Bleikern verbunden ist. Das 180-grain-Teilmantelgeschoss hat eine M\u00fcndungsgeschwindigkeit von 800 m\/s und liefert eine Energie von 1.000 m\/s. Auf 460 m\/s sinkt die Geschwindigkeit nur auf 1.433 m\/s bei einer Energie von 900 m\/s. Remington Shooting and Hunting Accessories empfiehlt die Gewehrmunition f\u00fcr die Jagd auf Hirsche, Elche und Wildschweine. Eine Packung Remington Core-Lokt .300 Savage 180-grain-Munition enth\u00e4lt 20 Schuss. Sichern Sie sich noch heute eine Packung!<\/p>\n<\/div>\n<div id=\"product-caption-block-manufacture-specification\" class=\"product-caption-block\">\n<h3>Spezifikationen f\u00fcr Remington Core-Lokt .300 Savage 180 Grain Core-Lokt Pointed Soft Point (PSP) Zentralfeuer-Gewehrmunition mit Messingh\u00fclse:<\/h3>\n<table class=\"spec-table\" border=\"0\" cellspacing=\"0\" cellpadding=\"0\">\n<tbody>\n<tr>\n<td class=\"spec-left-column\">Kaliber:<\/td>\n<td width=\"50%\">.300 Savage<\/td>\n<\/tr>\n<tr>\n<td class=\"spec-left-column\">Geschosstyp:<\/td>\n<td width=\"50%\">Core-Lokt Pointed Soft Point (PSP)<\/td>\n<\/tr>\n<tr>\n<td class=\"spec-left-column\">Geschossgewicht:<\/td>\n<td width=\"50%\">180 Korn<\/td>\n<\/tr>\n<tr>\n<td class=\"spec-left-column\">Patronenh\u00fclsenmaterial:<\/td>\n<td width=\"50%\">Messing<\/td>\n<\/tr>\n<tr>\n<td class=\"spec-left-column\">M\u00fcndungsgeschwindigkeit:<\/td>\n<td width=\"50%\">2630 Fu\u00df\/s<\/td>\n<\/tr>\n<tr>\n<td class=\"spec-left-column\">Munitionsanwendung:<\/td>\n<td width=\"50%\">Gro\u00dfwild<\/td>\n<\/tr>\n<tr>\n<td class=\"spec-left-column\">Pakettyp:<\/td>\n<td width=\"50%\">Kasten<\/td>\n<\/tr>\n<tr>\n<td class=\"spec-left-column\">Primer-Standort:<\/td>\n<td width=\"50%\">Zentralfeuer<\/td>\n<\/tr>\n<tr>\n<td class=\"spec-left-column\">M\u00fcndungsenergie:<\/td>\n<td width=\"50%\">2303 ft-lbs<\/td>\n<\/tr>\n<tr>\n<td class=\"spec-left-column\">G1 Ballistischer Koeffizient:<\/td>\n<td width=\"50%\">0.314<\/td>\n<\/tr>\n<tr>\n<td class=\"spec-left-column\">Anwendung:<\/td>\n<td width=\"50%\">Gro\u00dfwild<\/td>\n<\/tr>\n<\/tbody>\n<\/table>\n<\/div>\n<div id=\"product-caption-block-features\" class=\"product-caption-block\">\n<h3>Eigenschaften der Remington Core-Lokt-Munition:<\/h3>\n<ul>\n<li>Geschoss mit kontrollierter Expansion. Der konische Kupfermantel ist mit einem soliden Bleikern verbunden und sorgt f\u00fcr eine massive 2-fache Expansion, Gewichtserhaltung und konstante Ergebnisse beim Spiel.<\/li>\n<\/ul>\n<\/div>\n<\/div>","protected":false},"excerpt":{"rendered":"<p>Dieses Produkt ist auf Lager und versandfertig. 100% Schneller Versand garantiert. Jetzt bestellen!<\/p>\n<form class=\"cart\" action=\"https:\/\/armoryweapons.com\/product\/remington-core-lokt-300-savage-150-grain-core-lokt-pointed-soft-point-psp-brass-500-rounds\/\" enctype=\"multipart\/form-data\" method=\"post\">\n<div class=\"quantity buttons_added\"><\/div>\n<\/form>","protected":false},"featured_media":2960,"comment_status":"open","ping_status":"closed","template":"","meta":[],"product_brand":[],"product_cat":[267,121],"product_tag":[],"class_list":{"0":"post-2957","1":"product","2":"type-product","3":"status-publish","4":"has-post-thumbnail","6":"product_cat-300-savage-ammo","7":"product_cat-rifle-ammo","9":"first","10":"instock","11":"sale","12":"taxable","13":"shipping-taxable","14":"purchasable","15":"product-type-simple"},"yoast_head":"<!-- This site is optimized with the Yoast SEO Premium plugin v24.6 (Yoast SEO v25.7) - https:\/\/yoast.com\/wordpress\/plugins\/seo\/ -->\n<title>Remington core-lokt 300 savage 180 grain Soft Point Core-Lokt 500 rounds - Bulk Ammunition shop<\/title>\n<meta name=\"robots\" content=\"index, follow, max-snippet:-1, max-image-preview:large, max-video-preview:-1\" \/>\n<link rel=\"canonical\" href=\"https:\/\/www.bulkammunitionshop.com\/de\/product\/remington-core-lokt-300-savage-180-grain-soft-point-core-lokt-500-schuss\/\" \/>\n<meta property=\"og:locale\" content=\"de_DE\" \/>\n<meta property=\"og:type\" content=\"article\" \/>\n<meta property=\"og:title\" content=\"Remington core-lokt 300 savage 180 grain Soft Point Core-Lokt 500 rounds\" \/>\n<meta property=\"og:description\" content=\"This Product Is In Stock and Ready to Ship. 100% Fast Shipping Guaranteed. Place Order Now!\" \/>\n<meta property=\"og:url\" content=\"https:\/\/www.bulkammunitionshop.com\/de\/product\/remington-core-lokt-300-savage-180-grain-soft-point-core-lokt-500-schuss\/\" \/>\n<meta property=\"og:site_name\" content=\"Bulk Ammunition shop\" \/>\n<meta property=\"article:modified_time\" content=\"2025-11-16T01:17:51+00:00\" \/>\n<meta property=\"og:image\" content=\"http:\/\/www.bulkammunitionshop.com\/wp-content\/uploads\/2022\/10\/98061010-3B9C-4368-87E0-ECC83DA5BB77-510x351-1.jpeg\" \/>\n\t<meta property=\"og:image:width\" content=\"510\" \/>\n\t<meta property=\"og:image:height\" content=\"351\" \/>\n\t<meta property=\"og:image:type\" content=\"image\/jpeg\" \/>\n<meta name=\"twitter:card\" content=\"summary_large_image\" \/>\n<meta name=\"twitter:label1\" content=\"Gesch\u00e4tzte Lesezeit\" \/>\n\t<meta name=\"twitter:data1\" content=\"2 Minuten\" \/>\n<script type=\"application\/ld+json\" class=\"yoast-schema-graph\">{\"@context\":\"https:\/\/schema.org\",\"@graph\":[{\"@type\":\"WebPage\",\"@id\":\"https:\/\/www.bulkammunitionshop.com\/product\/remington-core-lokt-300-savage-180-grain-soft-point-core-lokt-500-rounds\/\",\"url\":\"https:\/\/www.bulkammunitionshop.com\/product\/remington-core-lokt-300-savage-180-grain-soft-point-core-lokt-500-rounds\/\",\"name\":\"Remington core-lokt 300 savage 180 grain Soft Point Core-Lokt 500 rounds - Bulk Ammunition shop\",\"isPartOf\":{\"@id\":\"https:\/\/www.bulkammunitionshop.com\/#website\"},\"primaryImageOfPage\":{\"@id\":\"https:\/\/www.bulkammunitionshop.com\/product\/remington-core-lokt-300-savage-180-grain-soft-point-core-lokt-500-rounds\/#primaryimage\"},\"image\":{\"@id\":\"https:\/\/www.bulkammunitionshop.com\/product\/remington-core-lokt-300-savage-180-grain-soft-point-core-lokt-500-rounds\/#primaryimage\"},\"thumbnailUrl\":\"https:\/\/www.bulkammunitionshop.com\/wp-content\/uploads\/2022\/10\/98061010-3B9C-4368-87E0-ECC83DA5BB77-510x351-1.jpeg\",\"datePublished\":\"2022-10-19T23:03:09+00:00\",\"dateModified\":\"2025-11-16T01:17:51+00:00\",\"breadcrumb\":{\"@id\":\"https:\/\/www.bulkammunitionshop.com\/product\/remington-core-lokt-300-savage-180-grain-soft-point-core-lokt-500-rounds\/#breadcrumb\"},\"inLanguage\":\"de-AT\",\"potentialAction\":[{\"@type\":\"ReadAction\",\"target\":[\"https:\/\/www.bulkammunitionshop.com\/product\/remington-core-lokt-300-savage-180-grain-soft-point-core-lokt-500-rounds\/\"]}]},{\"@type\":\"ImageObject\",\"inLanguage\":\"de-AT\",\"@id\":\"https:\/\/www.bulkammunitionshop.com\/product\/remington-core-lokt-300-savage-180-grain-soft-point-core-lokt-500-rounds\/#primaryimage\",\"url\":\"https:\/\/www.bulkammunitionshop.com\/wp-content\/uploads\/2022\/10\/98061010-3B9C-4368-87E0-ECC83DA5BB77-510x351-1.jpeg\",\"contentUrl\":\"https:\/\/www.bulkammunitionshop.com\/wp-content\/uploads\/2022\/10\/98061010-3B9C-4368-87E0-ECC83DA5BB77-510x351-1.jpeg\",\"width\":510,\"height\":351},{\"@type\":\"BreadcrumbList\",\"@id\":\"https:\/\/www.bulkammunitionshop.com\/product\/remington-core-lokt-300-savage-180-grain-soft-point-core-lokt-500-rounds\/#breadcrumb\",\"itemListElement\":[{\"@type\":\"ListItem\",\"position\":1,\"name\":\"Home\",\"item\":\"https:\/\/www.bulkammunitionshop.com\/\"},{\"@type\":\"ListItem\",\"position\":2,\"name\":\"SHOP ALL\",\"item\":\"https:\/\/www.bulkammunitionshop.com\/shop-all\/\"},{\"@type\":\"ListItem\",\"position\":3,\"name\":\"Remington core-lokt 300 savage 180 grain Soft Point Core-Lokt 500 rounds\"}]},{\"@type\":\"WebSite\",\"@id\":\"https:\/\/www.bulkammunitionshop.com\/#website\",\"url\":\"https:\/\/www.bulkammunitionshop.com\/\",\"name\":\"Bulk Ammunition shop\",\"description\":\"Buy Cheap Bulk Ammo Online - Bulk Ammo for Sale- Cheap Ammo Online\",\"potentialAction\":[{\"@type\":\"SearchAction\",\"target\":{\"@type\":\"EntryPoint\",\"urlTemplate\":\"https:\/\/www.bulkammunitionshop.com\/?s={search_term_string}\"},\"query-input\":{\"@type\":\"PropertyValueSpecification\",\"valueRequired\":true,\"valueName\":\"search_term_string\"}}],\"inLanguage\":\"de-AT\"}]}<\/script>\n<!-- \/ Yoast SEO Premium plugin. -->","yoast_head_json":{"title":"Remington Core-Lokt 300 Savage 180 Grain Soft Point Core-Lokt 500 Schuss - Munitionsladen","robots":{"index":"index","follow":"follow","max-snippet":"max-snippet:-1","max-image-preview":"max-image-preview:large","max-video-preview":"max-video-preview:-1"},"canonical":"https:\/\/www.bulkammunitionshop.com\/de\/product\/remington-core-lokt-300-savage-180-grain-soft-point-core-lokt-500-schuss\/","og_locale":"de_DE","og_type":"article","og_title":"Remington core-lokt 300 savage 180 grain Soft Point Core-Lokt 500 rounds","og_description":"This Product Is In Stock and Ready to Ship. 100% Fast Shipping Guaranteed. Place Order Now!","og_url":"https:\/\/www.bulkammunitionshop.com\/de\/product\/remington-core-lokt-300-savage-180-grain-soft-point-core-lokt-500-schuss\/","og_site_name":"Bulk Ammunition shop","article_modified_time":"2025-11-16T01:17:51+00:00","og_image":[{"width":510,"height":351,"url":"http:\/\/www.bulkammunitionshop.com\/wp-content\/uploads\/2022\/10\/98061010-3B9C-4368-87E0-ECC83DA5BB77-510x351-1.jpeg","type":"image\/jpeg"}],"twitter_card":"summary_large_image","twitter_misc":{"Gesch\u00e4tzte Lesezeit":"2 Minuten"},"schema":{"@context":"https:\/\/schema.org","@graph":[{"@type":"WebPage","@id":"https:\/\/www.bulkammunitionshop.com\/product\/remington-core-lokt-300-savage-180-grain-soft-point-core-lokt-500-rounds\/","url":"https:\/\/www.bulkammunitionshop.com\/product\/remington-core-lokt-300-savage-180-grain-soft-point-core-lokt-500-rounds\/","name":"Remington Core-Lokt 300 Savage 180 Grain Soft Point Core-Lokt 500 Schuss - Munitionsladen","isPartOf":{"@id":"https:\/\/www.bulkammunitionshop.com\/#website"},"primaryImageOfPage":{"@id":"https:\/\/www.bulkammunitionshop.com\/product\/remington-core-lokt-300-savage-180-grain-soft-point-core-lokt-500-rounds\/#primaryimage"},"image":{"@id":"https:\/\/www.bulkammunitionshop.com\/product\/remington-core-lokt-300-savage-180-grain-soft-point-core-lokt-500-rounds\/#primaryimage"},"thumbnailUrl":"https:\/\/www.bulkammunitionshop.com\/wp-content\/uploads\/2022\/10\/98061010-3B9C-4368-87E0-ECC83DA5BB77-510x351-1.jpeg","datePublished":"2022-10-19T23:03:09+00:00","dateModified":"2025-11-16T01:17:51+00:00","breadcrumb":{"@id":"https:\/\/www.bulkammunitionshop.com\/product\/remington-core-lokt-300-savage-180-grain-soft-point-core-lokt-500-rounds\/#breadcrumb"},"inLanguage":"de-AT","potentialAction":[{"@type":"ReadAction","target":["https:\/\/www.bulkammunitionshop.com\/product\/remington-core-lokt-300-savage-180-grain-soft-point-core-lokt-500-rounds\/"]}]},{"@type":"ImageObject","inLanguage":"de-AT","@id":"https:\/\/www.bulkammunitionshop.com\/product\/remington-core-lokt-300-savage-180-grain-soft-point-core-lokt-500-rounds\/#primaryimage","url":"https:\/\/www.bulkammunitionshop.com\/wp-content\/uploads\/2022\/10\/98061010-3B9C-4368-87E0-ECC83DA5BB77-510x351-1.jpeg","contentUrl":"https:\/\/www.bulkammunitionshop.com\/wp-content\/uploads\/2022\/10\/98061010-3B9C-4368-87E0-ECC83DA5BB77-510x351-1.jpeg","width":510,"height":351},{"@type":"BreadcrumbList","@id":"https:\/\/www.bulkammunitionshop.com\/product\/remington-core-lokt-300-savage-180-grain-soft-point-core-lokt-500-rounds\/#breadcrumb","itemListElement":[{"@type":"ListItem","position":1,"name":"Home","item":"https:\/\/www.bulkammunitionshop.com\/"},{"@type":"ListItem","position":2,"name":"SHOP ALL","item":"https:\/\/www.bulkammunitionshop.com\/shop-all\/"},{"@type":"ListItem","position":3,"name":"Remington core-lokt 300 savage 180 grain Soft Point Core-Lokt 500 rounds"}]},{"@type":"WebSite","@id":"https:\/\/www.bulkammunitionshop.com\/#website","url":"https:\/\/www.bulkammunitionshop.com\/","name":"Munitionsladen","description":"Kaufen Sie billige Munition in gro\u00dfen Mengen online - Munition in gro\u00dfen Mengen zu verkaufen - G\u00fcnstige Munition online","potentialAction":[{"@type":"SearchAction","target":{"@type":"EntryPoint","urlTemplate":"https:\/\/www.bulkammunitionshop.com\/?s={search_term_string}"},"query-input":{"@type":"PropertyValueSpecification","valueRequired":true,"valueName":"search_term_string"}}],"inLanguage":"de-AT"}]}},"jetpack_sharing_enabled":true,"_links":{"self":[{"href":"https:\/\/www.bulkammunitionshop.com\/de\/wp-json\/wp\/v2\/product\/2957","targetHints":{"allow":["GET"]}}],"collection":[{"href":"https:\/\/www.bulkammunitionshop.com\/de\/wp-json\/wp\/v2\/product"}],"about":[{"href":"https:\/\/www.bulkammunitionshop.com\/de\/wp-json\/wp\/v2\/types\/product"}],"replies":[{"embeddable":true,"href":"https:\/\/www.bulkammunitionshop.com\/de\/wp-json\/wp\/v2\/comments?post=2957"}],"wp:featuredmedia":[{"embeddable":true,"href":"https:\/\/www.bulkammunitionshop.com\/de\/wp-json\/wp\/v2\/media\/2960"}],"wp:attachment":[{"href":"https:\/\/www.bulkammunitionshop.com\/de\/wp-json\/wp\/v2\/media?parent=2957"}],"wp:term":[{"taxonomy":"product_brand","embeddable":true,"href":"https:\/\/www.bulkammunitionshop.com\/de\/wp-json\/wp\/v2\/product_brand?post=2957"},{"taxonomy":"product_cat","embeddable":true,"href":"https:\/\/www.bulkammunitionshop.com\/de\/wp-json\/wp\/v2\/product_cat?post=2957"},{"taxonomy":"product_tag","embeddable":true,"href":"https:\/\/www.bulkammunitionshop.com\/de\/wp-json\/wp\/v2\/product_tag?post=2957"}],"curies":[{"name":"wp","href":"https:\/\/api.w.org\/{rel}","templated":true}]}}