{"id":1479,"date":"2022-05-21T16:28:09","date_gmt":"2022-05-21T16:28:09","guid":{"rendered":"https:\/\/www.bulkammunitionshop.com\/?post_type=product&#038;p=1479"},"modified":"2022-11-01T09:32:03","modified_gmt":"2022-11-01T09:32:03","slug":"500rds-of-federal-premium-vital-shok-300-winchester-magnum-180-grain-nosler-partition-centerfire-rifle-ammunition","status":"publish","type":"product","link":"https:\/\/www.bulkammunitionshop.com\/de\/product\/500rds-of-federal-premium-vital-shok-300-winchester-magnum-180-grain-nosler-partition-centerfire-rifle-ammunition\/","title":{"rendered":"500Rds of Federal Premium VITAL-SHOK .300 Winchester Magnum 180 grain Nosler Partition Centerfire Rifle Ammunition"},"content":{"rendered":"<h2 id=\"caption-header\">Product Info for\u00a0Federal Premium VITAL-SHOK .300 Winchester Magnum 180 grain Nosler Partition Centerfire Rifle Ammunition<\/h2>\n<div>\n<div id=\"product-caption-block-description\" class=\"product-caption-block\">\n<p>Enjoy Federal Premium Vital-Shok Centerfire Rifle Ammunition. This particular ammo is uniquely designed with a patented Federal Premium process that helps to absorb shock. There are many new features that this company has created with you in mind. Focused on improving performance for the shooter this company now offers this new reliable line of ammo that is raved about by law enforcement professionals and professional shooters alike. It is easy to see why this company has remained so successful over the years.<\/p>\n<\/div>\n<div id=\"product-caption-block-manufacture-specification\" class=\"product-caption-block\">\n<h3>Specifications for Federal Premium VITAL-SHOK .300 Winchester Magnum 180 grain Nosler Partition Centerfire Rifle Ammunition:<\/h3>\n<table class=\"spec-table\" border=\"0\" cellspacing=\"0\" cellpadding=\"0\">\n<tbody>\n<tr>\n<td class=\"spec-left-column\">Kaliber:<\/td>\n<td width=\"50%\">.300 Winchester Magnum<\/td>\n<\/tr>\n<tr>\n<td class=\"spec-left-column\">Anzahl der Runden:<\/td>\n<td width=\"50%\">500<\/td>\n<\/tr>\n<tr>\n<td class=\"spec-left-column\">Geschosstyp:<\/td>\n<td width=\"50%\">Nosler-Partition<\/td>\n<\/tr>\n<tr>\n<td class=\"spec-left-column\">Geschossgewicht:<\/td>\n<td width=\"50%\">180 Korn<\/td>\n<\/tr>\n<tr>\n<td class=\"spec-left-column\">M\u00fcndungsgeschwindigkeit:<\/td>\n<td width=\"50%\">2960 ft\/s<\/td>\n<\/tr>\n<tr>\n<td class=\"spec-left-column\">Primer-Standort:<\/td>\n<td width=\"50%\">Zentralfeuer<\/td>\n<\/tr>\n<\/tbody>\n<\/table>\n<\/div>\n<div id=\"product-caption-block-features\" class=\"product-caption-block\">\n<h3>Features of Federal Premium Vital-Shok .300 Winchester Magnum 180gr. Nosler Partition Rifle Ammo &#8211; 20 Rounds<\/h3>\n<ul>\n<li>World-renowned bullet features a partitioned lead core<\/li>\n<li>Front half mushrooms, producing rapid expansion and energy release<\/li>\n<li>Back half remains intact, ensuring deep penetration through weight retention<\/li>\n<li>Perfect for all big game at close to mid-ranges<\/li>\n<li>A portion of the proceeds of each sale of this product go directly to the conservation effort of Rocky Mountain Elk Foundation (RMEF)<\/li>\n<\/ul>\n<\/div>\n<\/div>","protected":false},"excerpt":{"rendered":"<p>Dieses Produkt ist auf Lager und versandfertig. 100% Schneller Versand garantiert. Jetzt bestellen!<\/p>","protected":false},"featured_media":1509,"comment_status":"open","ping_status":"closed","template":"","meta":[],"product_brand":[],"product_cat":[227,121],"product_tag":[],"class_list":{"0":"post-1479","1":"product","2":"type-product","3":"status-publish","4":"has-post-thumbnail","6":"product_cat-300-win-mag","7":"product_cat-rifle-ammo","9":"first","10":"instock","11":"taxable","12":"shipping-taxable","13":"purchasable","14":"product-type-simple"},"yoast_head":"<!-- This site is optimized with the Yoast SEO Premium plugin v24.6 (Yoast SEO v25.7) - https:\/\/yoast.com\/wordpress\/plugins\/seo\/ -->\n<title>500Rds of Federal Premium VITAL-SHOK .300 Winchester Magnum 180 grain Nosler Partition Centerfire Rifle Ammunition - Bulk Ammunition shop<\/title>\n<meta name=\"robots\" content=\"index, follow, max-snippet:-1, max-image-preview:large, max-video-preview:-1\" \/>\n<link rel=\"canonical\" href=\"https:\/\/www.bulkammunitionshop.com\/de\/product\/500rds-of-federal-premium-vital-shok-300-winchester-magnum-180-grain-nosler-partition-centerfire-rifle-ammunition\/\" \/>\n<meta property=\"og:locale\" content=\"de_DE\" \/>\n<meta property=\"og:type\" content=\"article\" \/>\n<meta property=\"og:title\" content=\"500Rds of Federal Premium VITAL-SHOK .300 Winchester Magnum 180 grain Nosler Partition Centerfire Rifle Ammunition\" \/>\n<meta property=\"og:description\" content=\"This Product Is In Stock and Ready to Ship. 100% Fast Shipping Guaranteed. Place Order Now!\" \/>\n<meta property=\"og:url\" content=\"https:\/\/www.bulkammunitionshop.com\/de\/product\/500rds-of-federal-premium-vital-shok-300-winchester-magnum-180-grain-nosler-partition-centerfire-rifle-ammunition\/\" \/>\n<meta property=\"og:site_name\" content=\"Bulk Ammunition shop\" \/>\n<meta property=\"article:modified_time\" content=\"2022-11-01T09:32:03+00:00\" \/>\n<meta property=\"og:image\" content=\"http:\/\/www.bulkammunitionshop.com\/wp-content\/uploads\/2022\/05\/opplanet-federal-premium-vital-shok-rifle-ammo-300-winchester-magnum-nosler-partition-180-grain-20-rounds-p300wd2-main.jpg\" \/>\n\t<meta property=\"og:image:width\" content=\"978\" \/>\n\t<meta property=\"og:image:height\" content=\"550\" \/>\n\t<meta property=\"og:image:type\" content=\"image\/jpeg\" \/>\n<meta name=\"twitter:card\" content=\"summary_large_image\" \/>\n<meta name=\"twitter:label1\" content=\"Gesch\u00e4tzte Lesezeit\" \/>\n\t<meta name=\"twitter:data1\" content=\"1 Minute\" \/>\n<script type=\"application\/ld+json\" class=\"yoast-schema-graph\">{\"@context\":\"https:\/\/schema.org\",\"@graph\":[{\"@type\":\"WebPage\",\"@id\":\"https:\/\/www.bulkammunitionshop.com\/product\/500rds-of-federal-premium-vital-shok-300-winchester-magnum-180-grain-nosler-partition-centerfire-rifle-ammunition\/\",\"url\":\"https:\/\/www.bulkammunitionshop.com\/product\/500rds-of-federal-premium-vital-shok-300-winchester-magnum-180-grain-nosler-partition-centerfire-rifle-ammunition\/\",\"name\":\"500Rds of Federal Premium VITAL-SHOK .300 Winchester Magnum 180 grain Nosler Partition Centerfire Rifle Ammunition - Bulk Ammunition shop\",\"isPartOf\":{\"@id\":\"https:\/\/www.bulkammunitionshop.com\/#website\"},\"primaryImageOfPage\":{\"@id\":\"https:\/\/www.bulkammunitionshop.com\/product\/500rds-of-federal-premium-vital-shok-300-winchester-magnum-180-grain-nosler-partition-centerfire-rifle-ammunition\/#primaryimage\"},\"image\":{\"@id\":\"https:\/\/www.bulkammunitionshop.com\/product\/500rds-of-federal-premium-vital-shok-300-winchester-magnum-180-grain-nosler-partition-centerfire-rifle-ammunition\/#primaryimage\"},\"thumbnailUrl\":\"https:\/\/www.bulkammunitionshop.com\/wp-content\/uploads\/2022\/05\/opplanet-federal-premium-vital-shok-rifle-ammo-300-winchester-magnum-nosler-partition-180-grain-20-rounds-p300wd2-main.jpg\",\"datePublished\":\"2022-05-21T16:28:09+00:00\",\"dateModified\":\"2022-11-01T09:32:03+00:00\",\"breadcrumb\":{\"@id\":\"https:\/\/www.bulkammunitionshop.com\/product\/500rds-of-federal-premium-vital-shok-300-winchester-magnum-180-grain-nosler-partition-centerfire-rifle-ammunition\/#breadcrumb\"},\"inLanguage\":\"de-AT\",\"potentialAction\":[{\"@type\":\"ReadAction\",\"target\":[\"https:\/\/www.bulkammunitionshop.com\/product\/500rds-of-federal-premium-vital-shok-300-winchester-magnum-180-grain-nosler-partition-centerfire-rifle-ammunition\/\"]}]},{\"@type\":\"ImageObject\",\"inLanguage\":\"de-AT\",\"@id\":\"https:\/\/www.bulkammunitionshop.com\/product\/500rds-of-federal-premium-vital-shok-300-winchester-magnum-180-grain-nosler-partition-centerfire-rifle-ammunition\/#primaryimage\",\"url\":\"https:\/\/www.bulkammunitionshop.com\/wp-content\/uploads\/2022\/05\/opplanet-federal-premium-vital-shok-rifle-ammo-300-winchester-magnum-nosler-partition-180-grain-20-rounds-p300wd2-main.jpg\",\"contentUrl\":\"https:\/\/www.bulkammunitionshop.com\/wp-content\/uploads\/2022\/05\/opplanet-federal-premium-vital-shok-rifle-ammo-300-winchester-magnum-nosler-partition-180-grain-20-rounds-p300wd2-main.jpg\",\"width\":978,\"height\":550},{\"@type\":\"BreadcrumbList\",\"@id\":\"https:\/\/www.bulkammunitionshop.com\/product\/500rds-of-federal-premium-vital-shok-300-winchester-magnum-180-grain-nosler-partition-centerfire-rifle-ammunition\/#breadcrumb\",\"itemListElement\":[{\"@type\":\"ListItem\",\"position\":1,\"name\":\"Home\",\"item\":\"https:\/\/www.bulkammunitionshop.com\/\"},{\"@type\":\"ListItem\",\"position\":2,\"name\":\"SHOP ALL\",\"item\":\"https:\/\/www.bulkammunitionshop.com\/shop-all\/\"},{\"@type\":\"ListItem\",\"position\":3,\"name\":\"500Rds of Federal Premium VITAL-SHOK .300 Winchester Magnum 180 grain Nosler Partition Centerfire Rifle Ammunition\"}]},{\"@type\":\"WebSite\",\"@id\":\"https:\/\/www.bulkammunitionshop.com\/#website\",\"url\":\"https:\/\/www.bulkammunitionshop.com\/\",\"name\":\"Bulk Ammunition shop\",\"description\":\"Buy Cheap Bulk Ammo Online - Bulk Ammo for Sale- Cheap Ammo Online\",\"potentialAction\":[{\"@type\":\"SearchAction\",\"target\":{\"@type\":\"EntryPoint\",\"urlTemplate\":\"https:\/\/www.bulkammunitionshop.com\/?s={search_term_string}\"},\"query-input\":{\"@type\":\"PropertyValueSpecification\",\"valueRequired\":true,\"valueName\":\"search_term_string\"}}],\"inLanguage\":\"de-AT\"}]}<\/script>\n<!-- \/ Yoast SEO Premium plugin. -->","yoast_head_json":{"title":"500Rds of Federal Premium VITAL-SHOK .300 Winchester Magnum 180 grain Nosler Partition Centerfire Rifle Ammunition - Bulk Ammunition shop","robots":{"index":"index","follow":"follow","max-snippet":"max-snippet:-1","max-image-preview":"max-image-preview:large","max-video-preview":"max-video-preview:-1"},"canonical":"https:\/\/www.bulkammunitionshop.com\/de\/product\/500rds-of-federal-premium-vital-shok-300-winchester-magnum-180-grain-nosler-partition-centerfire-rifle-ammunition\/","og_locale":"de_DE","og_type":"article","og_title":"500Rds of Federal Premium VITAL-SHOK .300 Winchester Magnum 180 grain Nosler Partition Centerfire Rifle Ammunition","og_description":"This Product Is In Stock and Ready to Ship. 100% Fast Shipping Guaranteed. Place Order Now!","og_url":"https:\/\/www.bulkammunitionshop.com\/de\/product\/500rds-of-federal-premium-vital-shok-300-winchester-magnum-180-grain-nosler-partition-centerfire-rifle-ammunition\/","og_site_name":"Bulk Ammunition shop","article_modified_time":"2022-11-01T09:32:03+00:00","og_image":[{"width":978,"height":550,"url":"http:\/\/www.bulkammunitionshop.com\/wp-content\/uploads\/2022\/05\/opplanet-federal-premium-vital-shok-rifle-ammo-300-winchester-magnum-nosler-partition-180-grain-20-rounds-p300wd2-main.jpg","type":"image\/jpeg"}],"twitter_card":"summary_large_image","twitter_misc":{"Gesch\u00e4tzte Lesezeit":"1 Minute"},"schema":{"@context":"https:\/\/schema.org","@graph":[{"@type":"WebPage","@id":"https:\/\/www.bulkammunitionshop.com\/product\/500rds-of-federal-premium-vital-shok-300-winchester-magnum-180-grain-nosler-partition-centerfire-rifle-ammunition\/","url":"https:\/\/www.bulkammunitionshop.com\/product\/500rds-of-federal-premium-vital-shok-300-winchester-magnum-180-grain-nosler-partition-centerfire-rifle-ammunition\/","name":"500Rds of Federal Premium VITAL-SHOK .300 Winchester Magnum 180 grain Nosler Partition Centerfire Rifle Ammunition - Bulk Ammunition shop","isPartOf":{"@id":"https:\/\/www.bulkammunitionshop.com\/#website"},"primaryImageOfPage":{"@id":"https:\/\/www.bulkammunitionshop.com\/product\/500rds-of-federal-premium-vital-shok-300-winchester-magnum-180-grain-nosler-partition-centerfire-rifle-ammunition\/#primaryimage"},"image":{"@id":"https:\/\/www.bulkammunitionshop.com\/product\/500rds-of-federal-premium-vital-shok-300-winchester-magnum-180-grain-nosler-partition-centerfire-rifle-ammunition\/#primaryimage"},"thumbnailUrl":"https:\/\/www.bulkammunitionshop.com\/wp-content\/uploads\/2022\/05\/opplanet-federal-premium-vital-shok-rifle-ammo-300-winchester-magnum-nosler-partition-180-grain-20-rounds-p300wd2-main.jpg","datePublished":"2022-05-21T16:28:09+00:00","dateModified":"2022-11-01T09:32:03+00:00","breadcrumb":{"@id":"https:\/\/www.bulkammunitionshop.com\/product\/500rds-of-federal-premium-vital-shok-300-winchester-magnum-180-grain-nosler-partition-centerfire-rifle-ammunition\/#breadcrumb"},"inLanguage":"de-AT","potentialAction":[{"@type":"ReadAction","target":["https:\/\/www.bulkammunitionshop.com\/product\/500rds-of-federal-premium-vital-shok-300-winchester-magnum-180-grain-nosler-partition-centerfire-rifle-ammunition\/"]}]},{"@type":"ImageObject","inLanguage":"de-AT","@id":"https:\/\/www.bulkammunitionshop.com\/product\/500rds-of-federal-premium-vital-shok-300-winchester-magnum-180-grain-nosler-partition-centerfire-rifle-ammunition\/#primaryimage","url":"https:\/\/www.bulkammunitionshop.com\/wp-content\/uploads\/2022\/05\/opplanet-federal-premium-vital-shok-rifle-ammo-300-winchester-magnum-nosler-partition-180-grain-20-rounds-p300wd2-main.jpg","contentUrl":"https:\/\/www.bulkammunitionshop.com\/wp-content\/uploads\/2022\/05\/opplanet-federal-premium-vital-shok-rifle-ammo-300-winchester-magnum-nosler-partition-180-grain-20-rounds-p300wd2-main.jpg","width":978,"height":550},{"@type":"BreadcrumbList","@id":"https:\/\/www.bulkammunitionshop.com\/product\/500rds-of-federal-premium-vital-shok-300-winchester-magnum-180-grain-nosler-partition-centerfire-rifle-ammunition\/#breadcrumb","itemListElement":[{"@type":"ListItem","position":1,"name":"Home","item":"https:\/\/www.bulkammunitionshop.com\/"},{"@type":"ListItem","position":2,"name":"SHOP ALL","item":"https:\/\/www.bulkammunitionshop.com\/shop-all\/"},{"@type":"ListItem","position":3,"name":"500Rds of Federal Premium VITAL-SHOK .300 Winchester Magnum 180 grain Nosler Partition Centerfire Rifle Ammunition"}]},{"@type":"WebSite","@id":"https:\/\/www.bulkammunitionshop.com\/#website","url":"https:\/\/www.bulkammunitionshop.com\/","name":"Munitionsladen","description":"Kaufen Sie billige Munition in gro\u00dfen Mengen online - Munition in gro\u00dfen Mengen zu verkaufen - G\u00fcnstige Munition online","potentialAction":[{"@type":"SearchAction","target":{"@type":"EntryPoint","urlTemplate":"https:\/\/www.bulkammunitionshop.com\/?s={search_term_string}"},"query-input":{"@type":"PropertyValueSpecification","valueRequired":true,"valueName":"search_term_string"}}],"inLanguage":"de-AT"}]}},"jetpack_sharing_enabled":true,"_links":{"self":[{"href":"https:\/\/www.bulkammunitionshop.com\/de\/wp-json\/wp\/v2\/product\/1479","targetHints":{"allow":["GET"]}}],"collection":[{"href":"https:\/\/www.bulkammunitionshop.com\/de\/wp-json\/wp\/v2\/product"}],"about":[{"href":"https:\/\/www.bulkammunitionshop.com\/de\/wp-json\/wp\/v2\/types\/product"}],"replies":[{"embeddable":true,"href":"https:\/\/www.bulkammunitionshop.com\/de\/wp-json\/wp\/v2\/comments?post=1479"}],"wp:featuredmedia":[{"embeddable":true,"href":"https:\/\/www.bulkammunitionshop.com\/de\/wp-json\/wp\/v2\/media\/1509"}],"wp:attachment":[{"href":"https:\/\/www.bulkammunitionshop.com\/de\/wp-json\/wp\/v2\/media?parent=1479"}],"wp:term":[{"taxonomy":"product_brand","embeddable":true,"href":"https:\/\/www.bulkammunitionshop.com\/de\/wp-json\/wp\/v2\/product_brand?post=1479"},{"taxonomy":"product_cat","embeddable":true,"href":"https:\/\/www.bulkammunitionshop.com\/de\/wp-json\/wp\/v2\/product_cat?post=1479"},{"taxonomy":"product_tag","embeddable":true,"href":"https:\/\/www.bulkammunitionshop.com\/de\/wp-json\/wp\/v2\/product_tag?post=1479"}],"curies":[{"name":"wp","href":"https:\/\/api.w.org\/{rel}","templated":true}]}}