{"id":1264,"date":"2022-05-21T16:24:36","date_gmt":"2022-05-21T16:24:36","guid":{"rendered":"https:\/\/www.bulkammunitionshop.com\/?post_type=product&#038;p=1264"},"modified":"2022-05-21T16:25:04","modified_gmt":"2022-05-21T16:25:04","slug":"500rds-of-winchester-usa-handgun-40-sw-165-grain-full-metal-jacket","status":"publish","type":"product","link":"https:\/\/www.bulkammunitionshop.com\/da\/vare\/500rds-of-winchester-usa-handgun-40-sw-165-grain-full-metal-jacket\/","title":{"rendered":"500rds of Winchester USA HANDGUN .40 S&#038;W 165 grain Full Metal Jacket"},"content":{"rendered":"<h1><strong>Beskrivelse<\/strong><\/h1>\n<p>Backed by generations of legendary excellence, Winchester &#8220;USA White Box&#8221; stands for consistent performance and outstanding value, offering high-quality ammunition to suit a wide range of hunter&#8217;s and shooter&#8217;s needs.<\/p>\n<ul>\n<li>Consistent AccuracyTrusted for target and range shooting<\/li>\n<li>Full Metal JacketProvides positive functioning and no expansion<\/li>\n<li>Reduced Barrel FoulingFewer cleanings and more range time<\/li>\n<\/ul>\n<p>&nbsp;<\/p>\n<table class=\"spec-table\" style=\"height: 75px;\" border=\"0\" width=\"314\" cellspacing=\"0\" cellpadding=\"0\">\n<tbody>\n<tr>\n<td class=\"spec-left-column\">Kaliber:<\/td>\n<td width=\"50%\">.40 S&amp;W<\/td>\n<\/tr>\n<tr>\n<td class=\"spec-left-column\">Punkttype:<\/td>\n<td width=\"50%\">Full Metal Jacket (FMJ)<\/td>\n<\/tr>\n<tr>\n<td class=\"spec-left-column\">Kuglev\u00e6gt:<\/td>\n<td width=\"50%\">165 grain<\/td>\n<\/tr>\n<tr>\n<td class=\"spec-left-column\">Primerplacering:<\/td>\n<td width=\"50%\">Centerfire<\/td>\n<\/tr>\n<\/tbody>\n<\/table>","protected":false},"excerpt":{"rendered":"<p>Description Backed by generations of legendary excellence, Winchester &#8220;USA White Box&#8221; stands for consistent performance and outstanding value, offering high-quality ammunition to suit a wide range of hunter&#8217;s and shooter&#8217;s needs. Consistent AccuracyTrusted for target and range shooting Full Metal JacketProvides positive functioning and no expansion Reduced Barrel FoulingFewer cleanings and more range time &nbsp; [&#8230;]","protected":false},"featured_media":1309,"comment_status":"open","ping_status":"closed","template":"","meta":[],"product_brand":[],"product_cat":[180,112],"product_tag":[],"class_list":{"0":"post-1264","1":"product","2":"type-product","3":"status-publish","4":"has-post-thumbnail","6":"product_cat-40-sw","7":"product_cat-handgun-ammo","9":"first","10":"instock","11":"taxable","12":"shipping-taxable","13":"purchasable","14":"product-type-simple"},"yoast_head":"<!-- This site is optimized with the Yoast SEO Premium plugin v24.6 (Yoast SEO v25.7) - https:\/\/yoast.com\/wordpress\/plugins\/seo\/ -->\n<title>500rds of Winchester USA HANDGUN .40 S&amp;W 165 grain Full Metal Jacket - Bulk Ammunition shop<\/title>\n<meta name=\"robots\" content=\"index, follow, max-snippet:-1, max-image-preview:large, max-video-preview:-1\" \/>\n<link rel=\"canonical\" href=\"https:\/\/www.bulkammunitionshop.com\/da\/vare\/500rds-of-winchester-usa-handgun-40-sw-165-grain-full-metal-jacket\/\" \/>\n<meta property=\"og:locale\" content=\"da_DK\" \/>\n<meta property=\"og:type\" content=\"article\" \/>\n<meta property=\"og:title\" content=\"500rds of Winchester USA HANDGUN .40 S&amp;W 165 grain Full Metal Jacket\" \/>\n<meta property=\"og:description\" content=\"Description Backed by generations of legendary excellence, Winchester &#8220;USA White Box&#8221; stands for consistent performance and outstanding value, offering high-quality ammunition to suit a wide range of hunter&#8217;s and shooter&#8217;s needs. Consistent AccuracyTrusted for target and range shooting Full Metal JacketProvides positive functioning and no expansion Reduced Barrel FoulingFewer cleanings and more range time &nbsp; [...]\" \/>\n<meta property=\"og:url\" content=\"https:\/\/www.bulkammunitionshop.com\/da\/vare\/500rds-of-winchester-usa-handgun-40-sw-165-grain-full-metal-jacket\/\" \/>\n<meta property=\"og:site_name\" content=\"Bulk Ammunition shop\" \/>\n<meta property=\"article:modified_time\" content=\"2022-05-21T16:25:04+00:00\" \/>\n<meta property=\"og:image\" content=\"https:\/\/i0.wp.com\/www.bulkammunitionshop.com\/wp-content\/uploads\/2022\/05\/opplanet-winchester-usa-handgun-ammo-40-s-w-full-metal-jacket-165-grain-500-rounds-usa40ac.jpg?fit=978%2C550&ssl=1\" \/>\n\t<meta property=\"og:image:width\" content=\"978\" \/>\n\t<meta property=\"og:image:height\" content=\"550\" \/>\n\t<meta property=\"og:image:type\" content=\"image\/jpeg\" \/>\n<meta name=\"twitter:card\" content=\"summary_large_image\" \/>\n<script type=\"application\/ld+json\" class=\"yoast-schema-graph\">{\"@context\":\"https:\/\/schema.org\",\"@graph\":[{\"@type\":\"WebPage\",\"@id\":\"https:\/\/www.bulkammunitionshop.com\/product\/500rds-of-winchester-usa-handgun-40-sw-165-grain-full-metal-jacket\/\",\"url\":\"https:\/\/www.bulkammunitionshop.com\/product\/500rds-of-winchester-usa-handgun-40-sw-165-grain-full-metal-jacket\/\",\"name\":\"500rds of Winchester USA HANDGUN .40 S&W 165 grain Full Metal Jacket - Bulk Ammunition shop\",\"isPartOf\":{\"@id\":\"https:\/\/www.bulkammunitionshop.com\/#website\"},\"primaryImageOfPage\":{\"@id\":\"https:\/\/www.bulkammunitionshop.com\/product\/500rds-of-winchester-usa-handgun-40-sw-165-grain-full-metal-jacket\/#primaryimage\"},\"image\":{\"@id\":\"https:\/\/www.bulkammunitionshop.com\/product\/500rds-of-winchester-usa-handgun-40-sw-165-grain-full-metal-jacket\/#primaryimage\"},\"thumbnailUrl\":\"https:\/\/www.bulkammunitionshop.com\/wp-content\/uploads\/2022\/05\/opplanet-winchester-usa-handgun-ammo-40-s-w-full-metal-jacket-165-grain-500-rounds-usa40ac.jpg\",\"datePublished\":\"2022-05-21T16:24:36+00:00\",\"dateModified\":\"2022-05-21T16:25:04+00:00\",\"breadcrumb\":{\"@id\":\"https:\/\/www.bulkammunitionshop.com\/product\/500rds-of-winchester-usa-handgun-40-sw-165-grain-full-metal-jacket\/#breadcrumb\"},\"inLanguage\":\"da-DK\",\"potentialAction\":[{\"@type\":\"ReadAction\",\"target\":[\"https:\/\/www.bulkammunitionshop.com\/product\/500rds-of-winchester-usa-handgun-40-sw-165-grain-full-metal-jacket\/\"]}]},{\"@type\":\"ImageObject\",\"inLanguage\":\"da-DK\",\"@id\":\"https:\/\/www.bulkammunitionshop.com\/product\/500rds-of-winchester-usa-handgun-40-sw-165-grain-full-metal-jacket\/#primaryimage\",\"url\":\"https:\/\/www.bulkammunitionshop.com\/wp-content\/uploads\/2022\/05\/opplanet-winchester-usa-handgun-ammo-40-s-w-full-metal-jacket-165-grain-500-rounds-usa40ac.jpg\",\"contentUrl\":\"https:\/\/www.bulkammunitionshop.com\/wp-content\/uploads\/2022\/05\/opplanet-winchester-usa-handgun-ammo-40-s-w-full-metal-jacket-165-grain-500-rounds-usa40ac.jpg\",\"width\":978,\"height\":550},{\"@type\":\"BreadcrumbList\",\"@id\":\"https:\/\/www.bulkammunitionshop.com\/product\/500rds-of-winchester-usa-handgun-40-sw-165-grain-full-metal-jacket\/#breadcrumb\",\"itemListElement\":[{\"@type\":\"ListItem\",\"position\":1,\"name\":\"Home\",\"item\":\"https:\/\/www.bulkammunitionshop.com\/\"},{\"@type\":\"ListItem\",\"position\":2,\"name\":\"SHOP ALL\",\"item\":\"https:\/\/www.bulkammunitionshop.com\/shop-all\/\"},{\"@type\":\"ListItem\",\"position\":3,\"name\":\"500rds of Winchester USA HANDGUN .40 S&#038;W 165 grain Full Metal Jacket\"}]},{\"@type\":\"WebSite\",\"@id\":\"https:\/\/www.bulkammunitionshop.com\/#website\",\"url\":\"https:\/\/www.bulkammunitionshop.com\/\",\"name\":\"Bulk Ammunition shop\",\"description\":\"Buy Cheap Bulk Ammo Online - Bulk Ammo for Sale- Cheap Ammo Online\",\"potentialAction\":[{\"@type\":\"SearchAction\",\"target\":{\"@type\":\"EntryPoint\",\"urlTemplate\":\"https:\/\/www.bulkammunitionshop.com\/?s={search_term_string}\"},\"query-input\":{\"@type\":\"PropertyValueSpecification\",\"valueRequired\":true,\"valueName\":\"search_term_string\"}}],\"inLanguage\":\"da-DK\"}]}<\/script>\n<!-- \/ Yoast SEO Premium plugin. -->","yoast_head_json":{"title":"500rds of Winchester USA HANDGUN .40 S&W 165 grain Full Metal Jacket - Bulk Ammunition shop","robots":{"index":"index","follow":"follow","max-snippet":"max-snippet:-1","max-image-preview":"max-image-preview:large","max-video-preview":"max-video-preview:-1"},"canonical":"https:\/\/www.bulkammunitionshop.com\/da\/vare\/500rds-of-winchester-usa-handgun-40-sw-165-grain-full-metal-jacket\/","og_locale":"da_DK","og_type":"article","og_title":"500rds of Winchester USA HANDGUN .40 S&W 165 grain Full Metal Jacket","og_description":"Description Backed by generations of legendary excellence, Winchester &#8220;USA White Box&#8221; stands for consistent performance and outstanding value, offering high-quality ammunition to suit a wide range of hunter&#8217;s and shooter&#8217;s needs. Consistent AccuracyTrusted for target and range shooting Full Metal JacketProvides positive functioning and no expansion Reduced Barrel FoulingFewer cleanings and more range time &nbsp; [...]","og_url":"https:\/\/www.bulkammunitionshop.com\/da\/vare\/500rds-of-winchester-usa-handgun-40-sw-165-grain-full-metal-jacket\/","og_site_name":"Bulk Ammunition shop","article_modified_time":"2022-05-21T16:25:04+00:00","og_image":[{"width":978,"height":550,"url":"https:\/\/i0.wp.com\/www.bulkammunitionshop.com\/wp-content\/uploads\/2022\/05\/opplanet-winchester-usa-handgun-ammo-40-s-w-full-metal-jacket-165-grain-500-rounds-usa40ac.jpg?fit=978%2C550&ssl=1","type":"image\/jpeg"}],"twitter_card":"summary_large_image","schema":{"@context":"https:\/\/schema.org","@graph":[{"@type":"WebPage","@id":"https:\/\/www.bulkammunitionshop.com\/product\/500rds-of-winchester-usa-handgun-40-sw-165-grain-full-metal-jacket\/","url":"https:\/\/www.bulkammunitionshop.com\/product\/500rds-of-winchester-usa-handgun-40-sw-165-grain-full-metal-jacket\/","name":"500rds of Winchester USA HANDGUN .40 S&W 165 grain Full Metal Jacket - Bulk Ammunition shop","isPartOf":{"@id":"https:\/\/www.bulkammunitionshop.com\/#website"},"primaryImageOfPage":{"@id":"https:\/\/www.bulkammunitionshop.com\/product\/500rds-of-winchester-usa-handgun-40-sw-165-grain-full-metal-jacket\/#primaryimage"},"image":{"@id":"https:\/\/www.bulkammunitionshop.com\/product\/500rds-of-winchester-usa-handgun-40-sw-165-grain-full-metal-jacket\/#primaryimage"},"thumbnailUrl":"https:\/\/www.bulkammunitionshop.com\/wp-content\/uploads\/2022\/05\/opplanet-winchester-usa-handgun-ammo-40-s-w-full-metal-jacket-165-grain-500-rounds-usa40ac.jpg","datePublished":"2022-05-21T16:24:36+00:00","dateModified":"2022-05-21T16:25:04+00:00","breadcrumb":{"@id":"https:\/\/www.bulkammunitionshop.com\/product\/500rds-of-winchester-usa-handgun-40-sw-165-grain-full-metal-jacket\/#breadcrumb"},"inLanguage":"da-DK","potentialAction":[{"@type":"ReadAction","target":["https:\/\/www.bulkammunitionshop.com\/product\/500rds-of-winchester-usa-handgun-40-sw-165-grain-full-metal-jacket\/"]}]},{"@type":"ImageObject","inLanguage":"da-DK","@id":"https:\/\/www.bulkammunitionshop.com\/product\/500rds-of-winchester-usa-handgun-40-sw-165-grain-full-metal-jacket\/#primaryimage","url":"https:\/\/www.bulkammunitionshop.com\/wp-content\/uploads\/2022\/05\/opplanet-winchester-usa-handgun-ammo-40-s-w-full-metal-jacket-165-grain-500-rounds-usa40ac.jpg","contentUrl":"https:\/\/www.bulkammunitionshop.com\/wp-content\/uploads\/2022\/05\/opplanet-winchester-usa-handgun-ammo-40-s-w-full-metal-jacket-165-grain-500-rounds-usa40ac.jpg","width":978,"height":550},{"@type":"BreadcrumbList","@id":"https:\/\/www.bulkammunitionshop.com\/product\/500rds-of-winchester-usa-handgun-40-sw-165-grain-full-metal-jacket\/#breadcrumb","itemListElement":[{"@type":"ListItem","position":1,"name":"Home","item":"https:\/\/www.bulkammunitionshop.com\/"},{"@type":"ListItem","position":2,"name":"SHOP ALL","item":"https:\/\/www.bulkammunitionshop.com\/shop-all\/"},{"@type":"ListItem","position":3,"name":"500rds of Winchester USA HANDGUN .40 S&#038;W 165 grain Full Metal Jacket"}]},{"@type":"WebSite","@id":"https:\/\/www.bulkammunitionshop.com\/#website","url":"https:\/\/www.bulkammunitionshop.com\/","name":"Butik med ammunition i store m\u00e6ngder","description":"K\u00f8b billig ammunition i l\u00f8s v\u00e6gt online - Bulk ammunition til salg - Billig ammunition online","potentialAction":[{"@type":"SearchAction","target":{"@type":"EntryPoint","urlTemplate":"https:\/\/www.bulkammunitionshop.com\/?s={search_term_string}"},"query-input":{"@type":"PropertyValueSpecification","valueRequired":true,"valueName":"search_term_string"}}],"inLanguage":"da-DK"}]}},"jetpack_sharing_enabled":true,"_links":{"self":[{"href":"https:\/\/www.bulkammunitionshop.com\/da\/wp-json\/wp\/v2\/product\/1264","targetHints":{"allow":["GET"]}}],"collection":[{"href":"https:\/\/www.bulkammunitionshop.com\/da\/wp-json\/wp\/v2\/product"}],"about":[{"href":"https:\/\/www.bulkammunitionshop.com\/da\/wp-json\/wp\/v2\/types\/product"}],"replies":[{"embeddable":true,"href":"https:\/\/www.bulkammunitionshop.com\/da\/wp-json\/wp\/v2\/comments?post=1264"}],"wp:featuredmedia":[{"embeddable":true,"href":"https:\/\/www.bulkammunitionshop.com\/da\/wp-json\/wp\/v2\/media\/1309"}],"wp:attachment":[{"href":"https:\/\/www.bulkammunitionshop.com\/da\/wp-json\/wp\/v2\/media?parent=1264"}],"wp:term":[{"taxonomy":"product_brand","embeddable":true,"href":"https:\/\/www.bulkammunitionshop.com\/da\/wp-json\/wp\/v2\/product_brand?post=1264"},{"taxonomy":"product_cat","embeddable":true,"href":"https:\/\/www.bulkammunitionshop.com\/da\/wp-json\/wp\/v2\/product_cat?post=1264"},{"taxonomy":"product_tag","embeddable":true,"href":"https:\/\/www.bulkammunitionshop.com\/da\/wp-json\/wp\/v2\/product_tag?post=1264"}],"curies":[{"name":"wp","href":"https:\/\/api.w.org\/{rel}","templated":true}]}}