{"id":1151,"date":"2022-05-21T16:22:59","date_gmt":"2022-05-21T16:22:59","guid":{"rendered":"https:\/\/www.bulkammunitionshop.com\/?post_type=product&#038;p=1151"},"modified":"2022-05-21T16:23:42","modified_gmt":"2022-05-21T16:23:42","slug":"500rds-of-cci-17-hornady-mach-2-ammo-17-grain-varmint-vnt-polymer-tip","status":"publish","type":"product","link":"https:\/\/www.bulkammunitionshop.com\/da\/vare\/500rds-of-cci-17-hornady-mach-2-ammo-17-grain-varmint-vnt-polymer-tip\/","title":{"rendered":"500rds of CCI 17 Hornady Mach 2 Ammo 17 Grain Varmint VNT Polymer Tip"},"content":{"rendered":"<h2>Beskrivelse<\/h2>\n<h2>CCI 17 HORNADY MACH 2 AMMO 17 GRAIN VARMINT VNT POLYMER TIP \u2013 948CC<\/h2>\n<p><strong>CCI 17 Hornady Mach 2 Ammo 17 Grain Varmint VNT Polymer Tip ammo for sale online<\/strong>\u00a0at cheap discount prices with free shipping available on bulk 17 HM2 ammunition only at our online store TargetSportsUSA.com. Target Sports USA carries the entire line of CCI ammunition for sale online with free shipping on bulk ammo including this CCI 17 Hornady Mach 2 Ammo 17 Grain Varmint VNT Polymer Tip.<\/p>\n<p><strong>CCI 17 Hornady Mach 2 Ammo 17 Grain Varmint VNT Polymer Tip ammo review<\/strong>\u00a0offers the following information; Delivering an explosive and accurate performance over and over again with incredibly reliable ammunition is what CCI Ammunition is known for among hunters and target shooters alike! For over 50 years shooters have counted on CCI for all of their rimfire ammunition needs, and CCI has always delivered. This CCI 17 HM2 features a 17 grain polymer tipped V-Max bullet which allows it to be 60% faster than a 22 Long Rifle round. One look is all it takes to know that CCI understands what varmint hunters desire. The Varmint Ammunition line features a variety of bullet technologies that are designed for the same goal: total devastation on impact.<br \/>\n<strong><br \/>\n<\/strong><\/p>\n<div><strong>One look is all it takes to know that CCI understands what varmint hunters desire.<\/strong><\/div>\n<div><strong>\u00a0<\/strong><\/div>\n<div><strong>The Varmint Ammunition line features a variety of bullet technologies that are designed for the same goal: total devastation on impact.<\/strong><\/div>\n<table>\n<tbody>\n<tr>\n<td>MPN<\/td>\n<td>948CC<\/td>\n<\/tr>\n<tr>\n<td>UPC<\/td>\n<td>604544647020<\/td>\n<\/tr>\n<tr>\n<td>Fabrikant<\/td>\n<td><a href=\"https:\/\/www.targetsportsusa.com\/cci-ammunition-m-29.aspx\">CCI AMMUNITION<\/a><\/td>\n<\/tr>\n<tr>\n<td>Kaliber<\/td>\n<td><a href=\"https:\/\/www.targetsportsusa.com\/17-hornady-mach-2-ammo-c-197.aspx\">17 HM2 AMMO<\/a><\/td>\n<\/tr>\n<tr>\n<td>Punkttype<\/td>\n<td>Polymerspids<\/td>\n<\/tr>\n<tr>\n<td>Mundingshastighed<\/td>\n<td>2010 fps<\/td>\n<\/tr>\n<tr>\n<td>Mundingsenergi<\/td>\n<td>152 ft. lbs<\/td>\n<\/tr>\n<tr>\n<td>Grunder<\/td>\n<td>Rimfire Primer<\/td>\n<\/tr>\n<tr>\n<td>Hus<\/td>\n<td>Messing<\/td>\n<\/tr>\n<tr>\n<td>Ammunitionsvurdering<\/td>\n<td>Varmints &amp; Small Game 17 HM2 Ammo<\/td>\n<\/tr>\n<\/tbody>\n<\/table>","protected":false},"excerpt":{"rendered":"<p>Description CCI 17 HORNADY MACH 2 AMMO 17 GRAIN VARMINT VNT POLYMER TIP \u2013 948CC CCI 17 Hornady Mach 2 Ammo 17 Grain Varmint VNT Polymer Tip ammo for sale online\u00a0at cheap discount prices with free shipping available on bulk 17 HM2 ammunition only at our online store TargetSportsUSA.com. Target Sports USA carries the entire [&#8230;]","protected":false},"featured_media":1194,"comment_status":"open","ping_status":"closed","template":"","meta":[],"product_brand":[],"product_cat":[213,123],"product_tag":[],"class_list":{"0":"post-1151","1":"product","2":"type-product","3":"status-publish","4":"has-post-thumbnail","6":"product_cat-17hm2","7":"product_cat-rimfire-ammo","9":"first","10":"instock","11":"taxable","12":"shipping-taxable","13":"purchasable","14":"product-type-simple"},"yoast_head":"<!-- This site is optimized with the Yoast SEO Premium plugin v24.6 (Yoast SEO v25.7) - https:\/\/yoast.com\/wordpress\/plugins\/seo\/ -->\n<title>500rds of CCI 17 Hornady Mach 2 Ammo 17 Grain Varmint VNT Polymer Tip - Bulk Ammunition shop<\/title>\n<meta name=\"robots\" content=\"index, follow, max-snippet:-1, max-image-preview:large, max-video-preview:-1\" \/>\n<link rel=\"canonical\" href=\"https:\/\/www.bulkammunitionshop.com\/da\/vare\/500rds-of-cci-17-hornady-mach-2-ammo-17-grain-varmint-vnt-polymer-tip\/\" \/>\n<meta property=\"og:locale\" content=\"da_DK\" \/>\n<meta property=\"og:type\" content=\"article\" \/>\n<meta property=\"og:title\" content=\"500rds of CCI 17 Hornady Mach 2 Ammo 17 Grain Varmint VNT Polymer Tip\" \/>\n<meta property=\"og:description\" content=\"Description CCI 17 HORNADY MACH 2 AMMO 17 GRAIN VARMINT VNT POLYMER TIP \u2013 948CC CCI 17 Hornady Mach 2 Ammo 17 Grain Varmint VNT Polymer Tip ammo for sale online\u00a0at cheap discount prices with free shipping available on bulk 17 HM2 ammunition only at our online store TargetSportsUSA.com. Target Sports USA carries the entire [...]\" \/>\n<meta property=\"og:url\" content=\"https:\/\/www.bulkammunitionshop.com\/da\/vare\/500rds-of-cci-17-hornady-mach-2-ammo-17-grain-varmint-vnt-polymer-tip\/\" \/>\n<meta property=\"og:site_name\" content=\"Bulk Ammunition shop\" \/>\n<meta property=\"article:modified_time\" content=\"2022-05-21T16:23:42+00:00\" \/>\n<meta property=\"og:image\" content=\"https:\/\/i0.wp.com\/www.bulkammunitionshop.com\/wp-content\/uploads\/2022\/05\/109412.jpg?fit=500%2C500&ssl=1\" \/>\n\t<meta property=\"og:image:width\" content=\"500\" \/>\n\t<meta property=\"og:image:height\" content=\"500\" \/>\n\t<meta property=\"og:image:type\" content=\"image\/jpeg\" \/>\n<meta name=\"twitter:card\" content=\"summary_large_image\" \/>\n<meta name=\"twitter:label1\" content=\"Estimeret l\u00e6setid\" \/>\n\t<meta name=\"twitter:data1\" content=\"1 minut\" \/>\n<script type=\"application\/ld+json\" class=\"yoast-schema-graph\">{\"@context\":\"https:\/\/schema.org\",\"@graph\":[{\"@type\":\"WebPage\",\"@id\":\"https:\/\/www.bulkammunitionshop.com\/product\/500rds-of-cci-17-hornady-mach-2-ammo-17-grain-varmint-vnt-polymer-tip\/\",\"url\":\"https:\/\/www.bulkammunitionshop.com\/product\/500rds-of-cci-17-hornady-mach-2-ammo-17-grain-varmint-vnt-polymer-tip\/\",\"name\":\"500rds of CCI 17 Hornady Mach 2 Ammo 17 Grain Varmint VNT Polymer Tip - Bulk Ammunition shop\",\"isPartOf\":{\"@id\":\"https:\/\/www.bulkammunitionshop.com\/#website\"},\"primaryImageOfPage\":{\"@id\":\"https:\/\/www.bulkammunitionshop.com\/product\/500rds-of-cci-17-hornady-mach-2-ammo-17-grain-varmint-vnt-polymer-tip\/#primaryimage\"},\"image\":{\"@id\":\"https:\/\/www.bulkammunitionshop.com\/product\/500rds-of-cci-17-hornady-mach-2-ammo-17-grain-varmint-vnt-polymer-tip\/#primaryimage\"},\"thumbnailUrl\":\"https:\/\/www.bulkammunitionshop.com\/wp-content\/uploads\/2022\/05\/109412.jpg\",\"datePublished\":\"2022-05-21T16:22:59+00:00\",\"dateModified\":\"2022-05-21T16:23:42+00:00\",\"breadcrumb\":{\"@id\":\"https:\/\/www.bulkammunitionshop.com\/product\/500rds-of-cci-17-hornady-mach-2-ammo-17-grain-varmint-vnt-polymer-tip\/#breadcrumb\"},\"inLanguage\":\"da-DK\",\"potentialAction\":[{\"@type\":\"ReadAction\",\"target\":[\"https:\/\/www.bulkammunitionshop.com\/product\/500rds-of-cci-17-hornady-mach-2-ammo-17-grain-varmint-vnt-polymer-tip\/\"]}]},{\"@type\":\"ImageObject\",\"inLanguage\":\"da-DK\",\"@id\":\"https:\/\/www.bulkammunitionshop.com\/product\/500rds-of-cci-17-hornady-mach-2-ammo-17-grain-varmint-vnt-polymer-tip\/#primaryimage\",\"url\":\"https:\/\/www.bulkammunitionshop.com\/wp-content\/uploads\/2022\/05\/109412.jpg\",\"contentUrl\":\"https:\/\/www.bulkammunitionshop.com\/wp-content\/uploads\/2022\/05\/109412.jpg\",\"width\":500,\"height\":500},{\"@type\":\"BreadcrumbList\",\"@id\":\"https:\/\/www.bulkammunitionshop.com\/product\/500rds-of-cci-17-hornady-mach-2-ammo-17-grain-varmint-vnt-polymer-tip\/#breadcrumb\",\"itemListElement\":[{\"@type\":\"ListItem\",\"position\":1,\"name\":\"Home\",\"item\":\"https:\/\/www.bulkammunitionshop.com\/\"},{\"@type\":\"ListItem\",\"position\":2,\"name\":\"SHOP ALL\",\"item\":\"https:\/\/www.bulkammunitionshop.com\/shop-all\/\"},{\"@type\":\"ListItem\",\"position\":3,\"name\":\"500rds of CCI 17 Hornady Mach 2 Ammo 17 Grain Varmint VNT Polymer Tip\"}]},{\"@type\":\"WebSite\",\"@id\":\"https:\/\/www.bulkammunitionshop.com\/#website\",\"url\":\"https:\/\/www.bulkammunitionshop.com\/\",\"name\":\"Bulk Ammunition shop\",\"description\":\"Buy Cheap Bulk Ammo Online - Bulk Ammo for Sale- Cheap Ammo Online\",\"potentialAction\":[{\"@type\":\"SearchAction\",\"target\":{\"@type\":\"EntryPoint\",\"urlTemplate\":\"https:\/\/www.bulkammunitionshop.com\/?s={search_term_string}\"},\"query-input\":{\"@type\":\"PropertyValueSpecification\",\"valueRequired\":true,\"valueName\":\"search_term_string\"}}],\"inLanguage\":\"da-DK\"}]}<\/script>\n<!-- \/ Yoast SEO Premium plugin. -->","yoast_head_json":{"title":"500rds of CCI 17 Hornady Mach 2 Ammo 17 Grain Varmint VNT Polymer Tip - Bulk Ammunition shop","robots":{"index":"index","follow":"follow","max-snippet":"max-snippet:-1","max-image-preview":"max-image-preview:large","max-video-preview":"max-video-preview:-1"},"canonical":"https:\/\/www.bulkammunitionshop.com\/da\/vare\/500rds-of-cci-17-hornady-mach-2-ammo-17-grain-varmint-vnt-polymer-tip\/","og_locale":"da_DK","og_type":"article","og_title":"500rds of CCI 17 Hornady Mach 2 Ammo 17 Grain Varmint VNT Polymer Tip","og_description":"Description CCI 17 HORNADY MACH 2 AMMO 17 GRAIN VARMINT VNT POLYMER TIP \u2013 948CC CCI 17 Hornady Mach 2 Ammo 17 Grain Varmint VNT Polymer Tip ammo for sale online\u00a0at cheap discount prices with free shipping available on bulk 17 HM2 ammunition only at our online store TargetSportsUSA.com. Target Sports USA carries the entire [...]","og_url":"https:\/\/www.bulkammunitionshop.com\/da\/vare\/500rds-of-cci-17-hornady-mach-2-ammo-17-grain-varmint-vnt-polymer-tip\/","og_site_name":"Bulk Ammunition shop","article_modified_time":"2022-05-21T16:23:42+00:00","og_image":[{"width":500,"height":500,"url":"https:\/\/i0.wp.com\/www.bulkammunitionshop.com\/wp-content\/uploads\/2022\/05\/109412.jpg?fit=500%2C500&ssl=1","type":"image\/jpeg"}],"twitter_card":"summary_large_image","twitter_misc":{"Estimeret l\u00e6setid":"1 minut"},"schema":{"@context":"https:\/\/schema.org","@graph":[{"@type":"WebPage","@id":"https:\/\/www.bulkammunitionshop.com\/product\/500rds-of-cci-17-hornady-mach-2-ammo-17-grain-varmint-vnt-polymer-tip\/","url":"https:\/\/www.bulkammunitionshop.com\/product\/500rds-of-cci-17-hornady-mach-2-ammo-17-grain-varmint-vnt-polymer-tip\/","name":"500rds of CCI 17 Hornady Mach 2 Ammo 17 Grain Varmint VNT Polymer Tip - Bulk Ammunition shop","isPartOf":{"@id":"https:\/\/www.bulkammunitionshop.com\/#website"},"primaryImageOfPage":{"@id":"https:\/\/www.bulkammunitionshop.com\/product\/500rds-of-cci-17-hornady-mach-2-ammo-17-grain-varmint-vnt-polymer-tip\/#primaryimage"},"image":{"@id":"https:\/\/www.bulkammunitionshop.com\/product\/500rds-of-cci-17-hornady-mach-2-ammo-17-grain-varmint-vnt-polymer-tip\/#primaryimage"},"thumbnailUrl":"https:\/\/www.bulkammunitionshop.com\/wp-content\/uploads\/2022\/05\/109412.jpg","datePublished":"2022-05-21T16:22:59+00:00","dateModified":"2022-05-21T16:23:42+00:00","breadcrumb":{"@id":"https:\/\/www.bulkammunitionshop.com\/product\/500rds-of-cci-17-hornady-mach-2-ammo-17-grain-varmint-vnt-polymer-tip\/#breadcrumb"},"inLanguage":"da-DK","potentialAction":[{"@type":"ReadAction","target":["https:\/\/www.bulkammunitionshop.com\/product\/500rds-of-cci-17-hornady-mach-2-ammo-17-grain-varmint-vnt-polymer-tip\/"]}]},{"@type":"ImageObject","inLanguage":"da-DK","@id":"https:\/\/www.bulkammunitionshop.com\/product\/500rds-of-cci-17-hornady-mach-2-ammo-17-grain-varmint-vnt-polymer-tip\/#primaryimage","url":"https:\/\/www.bulkammunitionshop.com\/wp-content\/uploads\/2022\/05\/109412.jpg","contentUrl":"https:\/\/www.bulkammunitionshop.com\/wp-content\/uploads\/2022\/05\/109412.jpg","width":500,"height":500},{"@type":"BreadcrumbList","@id":"https:\/\/www.bulkammunitionshop.com\/product\/500rds-of-cci-17-hornady-mach-2-ammo-17-grain-varmint-vnt-polymer-tip\/#breadcrumb","itemListElement":[{"@type":"ListItem","position":1,"name":"Home","item":"https:\/\/www.bulkammunitionshop.com\/"},{"@type":"ListItem","position":2,"name":"SHOP ALL","item":"https:\/\/www.bulkammunitionshop.com\/shop-all\/"},{"@type":"ListItem","position":3,"name":"500rds of CCI 17 Hornady Mach 2 Ammo 17 Grain Varmint VNT Polymer Tip"}]},{"@type":"WebSite","@id":"https:\/\/www.bulkammunitionshop.com\/#website","url":"https:\/\/www.bulkammunitionshop.com\/","name":"Butik med ammunition i store m\u00e6ngder","description":"K\u00f8b billig ammunition i l\u00f8s v\u00e6gt online - Bulk ammunition til salg - Billig ammunition online","potentialAction":[{"@type":"SearchAction","target":{"@type":"EntryPoint","urlTemplate":"https:\/\/www.bulkammunitionshop.com\/?s={search_term_string}"},"query-input":{"@type":"PropertyValueSpecification","valueRequired":true,"valueName":"search_term_string"}}],"inLanguage":"da-DK"}]}},"jetpack_sharing_enabled":true,"_links":{"self":[{"href":"https:\/\/www.bulkammunitionshop.com\/da\/wp-json\/wp\/v2\/product\/1151","targetHints":{"allow":["GET"]}}],"collection":[{"href":"https:\/\/www.bulkammunitionshop.com\/da\/wp-json\/wp\/v2\/product"}],"about":[{"href":"https:\/\/www.bulkammunitionshop.com\/da\/wp-json\/wp\/v2\/types\/product"}],"replies":[{"embeddable":true,"href":"https:\/\/www.bulkammunitionshop.com\/da\/wp-json\/wp\/v2\/comments?post=1151"}],"wp:featuredmedia":[{"embeddable":true,"href":"https:\/\/www.bulkammunitionshop.com\/da\/wp-json\/wp\/v2\/media\/1194"}],"wp:attachment":[{"href":"https:\/\/www.bulkammunitionshop.com\/da\/wp-json\/wp\/v2\/media?parent=1151"}],"wp:term":[{"taxonomy":"product_brand","embeddable":true,"href":"https:\/\/www.bulkammunitionshop.com\/da\/wp-json\/wp\/v2\/product_brand?post=1151"},{"taxonomy":"product_cat","embeddable":true,"href":"https:\/\/www.bulkammunitionshop.com\/da\/wp-json\/wp\/v2\/product_cat?post=1151"},{"taxonomy":"product_tag","embeddable":true,"href":"https:\/\/www.bulkammunitionshop.com\/da\/wp-json\/wp\/v2\/product_tag?post=1151"}],"curies":[{"name":"wp","href":"https:\/\/api.w.org\/{rel}","templated":true}]}}