{"id":1089,"date":"2022-05-21T16:21:46","date_gmt":"2022-05-21T16:21:46","guid":{"rendered":"https:\/\/www.bulkammunitionshop.com\/?post_type=product&#038;p=1089"},"modified":"2022-05-21T16:22:39","modified_gmt":"2022-05-21T16:22:39","slug":"500rds-of-winchester-long-beard-turkey-20-gauge-shotshells","status":"publish","type":"product","link":"https:\/\/www.bulkammunitionshop.com\/da\/vare\/500rds-of-winchester-long-beard-turkey-20-gauge-shotshells\/","title":{"rendered":"500rds of Winchester Long Beard Turkey 20 Gauge Shotshells"},"content":{"rendered":"<h2>Beskrivelse<\/h2>\n<div class=\"css-nx0jru\">Featuring Shot-Lok technology, the Winchester Long Beard Turkey 20 Gauge Shotshells deliver tight long-range patterns with devastating terminal performance and come in a 10-round box. Made in USA.<\/div>\n<div data-auid=\"feature-benefits\">\n<div class=\"css-1s8bjel\">Features and Benefits<\/div>\n<div class=\"css-zoj4i\" role=\"list\">\n<ul>\n<li class=\"css-2hhhsn\" role=\"listitem\" data-auid=\"feature-benefits-listing\">20 gauge<\/li>\n<li class=\"css-2hhhsn\" role=\"listitem\" data-auid=\"feature-benefits-listing\">Made in USA<\/li>\n<li class=\"css-2hhhsn\" role=\"listitem\" data-auid=\"feature-benefits-listing\">10-round box<\/li>\n<li class=\"css-2hhhsn\" role=\"listitem\" data-auid=\"feature-benefits-listing\">5 shot size<\/li>\n<li class=\"css-2hhhsn\" role=\"listitem\" data-auid=\"feature-benefits-listing\">1-1\/4 oz. shot<\/li>\n<li class=\"css-2hhhsn\" role=\"listitem\" data-auid=\"feature-benefits-listing\">Lead shot<\/li>\n<li class=\"css-2hhhsn\" role=\"listitem\" data-auid=\"feature-benefits-listing\">3\u2033 shell length<\/li>\n<li class=\"css-2hhhsn\" role=\"listitem\" data-auid=\"feature-benefits-listing\">Shot-Lok technology for tight long-range patterns with devastating terminal performance<\/li>\n<li class=\"css-2hhhsn\" role=\"listitem\" data-auid=\"feature-benefits-listing\">Recommended for turkey hunting<\/li>\n<\/ul>\n<\/div>\n<\/div>\n<div data-auid=\"specifications\">\n<div class=\"css-1s8bjel\">Specifications<\/div>\n<div class=\"css-zoj4i\" role=\"list\">\n<ul>\n<li class=\"css-2hhhsn\" role=\"listitem\" data-auid=\"specifications_listing\">Shot Type:\u00a0Lead<\/li>\n<li class=\"css-2hhhsn\" role=\"listitem\" data-auid=\"specifications_listing\">Gauge\/bore:\u00a020<\/li>\n<li class=\"css-2hhhsn\" role=\"listitem\" data-auid=\"specifications_listing\">Number of rounds: 500<\/li>\n<li class=\"css-2hhhsn\" role=\"listitem\" data-auid=\"specifications_listing\">Shell length (in.):\u00a03<\/li>\n<li class=\"css-2hhhsn\" role=\"listitem\" data-auid=\"specifications_listing\">Species:\u00a0Turkey<\/li>\n<li class=\"css-2hhhsn\" role=\"listitem\" data-auid=\"specifications_listing\">Ounce shot:\u00a01-1\/4<\/li>\n<li class=\"css-2hhhsn\" role=\"listitem\" data-auid=\"specifications_listing\">Shot size:\u00a05<\/li>\n<\/ul>\n<\/div>\n<\/div>\n<div data-auid=\"box-list\">\n<div class=\"css-1s8bjel\">What\u2019s in the Box<\/div>\n<div class=\"css-zoj4i\" role=\"list\">\n<ul>\n<li class=\"css-2hhhsn\" role=\"listitem\" data-auid=\"box-list-listing\">Winchester Long Beard Turkey 20 Gauge Shotshells<\/li>\n<\/ul>\n<\/div>\n<\/div>","protected":false},"excerpt":{"rendered":"<p>Description Featuring Shot-Lok technology, the Winchester Long Beard Turkey 20 Gauge Shotshells deliver tight long-range patterns with devastating terminal performance and come in a 10-round box. Made in USA. Features and Benefits 20 gauge Made in USA 10-round box 5 shot size 1-1\/4 oz. shot Lead shot 3\u2033 shell length Shot-Lok technology for tight long-range [&#8230;]","protected":false},"featured_media":1137,"comment_status":"open","ping_status":"closed","template":"","meta":[],"product_brand":[],"product_cat":[211,119],"product_tag":[],"class_list":{"0":"post-1089","1":"product","2":"type-product","3":"status-publish","4":"has-post-thumbnail","6":"product_cat-20-gauge","7":"product_cat-shotgun-ammo","9":"first","10":"instock","11":"taxable","12":"shipping-taxable","13":"purchasable","14":"product-type-simple"},"yoast_head":"<!-- This site is optimized with the Yoast SEO Premium plugin v24.6 (Yoast SEO v25.7) - https:\/\/yoast.com\/wordpress\/plugins\/seo\/ -->\n<title>500rds of Winchester Long Beard Turkey 20 Gauge Shotshells - Bulk Ammunition shop<\/title>\n<meta name=\"robots\" content=\"index, follow, max-snippet:-1, max-image-preview:large, max-video-preview:-1\" \/>\n<link rel=\"canonical\" href=\"https:\/\/www.bulkammunitionshop.com\/da\/vare\/500rds-of-winchester-long-beard-turkey-20-gauge-shotshells\/\" \/>\n<meta property=\"og:locale\" content=\"da_DK\" \/>\n<meta property=\"og:type\" content=\"article\" \/>\n<meta property=\"og:title\" content=\"500rds of Winchester Long Beard Turkey 20 Gauge Shotshells\" \/>\n<meta property=\"og:description\" content=\"Description Featuring Shot-Lok technology, the Winchester Long Beard Turkey 20 Gauge Shotshells deliver tight long-range patterns with devastating terminal performance and come in a 10-round box. Made in USA. Features and Benefits 20 gauge Made in USA 10-round box 5 shot size 1-1\/4 oz. shot Lead shot 3\u2033 shell length Shot-Lok technology for tight long-range [...]\" \/>\n<meta property=\"og:url\" content=\"https:\/\/www.bulkammunitionshop.com\/da\/vare\/500rds-of-winchester-long-beard-turkey-20-gauge-shotshells\/\" \/>\n<meta property=\"og:site_name\" content=\"Bulk Ammunition shop\" \/>\n<meta property=\"article:modified_time\" content=\"2022-05-21T16:22:39+00:00\" \/>\n<meta property=\"og:image\" content=\"https:\/\/i0.wp.com\/www.bulkammunitionshop.com\/wp-content\/uploads\/2022\/05\/10076887-600x600-2.jpg?fit=600%2C600&ssl=1\" \/>\n\t<meta property=\"og:image:width\" content=\"600\" \/>\n\t<meta property=\"og:image:height\" content=\"600\" \/>\n\t<meta property=\"og:image:type\" content=\"image\/jpeg\" \/>\n<meta name=\"twitter:card\" content=\"summary_large_image\" \/>\n<script type=\"application\/ld+json\" class=\"yoast-schema-graph\">{\"@context\":\"https:\/\/schema.org\",\"@graph\":[{\"@type\":\"WebPage\",\"@id\":\"https:\/\/www.bulkammunitionshop.com\/product\/500rds-of-winchester-long-beard-turkey-20-gauge-shotshells\/\",\"url\":\"https:\/\/www.bulkammunitionshop.com\/product\/500rds-of-winchester-long-beard-turkey-20-gauge-shotshells\/\",\"name\":\"500rds of Winchester Long Beard Turkey 20 Gauge Shotshells - Bulk Ammunition shop\",\"isPartOf\":{\"@id\":\"https:\/\/www.bulkammunitionshop.com\/#website\"},\"primaryImageOfPage\":{\"@id\":\"https:\/\/www.bulkammunitionshop.com\/product\/500rds-of-winchester-long-beard-turkey-20-gauge-shotshells\/#primaryimage\"},\"image\":{\"@id\":\"https:\/\/www.bulkammunitionshop.com\/product\/500rds-of-winchester-long-beard-turkey-20-gauge-shotshells\/#primaryimage\"},\"thumbnailUrl\":\"https:\/\/www.bulkammunitionshop.com\/wp-content\/uploads\/2022\/05\/10076887-600x600-2.jpg\",\"datePublished\":\"2022-05-21T16:21:46+00:00\",\"dateModified\":\"2022-05-21T16:22:39+00:00\",\"breadcrumb\":{\"@id\":\"https:\/\/www.bulkammunitionshop.com\/product\/500rds-of-winchester-long-beard-turkey-20-gauge-shotshells\/#breadcrumb\"},\"inLanguage\":\"da-DK\",\"potentialAction\":[{\"@type\":\"ReadAction\",\"target\":[\"https:\/\/www.bulkammunitionshop.com\/product\/500rds-of-winchester-long-beard-turkey-20-gauge-shotshells\/\"]}]},{\"@type\":\"ImageObject\",\"inLanguage\":\"da-DK\",\"@id\":\"https:\/\/www.bulkammunitionshop.com\/product\/500rds-of-winchester-long-beard-turkey-20-gauge-shotshells\/#primaryimage\",\"url\":\"https:\/\/www.bulkammunitionshop.com\/wp-content\/uploads\/2022\/05\/10076887-600x600-2.jpg\",\"contentUrl\":\"https:\/\/www.bulkammunitionshop.com\/wp-content\/uploads\/2022\/05\/10076887-600x600-2.jpg\",\"width\":600,\"height\":600},{\"@type\":\"BreadcrumbList\",\"@id\":\"https:\/\/www.bulkammunitionshop.com\/product\/500rds-of-winchester-long-beard-turkey-20-gauge-shotshells\/#breadcrumb\",\"itemListElement\":[{\"@type\":\"ListItem\",\"position\":1,\"name\":\"Home\",\"item\":\"https:\/\/www.bulkammunitionshop.com\/\"},{\"@type\":\"ListItem\",\"position\":2,\"name\":\"SHOP ALL\",\"item\":\"https:\/\/www.bulkammunitionshop.com\/shop-all\/\"},{\"@type\":\"ListItem\",\"position\":3,\"name\":\"500rds of Winchester Long Beard Turkey 20 Gauge Shotshells\"}]},{\"@type\":\"WebSite\",\"@id\":\"https:\/\/www.bulkammunitionshop.com\/#website\",\"url\":\"https:\/\/www.bulkammunitionshop.com\/\",\"name\":\"Bulk Ammunition shop\",\"description\":\"Buy Cheap Bulk Ammo Online - Bulk Ammo for Sale- Cheap Ammo Online\",\"potentialAction\":[{\"@type\":\"SearchAction\",\"target\":{\"@type\":\"EntryPoint\",\"urlTemplate\":\"https:\/\/www.bulkammunitionshop.com\/?s={search_term_string}\"},\"query-input\":{\"@type\":\"PropertyValueSpecification\",\"valueRequired\":true,\"valueName\":\"search_term_string\"}}],\"inLanguage\":\"da-DK\"}]}<\/script>\n<!-- \/ Yoast SEO Premium plugin. -->","yoast_head_json":{"title":"500rds of Winchester Long Beard Turkey 20 Gauge Shotshells - Bulk Ammunition shop","robots":{"index":"index","follow":"follow","max-snippet":"max-snippet:-1","max-image-preview":"max-image-preview:large","max-video-preview":"max-video-preview:-1"},"canonical":"https:\/\/www.bulkammunitionshop.com\/da\/vare\/500rds-of-winchester-long-beard-turkey-20-gauge-shotshells\/","og_locale":"da_DK","og_type":"article","og_title":"500rds of Winchester Long Beard Turkey 20 Gauge Shotshells","og_description":"Description Featuring Shot-Lok technology, the Winchester Long Beard Turkey 20 Gauge Shotshells deliver tight long-range patterns with devastating terminal performance and come in a 10-round box. Made in USA. Features and Benefits 20 gauge Made in USA 10-round box 5 shot size 1-1\/4 oz. shot Lead shot 3\u2033 shell length Shot-Lok technology for tight long-range [...]","og_url":"https:\/\/www.bulkammunitionshop.com\/da\/vare\/500rds-of-winchester-long-beard-turkey-20-gauge-shotshells\/","og_site_name":"Bulk Ammunition shop","article_modified_time":"2022-05-21T16:22:39+00:00","og_image":[{"width":600,"height":600,"url":"https:\/\/i0.wp.com\/www.bulkammunitionshop.com\/wp-content\/uploads\/2022\/05\/10076887-600x600-2.jpg?fit=600%2C600&ssl=1","type":"image\/jpeg"}],"twitter_card":"summary_large_image","schema":{"@context":"https:\/\/schema.org","@graph":[{"@type":"WebPage","@id":"https:\/\/www.bulkammunitionshop.com\/product\/500rds-of-winchester-long-beard-turkey-20-gauge-shotshells\/","url":"https:\/\/www.bulkammunitionshop.com\/product\/500rds-of-winchester-long-beard-turkey-20-gauge-shotshells\/","name":"500rds of Winchester Long Beard Turkey 20 Gauge Shotshells - Bulk Ammunition shop","isPartOf":{"@id":"https:\/\/www.bulkammunitionshop.com\/#website"},"primaryImageOfPage":{"@id":"https:\/\/www.bulkammunitionshop.com\/product\/500rds-of-winchester-long-beard-turkey-20-gauge-shotshells\/#primaryimage"},"image":{"@id":"https:\/\/www.bulkammunitionshop.com\/product\/500rds-of-winchester-long-beard-turkey-20-gauge-shotshells\/#primaryimage"},"thumbnailUrl":"https:\/\/www.bulkammunitionshop.com\/wp-content\/uploads\/2022\/05\/10076887-600x600-2.jpg","datePublished":"2022-05-21T16:21:46+00:00","dateModified":"2022-05-21T16:22:39+00:00","breadcrumb":{"@id":"https:\/\/www.bulkammunitionshop.com\/product\/500rds-of-winchester-long-beard-turkey-20-gauge-shotshells\/#breadcrumb"},"inLanguage":"da-DK","potentialAction":[{"@type":"ReadAction","target":["https:\/\/www.bulkammunitionshop.com\/product\/500rds-of-winchester-long-beard-turkey-20-gauge-shotshells\/"]}]},{"@type":"ImageObject","inLanguage":"da-DK","@id":"https:\/\/www.bulkammunitionshop.com\/product\/500rds-of-winchester-long-beard-turkey-20-gauge-shotshells\/#primaryimage","url":"https:\/\/www.bulkammunitionshop.com\/wp-content\/uploads\/2022\/05\/10076887-600x600-2.jpg","contentUrl":"https:\/\/www.bulkammunitionshop.com\/wp-content\/uploads\/2022\/05\/10076887-600x600-2.jpg","width":600,"height":600},{"@type":"BreadcrumbList","@id":"https:\/\/www.bulkammunitionshop.com\/product\/500rds-of-winchester-long-beard-turkey-20-gauge-shotshells\/#breadcrumb","itemListElement":[{"@type":"ListItem","position":1,"name":"Home","item":"https:\/\/www.bulkammunitionshop.com\/"},{"@type":"ListItem","position":2,"name":"SHOP ALL","item":"https:\/\/www.bulkammunitionshop.com\/shop-all\/"},{"@type":"ListItem","position":3,"name":"500rds of Winchester Long Beard Turkey 20 Gauge Shotshells"}]},{"@type":"WebSite","@id":"https:\/\/www.bulkammunitionshop.com\/#website","url":"https:\/\/www.bulkammunitionshop.com\/","name":"Butik med ammunition i store m\u00e6ngder","description":"K\u00f8b billig ammunition i l\u00f8s v\u00e6gt online - Bulk ammunition til salg - Billig ammunition online","potentialAction":[{"@type":"SearchAction","target":{"@type":"EntryPoint","urlTemplate":"https:\/\/www.bulkammunitionshop.com\/?s={search_term_string}"},"query-input":{"@type":"PropertyValueSpecification","valueRequired":true,"valueName":"search_term_string"}}],"inLanguage":"da-DK"}]}},"jetpack_sharing_enabled":true,"_links":{"self":[{"href":"https:\/\/www.bulkammunitionshop.com\/da\/wp-json\/wp\/v2\/product\/1089","targetHints":{"allow":["GET"]}}],"collection":[{"href":"https:\/\/www.bulkammunitionshop.com\/da\/wp-json\/wp\/v2\/product"}],"about":[{"href":"https:\/\/www.bulkammunitionshop.com\/da\/wp-json\/wp\/v2\/types\/product"}],"replies":[{"embeddable":true,"href":"https:\/\/www.bulkammunitionshop.com\/da\/wp-json\/wp\/v2\/comments?post=1089"}],"wp:featuredmedia":[{"embeddable":true,"href":"https:\/\/www.bulkammunitionshop.com\/da\/wp-json\/wp\/v2\/media\/1137"}],"wp:attachment":[{"href":"https:\/\/www.bulkammunitionshop.com\/da\/wp-json\/wp\/v2\/media?parent=1089"}],"wp:term":[{"taxonomy":"product_brand","embeddable":true,"href":"https:\/\/www.bulkammunitionshop.com\/da\/wp-json\/wp\/v2\/product_brand?post=1089"},{"taxonomy":"product_cat","embeddable":true,"href":"https:\/\/www.bulkammunitionshop.com\/da\/wp-json\/wp\/v2\/product_cat?post=1089"},{"taxonomy":"product_tag","embeddable":true,"href":"https:\/\/www.bulkammunitionshop.com\/da\/wp-json\/wp\/v2\/product_tag?post=1089"}],"curies":[{"name":"wp","href":"https:\/\/api.w.org\/{rel}","templated":true}]}}