{"id":2957,"date":"2022-10-19T23:03:09","date_gmt":"2022-10-19T23:03:09","guid":{"rendered":"https:\/\/www.bulkammunitionshop.com\/?post_type=product&#038;p=2957"},"modified":"2025-11-16T01:17:51","modified_gmt":"2025-11-16T01:17:51","slug":"remington-core-lokt-300-savage-180-grans-punta-tova-nucli-lokt-500-cartutxos","status":"publish","type":"product","link":"https:\/\/www.bulkammunitionshop.com\/ca\/producte\/remington-core-lokt-300-savage-180-grans-punta-tova-nucli-lokt-500-cartutxos\/","title":{"rendered":"Remington core-lokt 300 savage 180 grans punta suau Core-Lokt 500 cartutxos"},"content":{"rendered":"<h2 id=\"caption-header\">Informaci\u00f3 del producte per a\u00a0<a href=\"https:\/\/www.google.com\/search?q=remington+core-lokt+300+savage+180+grain&amp;client=opera&amp;biw=1280&amp;bih=579&amp;ei=5FLYYbSVCojygQax_JSQDg&amp;oq=&amp;gs_lcp=Cgdnd3Mtd2l6EAEYADIUCAAQ6gIQtAIQigMQtwMQ1AMQ5QIyFAgAEOoCELQCEIoDELcDENQDEOUCMhEIABDqAhC0AhCKAxC3AxDlAjIRCAAQ6gIQtAIQigMQtwMQ5QIyFAgAEOoCELQCEIoDELcDENQDEOUCMhEIABDqAhC0AhCKAxC3AxDlAjIUCAAQ6gIQtAIQigMQtwMQ1AMQ5QIyEQgAEOoCELQCEIoDELcDEOUCMhEIABDqAhC0AhCKAxC3AxDlAjIUCAAQ6gIQtAIQigMQtwMQ1AMQ5QI6BQgAELEDOggILhCABBCxAzoFCC4QgAQ6CwgAEIAEELEDEIMBOggIABCABBCxAzoLCC4QgAQQsQMQgwFKBAhBGABKBAhGGABQAFj1FWDIIWgCcAJ4AIAB8AKIAfACkgEDMy0xmAEAoAEBsAEKwAEB&amp;sclient=gws-wiz\" target=\"_blank\" rel=\"noopener\">Remington Core-Lokt.<\/a><a href=\"https:\/\/www.bulkammunitionshop.com\/ca\/\">300 Savage de 180 grans<\/a>\u00a0Munici\u00f3 de rifle de foc central amb carcassa de llaut\u00f3 Core-Lokt Pointed Soft Point (PSP)<\/h2>\n<div>\n<div id=\"product-caption-block-description\" class=\"product-caption-block\">\n<p>Equipa&#039;t per a la ca\u00e7a major amb la munici\u00f3 Remington Core-Lokt .300 Savage. Els ca\u00e7adors han confiat en la munici\u00f3 Core-Lokt de Big Green des que es va introduir el 1939. Des de llavors s&#039;ha utilitzat per capturar animals de ca\u00e7a major en m\u00e9s continents que qualsevol altra c\u00e0rrega. El disseny Core-Lokt va ser un dels primers, si no el primer, a utilitzar una bala d&#039;expansi\u00f3 controlada, la qual cosa significa que el projectil proporcionar\u00e0 el doble d&#039;expansi\u00f3, conservar\u00e0 la major part del seu pes i proporcionar\u00e0 una penetraci\u00f3 m\u00e9s profunda. Remington core-lokt 300 savage de 180 grans<\/p>\n<p>El cartutx .300 Savage t\u00e9 una jaqueta de coure c\u00f2nica que est\u00e0 fixada a un nucli de plom s\u00f2lid. Sobre el paper, la bala de punta tova de 180 grans t\u00e9 una velocitat inicial de 2.630 peus per segon i lliurar\u00e0 2.304 lliures-peu d&#039;energia. A 500 iardes, la velocitat nom\u00e9s baixa a 1.433 fps amb 684 lliures-peu d&#039;energia. Remington Shooting and Hunting Accessories recomana la munici\u00f3 per a rifles per ca\u00e7ar c\u00e9rvols, alces i porcs. Una sola caixa de munici\u00f3 Remington Core-Lokt .300 Savage de 180 gr cont\u00e9 20 cartutxos. Aconsegueix una caixa avui mateix!<\/p>\n<\/div>\n<div id=\"product-caption-block-manufacture-specification\" class=\"product-caption-block\">\n<h3>Especificacions per a la munici\u00f3 de rifle Remington Core-Lokt .300 Savage de 180 grains Core-Lokt Pointed Soft Point (PSP) amb carcassa de llaut\u00f3 i foc central:<\/h3>\n<table class=\"spec-table\" border=\"0\" cellspacing=\"0\" cellpadding=\"0\">\n<tbody>\n<tr>\n<td class=\"spec-left-column\">Calibre:<\/td>\n<td width=\"50%\">.300 Savage<\/td>\n<\/tr>\n<tr>\n<td class=\"spec-left-column\">Tipus de bala:<\/td>\n<td width=\"50%\">Punta suau punxeguda Core-Lokt (PSP)<\/td>\n<\/tr>\n<tr>\n<td class=\"spec-left-column\">Pes de la bala:<\/td>\n<td width=\"50%\">180 grans<\/td>\n<\/tr>\n<tr>\n<td class=\"spec-left-column\">Material de la carcassa del cartutx:<\/td>\n<td width=\"50%\">Llaut\u00f3<\/td>\n<\/tr>\n<tr>\n<td class=\"spec-left-column\">Velocitat de sortida:<\/td>\n<td width=\"50%\">2630 peus\/s<\/td>\n<\/tr>\n<tr>\n<td class=\"spec-left-column\">Sol\u00b7licitud de munici\u00f3:<\/td>\n<td width=\"50%\">Ca\u00e7a major<\/td>\n<\/tr>\n<tr>\n<td class=\"spec-left-column\">Tipus de paquet:<\/td>\n<td width=\"50%\">Caixa<\/td>\n<\/tr>\n<tr>\n<td class=\"spec-left-column\">Ubicaci\u00f3 de la imprimaci\u00f3:<\/td>\n<td width=\"50%\">Foc central<\/td>\n<\/tr>\n<tr>\n<td class=\"spec-left-column\">Energia de boca:<\/td>\n<td width=\"50%\">2303 peus-lliures<\/td>\n<\/tr>\n<tr>\n<td class=\"spec-left-column\">Coeficient bal\u00edstic G1:<\/td>\n<td width=\"50%\">0.314<\/td>\n<\/tr>\n<tr>\n<td class=\"spec-left-column\">Aplicaci\u00f3:<\/td>\n<td width=\"50%\">Ca\u00e7a major<\/td>\n<\/tr>\n<\/tbody>\n<\/table>\n<\/div>\n<div id=\"product-caption-block-features\" class=\"product-caption-block\">\n<h3>Caracter\u00edstiques de la munici\u00f3 Remington Core-Lokt:<\/h3>\n<ul>\n<li>Bala d&#039;expansi\u00f3 controlada. La jaqueta de coure c\u00f2nica est\u00e0 fixada a un nucli de plom s\u00f2lid i ofereix una expansi\u00f3 massiva 2X, retenci\u00f3 de pes i resultats consistents en el joc.<\/li>\n<\/ul>\n<\/div>\n<\/div>","protected":false},"excerpt":{"rendered":"<p>Aquest producte est\u00e0 en estoc i llest per enviar. 100% Enviament r\u00e0pid garantit. Fes la comanda ara!<\/p>\n<form class=\"cart\" action=\"https:\/\/armoryweapons.com\/product\/remington-core-lokt-300-savage-150-grain-core-lokt-pointed-soft-point-psp-brass-500-rounds\/\" enctype=\"multipart\/form-data\" method=\"post\">\n<div class=\"quantity buttons_added\"><\/div>\n<\/form>","protected":false},"featured_media":2960,"comment_status":"open","ping_status":"closed","template":"","meta":[],"product_brand":[],"product_cat":[267,121],"product_tag":[],"class_list":{"0":"post-2957","1":"product","2":"type-product","3":"status-publish","4":"has-post-thumbnail","6":"product_cat-300-savage-ammo","7":"product_cat-rifle-ammo","9":"first","10":"instock","11":"sale","12":"taxable","13":"shipping-taxable","14":"purchasable","15":"product-type-simple"},"yoast_head":"<!-- This site is optimized with the Yoast SEO Premium plugin v24.6 (Yoast SEO v25.7) - https:\/\/yoast.com\/wordpress\/plugins\/seo\/ -->\n<title>Remington core-lokt 300 savage 180 grain Soft Point Core-Lokt 500 rounds - Bulk Ammunition shop<\/title>\n<meta name=\"robots\" content=\"index, follow, max-snippet:-1, max-image-preview:large, max-video-preview:-1\" \/>\n<link rel=\"canonical\" href=\"https:\/\/www.bulkammunitionshop.com\/ca\/producte\/remington-core-lokt-300-savage-180-grans-punta-tova-nucli-lokt-500-cartutxos\/\" \/>\n<meta property=\"og:locale\" content=\"ca_ES\" \/>\n<meta property=\"og:type\" content=\"article\" \/>\n<meta property=\"og:title\" content=\"Remington core-lokt 300 savage 180 grain Soft Point Core-Lokt 500 rounds\" \/>\n<meta property=\"og:description\" content=\"This Product Is In Stock and Ready to Ship. 100% Fast Shipping Guaranteed. Place Order Now!\" \/>\n<meta property=\"og:url\" content=\"https:\/\/www.bulkammunitionshop.com\/ca\/producte\/remington-core-lokt-300-savage-180-grans-punta-tova-nucli-lokt-500-cartutxos\/\" \/>\n<meta property=\"og:site_name\" content=\"Bulk Ammunition shop\" \/>\n<meta property=\"article:modified_time\" content=\"2025-11-16T01:17:51+00:00\" \/>\n<meta property=\"og:image\" content=\"http:\/\/www.bulkammunitionshop.com\/wp-content\/uploads\/2022\/10\/98061010-3B9C-4368-87E0-ECC83DA5BB77-510x351-1.jpeg\" \/>\n\t<meta property=\"og:image:width\" content=\"510\" \/>\n\t<meta property=\"og:image:height\" content=\"351\" \/>\n\t<meta property=\"og:image:type\" content=\"image\/jpeg\" \/>\n<meta name=\"twitter:card\" content=\"summary_large_image\" \/>\n<meta name=\"twitter:label1\" content=\"Temps estimat de lectura\" \/>\n\t<meta name=\"twitter:data1\" content=\"2 minuts\" \/>\n<script type=\"application\/ld+json\" class=\"yoast-schema-graph\">{\"@context\":\"https:\/\/schema.org\",\"@graph\":[{\"@type\":\"WebPage\",\"@id\":\"https:\/\/www.bulkammunitionshop.com\/product\/remington-core-lokt-300-savage-180-grain-soft-point-core-lokt-500-rounds\/\",\"url\":\"https:\/\/www.bulkammunitionshop.com\/product\/remington-core-lokt-300-savage-180-grain-soft-point-core-lokt-500-rounds\/\",\"name\":\"Remington core-lokt 300 savage 180 grain Soft Point Core-Lokt 500 rounds - Bulk Ammunition shop\",\"isPartOf\":{\"@id\":\"https:\/\/www.bulkammunitionshop.com\/#website\"},\"primaryImageOfPage\":{\"@id\":\"https:\/\/www.bulkammunitionshop.com\/product\/remington-core-lokt-300-savage-180-grain-soft-point-core-lokt-500-rounds\/#primaryimage\"},\"image\":{\"@id\":\"https:\/\/www.bulkammunitionshop.com\/product\/remington-core-lokt-300-savage-180-grain-soft-point-core-lokt-500-rounds\/#primaryimage\"},\"thumbnailUrl\":\"https:\/\/www.bulkammunitionshop.com\/wp-content\/uploads\/2022\/10\/98061010-3B9C-4368-87E0-ECC83DA5BB77-510x351-1.jpeg\",\"datePublished\":\"2022-10-19T23:03:09+00:00\",\"dateModified\":\"2025-11-16T01:17:51+00:00\",\"breadcrumb\":{\"@id\":\"https:\/\/www.bulkammunitionshop.com\/product\/remington-core-lokt-300-savage-180-grain-soft-point-core-lokt-500-rounds\/#breadcrumb\"},\"inLanguage\":\"ca\",\"potentialAction\":[{\"@type\":\"ReadAction\",\"target\":[\"https:\/\/www.bulkammunitionshop.com\/product\/remington-core-lokt-300-savage-180-grain-soft-point-core-lokt-500-rounds\/\"]}]},{\"@type\":\"ImageObject\",\"inLanguage\":\"ca\",\"@id\":\"https:\/\/www.bulkammunitionshop.com\/product\/remington-core-lokt-300-savage-180-grain-soft-point-core-lokt-500-rounds\/#primaryimage\",\"url\":\"https:\/\/www.bulkammunitionshop.com\/wp-content\/uploads\/2022\/10\/98061010-3B9C-4368-87E0-ECC83DA5BB77-510x351-1.jpeg\",\"contentUrl\":\"https:\/\/www.bulkammunitionshop.com\/wp-content\/uploads\/2022\/10\/98061010-3B9C-4368-87E0-ECC83DA5BB77-510x351-1.jpeg\",\"width\":510,\"height\":351},{\"@type\":\"BreadcrumbList\",\"@id\":\"https:\/\/www.bulkammunitionshop.com\/product\/remington-core-lokt-300-savage-180-grain-soft-point-core-lokt-500-rounds\/#breadcrumb\",\"itemListElement\":[{\"@type\":\"ListItem\",\"position\":1,\"name\":\"Home\",\"item\":\"https:\/\/www.bulkammunitionshop.com\/\"},{\"@type\":\"ListItem\",\"position\":2,\"name\":\"SHOP ALL\",\"item\":\"https:\/\/www.bulkammunitionshop.com\/shop-all\/\"},{\"@type\":\"ListItem\",\"position\":3,\"name\":\"Remington core-lokt 300 savage 180 grain Soft Point Core-Lokt 500 rounds\"}]},{\"@type\":\"WebSite\",\"@id\":\"https:\/\/www.bulkammunitionshop.com\/#website\",\"url\":\"https:\/\/www.bulkammunitionshop.com\/\",\"name\":\"Bulk Ammunition shop\",\"description\":\"Buy Cheap Bulk Ammo Online - Bulk Ammo for Sale- Cheap Ammo Online\",\"potentialAction\":[{\"@type\":\"SearchAction\",\"target\":{\"@type\":\"EntryPoint\",\"urlTemplate\":\"https:\/\/www.bulkammunitionshop.com\/?s={search_term_string}\"},\"query-input\":{\"@type\":\"PropertyValueSpecification\",\"valueRequired\":true,\"valueName\":\"search_term_string\"}}],\"inLanguage\":\"ca\"}]}<\/script>\n<!-- \/ Yoast SEO Premium plugin. -->","yoast_head_json":{"title":"Remington core-lokt 300 savage 180 grains Soft Point Core-Lokt 500 cartutxos - Botiga de munici\u00f3 a granel","robots":{"index":"index","follow":"follow","max-snippet":"max-snippet:-1","max-image-preview":"max-image-preview:large","max-video-preview":"max-video-preview:-1"},"canonical":"https:\/\/www.bulkammunitionshop.com\/ca\/producte\/remington-core-lokt-300-savage-180-grans-punta-tova-nucli-lokt-500-cartutxos\/","og_locale":"ca_ES","og_type":"article","og_title":"Remington core-lokt 300 savage 180 grain Soft Point Core-Lokt 500 rounds","og_description":"This Product Is In Stock and Ready to Ship. 100% Fast Shipping Guaranteed. Place Order Now!","og_url":"https:\/\/www.bulkammunitionshop.com\/ca\/producte\/remington-core-lokt-300-savage-180-grans-punta-tova-nucli-lokt-500-cartutxos\/","og_site_name":"Bulk Ammunition shop","article_modified_time":"2025-11-16T01:17:51+00:00","og_image":[{"width":510,"height":351,"url":"http:\/\/www.bulkammunitionshop.com\/wp-content\/uploads\/2022\/10\/98061010-3B9C-4368-87E0-ECC83DA5BB77-510x351-1.jpeg","type":"image\/jpeg"}],"twitter_card":"summary_large_image","twitter_misc":{"Temps estimat de lectura":"2 minuts"},"schema":{"@context":"https:\/\/schema.org","@graph":[{"@type":"WebPage","@id":"https:\/\/www.bulkammunitionshop.com\/product\/remington-core-lokt-300-savage-180-grain-soft-point-core-lokt-500-rounds\/","url":"https:\/\/www.bulkammunitionshop.com\/product\/remington-core-lokt-300-savage-180-grain-soft-point-core-lokt-500-rounds\/","name":"Remington core-lokt 300 savage 180 grains Soft Point Core-Lokt 500 cartutxos - Botiga de munici\u00f3 a granel","isPartOf":{"@id":"https:\/\/www.bulkammunitionshop.com\/#website"},"primaryImageOfPage":{"@id":"https:\/\/www.bulkammunitionshop.com\/product\/remington-core-lokt-300-savage-180-grain-soft-point-core-lokt-500-rounds\/#primaryimage"},"image":{"@id":"https:\/\/www.bulkammunitionshop.com\/product\/remington-core-lokt-300-savage-180-grain-soft-point-core-lokt-500-rounds\/#primaryimage"},"thumbnailUrl":"https:\/\/www.bulkammunitionshop.com\/wp-content\/uploads\/2022\/10\/98061010-3B9C-4368-87E0-ECC83DA5BB77-510x351-1.jpeg","datePublished":"2022-10-19T23:03:09+00:00","dateModified":"2025-11-16T01:17:51+00:00","breadcrumb":{"@id":"https:\/\/www.bulkammunitionshop.com\/product\/remington-core-lokt-300-savage-180-grain-soft-point-core-lokt-500-rounds\/#breadcrumb"},"inLanguage":"ca","potentialAction":[{"@type":"ReadAction","target":["https:\/\/www.bulkammunitionshop.com\/product\/remington-core-lokt-300-savage-180-grain-soft-point-core-lokt-500-rounds\/"]}]},{"@type":"ImageObject","inLanguage":"ca","@id":"https:\/\/www.bulkammunitionshop.com\/product\/remington-core-lokt-300-savage-180-grain-soft-point-core-lokt-500-rounds\/#primaryimage","url":"https:\/\/www.bulkammunitionshop.com\/wp-content\/uploads\/2022\/10\/98061010-3B9C-4368-87E0-ECC83DA5BB77-510x351-1.jpeg","contentUrl":"https:\/\/www.bulkammunitionshop.com\/wp-content\/uploads\/2022\/10\/98061010-3B9C-4368-87E0-ECC83DA5BB77-510x351-1.jpeg","width":510,"height":351},{"@type":"BreadcrumbList","@id":"https:\/\/www.bulkammunitionshop.com\/product\/remington-core-lokt-300-savage-180-grain-soft-point-core-lokt-500-rounds\/#breadcrumb","itemListElement":[{"@type":"ListItem","position":1,"name":"Home","item":"https:\/\/www.bulkammunitionshop.com\/"},{"@type":"ListItem","position":2,"name":"SHOP ALL","item":"https:\/\/www.bulkammunitionshop.com\/shop-all\/"},{"@type":"ListItem","position":3,"name":"Remington core-lokt 300 savage 180 grain Soft Point Core-Lokt 500 rounds"}]},{"@type":"WebSite","@id":"https:\/\/www.bulkammunitionshop.com\/#website","url":"https:\/\/www.bulkammunitionshop.com\/","name":"Botiga de municions a granel","description":"Compra munici\u00f3 a granel barata en l\u00ednia - Munici\u00f3 a granel en venda - Munici\u00f3 barata en l\u00ednia","potentialAction":[{"@type":"SearchAction","target":{"@type":"EntryPoint","urlTemplate":"https:\/\/www.bulkammunitionshop.com\/?s={search_term_string}"},"query-input":{"@type":"PropertyValueSpecification","valueRequired":true,"valueName":"search_term_string"}}],"inLanguage":"ca"}]}},"jetpack_sharing_enabled":true,"_links":{"self":[{"href":"https:\/\/www.bulkammunitionshop.com\/ca\/wp-json\/wp\/v2\/product\/2957","targetHints":{"allow":["GET"]}}],"collection":[{"href":"https:\/\/www.bulkammunitionshop.com\/ca\/wp-json\/wp\/v2\/product"}],"about":[{"href":"https:\/\/www.bulkammunitionshop.com\/ca\/wp-json\/wp\/v2\/types\/product"}],"replies":[{"embeddable":true,"href":"https:\/\/www.bulkammunitionshop.com\/ca\/wp-json\/wp\/v2\/comments?post=2957"}],"wp:featuredmedia":[{"embeddable":true,"href":"https:\/\/www.bulkammunitionshop.com\/ca\/wp-json\/wp\/v2\/media\/2960"}],"wp:attachment":[{"href":"https:\/\/www.bulkammunitionshop.com\/ca\/wp-json\/wp\/v2\/media?parent=2957"}],"wp:term":[{"taxonomy":"product_brand","embeddable":true,"href":"https:\/\/www.bulkammunitionshop.com\/ca\/wp-json\/wp\/v2\/product_brand?post=2957"},{"taxonomy":"product_cat","embeddable":true,"href":"https:\/\/www.bulkammunitionshop.com\/ca\/wp-json\/wp\/v2\/product_cat?post=2957"},{"taxonomy":"product_tag","embeddable":true,"href":"https:\/\/www.bulkammunitionshop.com\/ca\/wp-json\/wp\/v2\/product_tag?post=2957"}],"curies":[{"name":"wp","href":"https:\/\/api.w.org\/{rel}","templated":true}]}}