{"id":2645,"date":"2022-10-03T23:15:08","date_gmt":"2022-10-03T23:15:08","guid":{"rendered":"https:\/\/www.bulkammunitionshop.com\/?post_type=product&#038;p=2645"},"modified":"2022-10-03T23:15:30","modified_gmt":"2022-10-03T23:15:30","slug":"hornady-black-ammunition-6-5-grendel-123-grain-eld-match-box-500-rounds","status":"publish","type":"product","link":"https:\/\/www.bulkammunitionshop.com\/ca\/producte\/hornady-black-ammunition-6-5-grendel-123-grain-eld-match-box-500-rounds\/","title":{"rendered":"HORNADY BLACK AMMUNITION 6.5 GRENDEL 123 GRAIN ELD MATCH BOX 500 ROUNDS"},"content":{"rendered":"<div class=\"woocommerce-tabs wc-tabs-wrapper container tabbed-content\">\n<div class=\"tab-panels\">\n<div id=\"tab-description\" class=\"woocommerce-Tabs-panel woocommerce-Tabs-panel--description panel entry-content active\" role=\"tabpanel\" aria-labelledby=\"tab-title-description\">\n<p>Hornady BLACK ammunition features versatile loads optimized for excellent performance from America\u2019s favorite guns. Loaded with legendary Hornady bullets, Hornady BLACK ammunition is designed to fit, feed, and function on a variety of platforms. Direct impingement, gas piston, suppressed, unsuppressed, inertia, bolt, pump, supersonic, subsonic, rifle, mid-length, carbine, or pistol \u2013 Hornady BLACK ammunition delivers superior performance for a variety of applications.<\/p>\n<div class=\"conv-place conv-place_after_post\"><\/div>\n<\/div>\n<\/div>\n<\/div>\n<div class=\"related related-products-wrapper product-section\"><\/div>","protected":false},"excerpt":{"rendered":"<p>We Ship All Orders The Next Day And We Guarantee 100% Delivery<\/p>\n<form class=\"cart\" action=\"https:\/\/armoryweapons.com\/product\/hornady-black-ammunition-6-5-grendel-123-grain-eld-match-box-500-rounds\/\" enctype=\"multipart\/form-data\" method=\"post\">\n<div class=\"sticky-add-to-cart-wrapper\">\n<div class=\"sticky-add-to-cart\">\n<div class=\"quantity buttons_added\"><\/div>\n<\/div>\n<\/div>\n<\/form>","protected":false},"featured_media":2646,"comment_status":"open","ping_status":"closed","template":"","meta":[],"product_brand":[],"product_cat":[245,121],"product_tag":[],"class_list":{"0":"post-2645","1":"product","2":"type-product","3":"status-publish","4":"has-post-thumbnail","6":"product_cat-6-5-grendel","7":"product_cat-rifle-ammo","9":"first","10":"instock","11":"taxable","12":"shipping-taxable","13":"purchasable","14":"product-type-simple"},"yoast_head":"<!-- This site is optimized with the Yoast SEO Premium plugin v24.6 (Yoast SEO v25.7) - https:\/\/yoast.com\/wordpress\/plugins\/seo\/ -->\n<title>HORNADY BLACK AMMUNITION 6.5 GRENDEL 123 GRAIN ELD MATCH BOX 500 ROUNDS - Bulk Ammunition shop<\/title>\n<meta name=\"robots\" content=\"index, follow, max-snippet:-1, max-image-preview:large, max-video-preview:-1\" \/>\n<link rel=\"canonical\" href=\"https:\/\/www.bulkammunitionshop.com\/ca\/producte\/hornady-black-ammunition-6-5-grendel-123-grain-eld-match-box-500-rounds\/\" \/>\n<meta property=\"og:locale\" content=\"ca_ES\" \/>\n<meta property=\"og:type\" content=\"article\" \/>\n<meta property=\"og:title\" content=\"HORNADY BLACK AMMUNITION 6.5 GRENDEL 123 GRAIN ELD MATCH BOX 500 ROUNDS\" \/>\n<meta property=\"og:description\" content=\"We Ship All Orders The Next Day And We Guarantee 100% Delivery\" \/>\n<meta property=\"og:url\" content=\"https:\/\/www.bulkammunitionshop.com\/ca\/producte\/hornady-black-ammunition-6-5-grendel-123-grain-eld-match-box-500-rounds\/\" \/>\n<meta property=\"og:site_name\" content=\"Bulk Ammunition shop\" \/>\n<meta property=\"article:modified_time\" content=\"2022-10-03T23:15:30+00:00\" \/>\n<meta property=\"og:image\" content=\"http:\/\/www.bulkammunitionshop.com\/wp-content\/uploads\/2022\/10\/Hornady-Black-ELD-Match-123-Grain-81528-090255815283.jpg-scaled-1-510x340-1.jpg\" \/>\n\t<meta property=\"og:image:width\" content=\"510\" \/>\n\t<meta property=\"og:image:height\" content=\"340\" \/>\n\t<meta property=\"og:image:type\" content=\"image\/jpeg\" \/>\n<meta name=\"twitter:card\" content=\"summary_large_image\" \/>\n<meta name=\"twitter:label1\" content=\"Temps estimat de lectura\" \/>\n\t<meta name=\"twitter:data1\" content=\"1 minut\" \/>\n<script type=\"application\/ld+json\" class=\"yoast-schema-graph\">{\"@context\":\"https:\/\/schema.org\",\"@graph\":[{\"@type\":\"WebPage\",\"@id\":\"https:\/\/www.bulkammunitionshop.com\/product\/hornady-black-ammunition-6-5-grendel-123-grain-eld-match-box-500-rounds\/\",\"url\":\"https:\/\/www.bulkammunitionshop.com\/product\/hornady-black-ammunition-6-5-grendel-123-grain-eld-match-box-500-rounds\/\",\"name\":\"HORNADY BLACK AMMUNITION 6.5 GRENDEL 123 GRAIN ELD MATCH BOX 500 ROUNDS - Bulk Ammunition shop\",\"isPartOf\":{\"@id\":\"https:\/\/www.bulkammunitionshop.com\/#website\"},\"primaryImageOfPage\":{\"@id\":\"https:\/\/www.bulkammunitionshop.com\/product\/hornady-black-ammunition-6-5-grendel-123-grain-eld-match-box-500-rounds\/#primaryimage\"},\"image\":{\"@id\":\"https:\/\/www.bulkammunitionshop.com\/product\/hornady-black-ammunition-6-5-grendel-123-grain-eld-match-box-500-rounds\/#primaryimage\"},\"thumbnailUrl\":\"https:\/\/www.bulkammunitionshop.com\/wp-content\/uploads\/2022\/10\/Hornady-Black-ELD-Match-123-Grain-81528-090255815283.jpg-scaled-1-510x340-1.jpg\",\"datePublished\":\"2022-10-03T23:15:08+00:00\",\"dateModified\":\"2022-10-03T23:15:30+00:00\",\"breadcrumb\":{\"@id\":\"https:\/\/www.bulkammunitionshop.com\/product\/hornady-black-ammunition-6-5-grendel-123-grain-eld-match-box-500-rounds\/#breadcrumb\"},\"inLanguage\":\"ca\",\"potentialAction\":[{\"@type\":\"ReadAction\",\"target\":[\"https:\/\/www.bulkammunitionshop.com\/product\/hornady-black-ammunition-6-5-grendel-123-grain-eld-match-box-500-rounds\/\"]}]},{\"@type\":\"ImageObject\",\"inLanguage\":\"ca\",\"@id\":\"https:\/\/www.bulkammunitionshop.com\/product\/hornady-black-ammunition-6-5-grendel-123-grain-eld-match-box-500-rounds\/#primaryimage\",\"url\":\"https:\/\/www.bulkammunitionshop.com\/wp-content\/uploads\/2022\/10\/Hornady-Black-ELD-Match-123-Grain-81528-090255815283.jpg-scaled-1-510x340-1.jpg\",\"contentUrl\":\"https:\/\/www.bulkammunitionshop.com\/wp-content\/uploads\/2022\/10\/Hornady-Black-ELD-Match-123-Grain-81528-090255815283.jpg-scaled-1-510x340-1.jpg\",\"width\":510,\"height\":340},{\"@type\":\"BreadcrumbList\",\"@id\":\"https:\/\/www.bulkammunitionshop.com\/product\/hornady-black-ammunition-6-5-grendel-123-grain-eld-match-box-500-rounds\/#breadcrumb\",\"itemListElement\":[{\"@type\":\"ListItem\",\"position\":1,\"name\":\"Home\",\"item\":\"https:\/\/www.bulkammunitionshop.com\/\"},{\"@type\":\"ListItem\",\"position\":2,\"name\":\"SHOP ALL\",\"item\":\"https:\/\/www.bulkammunitionshop.com\/shop-all\/\"},{\"@type\":\"ListItem\",\"position\":3,\"name\":\"HORNADY BLACK AMMUNITION 6.5 GRENDEL 123 GRAIN ELD MATCH BOX 500 ROUNDS\"}]},{\"@type\":\"WebSite\",\"@id\":\"https:\/\/www.bulkammunitionshop.com\/#website\",\"url\":\"https:\/\/www.bulkammunitionshop.com\/\",\"name\":\"Bulk Ammunition shop\",\"description\":\"Buy Cheap Bulk Ammo Online - Bulk Ammo for Sale- Cheap Ammo Online\",\"potentialAction\":[{\"@type\":\"SearchAction\",\"target\":{\"@type\":\"EntryPoint\",\"urlTemplate\":\"https:\/\/www.bulkammunitionshop.com\/?s={search_term_string}\"},\"query-input\":{\"@type\":\"PropertyValueSpecification\",\"valueRequired\":true,\"valueName\":\"search_term_string\"}}],\"inLanguage\":\"ca\"}]}<\/script>\n<!-- \/ Yoast SEO Premium plugin. -->","yoast_head_json":{"title":"HORNADY BLACK AMMUNITION 6.5 GRENDEL 123 GRAIN ELD MATCH BOX 500 ROUNDS - Bulk Ammunition shop","robots":{"index":"index","follow":"follow","max-snippet":"max-snippet:-1","max-image-preview":"max-image-preview:large","max-video-preview":"max-video-preview:-1"},"canonical":"https:\/\/www.bulkammunitionshop.com\/ca\/producte\/hornady-black-ammunition-6-5-grendel-123-grain-eld-match-box-500-rounds\/","og_locale":"ca_ES","og_type":"article","og_title":"HORNADY BLACK AMMUNITION 6.5 GRENDEL 123 GRAIN ELD MATCH BOX 500 ROUNDS","og_description":"We Ship All Orders The Next Day And We Guarantee 100% Delivery","og_url":"https:\/\/www.bulkammunitionshop.com\/ca\/producte\/hornady-black-ammunition-6-5-grendel-123-grain-eld-match-box-500-rounds\/","og_site_name":"Bulk Ammunition shop","article_modified_time":"2022-10-03T23:15:30+00:00","og_image":[{"width":510,"height":340,"url":"http:\/\/www.bulkammunitionshop.com\/wp-content\/uploads\/2022\/10\/Hornady-Black-ELD-Match-123-Grain-81528-090255815283.jpg-scaled-1-510x340-1.jpg","type":"image\/jpeg"}],"twitter_card":"summary_large_image","twitter_misc":{"Temps estimat de lectura":"1 minut"},"schema":{"@context":"https:\/\/schema.org","@graph":[{"@type":"WebPage","@id":"https:\/\/www.bulkammunitionshop.com\/product\/hornady-black-ammunition-6-5-grendel-123-grain-eld-match-box-500-rounds\/","url":"https:\/\/www.bulkammunitionshop.com\/product\/hornady-black-ammunition-6-5-grendel-123-grain-eld-match-box-500-rounds\/","name":"HORNADY BLACK AMMUNITION 6.5 GRENDEL 123 GRAIN ELD MATCH BOX 500 ROUNDS - Bulk Ammunition shop","isPartOf":{"@id":"https:\/\/www.bulkammunitionshop.com\/#website"},"primaryImageOfPage":{"@id":"https:\/\/www.bulkammunitionshop.com\/product\/hornady-black-ammunition-6-5-grendel-123-grain-eld-match-box-500-rounds\/#primaryimage"},"image":{"@id":"https:\/\/www.bulkammunitionshop.com\/product\/hornady-black-ammunition-6-5-grendel-123-grain-eld-match-box-500-rounds\/#primaryimage"},"thumbnailUrl":"https:\/\/www.bulkammunitionshop.com\/wp-content\/uploads\/2022\/10\/Hornady-Black-ELD-Match-123-Grain-81528-090255815283.jpg-scaled-1-510x340-1.jpg","datePublished":"2022-10-03T23:15:08+00:00","dateModified":"2022-10-03T23:15:30+00:00","breadcrumb":{"@id":"https:\/\/www.bulkammunitionshop.com\/product\/hornady-black-ammunition-6-5-grendel-123-grain-eld-match-box-500-rounds\/#breadcrumb"},"inLanguage":"ca","potentialAction":[{"@type":"ReadAction","target":["https:\/\/www.bulkammunitionshop.com\/product\/hornady-black-ammunition-6-5-grendel-123-grain-eld-match-box-500-rounds\/"]}]},{"@type":"ImageObject","inLanguage":"ca","@id":"https:\/\/www.bulkammunitionshop.com\/product\/hornady-black-ammunition-6-5-grendel-123-grain-eld-match-box-500-rounds\/#primaryimage","url":"https:\/\/www.bulkammunitionshop.com\/wp-content\/uploads\/2022\/10\/Hornady-Black-ELD-Match-123-Grain-81528-090255815283.jpg-scaled-1-510x340-1.jpg","contentUrl":"https:\/\/www.bulkammunitionshop.com\/wp-content\/uploads\/2022\/10\/Hornady-Black-ELD-Match-123-Grain-81528-090255815283.jpg-scaled-1-510x340-1.jpg","width":510,"height":340},{"@type":"BreadcrumbList","@id":"https:\/\/www.bulkammunitionshop.com\/product\/hornady-black-ammunition-6-5-grendel-123-grain-eld-match-box-500-rounds\/#breadcrumb","itemListElement":[{"@type":"ListItem","position":1,"name":"Home","item":"https:\/\/www.bulkammunitionshop.com\/"},{"@type":"ListItem","position":2,"name":"SHOP ALL","item":"https:\/\/www.bulkammunitionshop.com\/shop-all\/"},{"@type":"ListItem","position":3,"name":"HORNADY BLACK AMMUNITION 6.5 GRENDEL 123 GRAIN ELD MATCH BOX 500 ROUNDS"}]},{"@type":"WebSite","@id":"https:\/\/www.bulkammunitionshop.com\/#website","url":"https:\/\/www.bulkammunitionshop.com\/","name":"Botiga de municions a granel","description":"Compra munici\u00f3 a granel barata en l\u00ednia - Munici\u00f3 a granel en venda - Munici\u00f3 barata en l\u00ednia","potentialAction":[{"@type":"SearchAction","target":{"@type":"EntryPoint","urlTemplate":"https:\/\/www.bulkammunitionshop.com\/?s={search_term_string}"},"query-input":{"@type":"PropertyValueSpecification","valueRequired":true,"valueName":"search_term_string"}}],"inLanguage":"ca"}]}},"jetpack_sharing_enabled":true,"_links":{"self":[{"href":"https:\/\/www.bulkammunitionshop.com\/ca\/wp-json\/wp\/v2\/product\/2645","targetHints":{"allow":["GET"]}}],"collection":[{"href":"https:\/\/www.bulkammunitionshop.com\/ca\/wp-json\/wp\/v2\/product"}],"about":[{"href":"https:\/\/www.bulkammunitionshop.com\/ca\/wp-json\/wp\/v2\/types\/product"}],"replies":[{"embeddable":true,"href":"https:\/\/www.bulkammunitionshop.com\/ca\/wp-json\/wp\/v2\/comments?post=2645"}],"wp:featuredmedia":[{"embeddable":true,"href":"https:\/\/www.bulkammunitionshop.com\/ca\/wp-json\/wp\/v2\/media\/2646"}],"wp:attachment":[{"href":"https:\/\/www.bulkammunitionshop.com\/ca\/wp-json\/wp\/v2\/media?parent=2645"}],"wp:term":[{"taxonomy":"product_brand","embeddable":true,"href":"https:\/\/www.bulkammunitionshop.com\/ca\/wp-json\/wp\/v2\/product_brand?post=2645"},{"taxonomy":"product_cat","embeddable":true,"href":"https:\/\/www.bulkammunitionshop.com\/ca\/wp-json\/wp\/v2\/product_cat?post=2645"},{"taxonomy":"product_tag","embeddable":true,"href":"https:\/\/www.bulkammunitionshop.com\/ca\/wp-json\/wp\/v2\/product_tag?post=2645"}],"curies":[{"name":"wp","href":"https:\/\/api.w.org\/{rel}","templated":true}]}}