{"id":2353,"date":"2022-08-04T23:47:49","date_gmt":"2022-08-04T23:47:49","guid":{"rendered":"https:\/\/www.bulkammunitionshop.com\/?post_type=product&#038;p=2353"},"modified":"2022-08-04T23:47:50","modified_gmt":"2022-08-04T23:47:50","slug":"hornady-superformance-7mm-08-remington-139-grain-gilding-metal-expanding-centerfire-rifle-ammunition-80576-caliber-7mm-08-remington-number-of-rounds-500","status":"publish","type":"product","link":"https:\/\/www.bulkammunitionshop.com\/ca\/producte\/hornady-superformance-7mm-08-remington-139-grain-gilding-metal-expanding-centerfire-rifle-ammunition-80576-caliber-7mm-08-remington-number-of-rounds-500\/","title":{"rendered":"HORNADY SUPERFORMANCE 7MM-08 REMINGTON 139 GRAIN GILDING METAL EXPANDING CENTERFIRE RIFLE AMMUNITION 80576 CALIBER: 7MM-08 REMINGTON, NUMBER OF ROUNDS: 500"},"content":{"rendered":"<h2>Descripci\u00f3<\/h2>\n<p>Product Info for Hornady Superformance 7mm-08 Remington 139 Grain Gilding Metal eXpanding Centerfire Rifle Ammunition<br \/>\nIncrease your rifle\u2019s performance up to 200 fps without extra chamber pressure, recoil, muzzle blast, temperature sensitivity, fouling, or loss of accuracy.<\/p>\n<p>Superformance uses progressive propellants that take your favorite V-MAX, NTX, SST, GMX, and InterLock, bullets to levels of performance that are simply unattainable with conventional ammunition.<\/p>\n<p>It IS rocket science!<\/p>\n<p>PERFORMANCE:<br \/>\nIT IS FAST: 100 to 200 fps faster than conventional ammunition.<br \/>\nIT IS ACCURATE: Uncompromising accuracy without increased felt recoil.<br \/>\nIT IS CONSISTENT: Unfailing performance across a broad range of temperatures.<br \/>\nIT IS VERSATILE: This new breed of ammunition is available in 17 Hornet to 444 Marlin, and is safe for use in all firearm types, including semi-autos, lever guns and pump actions.<br \/>\nBuy Hornady ammo to get bullets that are accurate, consistent, and always dependable.<\/p>\n<p>WARNING: California`s Proposition 65<br \/>\nSpecifications for Hornady Superformance 7mm-08 Remington 139 Grain Gilding Metal eXpanding Centerfire Rifle Ammunition:<br \/>\nCaliber: 7mm-08 Remington<br \/>\nNombre de rondes: 500<br \/>\nBullet Type: Gilding Metal eXpanding (GMX)<br \/>\nBullet Weight: 139 grain<br \/>\nMaterial de la caixa del cartutx: llaut\u00f3<br \/>\nMuzzle Velocity: 2910 ft\/s<br \/>\nPackage Type: Box<br \/>\nUbicaci\u00f3 de l&#039;encebador: Centrefire<br \/>\nSectional Density: 0.246<br \/>\nMuzzle Energy: 2613 ft-lbs<br \/>\nG1 Ballistic Coefficient: 0.486<br \/>\nApplication: Large Game, Medium Game<br \/>\nFeatures of Hornady Superformance 7mm-08 Remington 139 Grain Gilding Metal eXpanding Centerfire Rifle Ammunition:<br \/>\nProven Hornady Bullets: Superformance ammunition is loaded with Hornady V-MAX, NTX, SST, GMX, and InterLock, bullets for the ultimate in performance, no matter what the game.<br \/>\nProgressive Hornady Powders: Superformance Propellants are the heart of Superformance ammunition and usher in a new era of performance.<br \/>\nCase And Primer: Like all Hornady\u00ae ammunition, our Superformance\u00ae rounds use the highest quality cases and primers available. Consistent components translate to consistent shooting in the field.<\/p>","protected":false},"excerpt":{"rendered":"<p>Specifications for Hornady Superformance 7mm-08 Remington 139 Grain Gilding Metal eXpanding Centerfire Rifle Ammunition:<br \/>\nCaliber: 7mm-08 Remington<br \/>\nNombre de rondes: 500<br \/>\nBullet Type: Gilding Metal eXpanding (GMX)<br \/>\nBullet Weight: 139 grain<br \/>\nMaterial de la caixa del cartutx: llaut\u00f3<br \/>\nMuzzle Velocity: 2910 ft\/s<br \/>\nPackage Type: Box<br \/>\nUbicaci\u00f3 de l&#039;encebador: Centrefire<br \/>\nSectional Density: 0.246<br \/>\nMuzzle Energy: 2613 ft-lbs<br \/>\nG1 Ballistic Coefficient: 0.486<br \/>\nApplication: Large Game, Medium Game<\/p>","protected":false},"featured_media":2357,"comment_status":"open","ping_status":"closed","template":"","meta":[],"product_brand":[],"product_cat":[258,121],"product_tag":[],"class_list":{"0":"post-2353","1":"product","2":"type-product","3":"status-publish","4":"has-post-thumbnail","6":"product_cat-7mm-08-ammo","7":"product_cat-rifle-ammo","9":"first","10":"instock","11":"taxable","12":"shipping-taxable","13":"purchasable","14":"product-type-simple"},"yoast_head":"<!-- This site is optimized with the Yoast SEO Premium plugin v24.6 (Yoast SEO v25.7) - https:\/\/yoast.com\/wordpress\/plugins\/seo\/ -->\n<title>HORNADY SUPERFORMANCE 7MM-08 REMINGTON 139 GRAIN GILDING METAL EXPANDING CENTERFIRE RIFLE AMMUNITION 80576 CALIBER: 7MM-08 REMINGTON, NUMBER OF ROUNDS: 500 - Bulk Ammunition shop<\/title>\n<meta name=\"robots\" content=\"index, follow, max-snippet:-1, max-image-preview:large, max-video-preview:-1\" \/>\n<link rel=\"canonical\" href=\"https:\/\/www.bulkammunitionshop.com\/ca\/producte\/hornady-superformance-7mm-08-remington-139-grain-gilding-metal-expanding-centerfire-rifle-ammunition-80576-caliber-7mm-08-remington-number-of-rounds-500\/\" \/>\n<meta property=\"og:locale\" content=\"ca_ES\" \/>\n<meta property=\"og:type\" content=\"article\" \/>\n<meta property=\"og:title\" content=\"HORNADY SUPERFORMANCE 7MM-08 REMINGTON 139 GRAIN GILDING METAL EXPANDING CENTERFIRE RIFLE AMMUNITION 80576 CALIBER: 7MM-08 REMINGTON, NUMBER OF ROUNDS: 500\" \/>\n<meta property=\"og:description\" content=\"Specifications for Hornady Superformance 7mm-08 Remington 139 Grain Gilding Metal eXpanding Centerfire Rifle Ammunition: Caliber: 7mm-08 Remington Number of Rounds: 500 Bullet Type: Gilding Metal eXpanding (GMX) Bullet Weight: 139 grain Cartridge Case Material: Brass Muzzle Velocity: 2910 ft\/s Package Type: Box Primer Location: Centerfire Sectional Density: 0.246 Muzzle Energy: 2613 ft-lbs G1 Ballistic Coefficient: 0.486 Application: Large Game, Medium Game\" \/>\n<meta property=\"og:url\" content=\"https:\/\/www.bulkammunitionshop.com\/ca\/producte\/hornady-superformance-7mm-08-remington-139-grain-gilding-metal-expanding-centerfire-rifle-ammunition-80576-caliber-7mm-08-remington-number-of-rounds-500\/\" \/>\n<meta property=\"og:site_name\" content=\"Bulk Ammunition shop\" \/>\n<meta property=\"article:modified_time\" content=\"2022-08-04T23:47:50+00:00\" \/>\n<meta property=\"og:image\" content=\"http:\/\/www.bulkammunitionshop.com\/wp-content\/uploads\/2022\/08\/opplanet-hornady-ammo-7mm-08-rem-139gr-gmx-spf-20-80576-600x337-1.jpg\" \/>\n\t<meta property=\"og:image:width\" content=\"600\" \/>\n\t<meta property=\"og:image:height\" content=\"337\" \/>\n\t<meta property=\"og:image:type\" content=\"image\/jpeg\" \/>\n<meta name=\"twitter:card\" content=\"summary_large_image\" \/>\n<meta name=\"twitter:label1\" content=\"Temps estimat de lectura\" \/>\n\t<meta name=\"twitter:data1\" content=\"2 minuts\" \/>\n<script type=\"application\/ld+json\" class=\"yoast-schema-graph\">{\"@context\":\"https:\/\/schema.org\",\"@graph\":[{\"@type\":\"WebPage\",\"@id\":\"https:\/\/www.bulkammunitionshop.com\/product\/hornady-superformance-7mm-08-remington-139-grain-gilding-metal-expanding-centerfire-rifle-ammunition-80576-caliber-7mm-08-remington-number-of-rounds-500\/\",\"url\":\"https:\/\/www.bulkammunitionshop.com\/product\/hornady-superformance-7mm-08-remington-139-grain-gilding-metal-expanding-centerfire-rifle-ammunition-80576-caliber-7mm-08-remington-number-of-rounds-500\/\",\"name\":\"HORNADY SUPERFORMANCE 7MM-08 REMINGTON 139 GRAIN GILDING METAL EXPANDING CENTERFIRE RIFLE AMMUNITION 80576 CALIBER: 7MM-08 REMINGTON, NUMBER OF ROUNDS: 500 - Bulk Ammunition shop\",\"isPartOf\":{\"@id\":\"https:\/\/www.bulkammunitionshop.com\/#website\"},\"primaryImageOfPage\":{\"@id\":\"https:\/\/www.bulkammunitionshop.com\/product\/hornady-superformance-7mm-08-remington-139-grain-gilding-metal-expanding-centerfire-rifle-ammunition-80576-caliber-7mm-08-remington-number-of-rounds-500\/#primaryimage\"},\"image\":{\"@id\":\"https:\/\/www.bulkammunitionshop.com\/product\/hornady-superformance-7mm-08-remington-139-grain-gilding-metal-expanding-centerfire-rifle-ammunition-80576-caliber-7mm-08-remington-number-of-rounds-500\/#primaryimage\"},\"thumbnailUrl\":\"https:\/\/www.bulkammunitionshop.com\/wp-content\/uploads\/2022\/08\/opplanet-hornady-ammo-7mm-08-rem-139gr-gmx-spf-20-80576-600x337-1.jpg\",\"datePublished\":\"2022-08-04T23:47:49+00:00\",\"dateModified\":\"2022-08-04T23:47:50+00:00\",\"breadcrumb\":{\"@id\":\"https:\/\/www.bulkammunitionshop.com\/product\/hornady-superformance-7mm-08-remington-139-grain-gilding-metal-expanding-centerfire-rifle-ammunition-80576-caliber-7mm-08-remington-number-of-rounds-500\/#breadcrumb\"},\"inLanguage\":\"ca\",\"potentialAction\":[{\"@type\":\"ReadAction\",\"target\":[\"https:\/\/www.bulkammunitionshop.com\/product\/hornady-superformance-7mm-08-remington-139-grain-gilding-metal-expanding-centerfire-rifle-ammunition-80576-caliber-7mm-08-remington-number-of-rounds-500\/\"]}]},{\"@type\":\"ImageObject\",\"inLanguage\":\"ca\",\"@id\":\"https:\/\/www.bulkammunitionshop.com\/product\/hornady-superformance-7mm-08-remington-139-grain-gilding-metal-expanding-centerfire-rifle-ammunition-80576-caliber-7mm-08-remington-number-of-rounds-500\/#primaryimage\",\"url\":\"https:\/\/www.bulkammunitionshop.com\/wp-content\/uploads\/2022\/08\/opplanet-hornady-ammo-7mm-08-rem-139gr-gmx-spf-20-80576-600x337-1.jpg\",\"contentUrl\":\"https:\/\/www.bulkammunitionshop.com\/wp-content\/uploads\/2022\/08\/opplanet-hornady-ammo-7mm-08-rem-139gr-gmx-spf-20-80576-600x337-1.jpg\",\"width\":600,\"height\":337},{\"@type\":\"BreadcrumbList\",\"@id\":\"https:\/\/www.bulkammunitionshop.com\/product\/hornady-superformance-7mm-08-remington-139-grain-gilding-metal-expanding-centerfire-rifle-ammunition-80576-caliber-7mm-08-remington-number-of-rounds-500\/#breadcrumb\",\"itemListElement\":[{\"@type\":\"ListItem\",\"position\":1,\"name\":\"Home\",\"item\":\"https:\/\/www.bulkammunitionshop.com\/\"},{\"@type\":\"ListItem\",\"position\":2,\"name\":\"SHOP ALL\",\"item\":\"https:\/\/www.bulkammunitionshop.com\/shop-all\/\"},{\"@type\":\"ListItem\",\"position\":3,\"name\":\"HORNADY SUPERFORMANCE 7MM-08 REMINGTON 139 GRAIN GILDING METAL EXPANDING CENTERFIRE RIFLE AMMUNITION 80576 CALIBER: 7MM-08 REMINGTON, NUMBER OF ROUNDS: 500\"}]},{\"@type\":\"WebSite\",\"@id\":\"https:\/\/www.bulkammunitionshop.com\/#website\",\"url\":\"https:\/\/www.bulkammunitionshop.com\/\",\"name\":\"Bulk Ammunition shop\",\"description\":\"Buy Cheap Bulk Ammo Online - Bulk Ammo for Sale- Cheap Ammo Online\",\"potentialAction\":[{\"@type\":\"SearchAction\",\"target\":{\"@type\":\"EntryPoint\",\"urlTemplate\":\"https:\/\/www.bulkammunitionshop.com\/?s={search_term_string}\"},\"query-input\":{\"@type\":\"PropertyValueSpecification\",\"valueRequired\":true,\"valueName\":\"search_term_string\"}}],\"inLanguage\":\"ca\"}]}<\/script>\n<!-- \/ Yoast SEO Premium plugin. -->","yoast_head_json":{"title":"HORNADY SUPERFORMANCE 7MM-08 REMINGTON 139 GRAIN GILDING METAL EXPANDING CENTERFIRE RIFLE AMMUNITION 80576 CALIBER: 7MM-08 REMINGTON, NUMBER OF ROUNDS: 500 - Bulk Ammunition shop","robots":{"index":"index","follow":"follow","max-snippet":"max-snippet:-1","max-image-preview":"max-image-preview:large","max-video-preview":"max-video-preview:-1"},"canonical":"https:\/\/www.bulkammunitionshop.com\/ca\/producte\/hornady-superformance-7mm-08-remington-139-grain-gilding-metal-expanding-centerfire-rifle-ammunition-80576-caliber-7mm-08-remington-number-of-rounds-500\/","og_locale":"ca_ES","og_type":"article","og_title":"HORNADY SUPERFORMANCE 7MM-08 REMINGTON 139 GRAIN GILDING METAL EXPANDING CENTERFIRE RIFLE AMMUNITION 80576 CALIBER: 7MM-08 REMINGTON, NUMBER OF ROUNDS: 500","og_description":"Specifications for Hornady Superformance 7mm-08 Remington 139 Grain Gilding Metal eXpanding Centerfire Rifle Ammunition: Caliber: 7mm-08 Remington Number of Rounds: 500 Bullet Type: Gilding Metal eXpanding (GMX) Bullet Weight: 139 grain Cartridge Case Material: Brass Muzzle Velocity: 2910 ft\/s Package Type: Box Primer Location: Centerfire Sectional Density: 0.246 Muzzle Energy: 2613 ft-lbs G1 Ballistic Coefficient: 0.486 Application: Large Game, Medium Game","og_url":"https:\/\/www.bulkammunitionshop.com\/ca\/producte\/hornady-superformance-7mm-08-remington-139-grain-gilding-metal-expanding-centerfire-rifle-ammunition-80576-caliber-7mm-08-remington-number-of-rounds-500\/","og_site_name":"Bulk Ammunition shop","article_modified_time":"2022-08-04T23:47:50+00:00","og_image":[{"width":600,"height":337,"url":"http:\/\/www.bulkammunitionshop.com\/wp-content\/uploads\/2022\/08\/opplanet-hornady-ammo-7mm-08-rem-139gr-gmx-spf-20-80576-600x337-1.jpg","type":"image\/jpeg"}],"twitter_card":"summary_large_image","twitter_misc":{"Temps estimat de lectura":"2 minuts"},"schema":{"@context":"https:\/\/schema.org","@graph":[{"@type":"WebPage","@id":"https:\/\/www.bulkammunitionshop.com\/product\/hornady-superformance-7mm-08-remington-139-grain-gilding-metal-expanding-centerfire-rifle-ammunition-80576-caliber-7mm-08-remington-number-of-rounds-500\/","url":"https:\/\/www.bulkammunitionshop.com\/product\/hornady-superformance-7mm-08-remington-139-grain-gilding-metal-expanding-centerfire-rifle-ammunition-80576-caliber-7mm-08-remington-number-of-rounds-500\/","name":"HORNADY SUPERFORMANCE 7MM-08 REMINGTON 139 GRAIN GILDING METAL EXPANDING CENTERFIRE RIFLE AMMUNITION 80576 CALIBER: 7MM-08 REMINGTON, NUMBER OF ROUNDS: 500 - Bulk Ammunition shop","isPartOf":{"@id":"https:\/\/www.bulkammunitionshop.com\/#website"},"primaryImageOfPage":{"@id":"https:\/\/www.bulkammunitionshop.com\/product\/hornady-superformance-7mm-08-remington-139-grain-gilding-metal-expanding-centerfire-rifle-ammunition-80576-caliber-7mm-08-remington-number-of-rounds-500\/#primaryimage"},"image":{"@id":"https:\/\/www.bulkammunitionshop.com\/product\/hornady-superformance-7mm-08-remington-139-grain-gilding-metal-expanding-centerfire-rifle-ammunition-80576-caliber-7mm-08-remington-number-of-rounds-500\/#primaryimage"},"thumbnailUrl":"https:\/\/www.bulkammunitionshop.com\/wp-content\/uploads\/2022\/08\/opplanet-hornady-ammo-7mm-08-rem-139gr-gmx-spf-20-80576-600x337-1.jpg","datePublished":"2022-08-04T23:47:49+00:00","dateModified":"2022-08-04T23:47:50+00:00","breadcrumb":{"@id":"https:\/\/www.bulkammunitionshop.com\/product\/hornady-superformance-7mm-08-remington-139-grain-gilding-metal-expanding-centerfire-rifle-ammunition-80576-caliber-7mm-08-remington-number-of-rounds-500\/#breadcrumb"},"inLanguage":"ca","potentialAction":[{"@type":"ReadAction","target":["https:\/\/www.bulkammunitionshop.com\/product\/hornady-superformance-7mm-08-remington-139-grain-gilding-metal-expanding-centerfire-rifle-ammunition-80576-caliber-7mm-08-remington-number-of-rounds-500\/"]}]},{"@type":"ImageObject","inLanguage":"ca","@id":"https:\/\/www.bulkammunitionshop.com\/product\/hornady-superformance-7mm-08-remington-139-grain-gilding-metal-expanding-centerfire-rifle-ammunition-80576-caliber-7mm-08-remington-number-of-rounds-500\/#primaryimage","url":"https:\/\/www.bulkammunitionshop.com\/wp-content\/uploads\/2022\/08\/opplanet-hornady-ammo-7mm-08-rem-139gr-gmx-spf-20-80576-600x337-1.jpg","contentUrl":"https:\/\/www.bulkammunitionshop.com\/wp-content\/uploads\/2022\/08\/opplanet-hornady-ammo-7mm-08-rem-139gr-gmx-spf-20-80576-600x337-1.jpg","width":600,"height":337},{"@type":"BreadcrumbList","@id":"https:\/\/www.bulkammunitionshop.com\/product\/hornady-superformance-7mm-08-remington-139-grain-gilding-metal-expanding-centerfire-rifle-ammunition-80576-caliber-7mm-08-remington-number-of-rounds-500\/#breadcrumb","itemListElement":[{"@type":"ListItem","position":1,"name":"Home","item":"https:\/\/www.bulkammunitionshop.com\/"},{"@type":"ListItem","position":2,"name":"SHOP ALL","item":"https:\/\/www.bulkammunitionshop.com\/shop-all\/"},{"@type":"ListItem","position":3,"name":"HORNADY SUPERFORMANCE 7MM-08 REMINGTON 139 GRAIN GILDING METAL EXPANDING CENTERFIRE RIFLE AMMUNITION 80576 CALIBER: 7MM-08 REMINGTON, NUMBER OF ROUNDS: 500"}]},{"@type":"WebSite","@id":"https:\/\/www.bulkammunitionshop.com\/#website","url":"https:\/\/www.bulkammunitionshop.com\/","name":"Botiga de municions a granel","description":"Compra munici\u00f3 a granel barata en l\u00ednia - Munici\u00f3 a granel en venda - Munici\u00f3 barata en l\u00ednia","potentialAction":[{"@type":"SearchAction","target":{"@type":"EntryPoint","urlTemplate":"https:\/\/www.bulkammunitionshop.com\/?s={search_term_string}"},"query-input":{"@type":"PropertyValueSpecification","valueRequired":true,"valueName":"search_term_string"}}],"inLanguage":"ca"}]}},"jetpack_sharing_enabled":true,"_links":{"self":[{"href":"https:\/\/www.bulkammunitionshop.com\/ca\/wp-json\/wp\/v2\/product\/2353","targetHints":{"allow":["GET"]}}],"collection":[{"href":"https:\/\/www.bulkammunitionshop.com\/ca\/wp-json\/wp\/v2\/product"}],"about":[{"href":"https:\/\/www.bulkammunitionshop.com\/ca\/wp-json\/wp\/v2\/types\/product"}],"replies":[{"embeddable":true,"href":"https:\/\/www.bulkammunitionshop.com\/ca\/wp-json\/wp\/v2\/comments?post=2353"}],"wp:featuredmedia":[{"embeddable":true,"href":"https:\/\/www.bulkammunitionshop.com\/ca\/wp-json\/wp\/v2\/media\/2357"}],"wp:attachment":[{"href":"https:\/\/www.bulkammunitionshop.com\/ca\/wp-json\/wp\/v2\/media?parent=2353"}],"wp:term":[{"taxonomy":"product_brand","embeddable":true,"href":"https:\/\/www.bulkammunitionshop.com\/ca\/wp-json\/wp\/v2\/product_brand?post=2353"},{"taxonomy":"product_cat","embeddable":true,"href":"https:\/\/www.bulkammunitionshop.com\/ca\/wp-json\/wp\/v2\/product_cat?post=2353"},{"taxonomy":"product_tag","embeddable":true,"href":"https:\/\/www.bulkammunitionshop.com\/ca\/wp-json\/wp\/v2\/product_tag?post=2353"}],"curies":[{"name":"wp","href":"https:\/\/api.w.org\/{rel}","templated":true}]}}