{"id":1439,"date":"2022-05-21T16:27:46","date_gmt":"2022-05-21T16:27:46","guid":{"rendered":"https:\/\/www.bulkammunitionshop.com\/?post_type=product&#038;p=1439"},"modified":"2022-05-21T16:28:02","modified_gmt":"2022-05-21T16:28:02","slug":"1000rds-of-hornady-frontier-300-aac-blackout-125-grain-full-metal-jacket-centerfire-rifle-ammunition","status":"publish","type":"product","link":"https:\/\/www.bulkammunitionshop.com\/ca\/producte\/1000rds-of-hornady-frontier-300-aac-blackout-125-grain-full-metal-jacket-centerfire-rifle-ammunition\/","title":{"rendered":"1000 runes de munici\u00f3 per a rifle Hornady Frontier .300 AAC Blackout de 125 grains amb jaqueta met\u00e0l\u00b7lica de foc central"},"content":{"rendered":"<h2 id=\"caption-header\">Product Info for\u00a0Hornady Frontier .300 AAC Blackout 125 Grain Full Metal Jacket Centerfire Rifle Ammunition<\/h2>\n<div>\n<div id=\"product-caption-block-description\" class=\"product-caption-block\">\n<p>Frontier Cartridge features Hornady bullets and is available in 223 Rem, 5.56 NATO, 300 Blackout and 6.5 Grendel. Applications range from plinking, target shooting and hunting to law enforcement training and self-defense.<\/p>\n<\/div>\n<div><span class=\"op-plugin op-widget-initialized\" data-plugins=\"op.services.FancyDropDown\" data-template=\"op.templates.prop65-message-popup\" data-width=\"540\" data-focus-element=\"#prop65-warning-link\" data-always-left=\"1\" data-custom-classes=\"prop65_fancy_popup\" data-template-data=\"{&quot;header&quot;:&quot;Proposition 65 Warning for California Consumers&quot;,&quot;more_info&quot;:&quot;For more information go to&quot;,&quot;image&quot;:&quot;https:\/\/opl.0ps.us\/assets-d50bee5e3b9\/base\/opcatalog\/base\/desktop\/img\/option-sets\/prop65_warning.svg&quot;,&quot;messages&quot;:[&quot;This product can expose you to chemicals including Lead, which is known to the State of California to cause cancer and birth defects or other reproductive harm. For more information go to www.P65Warnings.ca.gov.&quot;],&quot;warning&quot;:&quot;WARNING&quot;}\"><a id=\"prop65-warning-link\"><\/a><strong>ADVERT\u00c8NCIA<\/strong>:\u00a0<\/span>La Proposici\u00f3 65 de Calif\u00f2rnia<\/div>\n<div id=\"product-caption-block-manufacture-specification\" class=\"product-caption-block\">\n<h3>Specifications for Hornady Frontier .300 AAC Blackout 125 Grain Full Metal Jacket Centerfire Rifle Ammunition:<\/h3>\n<table class=\"spec-table\" border=\"0\" cellspacing=\"0\" cellpadding=\"0\">\n<tbody>\n<tr>\n<td class=\"spec-left-column\">Calibre:<\/td>\n<td width=\"50%\">.300 AAC Blackout<\/td>\n<\/tr>\n<tr>\n<td class=\"spec-left-column\">Nombre de rondes:<\/td>\n<td width=\"50%\">1000<\/td>\n<\/tr>\n<tr>\n<td class=\"spec-left-column\">Tipus de bala:<\/td>\n<td width=\"50%\">Full Metal Jacket (FMJ)<\/td>\n<\/tr>\n<tr>\n<td class=\"spec-left-column\">Pes de la bala:<\/td>\n<td width=\"50%\">125 grans<\/td>\n<\/tr>\n<tr>\n<td class=\"spec-left-column\">Material de la carcassa del cartutx:<\/td>\n<td width=\"50%\">Llaut\u00f3<\/td>\n<\/tr>\n<tr>\n<td class=\"spec-left-column\">Velocitat de sortida:<\/td>\n<td width=\"50%\">2175 ft\/s<\/td>\n<\/tr>\n<tr>\n<td class=\"spec-left-column\">Tipus de paquet:<\/td>\n<td width=\"50%\">Caixa<\/td>\n<\/tr>\n<tr>\n<td class=\"spec-left-column\">Ubicaci\u00f3 de la imprimaci\u00f3:<\/td>\n<td width=\"50%\">Foc central<\/td>\n<\/tr>\n<tr>\n<td class=\"spec-left-column\">Densitat seccional:<\/td>\n<td width=\"50%\">0.188<\/td>\n<\/tr>\n<tr>\n<td class=\"spec-left-column\">Energia de boca:<\/td>\n<td width=\"50%\">1313 ft-lbs<\/td>\n<\/tr>\n<tr>\n<td class=\"spec-left-column\">Coeficient bal\u00edstic G1:<\/td>\n<td width=\"50%\">0.25<\/td>\n<\/tr>\n<tr>\n<td class=\"spec-left-column\">Aplicaci\u00f3:<\/td>\n<td width=\"50%\">Match, Varmint, Target, Self Defense<\/td>\n<\/tr>\n<\/tbody>\n<\/table>\n<\/div>\n<div id=\"product-caption-block-features\" class=\"product-caption-block\">\n<h3>Features of Hornady Frontier .300 AAC Blackout 125 Grain Full Metal Jacket Centerfire Rifle Ammunition:<\/h3>\n<ul>\n<li><strong>Consistency In Every Cartridge:<\/strong>\u00a0State-of-the-industry loading techniques and quality control procedures ensure the reliability of every Frontier Cartridge round.<\/li>\n<li><strong>Rounds For All Applications:<\/strong>\u00a0Frontier Cartridge offers ammunition configured for a wide range of shooters and applications, everything from plinking, target shooting and hunting to law enforcement training and self-defense.<\/li>\n<li><strong>Brass Cases:<\/strong>\u00a0In addition to Hornady target friendly, non-steel core bullets in a variety of offerings, Frontier Cartridge features brass cartridge cases and military-grade boxer primers and propellant.<\/li>\n<\/ul>\n<\/div>\n<\/div>","protected":false},"excerpt":{"rendered":"<p>Product Info for\u00a0Hornady Frontier .300 AAC Blackout 125 Grain Full Metal Jacket Centerfire Rifle Ammunition Frontier Cartridge features Hornady bullets and is available in 223 Rem, 5.56 NATO, 300 Blackout and 6.5 Grendel. Applications range from plinking, target shooting and hunting to law enforcement training and self-defense. WARNING:\u00a0California`s Proposition 65 Specifications for Hornady Frontier .300 [&#8230;]","protected":false},"featured_media":1469,"comment_status":"open","ping_status":"closed","template":"","meta":[],"product_brand":[],"product_cat":[127,121],"product_tag":[],"class_list":{"0":"post-1439","1":"product","2":"type-product","3":"status-publish","4":"has-post-thumbnail","6":"product_cat-300-aac-blackout","7":"product_cat-rifle-ammo","9":"first","10":"instock","11":"taxable","12":"shipping-taxable","13":"purchasable","14":"product-type-simple"},"yoast_head":"<!-- This site is optimized with the Yoast SEO Premium plugin v24.6 (Yoast SEO v25.7) - https:\/\/yoast.com\/wordpress\/plugins\/seo\/ -->\n<title>1000Rds of Hornady Frontier .300 AAC Blackout 125 Grain Full Metal Jacket Centerfire Rifle Ammunition - Bulk Ammunition shop<\/title>\n<meta name=\"robots\" content=\"index, follow, max-snippet:-1, max-image-preview:large, max-video-preview:-1\" \/>\n<link rel=\"canonical\" href=\"https:\/\/www.bulkammunitionshop.com\/ca\/producte\/1000rds-of-hornady-frontier-300-aac-blackout-125-grain-full-metal-jacket-centerfire-rifle-ammunition\/\" \/>\n<meta property=\"og:locale\" content=\"ca_ES\" \/>\n<meta property=\"og:type\" content=\"article\" \/>\n<meta property=\"og:title\" content=\"1000Rds of Hornady Frontier .300 AAC Blackout 125 Grain Full Metal Jacket Centerfire Rifle Ammunition\" \/>\n<meta property=\"og:description\" content=\"Product Info for\u00a0Hornady Frontier .300 AAC Blackout 125 Grain Full Metal Jacket Centerfire Rifle Ammunition Frontier Cartridge features Hornady bullets and is available in 223 Rem, 5.56 NATO, 300 Blackout and 6.5 Grendel. Applications range from plinking, target shooting and hunting to law enforcement training and self-defense. WARNING:\u00a0California`s Proposition 65 Specifications for Hornady Frontier .300 [...]\" \/>\n<meta property=\"og:url\" content=\"https:\/\/www.bulkammunitionshop.com\/ca\/producte\/1000rds-of-hornady-frontier-300-aac-blackout-125-grain-full-metal-jacket-centerfire-rifle-ammunition\/\" \/>\n<meta property=\"og:site_name\" content=\"Bulk Ammunition shop\" \/>\n<meta property=\"article:modified_time\" content=\"2022-05-21T16:28:02+00:00\" \/>\n<meta property=\"og:image\" content=\"https:\/\/i0.wp.com\/www.bulkammunitionshop.com\/wp-content\/uploads\/2022\/05\/opplanet-hornady-frontier-rifle-ammo-300-aac-blackout-full-metal-jacket-125-grain-20-rounds-box-fr400-main.jpg?fit=978%2C550&ssl=1\" \/>\n\t<meta property=\"og:image:width\" content=\"978\" \/>\n\t<meta property=\"og:image:height\" content=\"550\" \/>\n\t<meta property=\"og:image:type\" content=\"image\/jpeg\" \/>\n<meta name=\"twitter:card\" content=\"summary_large_image\" \/>\n<meta name=\"twitter:label1\" content=\"Temps estimat de lectura\" \/>\n\t<meta name=\"twitter:data1\" content=\"1 minut\" \/>\n<script type=\"application\/ld+json\" class=\"yoast-schema-graph\">{\"@context\":\"https:\/\/schema.org\",\"@graph\":[{\"@type\":\"WebPage\",\"@id\":\"https:\/\/www.bulkammunitionshop.com\/product\/1000rds-of-hornady-frontier-300-aac-blackout-125-grain-full-metal-jacket-centerfire-rifle-ammunition\/\",\"url\":\"https:\/\/www.bulkammunitionshop.com\/product\/1000rds-of-hornady-frontier-300-aac-blackout-125-grain-full-metal-jacket-centerfire-rifle-ammunition\/\",\"name\":\"1000Rds of Hornady Frontier .300 AAC Blackout 125 Grain Full Metal Jacket Centerfire Rifle Ammunition - Bulk Ammunition shop\",\"isPartOf\":{\"@id\":\"https:\/\/www.bulkammunitionshop.com\/#website\"},\"primaryImageOfPage\":{\"@id\":\"https:\/\/www.bulkammunitionshop.com\/product\/1000rds-of-hornady-frontier-300-aac-blackout-125-grain-full-metal-jacket-centerfire-rifle-ammunition\/#primaryimage\"},\"image\":{\"@id\":\"https:\/\/www.bulkammunitionshop.com\/product\/1000rds-of-hornady-frontier-300-aac-blackout-125-grain-full-metal-jacket-centerfire-rifle-ammunition\/#primaryimage\"},\"thumbnailUrl\":\"https:\/\/www.bulkammunitionshop.com\/wp-content\/uploads\/2022\/05\/opplanet-hornady-frontier-rifle-ammo-300-aac-blackout-full-metal-jacket-125-grain-20-rounds-box-fr400-main.jpg\",\"datePublished\":\"2022-05-21T16:27:46+00:00\",\"dateModified\":\"2022-05-21T16:28:02+00:00\",\"breadcrumb\":{\"@id\":\"https:\/\/www.bulkammunitionshop.com\/product\/1000rds-of-hornady-frontier-300-aac-blackout-125-grain-full-metal-jacket-centerfire-rifle-ammunition\/#breadcrumb\"},\"inLanguage\":\"ca\",\"potentialAction\":[{\"@type\":\"ReadAction\",\"target\":[\"https:\/\/www.bulkammunitionshop.com\/product\/1000rds-of-hornady-frontier-300-aac-blackout-125-grain-full-metal-jacket-centerfire-rifle-ammunition\/\"]}]},{\"@type\":\"ImageObject\",\"inLanguage\":\"ca\",\"@id\":\"https:\/\/www.bulkammunitionshop.com\/product\/1000rds-of-hornady-frontier-300-aac-blackout-125-grain-full-metal-jacket-centerfire-rifle-ammunition\/#primaryimage\",\"url\":\"https:\/\/www.bulkammunitionshop.com\/wp-content\/uploads\/2022\/05\/opplanet-hornady-frontier-rifle-ammo-300-aac-blackout-full-metal-jacket-125-grain-20-rounds-box-fr400-main.jpg\",\"contentUrl\":\"https:\/\/www.bulkammunitionshop.com\/wp-content\/uploads\/2022\/05\/opplanet-hornady-frontier-rifle-ammo-300-aac-blackout-full-metal-jacket-125-grain-20-rounds-box-fr400-main.jpg\",\"width\":978,\"height\":550},{\"@type\":\"BreadcrumbList\",\"@id\":\"https:\/\/www.bulkammunitionshop.com\/product\/1000rds-of-hornady-frontier-300-aac-blackout-125-grain-full-metal-jacket-centerfire-rifle-ammunition\/#breadcrumb\",\"itemListElement\":[{\"@type\":\"ListItem\",\"position\":1,\"name\":\"Home\",\"item\":\"https:\/\/www.bulkammunitionshop.com\/\"},{\"@type\":\"ListItem\",\"position\":2,\"name\":\"SHOP ALL\",\"item\":\"https:\/\/www.bulkammunitionshop.com\/shop-all\/\"},{\"@type\":\"ListItem\",\"position\":3,\"name\":\"1000Rds of Hornady Frontier .300 AAC Blackout 125 Grain Full Metal Jacket Centerfire Rifle Ammunition\"}]},{\"@type\":\"WebSite\",\"@id\":\"https:\/\/www.bulkammunitionshop.com\/#website\",\"url\":\"https:\/\/www.bulkammunitionshop.com\/\",\"name\":\"Bulk Ammunition shop\",\"description\":\"Buy Cheap Bulk Ammo Online - Bulk Ammo for Sale- Cheap Ammo Online\",\"potentialAction\":[{\"@type\":\"SearchAction\",\"target\":{\"@type\":\"EntryPoint\",\"urlTemplate\":\"https:\/\/www.bulkammunitionshop.com\/?s={search_term_string}\"},\"query-input\":{\"@type\":\"PropertyValueSpecification\",\"valueRequired\":true,\"valueName\":\"search_term_string\"}}],\"inLanguage\":\"ca\"}]}<\/script>\n<!-- \/ Yoast SEO Premium plugin. -->","yoast_head_json":{"title":"1000Rds of Hornady Frontier .300 AAC Blackout 125 Grain Full Metal Jacket Centerfire Rifle Ammunition - Bulk Ammunition shop","robots":{"index":"index","follow":"follow","max-snippet":"max-snippet:-1","max-image-preview":"max-image-preview:large","max-video-preview":"max-video-preview:-1"},"canonical":"https:\/\/www.bulkammunitionshop.com\/ca\/producte\/1000rds-of-hornady-frontier-300-aac-blackout-125-grain-full-metal-jacket-centerfire-rifle-ammunition\/","og_locale":"ca_ES","og_type":"article","og_title":"1000Rds of Hornady Frontier .300 AAC Blackout 125 Grain Full Metal Jacket Centerfire Rifle Ammunition","og_description":"Product Info for\u00a0Hornady Frontier .300 AAC Blackout 125 Grain Full Metal Jacket Centerfire Rifle Ammunition Frontier Cartridge features Hornady bullets and is available in 223 Rem, 5.56 NATO, 300 Blackout and 6.5 Grendel. Applications range from plinking, target shooting and hunting to law enforcement training and self-defense. WARNING:\u00a0California`s Proposition 65 Specifications for Hornady Frontier .300 [...]","og_url":"https:\/\/www.bulkammunitionshop.com\/ca\/producte\/1000rds-of-hornady-frontier-300-aac-blackout-125-grain-full-metal-jacket-centerfire-rifle-ammunition\/","og_site_name":"Bulk Ammunition shop","article_modified_time":"2022-05-21T16:28:02+00:00","og_image":[{"width":978,"height":550,"url":"https:\/\/i0.wp.com\/www.bulkammunitionshop.com\/wp-content\/uploads\/2022\/05\/opplanet-hornady-frontier-rifle-ammo-300-aac-blackout-full-metal-jacket-125-grain-20-rounds-box-fr400-main.jpg?fit=978%2C550&ssl=1","type":"image\/jpeg"}],"twitter_card":"summary_large_image","twitter_misc":{"Temps estimat de lectura":"1 minut"},"schema":{"@context":"https:\/\/schema.org","@graph":[{"@type":"WebPage","@id":"https:\/\/www.bulkammunitionshop.com\/product\/1000rds-of-hornady-frontier-300-aac-blackout-125-grain-full-metal-jacket-centerfire-rifle-ammunition\/","url":"https:\/\/www.bulkammunitionshop.com\/product\/1000rds-of-hornady-frontier-300-aac-blackout-125-grain-full-metal-jacket-centerfire-rifle-ammunition\/","name":"1000Rds of Hornady Frontier .300 AAC Blackout 125 Grain Full Metal Jacket Centerfire Rifle Ammunition - Bulk Ammunition shop","isPartOf":{"@id":"https:\/\/www.bulkammunitionshop.com\/#website"},"primaryImageOfPage":{"@id":"https:\/\/www.bulkammunitionshop.com\/product\/1000rds-of-hornady-frontier-300-aac-blackout-125-grain-full-metal-jacket-centerfire-rifle-ammunition\/#primaryimage"},"image":{"@id":"https:\/\/www.bulkammunitionshop.com\/product\/1000rds-of-hornady-frontier-300-aac-blackout-125-grain-full-metal-jacket-centerfire-rifle-ammunition\/#primaryimage"},"thumbnailUrl":"https:\/\/www.bulkammunitionshop.com\/wp-content\/uploads\/2022\/05\/opplanet-hornady-frontier-rifle-ammo-300-aac-blackout-full-metal-jacket-125-grain-20-rounds-box-fr400-main.jpg","datePublished":"2022-05-21T16:27:46+00:00","dateModified":"2022-05-21T16:28:02+00:00","breadcrumb":{"@id":"https:\/\/www.bulkammunitionshop.com\/product\/1000rds-of-hornady-frontier-300-aac-blackout-125-grain-full-metal-jacket-centerfire-rifle-ammunition\/#breadcrumb"},"inLanguage":"ca","potentialAction":[{"@type":"ReadAction","target":["https:\/\/www.bulkammunitionshop.com\/product\/1000rds-of-hornady-frontier-300-aac-blackout-125-grain-full-metal-jacket-centerfire-rifle-ammunition\/"]}]},{"@type":"ImageObject","inLanguage":"ca","@id":"https:\/\/www.bulkammunitionshop.com\/product\/1000rds-of-hornady-frontier-300-aac-blackout-125-grain-full-metal-jacket-centerfire-rifle-ammunition\/#primaryimage","url":"https:\/\/www.bulkammunitionshop.com\/wp-content\/uploads\/2022\/05\/opplanet-hornady-frontier-rifle-ammo-300-aac-blackout-full-metal-jacket-125-grain-20-rounds-box-fr400-main.jpg","contentUrl":"https:\/\/www.bulkammunitionshop.com\/wp-content\/uploads\/2022\/05\/opplanet-hornady-frontier-rifle-ammo-300-aac-blackout-full-metal-jacket-125-grain-20-rounds-box-fr400-main.jpg","width":978,"height":550},{"@type":"BreadcrumbList","@id":"https:\/\/www.bulkammunitionshop.com\/product\/1000rds-of-hornady-frontier-300-aac-blackout-125-grain-full-metal-jacket-centerfire-rifle-ammunition\/#breadcrumb","itemListElement":[{"@type":"ListItem","position":1,"name":"Home","item":"https:\/\/www.bulkammunitionshop.com\/"},{"@type":"ListItem","position":2,"name":"SHOP ALL","item":"https:\/\/www.bulkammunitionshop.com\/shop-all\/"},{"@type":"ListItem","position":3,"name":"1000Rds of Hornady Frontier .300 AAC Blackout 125 Grain Full Metal Jacket Centerfire Rifle Ammunition"}]},{"@type":"WebSite","@id":"https:\/\/www.bulkammunitionshop.com\/#website","url":"https:\/\/www.bulkammunitionshop.com\/","name":"Botiga de municions a granel","description":"Compra munici\u00f3 a granel barata en l\u00ednia - Munici\u00f3 a granel en venda - Munici\u00f3 barata en l\u00ednia","potentialAction":[{"@type":"SearchAction","target":{"@type":"EntryPoint","urlTemplate":"https:\/\/www.bulkammunitionshop.com\/?s={search_term_string}"},"query-input":{"@type":"PropertyValueSpecification","valueRequired":true,"valueName":"search_term_string"}}],"inLanguage":"ca"}]}},"jetpack_sharing_enabled":true,"_links":{"self":[{"href":"https:\/\/www.bulkammunitionshop.com\/ca\/wp-json\/wp\/v2\/product\/1439","targetHints":{"allow":["GET"]}}],"collection":[{"href":"https:\/\/www.bulkammunitionshop.com\/ca\/wp-json\/wp\/v2\/product"}],"about":[{"href":"https:\/\/www.bulkammunitionshop.com\/ca\/wp-json\/wp\/v2\/types\/product"}],"replies":[{"embeddable":true,"href":"https:\/\/www.bulkammunitionshop.com\/ca\/wp-json\/wp\/v2\/comments?post=1439"}],"wp:featuredmedia":[{"embeddable":true,"href":"https:\/\/www.bulkammunitionshop.com\/ca\/wp-json\/wp\/v2\/media\/1469"}],"wp:attachment":[{"href":"https:\/\/www.bulkammunitionshop.com\/ca\/wp-json\/wp\/v2\/media?parent=1439"}],"wp:term":[{"taxonomy":"product_brand","embeddable":true,"href":"https:\/\/www.bulkammunitionshop.com\/ca\/wp-json\/wp\/v2\/product_brand?post=1439"},{"taxonomy":"product_cat","embeddable":true,"href":"https:\/\/www.bulkammunitionshop.com\/ca\/wp-json\/wp\/v2\/product_cat?post=1439"},{"taxonomy":"product_tag","embeddable":true,"href":"https:\/\/www.bulkammunitionshop.com\/ca\/wp-json\/wp\/v2\/product_tag?post=1439"}],"curies":[{"name":"wp","href":"https:\/\/api.w.org\/{rel}","templated":true}]}}