{"id":1207,"date":"2022-05-21T16:23:50","date_gmt":"2022-05-21T16:23:50","guid":{"rendered":"https:\/\/www.bulkammunitionshop.com\/?post_type=product&#038;p=1207"},"modified":"2022-05-21T16:24:33","modified_gmt":"2022-05-21T16:24:33","slug":"500rds-of-federal-premium-centerfire-handgun-ammunition-357-magnum-125-grain-versatile-hollow-point","status":"publish","type":"product","link":"https:\/\/www.bulkammunitionshop.com\/ca\/producte\/500rds-of-federal-premium-centerfire-handgun-ammunition-357-magnum-125-grain-versatile-hollow-point\/","title":{"rendered":"500Rds of Federal Premium Centerfire Handgun Ammunition .357 Magnum 125 grain Versatile Hollow Point"},"content":{"rendered":"<h1><strong>Descripci\u00f3<\/strong><\/h1>\n<p>Honor the American birthright to bear arms. Federal Train + Protect uses the VHP bullet design to provide both precise, practical, performance at the range, and instant reliable expansion on impact. The result is the ideal combination for training as well as defense.<\/p>\n<ul>\n<li>VHP bullet based on proven Federal hollow point design<\/li>\n<li>Reloadable Federal brass case<\/li>\n<li>Extremely reliable primer<\/li>\n<li>Loaded to produce consistent performance on the range and in defense situations<\/li>\n<\/ul>\n<table class=\"spec-table\" border=\"0\" cellspacing=\"0\" cellpadding=\"0\">\n<tbody>\n<tr>\n<td class=\"spec-left-column\">Calibre:<\/td>\n<td width=\"50%\">.357 Magnum<\/td>\n<\/tr>\n<tr>\n<td class=\"spec-left-column\">Nombre de rondes:<\/td>\n<td width=\"50%\">500<\/td>\n<\/tr>\n<tr>\n<td class=\"spec-left-column\">Tipus de bala:<\/td>\n<td width=\"50%\">Versatile Hollow Point (HP)<\/td>\n<\/tr>\n<tr>\n<td class=\"spec-left-column\">Pes de la bala:<\/td>\n<td width=\"50%\">125 grans<\/td>\n<\/tr>\n<tr>\n<td class=\"spec-left-column\">Velocitat de sortida:<\/td>\n<td width=\"50%\">1440 ft\/s<\/td>\n<\/tr>\n<tr>\n<td class=\"spec-left-column\">Ubicaci\u00f3 de la imprimaci\u00f3:<\/td>\n<td width=\"50%\">Foc central<\/td>\n<\/tr>\n<\/tbody>\n<\/table>","protected":false},"excerpt":{"rendered":"<p>Description Honor the American birthright to bear arms. Federal Train + Protect uses the VHP bullet design to provide both precise, practical, performance at the range, and instant reliable expansion on impact. The result is the ideal combination for training as well as defense. VHP bullet based on proven Federal hollow point design Reloadable Federal [&#8230;]","protected":false},"featured_media":1255,"comment_status":"open","ping_status":"closed","template":"","meta":[],"product_brand":[],"product_cat":[140,112],"product_tag":[],"class_list":{"0":"post-1207","1":"product","2":"type-product","3":"status-publish","4":"has-post-thumbnail","6":"product_cat-357-magnum","7":"product_cat-handgun-ammo","9":"first","10":"instock","11":"taxable","12":"shipping-taxable","13":"purchasable","14":"product-type-simple"},"yoast_head":"<!-- This site is optimized with the Yoast SEO Premium plugin v24.6 (Yoast SEO v25.7) - https:\/\/yoast.com\/wordpress\/plugins\/seo\/ -->\n<title>500Rds of Federal Premium Centerfire Handgun Ammunition .357 Magnum 125 grain Versatile Hollow Point - Bulk Ammunition shop<\/title>\n<meta name=\"robots\" content=\"index, follow, max-snippet:-1, max-image-preview:large, max-video-preview:-1\" \/>\n<link rel=\"canonical\" href=\"https:\/\/www.bulkammunitionshop.com\/ca\/producte\/500rds-of-federal-premium-centerfire-handgun-ammunition-357-magnum-125-grain-versatile-hollow-point\/\" \/>\n<meta property=\"og:locale\" content=\"ca_ES\" \/>\n<meta property=\"og:type\" content=\"article\" \/>\n<meta property=\"og:title\" content=\"500Rds of Federal Premium Centerfire Handgun Ammunition .357 Magnum 125 grain Versatile Hollow Point\" \/>\n<meta property=\"og:description\" content=\"Description Honor the American birthright to bear arms. Federal Train + Protect uses the VHP bullet design to provide both precise, practical, performance at the range, and instant reliable expansion on impact. The result is the ideal combination for training as well as defense. VHP bullet based on proven Federal hollow point design Reloadable Federal [...]\" \/>\n<meta property=\"og:url\" content=\"https:\/\/www.bulkammunitionshop.com\/ca\/producte\/500rds-of-federal-premium-centerfire-handgun-ammunition-357-magnum-125-grain-versatile-hollow-point\/\" \/>\n<meta property=\"og:site_name\" content=\"Bulk Ammunition shop\" \/>\n<meta property=\"article:modified_time\" content=\"2022-05-21T16:24:33+00:00\" \/>\n<meta property=\"og:image\" content=\"https:\/\/i0.wp.com\/www.bulkammunitionshop.com\/wp-content\/uploads\/2022\/05\/opplanet-federal-premium-train-protect-pistol-ammo-357-magnum-versatile-hollow-point-125-grain-50-rounds-tp357vhp1-main.jpg?fit=978%2C550&ssl=1\" \/>\n\t<meta property=\"og:image:width\" content=\"978\" \/>\n\t<meta property=\"og:image:height\" content=\"550\" \/>\n\t<meta property=\"og:image:type\" content=\"image\/jpeg\" \/>\n<meta name=\"twitter:card\" content=\"summary_large_image\" \/>\n<script type=\"application\/ld+json\" class=\"yoast-schema-graph\">{\"@context\":\"https:\/\/schema.org\",\"@graph\":[{\"@type\":\"WebPage\",\"@id\":\"https:\/\/www.bulkammunitionshop.com\/product\/500rds-of-federal-premium-centerfire-handgun-ammunition-357-magnum-125-grain-versatile-hollow-point\/\",\"url\":\"https:\/\/www.bulkammunitionshop.com\/product\/500rds-of-federal-premium-centerfire-handgun-ammunition-357-magnum-125-grain-versatile-hollow-point\/\",\"name\":\"500Rds of Federal Premium Centerfire Handgun Ammunition .357 Magnum 125 grain Versatile Hollow Point - Bulk Ammunition shop\",\"isPartOf\":{\"@id\":\"https:\/\/www.bulkammunitionshop.com\/#website\"},\"primaryImageOfPage\":{\"@id\":\"https:\/\/www.bulkammunitionshop.com\/product\/500rds-of-federal-premium-centerfire-handgun-ammunition-357-magnum-125-grain-versatile-hollow-point\/#primaryimage\"},\"image\":{\"@id\":\"https:\/\/www.bulkammunitionshop.com\/product\/500rds-of-federal-premium-centerfire-handgun-ammunition-357-magnum-125-grain-versatile-hollow-point\/#primaryimage\"},\"thumbnailUrl\":\"https:\/\/www.bulkammunitionshop.com\/wp-content\/uploads\/2022\/05\/opplanet-federal-premium-train-protect-pistol-ammo-357-magnum-versatile-hollow-point-125-grain-50-rounds-tp357vhp1-main.jpg\",\"datePublished\":\"2022-05-21T16:23:50+00:00\",\"dateModified\":\"2022-05-21T16:24:33+00:00\",\"breadcrumb\":{\"@id\":\"https:\/\/www.bulkammunitionshop.com\/product\/500rds-of-federal-premium-centerfire-handgun-ammunition-357-magnum-125-grain-versatile-hollow-point\/#breadcrumb\"},\"inLanguage\":\"ca\",\"potentialAction\":[{\"@type\":\"ReadAction\",\"target\":[\"https:\/\/www.bulkammunitionshop.com\/product\/500rds-of-federal-premium-centerfire-handgun-ammunition-357-magnum-125-grain-versatile-hollow-point\/\"]}]},{\"@type\":\"ImageObject\",\"inLanguage\":\"ca\",\"@id\":\"https:\/\/www.bulkammunitionshop.com\/product\/500rds-of-federal-premium-centerfire-handgun-ammunition-357-magnum-125-grain-versatile-hollow-point\/#primaryimage\",\"url\":\"https:\/\/www.bulkammunitionshop.com\/wp-content\/uploads\/2022\/05\/opplanet-federal-premium-train-protect-pistol-ammo-357-magnum-versatile-hollow-point-125-grain-50-rounds-tp357vhp1-main.jpg\",\"contentUrl\":\"https:\/\/www.bulkammunitionshop.com\/wp-content\/uploads\/2022\/05\/opplanet-federal-premium-train-protect-pistol-ammo-357-magnum-versatile-hollow-point-125-grain-50-rounds-tp357vhp1-main.jpg\",\"width\":978,\"height\":550},{\"@type\":\"BreadcrumbList\",\"@id\":\"https:\/\/www.bulkammunitionshop.com\/product\/500rds-of-federal-premium-centerfire-handgun-ammunition-357-magnum-125-grain-versatile-hollow-point\/#breadcrumb\",\"itemListElement\":[{\"@type\":\"ListItem\",\"position\":1,\"name\":\"Home\",\"item\":\"https:\/\/www.bulkammunitionshop.com\/\"},{\"@type\":\"ListItem\",\"position\":2,\"name\":\"SHOP ALL\",\"item\":\"https:\/\/www.bulkammunitionshop.com\/shop-all\/\"},{\"@type\":\"ListItem\",\"position\":3,\"name\":\"500Rds of Federal Premium Centerfire Handgun Ammunition .357 Magnum 125 grain Versatile Hollow Point\"}]},{\"@type\":\"WebSite\",\"@id\":\"https:\/\/www.bulkammunitionshop.com\/#website\",\"url\":\"https:\/\/www.bulkammunitionshop.com\/\",\"name\":\"Bulk Ammunition shop\",\"description\":\"Buy Cheap Bulk Ammo Online - Bulk Ammo for Sale- Cheap Ammo Online\",\"potentialAction\":[{\"@type\":\"SearchAction\",\"target\":{\"@type\":\"EntryPoint\",\"urlTemplate\":\"https:\/\/www.bulkammunitionshop.com\/?s={search_term_string}\"},\"query-input\":{\"@type\":\"PropertyValueSpecification\",\"valueRequired\":true,\"valueName\":\"search_term_string\"}}],\"inLanguage\":\"ca\"}]}<\/script>\n<!-- \/ Yoast SEO Premium plugin. -->","yoast_head_json":{"title":"500Rds of Federal Premium Centerfire Handgun Ammunition .357 Magnum 125 grain Versatile Hollow Point - Bulk Ammunition shop","robots":{"index":"index","follow":"follow","max-snippet":"max-snippet:-1","max-image-preview":"max-image-preview:large","max-video-preview":"max-video-preview:-1"},"canonical":"https:\/\/www.bulkammunitionshop.com\/ca\/producte\/500rds-of-federal-premium-centerfire-handgun-ammunition-357-magnum-125-grain-versatile-hollow-point\/","og_locale":"ca_ES","og_type":"article","og_title":"500Rds of Federal Premium Centerfire Handgun Ammunition .357 Magnum 125 grain Versatile Hollow Point","og_description":"Description Honor the American birthright to bear arms. Federal Train + Protect uses the VHP bullet design to provide both precise, practical, performance at the range, and instant reliable expansion on impact. The result is the ideal combination for training as well as defense. VHP bullet based on proven Federal hollow point design Reloadable Federal [...]","og_url":"https:\/\/www.bulkammunitionshop.com\/ca\/producte\/500rds-of-federal-premium-centerfire-handgun-ammunition-357-magnum-125-grain-versatile-hollow-point\/","og_site_name":"Bulk Ammunition shop","article_modified_time":"2022-05-21T16:24:33+00:00","og_image":[{"width":978,"height":550,"url":"https:\/\/i0.wp.com\/www.bulkammunitionshop.com\/wp-content\/uploads\/2022\/05\/opplanet-federal-premium-train-protect-pistol-ammo-357-magnum-versatile-hollow-point-125-grain-50-rounds-tp357vhp1-main.jpg?fit=978%2C550&ssl=1","type":"image\/jpeg"}],"twitter_card":"summary_large_image","schema":{"@context":"https:\/\/schema.org","@graph":[{"@type":"WebPage","@id":"https:\/\/www.bulkammunitionshop.com\/product\/500rds-of-federal-premium-centerfire-handgun-ammunition-357-magnum-125-grain-versatile-hollow-point\/","url":"https:\/\/www.bulkammunitionshop.com\/product\/500rds-of-federal-premium-centerfire-handgun-ammunition-357-magnum-125-grain-versatile-hollow-point\/","name":"500Rds of Federal Premium Centerfire Handgun Ammunition .357 Magnum 125 grain Versatile Hollow Point - Bulk Ammunition shop","isPartOf":{"@id":"https:\/\/www.bulkammunitionshop.com\/#website"},"primaryImageOfPage":{"@id":"https:\/\/www.bulkammunitionshop.com\/product\/500rds-of-federal-premium-centerfire-handgun-ammunition-357-magnum-125-grain-versatile-hollow-point\/#primaryimage"},"image":{"@id":"https:\/\/www.bulkammunitionshop.com\/product\/500rds-of-federal-premium-centerfire-handgun-ammunition-357-magnum-125-grain-versatile-hollow-point\/#primaryimage"},"thumbnailUrl":"https:\/\/www.bulkammunitionshop.com\/wp-content\/uploads\/2022\/05\/opplanet-federal-premium-train-protect-pistol-ammo-357-magnum-versatile-hollow-point-125-grain-50-rounds-tp357vhp1-main.jpg","datePublished":"2022-05-21T16:23:50+00:00","dateModified":"2022-05-21T16:24:33+00:00","breadcrumb":{"@id":"https:\/\/www.bulkammunitionshop.com\/product\/500rds-of-federal-premium-centerfire-handgun-ammunition-357-magnum-125-grain-versatile-hollow-point\/#breadcrumb"},"inLanguage":"ca","potentialAction":[{"@type":"ReadAction","target":["https:\/\/www.bulkammunitionshop.com\/product\/500rds-of-federal-premium-centerfire-handgun-ammunition-357-magnum-125-grain-versatile-hollow-point\/"]}]},{"@type":"ImageObject","inLanguage":"ca","@id":"https:\/\/www.bulkammunitionshop.com\/product\/500rds-of-federal-premium-centerfire-handgun-ammunition-357-magnum-125-grain-versatile-hollow-point\/#primaryimage","url":"https:\/\/www.bulkammunitionshop.com\/wp-content\/uploads\/2022\/05\/opplanet-federal-premium-train-protect-pistol-ammo-357-magnum-versatile-hollow-point-125-grain-50-rounds-tp357vhp1-main.jpg","contentUrl":"https:\/\/www.bulkammunitionshop.com\/wp-content\/uploads\/2022\/05\/opplanet-federal-premium-train-protect-pistol-ammo-357-magnum-versatile-hollow-point-125-grain-50-rounds-tp357vhp1-main.jpg","width":978,"height":550},{"@type":"BreadcrumbList","@id":"https:\/\/www.bulkammunitionshop.com\/product\/500rds-of-federal-premium-centerfire-handgun-ammunition-357-magnum-125-grain-versatile-hollow-point\/#breadcrumb","itemListElement":[{"@type":"ListItem","position":1,"name":"Home","item":"https:\/\/www.bulkammunitionshop.com\/"},{"@type":"ListItem","position":2,"name":"SHOP ALL","item":"https:\/\/www.bulkammunitionshop.com\/shop-all\/"},{"@type":"ListItem","position":3,"name":"500Rds of Federal Premium Centerfire Handgun Ammunition .357 Magnum 125 grain Versatile Hollow Point"}]},{"@type":"WebSite","@id":"https:\/\/www.bulkammunitionshop.com\/#website","url":"https:\/\/www.bulkammunitionshop.com\/","name":"Botiga de municions a granel","description":"Compra munici\u00f3 a granel barata en l\u00ednia - Munici\u00f3 a granel en venda - Munici\u00f3 barata en l\u00ednia","potentialAction":[{"@type":"SearchAction","target":{"@type":"EntryPoint","urlTemplate":"https:\/\/www.bulkammunitionshop.com\/?s={search_term_string}"},"query-input":{"@type":"PropertyValueSpecification","valueRequired":true,"valueName":"search_term_string"}}],"inLanguage":"ca"}]}},"jetpack_sharing_enabled":true,"_links":{"self":[{"href":"https:\/\/www.bulkammunitionshop.com\/ca\/wp-json\/wp\/v2\/product\/1207","targetHints":{"allow":["GET"]}}],"collection":[{"href":"https:\/\/www.bulkammunitionshop.com\/ca\/wp-json\/wp\/v2\/product"}],"about":[{"href":"https:\/\/www.bulkammunitionshop.com\/ca\/wp-json\/wp\/v2\/types\/product"}],"replies":[{"embeddable":true,"href":"https:\/\/www.bulkammunitionshop.com\/ca\/wp-json\/wp\/v2\/comments?post=1207"}],"wp:featuredmedia":[{"embeddable":true,"href":"https:\/\/www.bulkammunitionshop.com\/ca\/wp-json\/wp\/v2\/media\/1255"}],"wp:attachment":[{"href":"https:\/\/www.bulkammunitionshop.com\/ca\/wp-json\/wp\/v2\/media?parent=1207"}],"wp:term":[{"taxonomy":"product_brand","embeddable":true,"href":"https:\/\/www.bulkammunitionshop.com\/ca\/wp-json\/wp\/v2\/product_brand?post=1207"},{"taxonomy":"product_cat","embeddable":true,"href":"https:\/\/www.bulkammunitionshop.com\/ca\/wp-json\/wp\/v2\/product_cat?post=1207"},{"taxonomy":"product_tag","embeddable":true,"href":"https:\/\/www.bulkammunitionshop.com\/ca\/wp-json\/wp\/v2\/product_tag?post=1207"}],"curies":[{"name":"wp","href":"https:\/\/api.w.org\/{rel}","templated":true}]}}